{"id":4008,"date":"2025-12-23T15:10:05","date_gmt":"2025-12-23T07:10:05","guid":{"rendered":"https:\/\/minghanggroup.com\/?post_type=product&#038;p=4008"},"modified":"2025-12-23T17:24:10","modified_gmt":"2025-12-23T09:24:10","slug":"empty-glass-food-storage-canisters-with-lids-bulk","status":"publish","type":"product","link":"https:\/\/minghanggroup.com\/de\/produkt\/empty-glass-food-storage-canisters-with-lids-bulk\/","title":{"rendered":"Leere Glas-Vorratsdosen mit Deckel (335 ml, 580 ml, 800 ml) \u2013 Gro\u00dfpackung"},"content":{"rendered":"<p>Diese Vorratsdosen mit Deckel bestehen aus kristallklarem Borosilikatglas mit einem vollst\u00e4ndig transparenten Korpus und einem exklusiv strukturierten Deckel aus Naturholz, sodass Sie hineinsehen und den Inhalt \u00fcberpr\u00fcfen k\u00f6nnen.<\/p>\n<h2>Produktmerkmale<\/h2>\n<ul>\n<li><strong>Hochwertiges Borosilikatglas:<\/strong> Bietet eine bessere Best\u00e4ndigkeit gegen Temperaturschocks, Kratzer und Abrieb.<\/li>\n<li><strong>Deckel mit nat\u00fcrlicher Holzmaserung:<\/strong> Bietet eine definierte luftdichte Abdichtung und verleiht gleichzeitig eine nat\u00fcrliche Textur und optische W\u00e4rme.<\/li>\n<li><strong>Mehrere Kapazit\u00e4tsoptionen:<\/strong> Es gibt drei praktische Gr\u00f6\u00dfen (335 ml bis 800 ml) f\u00fcr unterschiedliche Speicheranforderungen.<\/li>\n<\/ul>\n<h2 style=\"text-align: left;\">Wichtigste Spezifikationen<\/h2>\n<table class=\"aligncenter\" style=\"border-collapse: collapse; width: 392.27pt;\" border=\"0\" width=\"523\" cellspacing=\"0\" cellpadding=\"0\">\n<tbody>\n<tr style=\"height: 13.50pt;\">\n<td style=\"height: 13.50pt; width: 107.25pt;\" width=\"143\" height=\"18\">Specification<\/td>\n<td style=\"width: 285.00pt;\" width=\"380\">Details<\/td>\n<\/tr>\n<tr style=\"height: 13.50pt;\">\n<td style=\"height: 13.50pt;\" height=\"18\">Kapazit\u00e4t<\/td>\n<td>335 ml \/ 580 ml \/ 800 ml<\/td>\n<\/tr>\n<tr style=\"height: 13.50pt;\">\n<td style=\"height: 13.50pt;\" height=\"18\">Abmessungen<\/td>\n<td>8\u00d710cm \/ 8\u00d715cm \/ 8\u00d720cm<\/td>\n<\/tr>\n<tr style=\"height: 13.50pt;\">\n<td style=\"height: 13.50pt;\" height=\"18\">Material<\/td>\n<td>Hochborosilikatglas<\/td>\n<\/tr>\n<tr style=\"height: 13.50pt;\">\n<td style=\"height: 13.50pt;\" height=\"18\">Deckeltyp<\/td>\n<td>Deckel in nat\u00fcrlicher Holzoptik<\/td>\n<\/tr>\n<tr style=\"height: 13.50pt;\">\n<td style=\"height: 13.50pt;\" height=\"18\">Deckeldurchmesser<\/td>\n<td>80 mm (einheitlich \u00fcber alle Gr\u00f6\u00dfen hinweg)<\/td>\n<\/tr>\n<tr style=\"height: 13.50pt;\">\n<td style=\"height: 13.50pt;\" height=\"18\">Materialeigenschaften<\/td>\n<td>Thermisch und chemikalienbest\u00e4ndig, hohe Transparenz<\/td>\n<\/tr>\n<tr style=\"height: 13.50pt;\">\n<td style=\"height: 13.50pt;\" height=\"18\">Ideal f\u00fcr<\/td>\n<td>Glasbeh\u00e4lter mit Deckel, Glasgef\u00e4\u00dfe im Gro\u00dfhandel<\/td>\n<\/tr>\n<\/tbody>\n<\/table>\n<h2>Fallstudie<\/h2>\n<p>Unsere 580-ml-Vorratsdosen mit Deckel wurden f\u00fcr die Verpackung hochwertiger Pasta und Cerealien eines Premium-Supermarkts verwendet. Die Deckel in Holzoptik sorgten f\u00fcr eine optimale Abdichtung, wodurch sich die Haltbarkeit der Produkte halbierte und der Lebensmittelabfall deutlich reduziert wurde. Das ansprechende Design aus Glas und Silber sowie die offene Gestaltung animierten die Kunden dazu, sich 60 % mehr im Bereich der unverpackten Produkte umzusehen, und der Dosenabsatz stieg um 45 %. Aufgrund dieses hervorragenden Ergebnisses bestellte der Einzelh\u00e4ndler 750.000 Dosen, um das Konzept in allen Filialen umzusetzen.<\/p>\n<h2>Glasbeh\u00e4lter mit individuell gestaltbaren Deckeln<\/h2>\n<ul>\n<li>Deckel aus Massivholz \u2013 Deckel aus massivem Bambus, Eiche oder Walnussholz.<\/li>\n<li>Deckelbranding \u2013 Gepr\u00e4gtes oder lasergeschnittenes Logo auf dem Holzdeckel.<\/li>\n<li>Gepr\u00e4gtes Bodenmuster \u2013 F\u00fcgen Sie dem Boden des Glases ein feines, gepr\u00e4gtes Muster hinzu.<\/li>\n<li>Upgrade mit Silikon-Dichtungsring \u2013 Enth\u00e4lt einen lebensmittelechten Silikonring um den Deckel, um Lebensmittel l\u00e4nger frisch zu halten.<\/li>\n<\/ul>","protected":false},"excerpt":{"rendered":"<p>Hochwertige Vorratsdosen mit Deckel: Hohe Glasbeh\u00e4lter mit Deckel und Deckel aus Naturholz. Ideal f\u00fcr die Vorratskammer. Kostenlose Muster erh\u00e4ltlich.<\/p>","protected":false},"featured_media":4010,"template":"","meta":{"postBodyCss":"","postBodyMargin":[],"postBodyPadding":[],"postBodyBackground":{"backgroundType":"classic","gradient":""}},"product_brand":[],"product_cat":[15,17,61],"product_tag":[],"class_list":{"0":"post-4008","1":"product","2":"type-product","3":"status-publish","4":"has-post-thumbnail","6":"product_cat-glass-containers","7":"product_cat-glass-jars","8":"product_cat-glass-jars-with-lids","10":"first","11":"instock","12":"shipping-taxable","13":"product-type-simple"},"jetpack_sharing_enabled":true,"_links":{"self":[{"href":"https:\/\/minghanggroup.com\/de\/wp-json\/wp\/v2\/product\/4008","targetHints":{"allow":["GET"]}}],"collection":[{"href":"https:\/\/minghanggroup.com\/de\/wp-json\/wp\/v2\/product"}],"about":[{"href":"https:\/\/minghanggroup.com\/de\/wp-json\/wp\/v2\/types\/product"}],"wp:featuredmedia":[{"embeddable":true,"href":"https:\/\/minghanggroup.com\/de\/wp-json\/wp\/v2\/media\/4010"}],"wp:attachment":[{"href":"https:\/\/minghanggroup.com\/de\/wp-json\/wp\/v2\/media?parent=4008"}],"wp:term":[{"taxonomy":"product_brand","embeddable":true,"href":"https:\/\/minghanggroup.com\/de\/wp-json\/wp\/v2\/product_brand?post=4008"},{"taxonomy":"product_cat","embeddable":true,"href":"https:\/\/minghanggroup.com\/de\/wp-json\/wp\/v2\/product_cat?post=4008"},{"taxonomy":"product_tag","embeddable":true,"href":"https:\/\/minghanggroup.com\/de\/wp-json\/wp\/v2\/product_tag?post=4008"}],"curies":[{"name":"wp","href":"https:\/\/api.w.org\/{rel}","templated":true}]}}