{"id":4003,"date":"2025-12-23T13:04:02","date_gmt":"2025-12-23T05:04:02","guid":{"rendered":"https:\/\/minghanggroup.com\/?post_type=product&#038;p=4003"},"modified":"2025-12-23T17:22:53","modified_gmt":"2025-12-23T09:22:53","slug":"clesr-empty-small-glass-jars-with-lids-bulk","status":"publish","type":"product","link":"https:\/\/minghanggroup.com\/de\/produkt\/clesr-empty-small-glass-jars-with-lids-bulk\/","title":{"rendered":"120 ml, 210 ml, 260 ml Leere kleine Gl\u00e4ser mit Deckel (Gro\u00dfpackung)"},"content":{"rendered":"<p>Es handelt sich um kleine Glasbeh\u00e4lter aus Borosilikatglas mit einem Deckel in dunkler Holzoptik mit markanter Struktur. Sie sind in drei Gr\u00f6\u00dfen erh\u00e4ltlich und vereinen praktischen Stauraum mit einem stilvollen, rustikalen Look.<\/p>\n<h2>Produktmerkmale<\/h2>\n<ul>\n<li><strong>Brosilikatglas:<\/strong> Es besitzt eine sehr hohe Festigkeit, Temperaturwechselbest\u00e4ndigkeit und eine hohe Transparenz.<\/li>\n<li><strong>Deckel mit dunkler Holzmaserung:<\/strong> Es f\u00fchlt sich angenehm an und verleiht dem Glas eine edle Note, gleichzeitig sorgt es f\u00fcr einen dichten Verschluss.<\/li>\n<li><strong>Transparenter Glask\u00f6rper:<\/strong> Das glasartige Material ist aufgrund seiner Transparenz leicht zu erkennen und kann daher problemlos aufgenommen und abgewaschen werden.<\/li>\n<\/ul>\n<h2 style=\"text-align: left;\">Wichtigste Spezifikationen<\/h2>\n<table class=\"aligncenter\" style=\"border-collapse: collapse; width: 477.02pt;\" border=\"0\" width=\"636\" cellspacing=\"0\" cellpadding=\"0\">\n<tbody>\n<tr style=\"height: 13.50pt;\">\n<td style=\"height: 13.50pt; width: 107.25pt;\" width=\"143\" height=\"18\">Specification<\/td>\n<td style=\"width: 369.75pt;\" width=\"493\">Details<\/td>\n<\/tr>\n<tr style=\"height: 13.50pt;\">\n<td style=\"height: 13.50pt;\" height=\"18\">Kapazit\u00e4t<\/td>\n<td>120 ml \/ 210 ml \/ 260 ml<\/td>\n<\/tr>\n<tr style=\"height: 13.50pt;\">\n<td style=\"height: 13.50pt;\" height=\"18\">Abmessungen<\/td>\n<td>6,5 \u00d7 5,5 cm \/ 6,5 \u00d7 8 cm \/ 6,5 \u00d7 10,2 cm<\/td>\n<\/tr>\n<tr style=\"height: 13.50pt;\">\n<td style=\"height: 13.50pt;\" height=\"18\">Material<\/td>\n<td>Hochborosilikatglas<\/td>\n<\/tr>\n<tr style=\"height: 13.50pt;\">\n<td style=\"height: 13.50pt;\" height=\"18\">Deckeltyp<\/td>\n<td>Flacher Deckel in dunkler Holzoptik<\/td>\n<\/tr>\n<tr style=\"height: 13.50pt;\">\n<td style=\"height: 13.50pt;\" height=\"18\">Deckeldurchmesser<\/td>\n<td>65 mm (einheitlich \u00fcber alle Gr\u00f6\u00dfen hinweg)<\/td>\n<\/tr>\n<tr style=\"height: 13.50pt;\">\n<td style=\"height: 13.50pt;\" height=\"18\">Materialeigenschaften<\/td>\n<td>Thermisch und chemikalienbest\u00e4ndig, hohe Transparenz, kratzfest<\/td>\n<\/tr>\n<tr style=\"height: 13.50pt;\">\n<td style=\"height: 13.50pt;\" height=\"18\">Ideal f\u00fcr<\/td>\n<td>Kleine Gl\u00e4ser, gro\u00dfe Gl\u00e4ser mit Holzdeckel<\/td>\n<\/tr>\n<\/tbody>\n<\/table>\n<h2>Erfolgsgeschichte: Die Verpackungsentscheidung eines Gew\u00fcrzmischungsunternehmens<\/h2>\n<p>Unsere kleinen Glasbeh\u00e4lter mit 210 ml Fassungsverm\u00f6gen wurden f\u00fcr die Verpackung handgefertigter Gew\u00fcrzmischungen verwendet, die ein professionelles Gew\u00fcrzunternehmen gerade auf den Markt gebracht hatte. Das Borosilikatglas erwies sich beim Transport als sehr robust, und die Bruchrate konnte auf minimal 0,3 Prozent gesenkt werden. Dank des kleinen, standardisierten Formats konnten ansprechende und platzsparende Geschenksets gestaltet werden, deren Verkaufswert 45 % \u00fcber dem der bisherigen Produktverpackung lag. Aufgrund des hohen Absatzvolumens und der positiven Kundenresonanz bestellte das Unternehmen weitere 120.000 Beh\u00e4lter, um die landesweite Markteinf\u00fchrung des Produkts zu erleichtern.<\/p>\n<h2>Personalisierung kleiner Glasgef\u00e4\u00dfe<\/h2>\n<ul>\n<li>Massiver Deckel \u2013 F\u00fcgen Sie massive Deckel aus Walnuss-, Ebenholz oder Akazienholz hinzu.<\/li>\n<li>Deckelgravur \u2013 Feine Logos, Muster oder Schriftz\u00fcge werden per Laser auf den Holzdeckel geschnitten.<\/li>\n<li>Siebgedruckte Volumenmarkierungen \u2013 Kleine und elegante Messmarkierungen einf\u00fcgen (z. B. 210 ml).<\/li>\n<li>Silikon-Dichtungsring \u2013 Um eine bessere Abdichtung zu gew\u00e4hrleisten, setzen Sie einen lebensmittelechten Silikon-Dichtungsring auf den Deckel.<\/li>\n<\/ul>","protected":false},"excerpt":{"rendered":"<p>Kleine Glasbeh\u00e4lter mit Deckeln in verschiedenen Gr\u00f6\u00dfen, gefertigt aus klarem Borosilikatglas und Holzdeckeln. Diese kleinen Glasbeh\u00e4lter lassen sich individuell an Ihre Aufbewahrungsbed\u00fcrfnisse anpassen.<\/p>","protected":false},"featured_media":4005,"template":"","meta":{"postBodyCss":"","postBodyMargin":[],"postBodyPadding":[],"postBodyBackground":{"backgroundType":"classic","gradient":""}},"product_brand":[],"product_cat":[15,17,61],"product_tag":[],"class_list":{"0":"post-4003","1":"product","2":"type-product","3":"status-publish","4":"has-post-thumbnail","6":"product_cat-glass-containers","7":"product_cat-glass-jars","8":"product_cat-glass-jars-with-lids","10":"first","11":"instock","12":"shipping-taxable","13":"product-type-simple"},"jetpack_sharing_enabled":true,"_links":{"self":[{"href":"https:\/\/minghanggroup.com\/de\/wp-json\/wp\/v2\/product\/4003","targetHints":{"allow":["GET"]}}],"collection":[{"href":"https:\/\/minghanggroup.com\/de\/wp-json\/wp\/v2\/product"}],"about":[{"href":"https:\/\/minghanggroup.com\/de\/wp-json\/wp\/v2\/types\/product"}],"wp:featuredmedia":[{"embeddable":true,"href":"https:\/\/minghanggroup.com\/de\/wp-json\/wp\/v2\/media\/4005"}],"wp:attachment":[{"href":"https:\/\/minghanggroup.com\/de\/wp-json\/wp\/v2\/media?parent=4003"}],"wp:term":[{"taxonomy":"product_brand","embeddable":true,"href":"https:\/\/minghanggroup.com\/de\/wp-json\/wp\/v2\/product_brand?post=4003"},{"taxonomy":"product_cat","embeddable":true,"href":"https:\/\/minghanggroup.com\/de\/wp-json\/wp\/v2\/product_cat?post=4003"},{"taxonomy":"product_tag","embeddable":true,"href":"https:\/\/minghanggroup.com\/de\/wp-json\/wp\/v2\/product_tag?post=4003"}],"curies":[{"name":"wp","href":"https:\/\/api.w.org\/{rel}","templated":true}]}}