{"id":3992,"date":"2025-12-23T11:19:05","date_gmt":"2025-12-23T03:19:05","guid":{"rendered":"https:\/\/minghanggroup.com\/?post_type=product&#038;p=3992"},"modified":"2025-12-23T17:10:05","modified_gmt":"2025-12-23T09:10:05","slug":"high-borosilicate-glass-jars-with-lids-wholesale","status":"publish","type":"product","link":"https:\/\/minghanggroup.com\/de\/produkt\/high-borosilicate-glass-jars-with-lids-wholesale\/","title":{"rendered":"600 ml, 1000 ml, 1350 ml Borosilikatglas-Einmachgl\u00e4ser mit Deckel \u2013 Gro\u00dfhandel f\u00fcr Trockenwaren"},"content":{"rendered":"<p>Sie verdienen eine hochwertige Verpackung, die Ihre Produkte nicht nur frisch h\u00e4lt, sondern Ihre Marke auch optisch ansprechend pr\u00e4sentiert. Wir produzieren Glasbeh\u00e4lter mit Deckel im Gro\u00dfhandel, die sich durch ihre hohe Qualit\u00e4t auszeichnen \u2013 jeder Beh\u00e4lter wird so zum Mittel, Ihre Produktgeschichte optimal zu erz\u00e4hlen.<\/p>\n<h2>Produktmerkmale<\/h2>\n<ol>\n<li><strong>Deckeldesign aus Edelstahl:<\/strong>Edelstahldeckel aus hochwertigem Material sorgen nicht nur f\u00fcr eine perfekte Abdichtung, sondern halten die gelagerten Waren auch lange frisch, indem sie das Eindringen von Feuchtigkeit und Sauerstoff verhindern.<\/li>\n<li><strong>Leicht zu reinigen:<\/strong>Gro\u00dfpackungen mit Glasbeh\u00e4ltern sind sehr leicht zu reinigen, nehmen keine Ger\u00fcche an und verf\u00e4rben sich nicht. Sie eignen sich f\u00fcr den langfristigen Gebrauch und gew\u00e4hrleisten gleichzeitig die Hygiene und Sicherheit der Lebensmittelaufbewahrung.<\/li>\n<li><strong>Multifunktional:<\/strong>Sie eignen sich nicht nur hervorragend zur Aufbewahrung von Trockenfr\u00fcchten, Gew\u00fcrzen und Tee, sondern k\u00f6nnen auch zur Aufbewahrung von Kunsthandwerk, kleinen Gegenst\u00e4nden usw. verwendet werden und haben somit ein breites Anwendungsspektrum.<\/li>\n<\/ol>\n<h2>Wichtigste Spezifikationen<\/h2>\n<table style=\"border-collapse: collapse; width: 80%; margin-left: auto; margin-right: auto;\" border=\"0\" width=\"288\" cellspacing=\"0\" cellpadding=\"0\">\n<tbody>\n<tr style=\"height: 13.50pt;\">\n<td style=\"height: 13.5pt; width: 54pt; text-align: center;\" width=\"72\" height=\"18\">Fassungsverm\u00f6gen (ml)<\/td>\n<td style=\"width: 54pt; text-align: center;\" width=\"72\">Gr\u00f6\u00dfe (cm)<\/td>\n<td style=\"width: 54pt; text-align: center;\" width=\"72\">Material<\/td>\n<td style=\"width: 54pt; text-align: center;\" width=\"72\">Merkmale<\/td>\n<\/tr>\n<tr style=\"height: 13.50pt;\">\n<td style=\"height: 13.5pt; text-align: center;\" height=\"18\">600<\/td>\n<td style=\"text-align: center;\">9.8 * 10.0<\/td>\n<td class=\"et2\" style=\"text-align: center;\" rowspan=\"3\">Borosilikatglas<\/td>\n<td class=\"et2\" style=\"text-align: center;\" rowspan=\"3\">Geradseitiger, 98 mm Edelstahldeckel<\/td>\n<\/tr>\n<tr style=\"height: 13.50pt;\">\n<td style=\"height: 13.5pt; text-align: center;\" height=\"18\">1000<\/td>\n<td style=\"text-align: center;\">9.8 * 15.0<\/td>\n<\/tr>\n<tr style=\"height: 13.50pt;\">\n<td style=\"height: 13.5pt; text-align: center;\" height=\"18\">1350<\/td>\n<td style=\"text-align: center;\">9.8 * 20.0<\/td>\n<\/tr>\n<\/tbody>\n<\/table>\n<h2>Erfolgsbeispiel f\u00fcr die Gro\u00dfpackung von Glasbeh\u00e4ltern<\/h2>\n<p>Eine hochwertige Bio-Lebensmittelmarke nutzte diese Borosilikatglasbeh\u00e4lter in gro\u00dfen Mengen, um ihre neu eingef\u00fchrte Tee- und Gew\u00fcrzlinie zu verpacken und zu pr\u00e4sentieren. Durch den Edelstahldeckel erreichte die Marke nicht nur eine perfekte Abdichtung, sondern konnte dank des transparenten Designs auch die volle Farbe und Textur der Tees und Gew\u00fcrze zur Geltung bringen und so mehr Kunden anlocken.<\/p>\n<p>Die Verk\u00e4ufe von Tee und Gew\u00fcrzen der Marke sind nach der Produkt\u00fcberarbeitung innerhalb von sechs Monaten um 25 % gestiegen.<\/p>\n<h2>Ihre Anpassungstipps<\/h2>\n<p>Bei der individuellen Gestaltung dieser Borosilikatglas-Vorratsgl\u00e4ser in gro\u00dfen Mengen empfiehlt es sich, die Optionen flexibel an Ihre Zielgruppe und Ihre Lageranforderungen anzupassen. Einzelh\u00e4ndler oder Gastronomen k\u00f6nnen beispielsweise Fassungsverm\u00f6gen und Form der Gl\u00e4ser an die Eigenschaften ihrer Produkte anpassen. Gr\u00f6\u00dfere Gl\u00e4ser eignen sich gut f\u00fcr trockene Lebensmittel, Getreide oder gro\u00dfe Gew\u00fcrzflaschen, w\u00e4hrend kleinere Gl\u00e4ser ideal f\u00fcr Gew\u00fcrze, Tee oder kleine Portionen verpackter Lebensmittel sind. Auch die Wahl des Deckels ist entscheidend. Um Lebensmittel \u00fcber l\u00e4ngere Zeit frisch zu halten, ist ein Edelstahldeckel mit hervorragenden Dichtungseigenschaften empfehlenswert, da er Feuchtigkeit und Luft fernh\u00e4lt.<\/p>\n<p>Dar\u00fcber hinaus k\u00f6nnen Sie Ihr Markenlogo, Ihre Etiketten oder Muster individuell gestalten, um die Produktbekanntheit am Markt zu steigern und Ihr Markenimage zu verbessern. Gerade in der heimischen K\u00fcche bieten personalisierte Designs wie Milchglas oder Buntglas neben ihrer Funktionalit\u00e4t auch eine \u00e4sthetische und moderne Note.<\/p>","protected":false},"excerpt":{"rendered":"<p>Direkt vom Hersteller: Gro\u00dfhandel mit hochwertigen Borosilikatglas-Einmachgl\u00e4sern inklusive Deckel, ideal zur Aufbewahrung von Trockenwaren und Gew\u00fcrzen. Individuelle Mengenanpassung der Einmachgl\u00e4ser m\u00f6glich.<\/p>","protected":false},"featured_media":3994,"template":"","meta":{"postBodyCss":"","postBodyMargin":[],"postBodyPadding":[],"postBodyBackground":{"backgroundType":"classic","gradient":""}},"product_brand":[],"product_cat":[15,17,61],"product_tag":[],"class_list":{"0":"post-3992","1":"product","2":"type-product","3":"status-publish","4":"has-post-thumbnail","6":"product_cat-glass-containers","7":"product_cat-glass-jars","8":"product_cat-glass-jars-with-lids","10":"first","11":"instock","12":"shipping-taxable","13":"product-type-simple"},"jetpack_sharing_enabled":true,"_links":{"self":[{"href":"https:\/\/minghanggroup.com\/de\/wp-json\/wp\/v2\/product\/3992","targetHints":{"allow":["GET"]}}],"collection":[{"href":"https:\/\/minghanggroup.com\/de\/wp-json\/wp\/v2\/product"}],"about":[{"href":"https:\/\/minghanggroup.com\/de\/wp-json\/wp\/v2\/types\/product"}],"wp:featuredmedia":[{"embeddable":true,"href":"https:\/\/minghanggroup.com\/de\/wp-json\/wp\/v2\/media\/3994"}],"wp:attachment":[{"href":"https:\/\/minghanggroup.com\/de\/wp-json\/wp\/v2\/media?parent=3992"}],"wp:term":[{"taxonomy":"product_brand","embeddable":true,"href":"https:\/\/minghanggroup.com\/de\/wp-json\/wp\/v2\/product_brand?post=3992"},{"taxonomy":"product_cat","embeddable":true,"href":"https:\/\/minghanggroup.com\/de\/wp-json\/wp\/v2\/product_cat?post=3992"},{"taxonomy":"product_tag","embeddable":true,"href":"https:\/\/minghanggroup.com\/de\/wp-json\/wp\/v2\/product_tag?post=3992"}],"curies":[{"name":"wp","href":"https:\/\/api.w.org\/{rel}","templated":true}]}}