{"id":3977,"date":"2025-12-22T17:09:26","date_gmt":"2025-12-22T09:09:26","guid":{"rendered":"https:\/\/minghanggroup.com\/?post_type=product&#038;p=3977"},"modified":"2026-01-20T13:38:40","modified_gmt":"2026-01-20T05:38:40","slug":"high-borosilicate-glass-storage-jars-with-lids-for-snacks-bulk","status":"publish","type":"product","link":"https:\/\/minghanggroup.com\/de\/produkt\/high-borosilicate-glass-storage-jars-with-lids-for-snacks-bulk\/","title":{"rendered":"Vorratsgl\u00e4ser aus Borosilikatglas (550 ml \u2013 1950 ml) mit Deckel f\u00fcr Snacks (lose)"},"content":{"rendered":"<p>Sie sollten Verpackungen w\u00e4hlen, die Ihre Produkte frisch halten und Ihre Marke optimal pr\u00e4sentieren. Wir stellen Vorratsgl\u00e4ser mit Deckel her, die sich perfekt f\u00fcr die K\u00fcche eignen. Diese Gl\u00e4ser mit breiter \u00d6ffnung heben Ihre Produkte hervor und unterstreichen Ihre Markenbotschaft. Ihre Marke steht im Mittelpunkt, und die gro\u00dfen Gl\u00e4ser mit Deckel helfen ihr dabei, zu gl\u00e4nzen.<\/p>\n<h2>Produktmerkmale<\/h2>\n<ol>\n<li><strong>Design f\u00fcr klare Sichtbarkeit:<\/strong>Da Ihre K\u00fcchengl\u00e4ser aus Borosilikatglas bestehen, k\u00f6nnen Sie jederzeit sehen, was sich darin befindet. So behalten Sie ganz einfach den \u00dcberblick \u00fcber den Inhalt Ihrer Weithalsgl\u00e4ser. Dank des transparenten Borosilikatglases sehen Sie sofort, was sich in Ihren K\u00fcchengl\u00e4sern befindet.<\/li>\n<li><strong>Holzdeckeldichtung:<\/strong>Der mitgelieferte Holzdeckel ist mit einer Dichtung versehen. Diese Dichtung sorgt f\u00fcr einen dichten Verschluss, sodass die darin aufbewahrten Lebensmittel frisch bleiben. Er eignet sich hervorragend zur Aufbewahrung gr\u00f6\u00dferer Mengen an Lebensmitteln. Der Holzdeckel mit Dichtung ist sehr wichtig, um den Inhalt frisch zu halten.<\/li>\n<li><strong>Vielseitiger Stauraum:<\/strong>Diese geradwandigen Glasbeh\u00e4lter eignen sich f\u00fcr alles von Honig und Sirup bis hin zu Kr\u00e4utern und Trockenwaren \u2013 perfekt f\u00fcr die K\u00fcche.<\/li>\n<\/ol>\n<h2>Wichtigste Spezifikationen<\/h2>\n<table style=\"border-collapse: collapse; width: 80%; margin-left: auto; margin-right: auto;\" border=\"0\" width=\"288\" cellspacing=\"0\" cellpadding=\"0\">\n<tbody>\n<tr style=\"height: 13.50pt;\">\n<td style=\"height: 13.5pt; width: 54pt; text-align: center;\" width=\"72\" height=\"18\">Fassungsverm\u00f6gen (ml)<\/td>\n<td style=\"width: 54pt; text-align: center;\" width=\"72\">Gr\u00f6\u00dfe (cm)<\/td>\n<td style=\"width: 54pt; text-align: center;\" width=\"72\">Material<\/td>\n<td style=\"width: 54pt; text-align: center;\" width=\"72\">Merkmale<\/td>\n<\/tr>\n<tr style=\"height: 13.50pt;\">\n<td style=\"height: 13.5pt; text-align: center;\" align=\"right\" height=\"18\">550<\/td>\n<td style=\"text-align: center;\">10.0 * 10.0<\/td>\n<td class=\"et2\" style=\"text-align: center;\" rowspan=\"6\">Borosilikatglas<\/td>\n<td class=\"et2\" style=\"text-align: center;\" rowspan=\"6\">Geradseitiger, 100 mm breiter Holzdeckel<\/td>\n<\/tr>\n<tr style=\"height: 13.50pt;\">\n<td style=\"height: 13.5pt; text-align: center;\" align=\"right\" height=\"18\">660<\/td>\n<td style=\"text-align: center;\">10.0 * 12.0<\/td>\n<\/tr>\n<tr style=\"height: 13.50pt;\">\n<td style=\"height: 13.5pt; text-align: center;\" align=\"right\" height=\"18\">900<\/td>\n<td style=\"text-align: center;\">10.0 * 15.0<\/td>\n<\/tr>\n<tr style=\"height: 13.50pt;\">\n<td style=\"height: 13.5pt; text-align: center;\" align=\"right\" height=\"18\">1250<\/td>\n<td style=\"text-align: center;\">10.0 * 20.0<\/td>\n<\/tr>\n<tr style=\"height: 13.50pt;\">\n<td style=\"height: 13.5pt; text-align: center;\" align=\"right\" height=\"18\">1500<\/td>\n<td style=\"text-align: center;\">10.0 * 23.0<\/td>\n<\/tr>\n<tr style=\"height: 13.50pt;\">\n<td style=\"height: 13.5pt; text-align: center;\" align=\"right\" height=\"18\">1950<\/td>\n<td style=\"text-align: center;\">10.0 * 28.0<\/td>\n<\/tr>\n<\/tbody>\n<\/table>\n<h2>Erfolgsbeispiel<\/h2>\n<p>Dieser gro\u00dfe Supermarkt hat sich f\u00fcr diese Glasbeh\u00e4lter entschieden, um seine Lebensmittelabteilung ansprechender zu gestalten. Sie werden darin zur Aufbewahrung von Snacks, S\u00fc\u00dfigkeiten und Nudeln verwendet. Die Beh\u00e4lter sind ideal, da sie sich leicht wiederbef\u00fcllen lassen und die Lebensmittel darin gut sichtbar pr\u00e4sentiert werden k\u00f6nnen. Jeder kann durch das Glas sehen und sich so vergewissern, was er kauft. Au\u00dferdem sorgen die Deckel daf\u00fcr, dass die Lebensmittel lange frisch bleiben.<\/p>\n<p>Der Laden nutzte diese Gl\u00e4ser erfolgreich f\u00fcr Snacks, S\u00fc\u00dfigkeiten, Nudeln und andere Trockenwaren. Die Gl\u00e4ser sind transparent, sodass die Kunden die Lebensmittel gut sehen und Lust auf einen Kauf bekommen k\u00f6nnen. Die Gl\u00e4ser sind mit Deckeln und Metallclips versehen, die die Lebensmittel frisch halten.<\/p>\n<p>Innerhalb von vier Monaten nach der Umsetzung dieser Modernisierung verzeichnete der Einzelh\u00e4ndler einen Anstieg der Verk\u00e4ufe von Trockenwaren und Snacks um 15 Prozent. Diese neue und attraktivere Art der Warenpr\u00e4sentation fand insbesondere bei den j\u00fcngeren Konsumenten gro\u00dfen Anklang.<\/p>\n<h2>Ihre Anpassungstipps<\/h2>\n<p>Bei der Auswahl von Borosilikat-Vorratsbeh\u00e4ltern sollten Sie Gr\u00f6\u00dfe und Aussehen an Ihre Bed\u00fcrfnisse anpassen. Wenn Sie gr\u00f6\u00dfere Mengen an Trockenlebensmitteln oder gr\u00f6\u00dfere Gegenst\u00e4nde aufbewahren m\u00f6chten, w\u00e4hlen Sie ein gr\u00f6\u00dferes Glas mit breiter \u00d6ffnung, um es leicht bef\u00fcllen und entnehmen zu k\u00f6nnen. Kleinere Gl\u00e4ser eignen sich besser f\u00fcr Kleinteile oder Produkte, die besonders ansprechend pr\u00e4sentiert werden sollen. Da ein luftdichter Verschluss wichtig ist, empfiehlt es sich, Modelle mit Metallclips und Holzdeckeln zu w\u00e4hlen. Diese gew\u00e4hrleisten Luftdichtigkeit und verbessern gleichzeitig die Optik und verleihen den Beh\u00e4ltern eine nat\u00fcrliche Haptik. Hinsichtlich des Designs k\u00f6nnen Sie die Holzdeckel in verschiedenen Farben und Stilen anfertigen lassen, die den Anforderungen Ihrer Marke entsprechen. Zus\u00e4tzlich k\u00f6nnen Sie die Gl\u00e4ser mit individuellen Logos oder Mustern versehen, um die Markenwiedererkennung zu f\u00f6rdern und sie f\u00fcr verschiedene Verkaufsstellen geeignet zu machen.<\/p>","protected":false},"excerpt":{"rendered":"<p>Direkt vom Hersteller: Vorratsgl\u00e4ser mit Deckel und breiter \u00d6ffnung, ideal f\u00fcr Snacks und Trockenwaren. Kostenlose Muster und individuelle Anpassungsm\u00f6glichkeiten f\u00fcr gr\u00f6\u00dfere Mengen.<\/p>","protected":false},"featured_media":3985,"template":"","meta":{"postBodyCss":"","postBodyMargin":[],"postBodyPadding":[],"postBodyBackground":{"backgroundType":"classic","gradient":""}},"product_brand":[],"product_cat":[15,17,61],"product_tag":[68,67,70,69],"class_list":{"0":"post-3977","1":"product","2":"type-product","3":"status-publish","4":"has-post-thumbnail","6":"product_cat-glass-containers","7":"product_cat-glass-jars","8":"product_cat-glass-jars-with-lids","9":"product_tag-borosilicate-glass-jars","10":"product_tag-candy-jars","11":"product_tag-seasoning-jars","12":"product_tag-storage-jars","14":"first","15":"instock","16":"shipping-taxable","17":"product-type-simple"},"jetpack_sharing_enabled":true,"_links":{"self":[{"href":"https:\/\/minghanggroup.com\/de\/wp-json\/wp\/v2\/product\/3977","targetHints":{"allow":["GET"]}}],"collection":[{"href":"https:\/\/minghanggroup.com\/de\/wp-json\/wp\/v2\/product"}],"about":[{"href":"https:\/\/minghanggroup.com\/de\/wp-json\/wp\/v2\/types\/product"}],"wp:featuredmedia":[{"embeddable":true,"href":"https:\/\/minghanggroup.com\/de\/wp-json\/wp\/v2\/media\/3985"}],"wp:attachment":[{"href":"https:\/\/minghanggroup.com\/de\/wp-json\/wp\/v2\/media?parent=3977"}],"wp:term":[{"taxonomy":"product_brand","embeddable":true,"href":"https:\/\/minghanggroup.com\/de\/wp-json\/wp\/v2\/product_brand?post=3977"},{"taxonomy":"product_cat","embeddable":true,"href":"https:\/\/minghanggroup.com\/de\/wp-json\/wp\/v2\/product_cat?post=3977"},{"taxonomy":"product_tag","embeddable":true,"href":"https:\/\/minghanggroup.com\/de\/wp-json\/wp\/v2\/product_tag?post=3977"}],"curies":[{"name":"wp","href":"https:\/\/api.w.org\/{rel}","templated":true}]}}