{"id":3967,"date":"2025-12-22T14:16:32","date_gmt":"2025-12-22T06:16:32","guid":{"rendered":"https:\/\/minghanggroup.com\/?post_type=product&#038;p=3967"},"modified":"2026-03-02T15:24:18","modified_gmt":"2026-03-02T07:24:18","slug":"high-borosilicate-big-glass-jar-with-lids-bulk","status":"publish","type":"product","link":"https:\/\/minghanggroup.com\/de\/produkt\/high-borosilicate-big-glass-jar-with-lids-bulk\/","title":{"rendered":"1360 ml 1800 ml Gro\u00dfes Glasgef\u00e4\u00df aus hochborosilikatem Glas mit Deckel (Gro\u00dfpackung)"},"content":{"rendered":"<p>Sie verdienen eine hochwertige Verpackung, die Ihre Produkte nicht nur frisch h\u00e4lt, sondern auch Ihre Marke optimal pr\u00e4sentiert. Wir fertigen gro\u00dfe Glasbeh\u00e4lter mit Deckel, die nicht nur funktional sind, sondern sich auch perfekt in der K\u00fcche eignen \u2013 jeder Beh\u00e4lter erz\u00e4hlt Ihre Produktgeschichte.<\/p>\n<h2>Produktmerkmale<\/h2>\n<ol>\n<li><strong>Design f\u00fcr klare Sichtbarkeit:<\/strong>Durch die Verwendung von \u00e4u\u00dferst robustem und hitzebest\u00e4ndigem, transparentem Borosilikatglas kann man auf einen Blick sehen, was sich im Inneren befindet, wodurch das Einmachen von Vorr\u00e4ten in den K\u00fcchengl\u00e4sern sehr einfach wird.<\/li>\n<li><strong>Weitmaulzugang:<\/strong>Die 120 mm breite \u00d6ffnung erm\u00f6glicht ein einfaches Bef\u00fcllen, Reinigen und Entnehmen des Inhalts Ihres t\u00e4glichen Aufbewahrungsbeh\u00e4lters.<\/li>\n<li><strong>Holzdeckeldichtung:<\/strong>Der mitgelieferte Holzdeckel sorgt zusammen mit der Versiegelung f\u00fcr einen dichten Verschluss und h\u00e4lt so den Inhalt in Ihrer Gro\u00dfpackung frisch.<\/li>\n<li><strong>Vielseitiger Stauraum:<\/strong>Diese geradlinigen, hochwandigen Glasvorratsgl\u00e4ser eignen sich zur Aufbewahrung von Honig, Sirup, Kr\u00e4utern und Trockenwaren \u2013 was k\u00f6nnte besser f\u00fcr die K\u00fcche geeignet sein?<\/li>\n<\/ol>\n<h2>Wichtigste Spezifikationen<\/h2>\n<table style=\"border-collapse: collapse; width: 80%; margin-left: auto; margin-right: auto;\" border=\"0\" width=\"288\" cellspacing=\"0\" cellpadding=\"0\">\n<tbody>\n<tr style=\"height: 13.50pt;\">\n<td style=\"height: 13.5pt; width: 54pt; text-align: center;\" width=\"72\" height=\"18\">Fassungsverm\u00f6gen (ml)<\/td>\n<td style=\"width: 54pt; text-align: center;\" width=\"72\">Gr\u00f6\u00dfe (cm)<\/td>\n<td style=\"width: 54pt; text-align: center;\" width=\"72\">Material<\/td>\n<td style=\"width: 54pt; text-align: center;\" width=\"72\">Merkmale<\/td>\n<\/tr>\n<tr style=\"height: 13.50pt;\">\n<td style=\"height: 13.5pt; text-align: center;\" align=\"right\" height=\"18\">1360<\/td>\n<td style=\"text-align: center;\">12.0 * 15.0<\/td>\n<td class=\"et2\" style=\"text-align: center;\" rowspan=\"2\">Borosilikatglas<\/td>\n<td class=\"et2\" style=\"text-align: center;\" rowspan=\"2\">Geradseitiger, 120 mm breiter Holzdeckel<\/td>\n<\/tr>\n<tr style=\"height: 13.50pt;\">\n<td style=\"height: 13.5pt; text-align: center;\" align=\"right\" height=\"18\">1800<\/td>\n<td style=\"text-align: center;\">12.0 * 20.0<\/td>\n<\/tr>\n<\/tbody>\n<\/table>\n<h2>Erfolgsbeispiel<\/h2>\n<p>Eine Handelskette, die sich auf lose Trockenwaren und Tee spezialisiert hat, konnte ihre Warenpr\u00e4sentation im Laden durch die Umstellung auf diese geradlinigen, flachen, hohen Borosilikatglas-K\u00fcchenbeh\u00e4lter mit Rand deutlich verbessern. Dank der hohen Transparenz der Glasbeh\u00e4lter wirkten die Produkte besonders ansprechend, und der gro\u00dfe Durchmesser von 150 mm erleichterte das Nachf\u00fcllen. Gleichzeitig garantierte der luftdichte Verschluss die Frische der Lebensmittel und st\u00e4rkte so das Vertrauen der Kunden.<\/p>\n<p>In den ersten drei Monaten nach der Implementierung verzeichnete der Kunde einen Anstieg des Jahresumsatzes um etwa 28 %, wobei ein besonders starker Anstieg bei hochwertigen Teeprodukten zu verzeichnen war.<\/p>\n<h2>Ihre Anpassungstipps<\/h2>\n<p>Bei der Auswahl von Vorratsgl\u00e4sern aus Borosilikatglas empfiehlt es sich, die Gr\u00f6\u00dfe des Beh\u00e4lters und das Design des Deckels an die Art des Produkts und den Verwendungsort anzupassen. Wenn das Produkt h\u00e4ufig nachgef\u00fcllt werden muss, wie z. B. Tee oder Trockenwaren, erleichtert ein Beh\u00e4lter mit gr\u00f6\u00dferem Durchmesser (z. B. 150 mm) das Nachf\u00fcllen und eignet sich zudem besser f\u00fcr die Produktpr\u00e4sentation. Holzdeckel oder Deckel mit guten Dichtungseigenschaften halten den Inhalt nicht nur frisch, sondern verleihen dem Beh\u00e4lter auch eine ansprechende Optik. Dar\u00fcber hinaus macht das klare Glas das Produkt besser sichtbar und attraktiver. Daher empfiehlt sich Glas mit hoher Transparenz, damit das Produkt im Regal leichter wahrgenommen wird.<\/p>\n<p>Bei der Herstellung der Gl\u00e4ser k\u00f6nnen Sie au\u00dferdem die verschiedenen F\u00fcllmengen, Farben oder sogar personalisierte Logos je nach Markenanforderungen festlegen, um die Konsistenz der Produkte zu gew\u00e4hrleisten und auf dem Markt wiedererkannt zu werden.<\/p>","protected":false},"excerpt":{"rendered":"<p>Direkt vom Hersteller: Gro\u00dfe Glasbeh\u00e4lter mit Deckel, ideal f\u00fcr die Aufbewahrung in der K\u00fcche. Kostenlose Muster und individuelle Mengenbestellungen f\u00fcr Trockenwaren und Gew\u00fcrze erh\u00e4ltlich.<\/p>","protected":false},"featured_media":3968,"template":"","meta":{"postBodyCss":"","postBodyMargin":[],"postBodyPadding":[],"postBodyBackground":{"backgroundType":"classic","gradient":""}},"product_brand":[],"product_cat":[15,17,61],"product_tag":[68,67,100,70,69],"class_list":{"0":"post-3967","1":"product","2":"type-product","3":"status-publish","4":"has-post-thumbnail","6":"product_cat-glass-containers","7":"product_cat-glass-jars","8":"product_cat-glass-jars-with-lids","9":"product_tag-borosilicate-glass-jars","10":"product_tag-candy-jars","11":"product_tag-glass-coffee-jars","12":"product_tag-seasoning-jars","13":"product_tag-storage-jars","15":"first","16":"instock","17":"shipping-taxable","18":"product-type-simple"},"jetpack_sharing_enabled":true,"_links":{"self":[{"href":"https:\/\/minghanggroup.com\/de\/wp-json\/wp\/v2\/product\/3967","targetHints":{"allow":["GET"]}}],"collection":[{"href":"https:\/\/minghanggroup.com\/de\/wp-json\/wp\/v2\/product"}],"about":[{"href":"https:\/\/minghanggroup.com\/de\/wp-json\/wp\/v2\/types\/product"}],"wp:featuredmedia":[{"embeddable":true,"href":"https:\/\/minghanggroup.com\/de\/wp-json\/wp\/v2\/media\/3968"}],"wp:attachment":[{"href":"https:\/\/minghanggroup.com\/de\/wp-json\/wp\/v2\/media?parent=3967"}],"wp:term":[{"taxonomy":"product_brand","embeddable":true,"href":"https:\/\/minghanggroup.com\/de\/wp-json\/wp\/v2\/product_brand?post=3967"},{"taxonomy":"product_cat","embeddable":true,"href":"https:\/\/minghanggroup.com\/de\/wp-json\/wp\/v2\/product_cat?post=3967"},{"taxonomy":"product_tag","embeddable":true,"href":"https:\/\/minghanggroup.com\/de\/wp-json\/wp\/v2\/product_tag?post=3967"}],"curies":[{"name":"wp","href":"https:\/\/api.w.org\/{rel}","templated":true}]}}