{"id":3966,"date":"2025-12-22T11:35:06","date_gmt":"2025-12-22T03:35:06","guid":{"rendered":"https:\/\/minghanggroup.com\/?post_type=product&#038;p=3966"},"modified":"2026-01-20T13:39:42","modified_gmt":"2026-01-20T05:39:42","slug":"high-borosilicate-glass-canisters-with-lids-bulk","status":"publish","type":"product","link":"https:\/\/minghanggroup.com\/de\/produkt\/high-borosilicate-glass-canisters-with-lids-bulk\/","title":{"rendered":"500 ml, 800 ml, 1200 ml Vorratsdosen aus Borosilikatglas mit Deckel (Gro\u00dfpackung)"},"content":{"rendered":"<p>Diese einzigartigen Glasbeh\u00e4lter mit Deckel bestehen aus Borosilikatglas und sind mit runden Deckeln aus Naturkork versehen, was ihnen ein warmes, rustikales Aussehen verleiht.<\/p>\n<h2>Produktmerkmale<\/h2>\n<ul>\n<li>Die runde Form oben und der runde Korken sind gew\u00f6lbt, was einen verspielten Eindruck erweckt, aber gleichzeitig auch einen dekorativen Charakter hat, da sie in jeder Art von Umgebung eingesetzt werden k\u00f6nnen, einschlie\u00dflich Ausstellungsst\u00e4ndern und Tischplatten, und so den dynamischen Effekt verst\u00e4rken.<\/li>\n<li>Der runde Korken bietet die bestm\u00f6gliche Abdichtung, es gibt aber auch eine ma\u00dfgefertigte Holzalternative.<\/li>\n<li>Diese Gl\u00e4ser sind zudem sehr langlebig, transparent und hitzebest\u00e4ndig, da sie aus hochwertigem Borosilikatglas hergestellt sind und regelm\u00e4\u00dfig verwendet werden k\u00f6nnen.<\/li>\n<\/ul>\n<h2 style=\"text-align: left;\">Wichtigste Spezifikationen<\/h2>\n<table class=\"aligncenter\" style=\"border-collapse: collapse; width: 462.02pt;\" border=\"0\" width=\"616\" cellspacing=\"0\" cellpadding=\"0\">\n<tbody>\n<tr style=\"height: 13.50pt;\">\n<td style=\"height: 13.50pt; width: 107.25pt;\" width=\"143\" height=\"18\">Specification<\/td>\n<td style=\"width: 354.75pt;\" width=\"473\">Details<\/td>\n<\/tr>\n<tr style=\"height: 13.50pt;\">\n<td style=\"height: 13.50pt;\" height=\"18\">Kapazit\u00e4t<\/td>\n<td>500 ml \/ 800 ml \/ 1200 ml<\/td>\n<\/tr>\n<tr style=\"height: 13.50pt;\">\n<td style=\"height: 13.50pt;\" height=\"18\">Abmessungen<\/td>\n<td>9\u00d710cm \/ 9\u00d715.5cm \/ 9\u00d720cm<\/td>\n<\/tr>\n<tr style=\"height: 13.50pt;\">\n<td style=\"height: 13.50pt;\" height=\"18\">Material<\/td>\n<td>Hochborosilikatglas<\/td>\n<\/tr>\n<tr style=\"height: 13.50pt;\">\n<td style=\"height: 13.50pt;\" height=\"18\">Glasform<\/td>\n<td>Schlanker K\u00f6rper mit abgerundeter, kuppelartiger Oberseite<\/td>\n<\/tr>\n<tr style=\"height: 13.50pt;\">\n<td style=\"height: 13.50pt;\" height=\"18\">Deckeltyp<\/td>\n<td>Kugelf\u00f6rmiger Naturkorkenverschluss (Holzdeckel optional erh\u00e4ltlich)<\/td>\n<\/tr>\n<tr style=\"height: 13.50pt;\">\n<td style=\"height: 13.50pt;\" height=\"18\">Materialeigenschaften<\/td>\n<td>Hohe Best\u00e4ndigkeit gegen Temperaturschocks und Chemikalien, \u00fcberragende Transparenz<\/td>\n<\/tr>\n<tr style=\"height: 13.50pt;\">\n<td style=\"height: 13.50pt;\" height=\"18\">Ideal f\u00fcr<\/td>\n<td>Glasbeh\u00e4lter mit Holzdeckel, Gl\u00e4ser mit luftdichten Deckeln<\/td>\n<\/tr>\n<\/tbody>\n<\/table>\n<h2>Das Rebranding des Unternehmens: Eine hochwertige t\u00fcrkische Teemarke<\/h2>\n<p>Die Premium-Teemarke verwendet f\u00fcr ihre neueste Single-Estate-Kollektion nun ausschlie\u00dflich 800-ml-Dosen aus Borosilikatglas mit Holzdeckel. Die Kombination dieser Glasdosen mit Deckeln erfolgte aufgrund der dekanter\u00e4hnlichen Form der Beh\u00e4lter. Die hohe Transparenz des Borosilikatglases trug ma\u00dfgeblich zu einem Umsatzanstieg von 60 Prozent bei. Zudem sorgten die runden Korken f\u00fcr einen optimalen Verschluss des Tees und bewahrten sein Aroma l\u00e4nger. Dadurch haben sich die Dosen in diesem Marktsegment zu einem Kultprodukt entwickelt. Das Unternehmen bestellte weitere 150.000 St\u00fcck.<\/p>\n<h2>Glasbeh\u00e4lter mit Deckel \u2013 Anpassungsvorschl\u00e4ge<\/h2>\n<ul>\n<li><strong>Holzkuppeln:<\/strong> Sie k\u00f6nnen anstelle des Korkverschlusses einen runden oder flachen Holzdeckel anfertigen. Die Art des Deckels verleiht Ihrer Dose ein anderes Aussehen als der Korkverschluss.<\/li>\n<li><strong>Lasergravur des Schultergurts:<\/strong> Die Schulter des Beh\u00e4lters kann mit einem ge\u00e4tzten Logo oder einem aufwendigen Muster versehen werden, das mittels Laser\u00e4tzung aufgebracht wird.<\/li>\n<li><strong>Materialien f\u00fcr Buntglas:<\/strong> Utopisches Glas: F\u00fcr die Gestaltung des oberen Teils des Beh\u00e4lters sollte wei\u00dfes oder klares Glas von hoher Transparenz verwendet werden, um einen Zweifarbeneffekt mit einem dunkleren Glas zu erzielen.<\/li>\n<li><strong>Korken-Wachssiegel:<\/strong> Dies geschieht durch das Auftragen von farbigem Wachs auf gew\u00f6hnliche Korken, um einen Vintage-Look aus alten Zeiten zu erzeugen. Diese einzigartigen Glasgef\u00e4\u00dfe verwenden einen Holzdeckel.<\/li>\n<\/ul>","protected":false},"excerpt":{"rendered":"<p>Hochwertige Glasbeh\u00e4lter mit Deckel und Glasbeh\u00e4lter mit Holzdeckel, gefertigt aus klarem Borosilikatglas mit Korkverschluss. Schneller Versand m\u00f6glich.<\/p>","protected":false},"featured_media":3970,"template":"","meta":{"postBodyCss":"","postBodyMargin":[],"postBodyPadding":[],"postBodyBackground":{"backgroundType":"classic","gradient":""}},"product_brand":[],"product_cat":[15,17,61],"product_tag":[68,67,70,69],"class_list":{"0":"post-3966","1":"product","2":"type-product","3":"status-publish","4":"has-post-thumbnail","6":"product_cat-glass-containers","7":"product_cat-glass-jars","8":"product_cat-glass-jars-with-lids","9":"product_tag-borosilicate-glass-jars","10":"product_tag-candy-jars","11":"product_tag-seasoning-jars","12":"product_tag-storage-jars","14":"first","15":"instock","16":"shipping-taxable","17":"product-type-simple"},"jetpack_sharing_enabled":true,"_links":{"self":[{"href":"https:\/\/minghanggroup.com\/de\/wp-json\/wp\/v2\/product\/3966","targetHints":{"allow":["GET"]}}],"collection":[{"href":"https:\/\/minghanggroup.com\/de\/wp-json\/wp\/v2\/product"}],"about":[{"href":"https:\/\/minghanggroup.com\/de\/wp-json\/wp\/v2\/types\/product"}],"wp:featuredmedia":[{"embeddable":true,"href":"https:\/\/minghanggroup.com\/de\/wp-json\/wp\/v2\/media\/3970"}],"wp:attachment":[{"href":"https:\/\/minghanggroup.com\/de\/wp-json\/wp\/v2\/media?parent=3966"}],"wp:term":[{"taxonomy":"product_brand","embeddable":true,"href":"https:\/\/minghanggroup.com\/de\/wp-json\/wp\/v2\/product_brand?post=3966"},{"taxonomy":"product_cat","embeddable":true,"href":"https:\/\/minghanggroup.com\/de\/wp-json\/wp\/v2\/product_cat?post=3966"},{"taxonomy":"product_tag","embeddable":true,"href":"https:\/\/minghanggroup.com\/de\/wp-json\/wp\/v2\/product_tag?post=3966"}],"curies":[{"name":"wp","href":"https:\/\/api.w.org\/{rel}","templated":true}]}}