{"id":3958,"date":"2025-12-22T10:11:18","date_gmt":"2025-12-22T02:11:18","guid":{"rendered":"https:\/\/minghanggroup.com\/?post_type=product&#038;p=3958"},"modified":"2026-03-02T15:24:31","modified_gmt":"2026-03-02T07:24:31","slug":"clear-glass-canisters-with-cork-lids-wholesale","status":"publish","type":"product","link":"https:\/\/minghanggroup.com\/de\/produkt\/clear-glass-canisters-with-cork-lids-wholesale\/","title":{"rendered":"150 ml \u2013 1100 ml Klarglasbeh\u00e4lter mit Korkdeckel (Gro\u00dfhandel)"},"content":{"rendered":"<p>Diese stilvollen Glasbeh\u00e4lter greifen das zeitlose Design von Milchflaschen auf und sind aus kristallklarem, umweltfreundlichem Borosilikatglas gefertigt. Die Naturkorken sorgen nicht nur f\u00fcr Luftdichtigkeit, sondern verleihen diesen einzigartigen Glasgef\u00e4\u00dfen auch einen rustikalen Charme.<\/p>\n<h2>Produktmerkmale<\/h2>\n<ul>\n<li><strong>Klassische Milchflaschenform:<\/strong> Die flie\u00dfende Form und der abgerundete Boden ergeben zusammen ein sehr markantes und attraktives Design.<\/li>\n<li><strong>Nat\u00fcrliche Korkversiegelung:<\/strong> Ein Naturkork bietet eine sehr einfache Abdichtung und verleiht dem Ganzen durch sein rustikales Aussehen eine sch\u00f6ne, frische und nat\u00fcrliche Note.<\/li>\n<li><strong>Hochwertiges Borosilikatglas:<\/strong> H\u00e4lt das Glas klar und ist gleichzeitig sehr best\u00e4ndig gegen Temperaturschocks.<\/li>\n<\/ul>\n<h2 style=\"text-align: left;\">Wichtigste Spezifikationen<\/h2>\n<table class=\"aligncenter\" style=\"border-collapse: collapse; width: 462.02pt;\" border=\"0\" width=\"616\" cellspacing=\"0\" cellpadding=\"0\">\n<tbody>\n<tr style=\"height: 13.50pt;\">\n<td style=\"height: 13.50pt; width: 107.25pt;\" width=\"143\" height=\"18\">Specification<\/td>\n<td style=\"width: 354.75pt;\" width=\"473\">Details<\/td>\n<\/tr>\n<tr style=\"height: 13.50pt;\">\n<td style=\"height: 13.50pt;\" height=\"18\">Kapazit\u00e4t<\/td>\n<td>150 ml \/ 300 ml \/ 600 ml \/ 1100 ml<\/td>\n<\/tr>\n<tr style=\"height: 13.50pt;\">\n<td style=\"height: 13.50pt;\" height=\"18\">Abmessungen<\/td>\n<td>6\u00d711cm \/ 6.5\u00d715cm \/ 8\u00d719cm \/ 8.5\u00d726cm<\/td>\n<\/tr>\n<tr style=\"height: 13.50pt;\">\n<td style=\"height: 13.50pt;\" height=\"18\">Material<\/td>\n<td>Hochborosilikatglas<\/td>\n<\/tr>\n<tr style=\"height: 13.50pt;\">\n<td style=\"height: 13.50pt;\" height=\"18\">Deckeltyp<\/td>\n<td>Naturkorken<\/td>\n<\/tr>\n<tr style=\"height: 13.50pt;\">\n<td style=\"height: 13.50pt;\" height=\"18\">Materialeigenschaften<\/td>\n<td>Thermoschockbest\u00e4ndig, hohe Transparenz, chemisch inert<\/td>\n<\/tr>\n<tr style=\"height: 13.50pt;\">\n<td style=\"height: 13.50pt;\" height=\"18\">Ideal f\u00fcr<\/td>\n<td>Glasbeh\u00e4lter, Gro\u00dfpackung Glasbeh\u00e4lter mit Deckel<\/td>\n<\/tr>\n<\/tbody>\n<\/table>\n<h2>Erfolgsgeschichte: Bestseller-Display in einem Premium-Supermarkt<\/h2>\n<p>Ein gro\u00dfer Supermarkt der gehobenen Klasse r\u00fcckte unsere 600-ml-Glasbeh\u00e4lter im Bereich f\u00fcr lose Kaffee- und Teewaren in den Fokus. Die Naturkorken verl\u00e4ngerten die Abdichtung um 50 %, wodurch der Abfall deutlich reduziert wurde. Das ansprechend gestaltete Produkt wurde zum Kundenliebling und f\u00fchrte zu einem Anstieg der Kundenfrequenz um 35 %. Die Verkaufszahlen belegten einen Anstieg der Spontank\u00e4ufe von Artikeln in diesen Beh\u00e4ltern um 40 %. Aufgrund dieses Erfolgs bestellte der Supermarkt weitere 50.000 Sets, um das Konzept in allen Filialen der Kette einzuf\u00fchren.<\/p>\n<h2>Glasbeh\u00e4lter mit Deckel \u2013 Anpassungsm\u00f6glichkeiten<\/h2>\n<ul>\n<li>Individuelles Korkbranding: Verleihen Sie Ihren Produkten eine pers\u00f6nliche Note, indem Sie Ihr Markenlogo per Hei\u00dfpr\u00e4gung auf die Oberseite des Naturkorks bringen.<\/li>\n<li>Siebgedruckte Kapazit\u00e4tsmarkierung: Sehr leichte und dauerhafte Kapazit\u00e4tsmarkierungen einer Flasche sind die von Ihnen gew\u00e4hlten W\u00f6rter, die auf die Schulter der Flasche gedruckt werden.<\/li>\n<li>Akzente aus Buntglas sind in hellem Bernstein oder gr\u00fcnem Glas f\u00fcr UV-empfindliche Produkte erh\u00e4ltlich.<\/li>\n<li>Individuelle Korkfarben: Sie k\u00f6nnen verschiedene Naturt\u00f6ne oder Korken mit farbigen Wachssiegeln ausw\u00e4hlen.<\/li>\n<li>Anh\u00e4ngering: Eine M\u00f6glichkeit ist das Einsetzen eines kleinen Glasrings oder einer Nut in den Kragen zum Aufh\u00e4ngen von Produktetiketten.<\/li>\n<\/ul>","protected":false},"excerpt":{"rendered":"<p>Entdecken Sie unsere eleganten Glasbeh\u00e4lter. Dieser Milchflaschen-Glasbeh\u00e4lter mit Deckel verf\u00fcgt \u00fcber einen nat\u00fcrlichen Korkverschluss. Ideal f\u00fcr Vorratskammer und K\u00fcche. Gratisproben.<\/p>","protected":false},"featured_media":3965,"template":"","meta":{"postBodyCss":"","postBodyMargin":[],"postBodyPadding":[],"postBodyBackground":{"backgroundType":"classic","gradient":""}},"product_brand":[],"product_cat":[15,17,61],"product_tag":[68,67,100,70,69],"class_list":{"0":"post-3958","1":"product","2":"type-product","3":"status-publish","4":"has-post-thumbnail","6":"product_cat-glass-containers","7":"product_cat-glass-jars","8":"product_cat-glass-jars-with-lids","9":"product_tag-borosilicate-glass-jars","10":"product_tag-candy-jars","11":"product_tag-glass-coffee-jars","12":"product_tag-seasoning-jars","13":"product_tag-storage-jars","15":"first","16":"instock","17":"shipping-taxable","18":"product-type-simple"},"jetpack_sharing_enabled":true,"_links":{"self":[{"href":"https:\/\/minghanggroup.com\/de\/wp-json\/wp\/v2\/product\/3958","targetHints":{"allow":["GET"]}}],"collection":[{"href":"https:\/\/minghanggroup.com\/de\/wp-json\/wp\/v2\/product"}],"about":[{"href":"https:\/\/minghanggroup.com\/de\/wp-json\/wp\/v2\/types\/product"}],"wp:featuredmedia":[{"embeddable":true,"href":"https:\/\/minghanggroup.com\/de\/wp-json\/wp\/v2\/media\/3965"}],"wp:attachment":[{"href":"https:\/\/minghanggroup.com\/de\/wp-json\/wp\/v2\/media?parent=3958"}],"wp:term":[{"taxonomy":"product_brand","embeddable":true,"href":"https:\/\/minghanggroup.com\/de\/wp-json\/wp\/v2\/product_brand?post=3958"},{"taxonomy":"product_cat","embeddable":true,"href":"https:\/\/minghanggroup.com\/de\/wp-json\/wp\/v2\/product_cat?post=3958"},{"taxonomy":"product_tag","embeddable":true,"href":"https:\/\/minghanggroup.com\/de\/wp-json\/wp\/v2\/product_tag?post=3958"}],"curies":[{"name":"wp","href":"https:\/\/api.w.org\/{rel}","templated":true}]}}