{"id":3957,"date":"2025-12-22T10:23:48","date_gmt":"2025-12-22T02:23:48","guid":{"rendered":"https:\/\/minghanggroup.com\/?post_type=product&#038;p=3957"},"modified":"2026-01-20T13:40:21","modified_gmt":"2026-01-20T05:40:21","slug":"straight-sided-huge-glass-jars-with-150mm-lids-bulk","status":"publish","type":"product","link":"https:\/\/minghanggroup.com\/de\/produkt\/straight-sided-huge-glass-jars-with-150mm-lids-bulk\/","title":{"rendered":"3200 ml und 4800 ml Geradwandige, gro\u00dfe Glasbeh\u00e4lter mit 150-mm-Deckeln (Gro\u00dfpackung)"},"content":{"rendered":"<p>Sie verdienen Verpackungen h\u00f6chster Qualit\u00e4t, die Ihre Produkte nicht nur frisch halten, sondern auch Ihre Marke hervorheben. Wir fertigen gro\u00dfe Glasbeh\u00e4lter f\u00fcr gro\u00dfe Erfolge \u2013 jeder einzelne Beh\u00e4lter tr\u00e4gt dazu bei, Ihre Produktgeschichte auf ein neues Niveau zu heben.<\/p>\n<h2>Produktmerkmale<\/h2>\n<ol>\n<li><strong>Sch\u00fcttgutlagerkapazit\u00e4t:<\/strong> Honig, Sirup oder M\u00fcsli k\u00f6nnen in diesen gro\u00dfen Glasbeh\u00e4ltern aufbewahrt werden, die die perfekte L\u00f6sung f\u00fcr jedes Gro\u00dfhandelsgesch\u00e4ft Ihrer Produktlinie darstellen.<\/li>\n<li><strong>Hitzebest\u00e4ndigkeit und Langlebigkeit:<\/strong> Diese aus robustem Borosilikatglas gefertigten, hitzebest\u00e4ndigen Glasbeh\u00e4lter halten pl\u00f6tzlichen Temperaturschwankungen stand, ohne dass Risse entstehen, und sind daher die perfekten Aufbewahrungsbeh\u00e4lter f\u00fcr Lebensmittel.<\/li>\n<li><strong>Design f\u00fcr einfachen Zugang:<\/strong> Dank der 150 mm breiten \u00d6ffnung wird das t\u00e4gliche Gro\u00dfhandelsgesch\u00e4ft deutlich einfacher: Bef\u00fcllen, Reinigen und Entnehmen des Inhalts sind problemlos m\u00f6glich.<\/li>\n<\/ol>\n<h2>Wichtigste Spezifikationen<\/h2>\n<table style=\"border-collapse: collapse; width: 80%; margin-left: auto; margin-right: auto;\" border=\"0\" width=\"360\" cellspacing=\"0\" cellpadding=\"0\">\n<tbody>\n<tr style=\"height: 13.50pt;\">\n<td style=\"height: 13.5pt; width: 54pt; text-align: center;\" width=\"72\" height=\"18\">Fassungsverm\u00f6gen (ml)<\/td>\n<td style=\"width: 54pt; text-align: center;\" width=\"72\">Gr\u00f6\u00dfe (cm)<\/td>\n<td style=\"width: 54pt; text-align: center;\" width=\"72\">Munddurchmesser<\/td>\n<td style=\"width: 54pt; text-align: center;\" width=\"72\">Material<\/td>\n<td style=\"width: 54pt; text-align: center;\" width=\"72\">Merkmale<\/td>\n<\/tr>\n<tr style=\"height: 13.50pt;\">\n<td style=\"height: 13.5pt; text-align: center;\" align=\"right\" height=\"18\">3200<\/td>\n<td style=\"text-align: center;\">15,0 x 20,0<\/td>\n<td class=\"et2\" style=\"text-align: center;\" rowspan=\"2\">150 mm<\/td>\n<td class=\"et2\" style=\"text-align: center;\" rowspan=\"2\">Borosilikat<\/td>\n<td class=\"et2\" style=\"text-align: center;\" rowspan=\"2\">Deckel mit geraden Seiten, 150 mm<\/td>\n<\/tr>\n<tr style=\"height: 13.50pt;\">\n<td style=\"height: 13.5pt; text-align: center;\" align=\"right\" height=\"18\">4800<\/td>\n<td style=\"text-align: center;\">15,0 x 30,0<\/td>\n<\/tr>\n<\/tbody>\n<\/table>\n<h2>Erfolgsbeispiel<\/h2>\n<p>Ein Gro\u00dfh\u00e4ndler f\u00fcr Lebensmittelzutaten nutzte nach der Umstellung die geraden, runden, hohen Vorratsgl\u00e4ser aus Borosilikatglas zur Lagerung und Pr\u00e4sentation gro\u00dfer Mengen an Gew\u00fcrzpulvern und Trockenwaren. Dank ihrer hohen Transparenz und ihres gro\u00dfen Fassungsverm\u00f6gens wurde die Sichtbarkeit der Produkte in den Verkaufsregalen deutlich verbessert, was innerhalb von drei Monaten nach der Einf\u00fchrung zu einem Umsatzanstieg von rund 28 % bei vergleichbaren Artikeln f\u00fchrte.<\/p>\n<p>Dar\u00fcber hinaus hat der Kunde zus\u00e4tzlich zur Erstbestellung zwei weitere Gro\u00dfbestellungen aufgegeben und damit eine Wiederkaufsrate von \u00fcber 60 % erreicht. Er hat diesen Beh\u00e4ltertyp als seine langfristige, stabile Verpackungsl\u00f6sung etabliert.<\/p>\n<h2>Ihre Anpassungstipps<\/h2>\n<p>Dieser Beh\u00e4lter zur Aufbewahrung von Artikeln l\u00e4sst sich je nach Kundenwunsch flexibel anpassen. Beispielsweise kann das Volumen auf das Glas gedruckt werden, sodass die Kapazit\u00e4t gut sichtbar ist. Der Deckel kann aus Bambus, Holz oder mit einem verst\u00e4rkten Dichtungsring f\u00fcr besseren Feuchtigkeitsschutz gefertigt werden. Zudem besteht die M\u00f6glichkeit, Markenname oder Logo per Siebdruck, Etikettierung oder Lasergravur aufzubringen, was f\u00fcr Kunden gut sichtbar ist.<\/p>","protected":false},"excerpt":{"rendered":"<p>Gro\u00dfes Glasgef\u00e4\u00df mit 150-mm-Deckel aus hochwertigem Borosilikatglas. Direkt vom Hersteller, individuelle Anpassung f\u00fcr Gro\u00dfabnehmer m\u00f6glich. Kostenloses Muster.<\/p>","protected":false},"featured_media":3955,"template":"","meta":{"postBodyCss":"","postBodyMargin":[],"postBodyPadding":[],"postBodyBackground":{"backgroundType":"classic","gradient":""}},"product_brand":[],"product_cat":[15,17,61],"product_tag":[68,67,70,69],"class_list":{"0":"post-3957","1":"product","2":"type-product","3":"status-publish","4":"has-post-thumbnail","6":"product_cat-glass-containers","7":"product_cat-glass-jars","8":"product_cat-glass-jars-with-lids","9":"product_tag-borosilicate-glass-jars","10":"product_tag-candy-jars","11":"product_tag-seasoning-jars","12":"product_tag-storage-jars","14":"first","15":"instock","16":"shipping-taxable","17":"product-type-simple"},"jetpack_sharing_enabled":true,"_links":{"self":[{"href":"https:\/\/minghanggroup.com\/de\/wp-json\/wp\/v2\/product\/3957","targetHints":{"allow":["GET"]}}],"collection":[{"href":"https:\/\/minghanggroup.com\/de\/wp-json\/wp\/v2\/product"}],"about":[{"href":"https:\/\/minghanggroup.com\/de\/wp-json\/wp\/v2\/types\/product"}],"wp:featuredmedia":[{"embeddable":true,"href":"https:\/\/minghanggroup.com\/de\/wp-json\/wp\/v2\/media\/3955"}],"wp:attachment":[{"href":"https:\/\/minghanggroup.com\/de\/wp-json\/wp\/v2\/media?parent=3957"}],"wp:term":[{"taxonomy":"product_brand","embeddable":true,"href":"https:\/\/minghanggroup.com\/de\/wp-json\/wp\/v2\/product_brand?post=3957"},{"taxonomy":"product_cat","embeddable":true,"href":"https:\/\/minghanggroup.com\/de\/wp-json\/wp\/v2\/product_cat?post=3957"},{"taxonomy":"product_tag","embeddable":true,"href":"https:\/\/minghanggroup.com\/de\/wp-json\/wp\/v2\/product_tag?post=3957"}],"curies":[{"name":"wp","href":"https:\/\/api.w.org\/{rel}","templated":true}]}}