{"id":3939,"date":"2025-12-19T10:16:20","date_gmt":"2025-12-19T02:16:20","guid":{"rendered":"https:\/\/minghanggroup.com\/?post_type=product&#038;p=3939"},"modified":"2026-01-20T13:39:51","modified_gmt":"2026-01-20T05:39:51","slug":"square-borosilicate-storage-jars-with-flat-lid-wholesale","status":"publish","type":"product","link":"https:\/\/minghanggroup.com\/de\/produkt\/square-borosilicate-storage-jars-with-flat-lid-wholesale\/","title":{"rendered":"600 ml \u2013 1400 ml quadratische Borosilikat-Vorratsgl\u00e4ser mit flachem Deckel (Gro\u00dfhandel)"},"content":{"rendered":"<p>Ihre Marke verdient eine Verpackung aus hochwertigen Materialien, die Ihre Produkte frisch h\u00e4lt und Ihre Marke hervorhebt. Wir entwerfen Gro\u00dfhandels-Glasbeh\u00e4lter, die sich ideal f\u00fcr den Massenverkauf eignen \u2013 jeder einzelne Beh\u00e4lter unterstreicht die Geschichte Ihres Produkts.<\/p>\n<h2>Produktmerkmale<\/h2>\n<ol>\n<li><strong>Vielseitige Speicherkapazit\u00e4t: <\/strong>Nutzen Sie diese quadratischen Glasbeh\u00e4lter zur Aufbewahrung von Honig, Sirup, So\u00dfen oder Trockenwaren \u2013 eine Aufbewahrungsm\u00f6glichkeit, die sich perfekt f\u00fcr alle Bed\u00fcrfnisse Ihrer Produktlinie eignet.<\/li>\n<li><strong>Hitzebest\u00e4ndige Langlebigkeit: <\/strong>Diese aus robustem Borosilikatglas gefertigten, hitzebest\u00e4ndigen Glasbeh\u00e4lter f\u00fcr den Gro\u00dfhandel halten Temperaturschwankungen stand, ohne zu zerbrechen \u2013 daher eignen sie sich f\u00fcr die Lagerung hei\u00dfer Lebensmittel.<\/li>\n<li><strong>Design f\u00fcr klare Sichtbarkeit: <\/strong>Durch einen transparenten Beh\u00e4lter k\u00f6nnen Sie den Inhalt sofort erkennen, wodurch die Bestandsverwaltung f\u00fcr Ihre Gro\u00dfhandelsgesch\u00e4fte erheblich vereinfacht wird.<\/li>\n<li><strong>Flachm\u00fcndungsdesign: <\/strong>Der \u00d6ffnungsdurchmesser der Dose entspricht dem des Flaschenk\u00f6rpers, wodurch das Einf\u00fcllen und Entnehmen des Materials erleichtert wird. Zudem vereinfacht die flache \u00d6ffnung die Reinigung und das Bef\u00fcllen, sodass sich weniger R\u00fcckst\u00e4nde in den Ecken ansammeln.<\/li>\n<\/ol>\n<h2>Wichtigste Spezifikationen<\/h2>\n<table style=\"border-collapse: collapse; width: 80%; margin-left: auto; margin-right: auto;\" border=\"0\" width=\"360\" cellspacing=\"0\" cellpadding=\"0\">\n<tbody>\n<tr style=\"height: 13.50pt;\">\n<td style=\"height: 13.5pt; width: 54pt; text-align: center;\" width=\"72\" height=\"18\">Fassungsverm\u00f6gen (ml)<\/td>\n<td style=\"width: 54pt; text-align: center;\" width=\"72\">Gr\u00f6\u00dfe (cm)<\/td>\n<td style=\"width: 54pt; text-align: center;\" width=\"72\">Munddurchmesser (mm)<\/td>\n<td style=\"width: 54pt; text-align: center;\" width=\"72\">Material<\/td>\n<td style=\"width: 54pt; text-align: center;\" width=\"72\">Merkmale<\/td>\n<\/tr>\n<tr style=\"height: 13.50pt;\">\n<td style=\"height: 13.5pt; text-align: center;\" align=\"right\" height=\"18\">600<\/td>\n<td style=\"text-align: center;\">10 x 10 x 10,5<\/td>\n<td class=\"et2\" style=\"text-align: center;\" rowspan=\"5\">94\u00d7100<\/td>\n<td class=\"et2\" style=\"text-align: center;\" rowspan=\"5\">Borosilikat<\/td>\n<td class=\"et2\" style=\"text-align: center;\" rowspan=\"5\">Quadratisch, geradlinig<\/td>\n<\/tr>\n<tr style=\"height: 13.50pt;\">\n<td style=\"height: 13.5pt; text-align: center;\" align=\"right\" height=\"18\">800<\/td>\n<td style=\"text-align: center;\">10 x 10 x 13<\/td>\n<\/tr>\n<tr style=\"height: 13.50pt;\">\n<td style=\"height: 13.5pt; text-align: center;\" align=\"right\" height=\"18\">1000<\/td>\n<td style=\"text-align: center;\">10 x 10 x 16<\/td>\n<\/tr>\n<tr style=\"height: 13.50pt;\">\n<td style=\"height: 13.5pt; text-align: center;\" align=\"right\" height=\"18\">1200<\/td>\n<td style=\"text-align: center;\">10 x 10 x 19<\/td>\n<\/tr>\n<tr style=\"height: 13.50pt;\">\n<td style=\"height: 13.5pt; text-align: center;\" align=\"right\" height=\"18\">1400<\/td>\n<td style=\"text-align: center;\">10 x 10 x 21<\/td>\n<\/tr>\n<\/tbody>\n<\/table>\n<h2>Erfolgsbeispiel<\/h2>\n<p>Im Rahmen des Modernisierungsprojekts einer grenz\u00fcberschreitenden Marke f\u00fcr Haushaltswaren, die bisher runde, herk\u00f6mmliche Glasbeh\u00e4lter verwendete, stellten diese quadratischen, flachm\u00fcndigen Borosilikatglas-Gro\u00dfhandelsbeh\u00e4lter die wichtigste Neuerung dar. Dank der verbesserten Abdichtung und der attraktiveren Pr\u00e4sentation durch die flache \u00d6ffnung stieg die Konversionsrate der Kunden in der Kategorie K\u00fcchenaufbewahrung auf der E-Commerce-Plattform innerhalb von drei Monaten nach der Markteinf\u00fchrung um etwa 28 %, und auch die Wiederkaufsrate des gesamten Vorratsbeh\u00e4lter-Sets erh\u00f6hte sich um fast 35 %. Viele Endverbraucher erw\u00e4hnten, dass das Design mit der flachen \u00d6ffnung die Reinigung erleichtert und ein stabileres Stapeln erm\u00f6glicht. Daher wurde diese Serie sehr schnell zum langfristigen Flaggschiffprodukt der Marke, und der Kunde war motiviert, innerhalb von sechs Monaten zwei weitere Gro\u00dfbestellungen aufzugeben.<\/p>\n<h2>Ihre Anpassungstipps<\/h2>\n<p>Die Details dieser individuell gefertigten, quadratischen Vorratsgl\u00e4ser aus Borosilikatglas mit flacher \u00d6ffnung lassen sich flexibel an Zielmarkt und Verwendungszweck anpassen. Beispielsweise kann Borosilikatglas mit h\u00f6herer Lichtdurchl\u00e4ssigkeit gew\u00e4hlt und die Abmessungen der Gl\u00e4ser optimiert werden, um die Warenpr\u00e4sentation im Lebensmitteleinzelhandel oder die Verpackung von Geschenkboxen optisch ansprechender zu gestalten. Auch beim Deckel k\u00f6nnen, neben der flachen \u00d6ffnung, verschiedene Materialien und Farben f\u00fcr die Dichtungsringe sowie die Oberfl\u00e4chenbehandlung des Deckels variiert werden, um die Markenbekanntheit zu steigern.<\/p>","protected":false},"excerpt":{"rendered":"<p>Hochwertige Vorratsgl\u00e4ser aus Borosilikatglas im Gro\u00dfhandel. Diese Gl\u00e4ser sind individuell gestaltbar und eignen sich ideal f\u00fcr Marken und Einzelh\u00e4ndler. Direkt vom Hersteller!<\/p>","protected":false},"featured_media":3944,"template":"","meta":{"postBodyCss":"","postBodyMargin":[],"postBodyPadding":[],"postBodyBackground":{"backgroundType":"classic","gradient":""}},"product_brand":[],"product_cat":[15,17,61],"product_tag":[68,67,70,69],"class_list":{"0":"post-3939","1":"product","2":"type-product","3":"status-publish","4":"has-post-thumbnail","6":"product_cat-glass-containers","7":"product_cat-glass-jars","8":"product_cat-glass-jars-with-lids","9":"product_tag-borosilicate-glass-jars","10":"product_tag-candy-jars","11":"product_tag-seasoning-jars","12":"product_tag-storage-jars","14":"first","15":"instock","16":"shipping-taxable","17":"product-type-simple"},"jetpack_sharing_enabled":true,"_links":{"self":[{"href":"https:\/\/minghanggroup.com\/de\/wp-json\/wp\/v2\/product\/3939","targetHints":{"allow":["GET"]}}],"collection":[{"href":"https:\/\/minghanggroup.com\/de\/wp-json\/wp\/v2\/product"}],"about":[{"href":"https:\/\/minghanggroup.com\/de\/wp-json\/wp\/v2\/types\/product"}],"wp:featuredmedia":[{"embeddable":true,"href":"https:\/\/minghanggroup.com\/de\/wp-json\/wp\/v2\/media\/3944"}],"wp:attachment":[{"href":"https:\/\/minghanggroup.com\/de\/wp-json\/wp\/v2\/media?parent=3939"}],"wp:term":[{"taxonomy":"product_brand","embeddable":true,"href":"https:\/\/minghanggroup.com\/de\/wp-json\/wp\/v2\/product_brand?post=3939"},{"taxonomy":"product_cat","embeddable":true,"href":"https:\/\/minghanggroup.com\/de\/wp-json\/wp\/v2\/product_cat?post=3939"},{"taxonomy":"product_tag","embeddable":true,"href":"https:\/\/minghanggroup.com\/de\/wp-json\/wp\/v2\/product_tag?post=3939"}],"curies":[{"name":"wp","href":"https:\/\/api.w.org\/{rel}","templated":true}]}}