{"id":3938,"date":"2025-12-19T09:06:50","date_gmt":"2025-12-19T01:06:50","guid":{"rendered":"https:\/\/minghanggroup.com\/?post_type=product&#038;p=3938"},"modified":"2026-01-20T13:40:49","modified_gmt":"2026-01-20T05:40:49","slug":"clear-jars-with-wooden-lids-for-food-storage-bulk","status":"publish","type":"product","link":"https:\/\/minghanggroup.com\/de\/produkt\/clear-jars-with-wooden-lids-for-food-storage-bulk\/","title":{"rendered":"Klarsichtgl\u00e4ser mit Holzdeckeln (250 ml \u2013 1550 ml) zur Aufbewahrung von Lebensmitteln in gro\u00dfen Mengen"},"content":{"rendered":"<p>Diese Vorratsgl\u00e4ser mit Holzdeckeln werden aus transparentem Borosilikatglas hergestellt. F\u00fcr Stabilit\u00e4t sorgen die abgerundeten Kanten und der leicht erh\u00f6hte Boden. Die warmen, holzgemaserten Deckel mit ihrer nat\u00fcrlichen Textur machen die Aufbewahrung allt\u00e4glicher Dinge zu einem charmanten Blickfang in jedem Raum.<\/p>\n<h2>Produktmerkmale<\/h2>\n<ul>\n<li><strong>Eigenschaften von hochborosilikathaltigem Glas:<\/strong> Die Gl\u00e4ser bestehen aus hochwertigem Borosilikatglas, wodurch sie temperaturbest\u00e4ndig, geruchlos und langlebig sind. Somit ist die sichere Aufbewahrung von warmen und kalten Speisen gew\u00e4hrleistet.<\/li>\n<li><strong>Flaches Deckeldesign in Holzoptik:<\/strong> Der flache Deckel mit Holzmaserung, der eine nat\u00fcrliche Textur aufweist und aus einem St\u00fcck gefertigt ist, vereint die Dichtungseigenschaften mit der \u00e4sthetischen Seite und verbessert dadurch nicht nur das Gesamtbild Ihres Zuhauses, sondern erm\u00f6glicht auch ein einfaches \u00d6ffnen und Schlie\u00dfen.<\/li>\n<li><strong>Erh\u00f6hte Bodenstabilit\u00e4t:<\/strong> Die abgerundete, erh\u00f6hte Bodenkonstruktion tr\u00e4gt zur Stabilit\u00e4t bei, sodass die M\u00f6belst\u00fccke nicht umkippen, wenn sie auf Schreibtischen, Schr\u00e4nken oder anderen Ausstellungsfl\u00e4chen platziert werden.<\/li>\n<\/ul>\n<h2 style=\"text-align: left;\">Wichtigste Spezifikationen<\/h2>\n<table class=\"aligncenter\" style=\"border-collapse: collapse; width: 494.27pt;\" border=\"0\" width=\"100%\" cellspacing=\"0\" cellpadding=\"0\">\n<tbody>\n<tr style=\"height: 13.50pt;\">\n<td style=\"height: 13.50pt; width: 150.00pt;\" width=\"200\" height=\"18\">Besonderheit<\/td>\n<td style=\"width: 344.25pt;\" width=\"459\">Details<\/td>\n<\/tr>\n<tr style=\"height: 13.50pt;\">\n<td style=\"height: 13.50pt;\" height=\"18\">Kapazit\u00e4t<\/td>\n<td>250 ml \/ 450 ml \/ 750 ml \/ 950 ml \/ 1550 ml<\/td>\n<\/tr>\n<tr style=\"height: 13.50pt;\">\n<td style=\"height: 13.50pt;\" height=\"18\">Abmessungen<\/td>\n<td>7\u00d79 cm \/ 10\u00d79 cm \/ 15\u00d79 cm \/ 19\u00d79 cm \/ 29,5\u00d79 cm<\/td>\n<\/tr>\n<tr style=\"height: 13.50pt;\">\n<td style=\"height: 13.50pt;\" height=\"18\">Material<\/td>\n<td>Hochborosilikatglas<\/td>\n<\/tr>\n<tr style=\"height: 13.50pt;\">\n<td style=\"height: 13.50pt;\" height=\"18\">Deckeltyp<\/td>\n<td>Flacher Holzdeckel mit nat\u00fcrlicher Maserung, vertiefte Passform<\/td>\n<\/tr>\n<tr style=\"height: 13.50pt;\">\n<td style=\"height: 13.50pt;\" height=\"18\">Deckeldurchmesser<\/td>\n<td>90 mm (Standardgr\u00f6\u00dfe)<\/td>\n<\/tr>\n<tr style=\"height: 13.50pt;\">\n<td style=\"height: 13.50pt;\" height=\"18\">Vorteile von Borosilikat<\/td>\n<td>Best\u00e4ndig gegen Temperaturschocks (\u0394T \u2265 150 \u00b0C), chemisch inert<\/td>\n<\/tr>\n<tr style=\"height: 13.50pt;\">\n<td style=\"height: 13.50pt;\" height=\"18\">Ideal f\u00fcr<\/td>\n<td>Gl\u00e4ser mit Holzdeckeln, Vorratsdosen mit Deckel<\/td>\n<\/tr>\n<\/tbody>\n<\/table>\n<h2>Erfolgsgeschichte: Die Erfolgsgeschichte des visuellen Merchandisings eines Lebensmitteleinzelh\u00e4ndlers<\/h2>\n<p>Durch den Einsatz unseres kompletten Sortiments an transparenten Gl\u00e4sern konnte ein Feinkosth\u00e4ndler seine Abteilung f\u00fcr lose Trockenwaren optisch aufwerten, was zu einer ersten Bestellung von 8.000 St\u00fcck f\u00fchrte. Das Ergebnis war hervorragend: Die Borosilikatglasgl\u00e4ser sind besonders robust, wodurch der Bruch \u2013 die Hauptursache f\u00fcr Probleme beim Umgang mit den Produkten und der Reinigung \u2013 um 80 % reduziert werden konnte. Die Deckel mit Holzmaserung sorgen f\u00fcr eine 60 % l\u00e4ngere Abdichtung von Produkten wie Kaffee und Gew\u00fcrzen. Das einzigartige Design mit abgerundetem Boden erh\u00f6ht die Stabilit\u00e4t im Regal und verringert die Kippgefahr um bis zu 95 %. Der Kunde war von der Leistung des Produkts so begeistert, dass er weitere 150.000 Gl\u00e4ser f\u00fcr die gesamte Verpackungskette bestellte.<\/p>\n<h2>Gl\u00e4ser mit Holzdeckeln \u2013 Gestaltungsm\u00f6glichkeiten<\/h2>\n<ul>\n<li>Indem man den Deckel mit Holzmaserung durch einen massiven Deckel aus Bambus, Buche oder Akazie ersetzt.<\/li>\n<li>Deckelgravur \u2013 Lasergravur von Kundenlogos, Motiven oder Texten auf der Oberfl\u00e4che des Holzdeckels.<\/li>\n<li>Siebgedruckte Farbverlaufsmarkierungen \u2013 Dezente, dauerhafte F\u00fcllstandsmarkierungen, die auf der Seite des Glases aufgedruckt sind.<\/li>\n<li>Mattierter Sockel \u2013 Eine elegante, matte Oberfl\u00e4che auf dem erh\u00f6hten Sockel, die durch ein Sandstrahlverfahren erzielt wird.<\/li>\n<li>Farbige Silikon-Dichtungsringe \u2013 Sie k\u00f6nnen aus einer Vielzahl von Farben f\u00fcr lebensmittelechte Silikon-Innendichtungsringe ausgew\u00e4hlt werden.<\/li>\n<\/ul>","protected":false},"excerpt":{"rendered":"<p>Hochwertige Gl\u00e4ser mit Holzdeckel, klare Gl\u00e4ser aus kristallklarem Borosilikatglas, verschiedene Gr\u00f6\u00dfen, ideal f\u00fcr die Vorratshaltung. Kostenlose Muster erh\u00e4ltlich.<\/p>","protected":false},"featured_media":3941,"template":"","meta":{"postBodyCss":"","postBodyMargin":[],"postBodyPadding":[],"postBodyBackground":{"backgroundType":"classic","gradient":""}},"product_brand":[],"product_cat":[15,17,61],"product_tag":[68,67,70,69],"class_list":{"0":"post-3938","1":"product","2":"type-product","3":"status-publish","4":"has-post-thumbnail","6":"product_cat-glass-containers","7":"product_cat-glass-jars","8":"product_cat-glass-jars-with-lids","9":"product_tag-borosilicate-glass-jars","10":"product_tag-candy-jars","11":"product_tag-seasoning-jars","12":"product_tag-storage-jars","14":"first","15":"instock","16":"shipping-taxable","17":"product-type-simple"},"jetpack_sharing_enabled":true,"_links":{"self":[{"href":"https:\/\/minghanggroup.com\/de\/wp-json\/wp\/v2\/product\/3938","targetHints":{"allow":["GET"]}}],"collection":[{"href":"https:\/\/minghanggroup.com\/de\/wp-json\/wp\/v2\/product"}],"about":[{"href":"https:\/\/minghanggroup.com\/de\/wp-json\/wp\/v2\/types\/product"}],"wp:featuredmedia":[{"embeddable":true,"href":"https:\/\/minghanggroup.com\/de\/wp-json\/wp\/v2\/media\/3941"}],"wp:attachment":[{"href":"https:\/\/minghanggroup.com\/de\/wp-json\/wp\/v2\/media?parent=3938"}],"wp:term":[{"taxonomy":"product_brand","embeddable":true,"href":"https:\/\/minghanggroup.com\/de\/wp-json\/wp\/v2\/product_brand?post=3938"},{"taxonomy":"product_cat","embeddable":true,"href":"https:\/\/minghanggroup.com\/de\/wp-json\/wp\/v2\/product_cat?post=3938"},{"taxonomy":"product_tag","embeddable":true,"href":"https:\/\/minghanggroup.com\/de\/wp-json\/wp\/v2\/product_tag?post=3938"}],"curies":[{"name":"wp","href":"https:\/\/api.w.org\/{rel}","templated":true}]}}