{"id":3932,"date":"2025-12-17T10:47:24","date_gmt":"2025-12-17T02:47:24","guid":{"rendered":"https:\/\/minghanggroup.com\/?post_type=product&#038;p=3932"},"modified":"2026-03-02T15:24:51","modified_gmt":"2026-03-02T07:24:51","slug":"square-borosilicate-large-glass-jars-with-lids-spoons-bulk","status":"publish","type":"product","link":"https:\/\/minghanggroup.com\/de\/produkt\/square-borosilicate-large-glass-jars-with-lids-spoons-bulk\/","title":{"rendered":"Gro\u00dfe, quadratische Borosilikatglas-Einmachgl\u00e4ser (800 ml \u2013 1200 ml) mit Deckel und L\u00f6ffeln (lose erh\u00e4ltlich)"},"content":{"rendered":"<p>Gro\u00dfe Glasbeh\u00e4lter mit Deckel sollten mehr k\u00f6nnen als nur Produkte aufzubewahren \u2013 sie sollten Ihr Markenimage aufwerten und gleichzeitig die Produktqualit\u00e4t sch\u00fctzen. Wir fertigen hochwertige Glasbeh\u00e4lter, die den Inhalt frisch halten, ansprechend pr\u00e4sentieren und verkaufsfertig machen und Ihrer Marke helfen, sich im wettbewerbsintensiven Einzel- und Gro\u00dfhandel abzuheben.<\/p>\n<h2>Produktmerkmale<\/h2>\n<ol>\n<li><strong>Vielseitiger Stauraum: <\/strong>Diese gro\u00dfen, quadratischen Glasbeh\u00e4lter mit Deckel eignen sich f\u00fcr alles von Honig und So\u00dfen bis hin zu Kaffeebohnen und Trockenwaren \u2013 perfekt f\u00fcr jede Art der Aufbewahrung.<\/li>\n<li><strong>Hitzebest\u00e4ndige Langlebigkeit: <\/strong>Diese aus robustem Borosilikatglas gefertigten, hitzebest\u00e4ndigen Glasbeh\u00e4lter widerstehen Temperaturschwankungen ohne zu rei\u00dfen \u2013 ideal zur Aufbewahrung von Lebensmitteln.<\/li>\n<li><strong>Benutzerfreundliches Design: <\/strong>Die weite \u00d6ffnung und der mitgelieferte L\u00f6ffel erleichtern das Bef\u00fcllen, Reinigen und Servieren f\u00fcr Ihren t\u00e4glichen Aufbewahrungsbedarf.<\/li>\n<\/ol>\n<h2>Wichtigste Spezifikationen<\/h2>\n<table style=\"border-collapse: collapse; width: 80%; margin-left: auto; margin-right: auto;\" border=\"0\" width=\"360\" cellspacing=\"0\" cellpadding=\"0\">\n<tbody>\n<tr style=\"height: 13.50pt;\">\n<td style=\"height: 13.5pt; width: 54pt; text-align: center;\" width=\"72\" height=\"18\">Fassungsverm\u00f6gen (ml)<\/td>\n<td style=\"width: 54pt; text-align: center;\" width=\"72\">Gr\u00f6\u00dfe (cm)<\/td>\n<td style=\"width: 54.00pt;\" width=\"72\">Material<\/td>\n<td style=\"width: 54.00pt;\" width=\"72\">Merkmale<\/td>\n<td style=\"width: 54.00pt;\" width=\"72\">Durchmesser<\/td>\n<\/tr>\n<tr style=\"height: 13.50pt;\">\n<td style=\"height: 13.5pt; text-align: center;\" height=\"18\">800<\/td>\n<td style=\"text-align: center;\">10 x 10 x 13<\/td>\n<td class=\"et2\" rowspan=\"3\">Borosilikatglas<\/td>\n<td class=\"et2\" rowspan=\"3\">Quadratisch, mit L\u00f6ffel<\/td>\n<td class=\"et2\" rowspan=\"3\">100 mm<\/td>\n<\/tr>\n<tr style=\"height: 13.50pt;\">\n<td style=\"height: 13.5pt; text-align: center;\" height=\"18\">1000 (1 qt)<\/td>\n<td style=\"text-align: center;\">10 x 10 x 16<\/td>\n<\/tr>\n<tr style=\"height: 13.50pt;\">\n<td style=\"height: 13.5pt; text-align: center;\" height=\"18\">1200 (40 oz)<\/td>\n<td style=\"text-align: center;\">10 x 10 x 19<\/td>\n<\/tr>\n<\/tbody>\n<\/table>\n<h2>Erfolgsbeispiel<\/h2>\n<p>Nachdem ein europ\u00e4ischer Einrichtungsh\u00e4ndler diese quadratischen, flachen Borosilikatglas-Vorratsdosen mit Deckel eingef\u00fchrt hatte, pr\u00e4sentierte er sie prominent als zentrales Ausstellungsst\u00fcck f\u00fcr Kaffeebohnen und Trockenwaren. Die Serie verzeichnete sowohl offline als auch online einen deutlichen Anstieg der Verkaufszahlen, was auf das klare Borosilikatglas, den standardm\u00e4\u00dfigen 100-mm-Bambusdeckel und das markante Design mit integriertem Holzl\u00f6ffel zur\u00fcckzuf\u00fchren ist.<\/p>\n<p>Im dritten Monat nach der Markteinf\u00fchrung stieg der Absatz dieser Vorratsgl\u00e4ser im Vergleich zum Vorjahr um rund 38 %, und der Kunde gab nach Abschluss der ersten Bestellung zwei weitere Bestellungen auf.<\/p>\n<h2>Ihre Anpassungstipps<\/h2>\n<p>Die gro\u00dfen Glasbeh\u00e4lter aus Borosilikatglas lassen sich individuell gestalten, indem die F\u00fcllmenge flexibel angepasst und das Verh\u00e4ltnis von Beh\u00e4lterh\u00f6he zu Volumen entsprechend der Zielgruppe variiert wird. So k\u00f6nnen verschiedene Inhalte wie Kaffeebohnen, Teebl\u00e4tter und Getreide verwendet werden. F\u00fcr den 100-mm-Deckel stehen zudem verschiedene Bambusholzmaserungen oder Oberfl\u00e4chenbehandlungen zur Auswahl, um den Markenauftritt zu st\u00e4rken. Der Beh\u00e4lterk\u00f6rper kann mit einer Aussparung f\u00fcr Siebdruck oder Lasergravur versehen werden, um die Markenpr\u00e4senz zu erh\u00f6hen. Die L\u00e4nge des L\u00f6ffelstiels und die Befestigungsmethode lassen sich an die Nutzungsh\u00e4ufigkeit im Einzelhandel oder in der Gastronomie anpassen, um den jeweiligen Anwendungsbereich optimal zu nutzen. Dadurch wird eine h\u00f6here Produktdifferenzierung und eine bessere Pr\u00e4sentationswirkung erzielt, ohne die Funktionalit\u00e4t zu beeintr\u00e4chtigen.<\/p>","protected":false},"excerpt":{"rendered":"<p>Gro\u00dfe Glasbeh\u00e4lter mit Deckel aus hochwertigem Borosilikatglas. Direkt vom Hersteller \u2013 individuelle Anfertigung und Gro\u00dfhandel f\u00fcr K\u00fcchenaufbewahrungsl\u00f6sungen. Kostenloses Muster.<\/p>","protected":false},"featured_media":3933,"template":"","meta":{"postBodyCss":"","postBodyMargin":[],"postBodyPadding":[],"postBodyBackground":{"backgroundType":"classic","gradient":""}},"product_brand":[],"product_cat":[15,17,61],"product_tag":[68,67,100,70,69],"class_list":{"0":"post-3932","1":"product","2":"type-product","3":"status-publish","4":"has-post-thumbnail","6":"product_cat-glass-containers","7":"product_cat-glass-jars","8":"product_cat-glass-jars-with-lids","9":"product_tag-borosilicate-glass-jars","10":"product_tag-candy-jars","11":"product_tag-glass-coffee-jars","12":"product_tag-seasoning-jars","13":"product_tag-storage-jars","15":"first","16":"instock","17":"shipping-taxable","18":"product-type-simple"},"jetpack_sharing_enabled":true,"_links":{"self":[{"href":"https:\/\/minghanggroup.com\/de\/wp-json\/wp\/v2\/product\/3932","targetHints":{"allow":["GET"]}}],"collection":[{"href":"https:\/\/minghanggroup.com\/de\/wp-json\/wp\/v2\/product"}],"about":[{"href":"https:\/\/minghanggroup.com\/de\/wp-json\/wp\/v2\/types\/product"}],"wp:featuredmedia":[{"embeddable":true,"href":"https:\/\/minghanggroup.com\/de\/wp-json\/wp\/v2\/media\/3933"}],"wp:attachment":[{"href":"https:\/\/minghanggroup.com\/de\/wp-json\/wp\/v2\/media?parent=3932"}],"wp:term":[{"taxonomy":"product_brand","embeddable":true,"href":"https:\/\/minghanggroup.com\/de\/wp-json\/wp\/v2\/product_brand?post=3932"},{"taxonomy":"product_cat","embeddable":true,"href":"https:\/\/minghanggroup.com\/de\/wp-json\/wp\/v2\/product_cat?post=3932"},{"taxonomy":"product_tag","embeddable":true,"href":"https:\/\/minghanggroup.com\/de\/wp-json\/wp\/v2\/product_tag?post=3932"}],"curies":[{"name":"wp","href":"https:\/\/api.w.org\/{rel}","templated":true}]}}