{"id":3922,"date":"2025-12-15T11:39:10","date_gmt":"2025-12-15T03:39:10","guid":{"rendered":"https:\/\/minghanggroup.com\/?post_type=product&#038;p=3922"},"modified":"2025-12-16T11:44:42","modified_gmt":"2025-12-16T03:44:42","slug":"wide-mouth-glass-empty-water-bottles-for-drinking-bulk","status":"publish","type":"product","link":"https:\/\/minghanggroup.com\/de\/produkt\/wide-mouth-glass-empty-water-bottles-for-drinking-bulk\/","title":{"rendered":"550 ml Weithals-Glasflaschen, leer, f\u00fcr Trinkwasser in gro\u00dfen Mengen"},"content":{"rendered":"<p>Verzichten Sie auf Plastikflaschen, die leicht rei\u00dfen und Ihre Marke billig wirken lassen. Wir produzieren hochwertige Trinkwasserflaschen, die Ihre Getr\u00e4nke nicht nur frisch halten, sondern Ihre Marke auch hervorheben. Diese individuell gestaltbaren, leeren Wasserflaschen sind die beste Wahl f\u00fcr Ihren Erfolg im Gro\u00dfhandel.<\/p>\n<h2>Produktmerkmale<\/h2>\n<ol>\n<li><strong>Komfortable Weit\u00f6ffnung: <\/strong>Die 38 mm breite \u00d6ffnung erm\u00f6glicht es Ihnen, Ihr Wasser im Handumdrehen zu bef\u00fcllen, zu reinigen und Fr\u00fcchte oder Teebl\u00e4tter hinzuzuf\u00fcgen \u2013 f\u00fcr Ihre t\u00e4gliche Wasserzufuhr.<\/li>\n<li><strong>Langlebiges Borosilikatglas: <\/strong>Das Produkt besteht aus robustem Borosilikatglas, ist sp\u00fclmaschinenfest, gefriergeeignet und temperaturbest\u00e4ndig \u2013 es wird keine Lecks oder Br\u00fcche mehr geben.<\/li>\n<li><strong>Elegantes, gerades Design: <\/strong>Das minimalistische, geradlinige Design bewahrt die Frische Ihres Wassers und erm\u00f6glicht Ihnen gleichzeitig, den Inhalt zu sehen.<\/li>\n<li><strong>Deckel aus Edelstahl: <\/strong>Der dicht schlie\u00dfende Edelstahldeckel sorgt daf\u00fcr, dass Ihr Getr\u00e4nk sicher aufbewahrt wird und somit leicht zu transportieren und auslaufsicher ist.<\/li>\n<\/ol>\n<h2>Wichtigste Spezifikationen<\/h2>\n<table style=\"border-collapse: collapse; width: 80%; margin-left: auto; margin-right: auto;\" border=\"0\" width=\"360\" cellspacing=\"0\" cellpadding=\"0\">\n<tbody>\n<tr style=\"height: 13.50pt;\">\n<td style=\"height: 13.5pt; width: 54pt; text-align: center;\" width=\"72\" height=\"18\">Kapazit\u00e4t<\/td>\n<td style=\"width: 54pt; text-align: center;\" width=\"72\">Gr\u00f6\u00dfe (cm)<\/td>\n<td style=\"width: 54pt; text-align: center;\" width=\"72\">Durchmesser<\/td>\n<td style=\"width: 54pt; text-align: center;\" width=\"72\">Material<\/td>\n<td style=\"width: 54pt; text-align: center;\" width=\"72\">Farbe<\/td>\n<\/tr>\n<tr style=\"height: 13.50pt;\">\n<td style=\"height: 13.5pt; text-align: center;\" height=\"18\">550 ml<\/td>\n<td style=\"text-align: center;\">6,6 \u00d7 22,3<\/td>\n<td style=\"text-align: center;\">38 mm<\/td>\n<td style=\"text-align: center;\">Borosilikat<\/td>\n<td style=\"text-align: center;\">Klar oder benutzerdefiniert<\/td>\n<\/tr>\n<\/tbody>\n<\/table>\n<h2>Erfolgsbeispiel<\/h2>\n<p>Ein lokales Getr\u00e4nkeunternehmen entschied sich f\u00fcr diese Weithals-Trinkwasserflaschen als optimale Verpackung f\u00fcr seine Cold-Brew-Kaffee- und Kr\u00e4utertee-Sorten. Dank der Weithals\u00f6ffnung l\u00e4sst sich die Flasche schnell bef\u00fcllen, und der schwere, robuste Flaschenk\u00f6rper reduziert das Bruchrisiko beim Transport und im Gesch\u00e4ft erheblich. Zudem sind Farbe und Inhaltsstoffe des Produkts durch das klare Glas gut sichtbar, was die Kunden im Laden anlockt.<\/p>\n<p>Nach der Markteinf\u00fchrung des Produkts beschleunigte sich der Warenfluss durch die Gesch\u00e4fte, und es trafen immer wieder Nachbestellungen ein.<\/p>\n<h2>Ihre Anpassungstipps<\/h2>\n<p>Bei der Personalisierung dieser Trinkflaschen mit gro\u00dfer \u00d6ffnung haben Sie die Wahl zwischen Metall-Schraubverschl\u00fcssen, Kunststoffverschl\u00fcssen oder Silikon-Dichtungsverschl\u00fcssen, je nachdem, ob Sie direkt trinken, die Flasche unterwegs mitnehmen oder sie aufbewahren m\u00f6chten. Der Flaschenk\u00f6rper selbst kann per Siebdruck, Etikettierung oder Mattierung bedruckt werden, um die Markenbekanntheit zu steigern. Verschiedenes Zubeh\u00f6r wie Tee-Eier, Strohhalme oder Schutzh\u00fcllen sind ebenfalls erh\u00e4ltlich.<\/p>","protected":false},"excerpt":{"rendered":"<p>Leere Wasserflaschen aus Klarglas, ideal zum Abf\u00fcllen von Getr\u00e4nken. Hersteller bietet individuelle Anfertigungen und Gro\u00dfhandel f\u00fcr Trinkwasserflaschen an.<\/p>","protected":false},"featured_media":3924,"template":"","meta":{"postBodyCss":"","postBodyMargin":[],"postBodyPadding":[],"postBodyBackground":{"backgroundType":"classic","gradient":""}},"product_brand":[],"product_cat":[15,16,60],"product_tag":[],"class_list":{"0":"post-3922","1":"product","2":"type-product","3":"status-publish","4":"has-post-thumbnail","6":"product_cat-glass-containers","7":"product_cat-glass-bottles","8":"product_cat-water-bottles","10":"first","11":"instock","12":"shipping-taxable","13":"product-type-simple"},"jetpack_sharing_enabled":true,"_links":{"self":[{"href":"https:\/\/minghanggroup.com\/de\/wp-json\/wp\/v2\/product\/3922","targetHints":{"allow":["GET"]}}],"collection":[{"href":"https:\/\/minghanggroup.com\/de\/wp-json\/wp\/v2\/product"}],"about":[{"href":"https:\/\/minghanggroup.com\/de\/wp-json\/wp\/v2\/types\/product"}],"wp:featuredmedia":[{"embeddable":true,"href":"https:\/\/minghanggroup.com\/de\/wp-json\/wp\/v2\/media\/3924"}],"wp:attachment":[{"href":"https:\/\/minghanggroup.com\/de\/wp-json\/wp\/v2\/media?parent=3922"}],"wp:term":[{"taxonomy":"product_brand","embeddable":true,"href":"https:\/\/minghanggroup.com\/de\/wp-json\/wp\/v2\/product_brand?post=3922"},{"taxonomy":"product_cat","embeddable":true,"href":"https:\/\/minghanggroup.com\/de\/wp-json\/wp\/v2\/product_cat?post=3922"},{"taxonomy":"product_tag","embeddable":true,"href":"https:\/\/minghanggroup.com\/de\/wp-json\/wp\/v2\/product_tag?post=3922"}],"curies":[{"name":"wp","href":"https:\/\/api.w.org\/{rel}","templated":true}]}}