{"id":3916,"date":"2025-12-12T09:23:52","date_gmt":"2025-12-12T01:23:52","guid":{"rendered":"https:\/\/minghanggroup.com\/?post_type=product&#038;p=3916"},"modified":"2026-01-20T13:49:27","modified_gmt":"2026-01-20T05:49:27","slug":"empty-cylinder-small-glass-storage-jars-with-lids-bulk","status":"publish","type":"product","link":"https:\/\/minghanggroup.com\/de\/produkt\/empty-cylinder-small-glass-storage-jars-with-lids-bulk\/","title":{"rendered":"45 ml, 60 ml, 100 ml, 130 ml Leere, zylindrische kleine Glasvorratsdosen mit Deckel (Gro\u00dfpackung)"},"content":{"rendered":"<p>Diese eleganten und schlichten kleinen Vorratsgl\u00e4ser mit Deckel sind aus sch\u00f6nem, klarem Glas gefertigt und haben eine hohe, zylindrische Form. Dank ihres kompakten Designs und des luftdichten Verschlusses eignen sie sich ideal zur Aufbewahrung kleiner Gegenst\u00e4nde aller Art, die ordentlich verstaut werden sollen.<\/p>\n<h2>Produktmerkmale<\/h2>\n<ul>\n<li><strong>Schlanke zylindrische Form:<\/strong> Das Zusammenspiel von klarem Glas und schlanker zylindrischer Form visualisiert den Stauraum effektiv, da man sofort einen Blick auf den Inhalt erh\u00e4lt.<\/li>\n<li><strong>Schnappverschluss-Dichtungsdesign:<\/strong> Die Abdichtung wird durch einen Metall-Schnappverschluss hervorragend gew\u00e4hrleistet, daher ist es ratsam, kleine Mengen an Fl\u00fcssigkeiten und trockenen Waren darin aufzubewahren.<\/li>\n<li><strong>Mehrere Kapazit\u00e4ten verf\u00fcgbar:<\/strong> Unterschiedlichen Speicheranforderungen k\u00f6nnen mit vier verschiedenen Kapazit\u00e4tsoptionen gerecht werden.<\/li>\n<\/ul>\n<h2 style=\"text-align: left;\">Wichtigste Spezifikationen<\/h2>\n<table class=\"aligncenter\" style=\"border-collapse: collapse; width: 413.27pt;\" border=\"0\" width=\"551\" cellspacing=\"0\" cellpadding=\"0\">\n<tbody>\n<tr style=\"height: 13.50pt;\">\n<td style=\"height: 13.50pt; width: 86.25pt;\" width=\"115\" height=\"18\">Specification<\/td>\n<td style=\"width: 327.00pt;\" width=\"436\">Details<\/td>\n<\/tr>\n<tr style=\"height: 13.50pt;\">\n<td style=\"height: 13.50pt;\" height=\"18\">Kapazit\u00e4t<\/td>\n<td>45 ml \/ 60 ml \/ 100 ml \/ 130 ml<\/td>\n<\/tr>\n<tr style=\"height: 13.50pt;\">\n<td style=\"height: 13.50pt;\" height=\"18\">Abmessungen<\/td>\n<td>4,5 \u00d7 6,5 cm \/ 4,4 \u00d7 8,5 cm \/ 4,4 \u00d7 10,8 cm \/ 4,4 \u00d7 13,2 cm<\/td>\n<\/tr>\n<tr style=\"height: 13.50pt;\">\n<td style=\"height: 13.50pt;\" height=\"18\">Material<\/td>\n<td>Klarglas<\/td>\n<\/tr>\n<tr style=\"height: 13.50pt;\">\n<td style=\"height: 13.50pt;\" height=\"18\">Glasform<\/td>\n<td>Schlanker Zylinder<\/td>\n<\/tr>\n<tr style=\"height: 13.50pt;\">\n<td style=\"height: 13.50pt;\" height=\"18\">Deckeltyp<\/td>\n<td>Metall-Klemmdeckel mit Drahtb\u00fcgel<\/td>\n<\/tr>\n<tr style=\"height: 13.50pt;\">\n<td style=\"height: 13.50pt;\" height=\"18\">Ideal f\u00fcr<\/td>\n<td>Kleine Vorratsgl\u00e4ser, Glasgef\u00e4\u00df mit luftdichtem Deckel<\/td>\n<\/tr>\n<\/tbody>\n<\/table>\n<h2>Erfolgsgeschichte: Die Verpackungsstrategie einer Teemarke<\/h2>\n<p>Die Teemarke ben\u00f6tigte eine elegante Verpackung f\u00fcr ihre neu eingef\u00fchrte Probierreihe. Die Wahl fiel schlie\u00dflich auf unser kleines 100-ml-Glas mit Deckel. Dank des guten Verschlusses verl\u00e4ngerte sich die Haltbarkeit des Produkts im Vergleich zur alten Verpackung um 60 %. Das schlanke Design sparte 35 % Verkaufsfl\u00e4che, wodurch die Produktvielfalt um 50 % gesteigert werden konnte. Um diesen Erfolg fortzusetzen, bestellte die Marke weitere 300.000 Glasbeh\u00e4lter f\u00fcr den Export.<\/p>\n<h2>Glasvorratsglas mit Deckel \u2013 Anpassungsm\u00f6glichkeiten<\/h2>\n<ul>\n<li>Markenlogo-Siebdruck \u2013 Das Markenlogo wird mit langlebiger Keramikfarbe gedruckt.<\/li>\n<li>Gepr\u00e4gte Kapazit\u00e4tsmarkierungen \u2013 Kleine, feine, erhabene Skalenlinien werden hinzugef\u00fcgt<\/li>\n<li>Farbige Glasoptionen \u2013 Bernstein- oder kobaltblaues Glas ist erh\u00e4ltlich<\/li>\n<li>Mattierter Rand \u2013 Erzeugt elegante, matte Linien<\/li>\n<\/ul>","protected":false},"excerpt":{"rendered":"<p>Entdecken Sie unsere Vorratsgl\u00e4ser mit Deckel und unsere kleinen Vorratsgl\u00e4ser f\u00fcr eine saubere und platzsparende Aufbewahrung. Ideal f\u00fcr Fl\u00fcssigkeiten oder Gew\u00fcrze, mit schnellem Versand.<\/p>","protected":false},"featured_media":3917,"template":"","meta":{"postBodyCss":"","postBodyMargin":[],"postBodyPadding":[],"postBodyBackground":{"backgroundType":"classic","gradient":""}},"product_brand":[],"product_cat":[15,17,59],"product_tag":[66],"class_list":{"0":"post-3916","1":"product","2":"type-product","3":"status-publish","4":"has-post-thumbnail","6":"product_cat-glass-containers","7":"product_cat-glass-jars","8":"product_cat-glass-storage-jars","9":"product_tag-swing-top-jars","11":"first","12":"instock","13":"shipping-taxable","14":"product-type-simple"},"jetpack_sharing_enabled":true,"_links":{"self":[{"href":"https:\/\/minghanggroup.com\/de\/wp-json\/wp\/v2\/product\/3916","targetHints":{"allow":["GET"]}}],"collection":[{"href":"https:\/\/minghanggroup.com\/de\/wp-json\/wp\/v2\/product"}],"about":[{"href":"https:\/\/minghanggroup.com\/de\/wp-json\/wp\/v2\/types\/product"}],"wp:featuredmedia":[{"embeddable":true,"href":"https:\/\/minghanggroup.com\/de\/wp-json\/wp\/v2\/media\/3917"}],"wp:attachment":[{"href":"https:\/\/minghanggroup.com\/de\/wp-json\/wp\/v2\/media?parent=3916"}],"wp:term":[{"taxonomy":"product_brand","embeddable":true,"href":"https:\/\/minghanggroup.com\/de\/wp-json\/wp\/v2\/product_brand?post=3916"},{"taxonomy":"product_cat","embeddable":true,"href":"https:\/\/minghanggroup.com\/de\/wp-json\/wp\/v2\/product_cat?post=3916"},{"taxonomy":"product_tag","embeddable":true,"href":"https:\/\/minghanggroup.com\/de\/wp-json\/wp\/v2\/product_tag?post=3916"}],"curies":[{"name":"wp","href":"https:\/\/api.w.org\/{rel}","templated":true}]}}