{"id":3905,"date":"2025-12-11T17:25:03","date_gmt":"2025-12-11T09:25:03","guid":{"rendered":"https:\/\/minghanggroup.com\/?post_type=product&#038;p=3905"},"modified":"2026-01-20T13:49:49","modified_gmt":"2026-01-20T05:49:49","slug":"small-square-glass-storage-jars-with-airtight-lids-bulk","status":"publish","type":"product","link":"https:\/\/minghanggroup.com\/de\/produkt\/small-square-glass-storage-jars-with-airtight-lids-bulk\/","title":{"rendered":"Kleine quadratische Vorratsgl\u00e4ser aus Glas mit luftdichtem Deckel (380 ml, 500 ml, 750 ml, 1000 ml) \u2013 Gro\u00dfpackung"},"content":{"rendered":"<p>Diese quadratischen Vorratsgl\u00e4ser aus Klarglas verf\u00fcgen, wie Sie vielleicht von \u00e4hnlichen Beh\u00e4ltern kennen, \u00fcber einen g\u00e4ngigen Schnappverschluss aus Metall. Dank des transparenten Glases muss man das Glas nicht \u00f6ffnen, um den F\u00fcllstand zu pr\u00fcfen. So sind Snacks, Gew\u00fcrze oder kleine Aufmerksamkeiten stets im Blickfeld.<\/p>\n<h2>Produktmerkmale<\/h2>\n<ul>\n<li><strong>Quadratische und kr\u00e4ftige quadratische Form:<\/strong> Das lokale Klarglas und die gedrungene, quadratische Form eignen sich perfekt f\u00fcr eine dichte Anordnung, was wiederum mehr Regalplatz spart als runde Gl\u00e4ser.<\/li>\n<li><strong>Schnappverschluss-Dichtungsdesign:<\/strong> Die drei Dichtungsringe aus Gummi sind dick, um einen sehr guten Schutz vor Feuchtigkeit und Leckagen zu gew\u00e4hrleisten.<\/li>\n<li><strong>Stapeldesign:<\/strong> Aufgrund ihrer regelm\u00e4\u00dfigen Form und flachen Oberfl\u00e4che lassen sie sich sehr stabil stapeln.<\/li>\n<\/ul>\n<h2 style=\"text-align: left;\">Wichtigste Spezifikationen<\/h2>\n<table class=\"aligncenter\" style=\"border-collapse: collapse; width: 384.02pt;\" border=\"0\" width=\"512\" cellspacing=\"0\" cellpadding=\"0\">\n<tbody>\n<tr style=\"height: 13.50pt;\">\n<td style=\"height: 13.50pt; width: 86.25pt;\" width=\"115\" height=\"18\">Specification<\/td>\n<td style=\"width: 297.75pt;\" width=\"397\">Details<\/td>\n<\/tr>\n<tr style=\"height: 13.50pt;\">\n<td style=\"height: 13.50pt;\" height=\"18\">Kapazit\u00e4t<\/td>\n<td>380 ml \/ 500 ml \/ 750 ml \/ 1000 ml<\/td>\n<\/tr>\n<tr style=\"height: 13.50pt;\">\n<td style=\"height: 13.50pt;\" height=\"18\">Abmessungen<\/td>\n<td>8,7 \u00d7 10 cm \/ 10,8 \u00d7 10 cm \/ 11 \u00d7 12,3 cm \/ 11,3 \u00d7 15 cm<\/td>\n<\/tr>\n<tr style=\"height: 13.50pt;\">\n<td style=\"height: 13.50pt;\" height=\"18\">Material<\/td>\n<td>Klarglas<\/td>\n<\/tr>\n<tr style=\"height: 13.50pt;\">\n<td style=\"height: 13.50pt;\" height=\"18\">Deckeltyp<\/td>\n<td>Metall-Klemmdeckel mit Drahtb\u00fcgel<\/td>\n<\/tr>\n<tr style=\"height: 13.50pt;\">\n<td style=\"height: 13.50pt;\" height=\"18\">Ideal f\u00fcr<\/td>\n<td>Glasbeh\u00e4lter mit luftdichtem Deckel, Aufbewahrungsgl\u00e4ser<\/td>\n<\/tr>\n<\/tbody>\n<\/table>\n<h2>Erfolgsgeschichte: Die Lagerrenovierung eines Gourmet-Supermarkts<\/h2>\n<p>Ein Spezialit\u00e4ten-Supermarkt ben\u00f6tigte ein optimiertes Organisationssystem f\u00fcr seine Abteilung f\u00fcr lose Lebensmittel. Daher entschied er sich f\u00fcr unsere 750-ml-Vierkantgl\u00e4ser mit luftdichten Deckeln zur Abf\u00fcllung von M\u00fcsli, Nudeln und Trockenfr\u00fcchten. Die luftdichten Deckel verl\u00e4ngerten die Haltbarkeit um 40 % und reduzierten den Produktabfall um 60 %. Dank des transparenten Glases konnten die Kunden die Produkte im Inneren leicht erkennen, was die Einkaufsgeschwindigkeit um 35 % erh\u00f6hte. Aufgrund dieser positiven Ergebnisse bestellte der Supermarkt zus\u00e4tzlich 2.500.000 Gl\u00e4ser, um seine Abteilung f\u00fcr lose Lebensmittel zu erweitern.<\/p>\n<h2>Quadratische Glasvorratsgl\u00e4ser \u2013 Anpassungsm\u00f6glichkeiten<\/h2>\n<ul>\n<li>Mattierte Seitenw\u00e4nde \u2013 Die matte Oberfl\u00e4che der Seitenw\u00e4nde wird elegant durch S\u00e4ure\u00e4tzung erzielt.<\/li>\n<li>Siebgedruckte Etiketten \u2013 F\u00fcgen Sie lesbare und haltbare Keramiktintenmuster auf einer flachen Oberfl\u00e4che hinzu.<\/li>\n<li>Gepr\u00e4gte Kapazit\u00e4tsmarkierungen \u2013 K\u00f6nnen mit feinen, erhabenen Skalenlinien hergestellt werden.<\/li>\n<li>Buntglas \u2013 Glas kann sch\u00e4dliches Licht absorbieren. Die Beh\u00e4lter k\u00f6nnen entweder aus bernsteinfarbenem oder gr\u00fcnem Glas hergestellt werden und dienen dem Schutz.<\/li>\n<\/ul>","protected":false},"excerpt":{"rendered":"<p>Werten Sie Ihre Vorratskammer mit robusten, quadratischen Glasbeh\u00e4ltern auf. Diese Gl\u00e4ser mit luftdichtem Deckel bieten zuverl\u00e4ssigen Frischeschutz. Kostenlose Muster auf Anfrage.<\/p>","protected":false},"featured_media":3908,"template":"","meta":{"postBodyCss":"","postBodyMargin":[],"postBodyPadding":[],"postBodyBackground":{"backgroundType":"classic","gradient":""}},"product_brand":[],"product_cat":[15,17,59],"product_tag":[66],"class_list":{"0":"post-3905","1":"product","2":"type-product","3":"status-publish","4":"has-post-thumbnail","6":"product_cat-glass-containers","7":"product_cat-glass-jars","8":"product_cat-glass-storage-jars","9":"product_tag-swing-top-jars","11":"first","12":"instock","13":"shipping-taxable","14":"product-type-simple"},"jetpack_sharing_enabled":true,"_links":{"self":[{"href":"https:\/\/minghanggroup.com\/de\/wp-json\/wp\/v2\/product\/3905","targetHints":{"allow":["GET"]}}],"collection":[{"href":"https:\/\/minghanggroup.com\/de\/wp-json\/wp\/v2\/product"}],"about":[{"href":"https:\/\/minghanggroup.com\/de\/wp-json\/wp\/v2\/types\/product"}],"wp:featuredmedia":[{"embeddable":true,"href":"https:\/\/minghanggroup.com\/de\/wp-json\/wp\/v2\/media\/3908"}],"wp:attachment":[{"href":"https:\/\/minghanggroup.com\/de\/wp-json\/wp\/v2\/media?parent=3905"}],"wp:term":[{"taxonomy":"product_brand","embeddable":true,"href":"https:\/\/minghanggroup.com\/de\/wp-json\/wp\/v2\/product_brand?post=3905"},{"taxonomy":"product_cat","embeddable":true,"href":"https:\/\/minghanggroup.com\/de\/wp-json\/wp\/v2\/product_cat?post=3905"},{"taxonomy":"product_tag","embeddable":true,"href":"https:\/\/minghanggroup.com\/de\/wp-json\/wp\/v2\/product_tag?post=3905"}],"curies":[{"name":"wp","href":"https:\/\/api.w.org\/{rel}","templated":true}]}}