{"id":3886,"date":"2025-12-10T11:26:51","date_gmt":"2025-12-10T03:26:51","guid":{"rendered":"https:\/\/minghanggroup.com\/?post_type=product&#038;p=3886"},"modified":"2026-01-20T13:50:01","modified_gmt":"2026-01-20T05:50:01","slug":"small-hexagon-glass-food-storage-jars-with-lids-bulk","status":"publish","type":"product","link":"https:\/\/minghanggroup.com\/de\/produkt\/small-hexagon-glass-food-storage-jars-with-lids-bulk\/","title":{"rendered":"100 ml kleine sechseckige Glas-Vorratsdosen mit Deckel (Gro\u00dfpackung)"},"content":{"rendered":"<p>Dieses trendige, kleine Glas-Vorratsglas besticht durch seinen individuellen Charakter. Es besteht aus einer einzigen Glasscheibe und hat einen formsch\u00f6nen, sechseckigen Korpus mit klaren, durchgehenden Linien und abgerundeten Ecken. Der Metallclipdeckel mit Drahtringverschluss sorgt f\u00fcr einen sicheren Verschluss.<\/p>\n<h2>Produktmerkmale<\/h2>\n<ul>\n<li><strong>Kompaktes sechseckiges Design:<\/strong> Dank der Transparenz und der kompakten sechseckigen Form k\u00f6nnen die inneren Teile auch ohne \u00d6ffnen des Beh\u00e4lters betrachtet werden, w\u00e4hrend die kompakte Form Platz spart.<\/li>\n<li><strong>Stabil und einfach zu platzieren:<\/strong> Durch die sechseckige Basis wird ein Wegrollen verhindert und somit die Stabilit\u00e4t gew\u00e4hrleistet.<\/li>\n<li><strong>Sichtbarkeit aus verschiedenen Blickwinkeln:<\/strong> Wegen der flachen Form des Glask\u00f6rpers k\u00f6nnten manche Leute sogar denken, es handele sich um ein Foto, da man es von verschiedenen Seiten sehr deutlich sehen kann, ohne das Glas drehen zu m\u00fcssen.<\/li>\n<\/ul>\n<h2 style=\"text-align: left;\">Wichtigste Spezifikationen<\/h2>\n<table class=\"aligncenter\" style=\"border-collapse: collapse; width: 393.77pt;\" border=\"0\" width=\"525\" cellspacing=\"0\" cellpadding=\"0\">\n<tbody>\n<tr style=\"height: 13.50pt;\">\n<td style=\"height: 13.50pt; width: 92.25pt;\" width=\"123\" height=\"18\">Specification<\/td>\n<td style=\"width: 301.50pt;\" width=\"402\">Details<\/td>\n<\/tr>\n<tr style=\"height: 13.50pt;\">\n<td style=\"height: 13.50pt;\" height=\"18\">Kapazit\u00e4t<\/td>\n<td>100 ml<\/td>\n<\/tr>\n<tr style=\"height: 13.50pt;\">\n<td style=\"height: 13.50pt;\" height=\"18\">Abmessungen<\/td>\n<td>5,7 \u00d7 8,7 cm<\/td>\n<\/tr>\n<tr style=\"height: 13.50pt;\">\n<td style=\"height: 13.50pt;\" height=\"18\">Glasform<\/td>\n<td>Hexagon<\/td>\n<\/tr>\n<tr style=\"height: 13.50pt;\">\n<td style=\"height: 13.50pt;\" height=\"18\">Material<\/td>\n<td>Klarglas<\/td>\n<\/tr>\n<tr style=\"height: 13.50pt;\">\n<td style=\"height: 13.50pt;\" height=\"18\">Deckeltyp<\/td>\n<td>Metall-Klemmdeckel mit Drahtb\u00fcgel<\/td>\n<\/tr>\n<tr style=\"height: 13.50pt;\">\n<td style=\"height: 13.50pt;\" height=\"18\">Ideal f\u00fcr<\/td>\n<td>Glasvorratsbeh\u00e4lter, kleine Glasvorratsbeh\u00e4lter<\/td>\n<\/tr>\n<\/tbody>\n<\/table>\n<h2>Erfolgsgeschichte: Die Verpackungs-Erfolgsgeschichte einer Premium-Teemarke<\/h2>\n<p>Ein Premium-Teehersteller suchte nach einer exklusiven Verpackung f\u00fcr seine neue Produktlinie. Die Wahl fiel schlie\u00dflich auf unsere kleinen 100-ml-Glasbeh\u00e4lter mit Deckel. Das sechseckige Design wurde zum Markenzeichen und f\u00fchrte zu einem Anstieg der Social-Media-Erw\u00e4hnungen um 50 %. Einzelh\u00e4ndler best\u00e4tigten einen Anstieg der Kundenbindung um 35 % und der Spontank\u00e4ufe um 30 %. Daraufhin bestellte das Unternehmen weitere 180.000 Beh\u00e4lter f\u00fcr die landesweite Expansion.<\/p>\n<h2>Individualisierungsoptionen f\u00fcr Glas-Vorratsgl\u00e4ser<\/h2>\n<ul>\n<li>Siebdruck-Markenlogo \u2013 Bringen Sie ein langlebiges Markenlogo auf einer flachen Oberfl\u00e4che an.<\/li>\n<li>Gepr\u00e4gte Kapazit\u00e4tsmarkierungen \u2013 Erzeugen leichte, erhabene Skalenlinien.<\/li>\n<li>Optionen f\u00fcr Buntglas \u2013 Sie k\u00f6nnen zwischen bernsteinfarbenem oder kobaltblauem Glas w\u00e4hlen.<\/li>\n<li>Farben der Silikondichtung \u2013 Die Dichtungsfarben k\u00f6nnen an das Farbschema Ihrer Marke angepasst werden.<\/li>\n<\/ul>","protected":false},"excerpt":{"rendered":"<p>Entdecken Sie stilvolle kleine Vorratsgl\u00e4ser mit Deckel in elegantem Sechseck-Design. Jedes Glas ist robust und auslaufsicher. Gratisproben.<\/p>","protected":false},"featured_media":3889,"template":"","meta":{"postBodyCss":"","postBodyMargin":[],"postBodyPadding":[],"postBodyBackground":{"backgroundType":"classic","gradient":""}},"product_brand":[],"product_cat":[15,17,59],"product_tag":[66],"class_list":{"0":"post-3886","1":"product","2":"type-product","3":"status-publish","4":"has-post-thumbnail","6":"product_cat-glass-containers","7":"product_cat-glass-jars","8":"product_cat-glass-storage-jars","9":"product_tag-swing-top-jars","11":"first","12":"instock","13":"shipping-taxable","14":"product-type-simple"},"jetpack_sharing_enabled":true,"_links":{"self":[{"href":"https:\/\/minghanggroup.com\/de\/wp-json\/wp\/v2\/product\/3886","targetHints":{"allow":["GET"]}}],"collection":[{"href":"https:\/\/minghanggroup.com\/de\/wp-json\/wp\/v2\/product"}],"about":[{"href":"https:\/\/minghanggroup.com\/de\/wp-json\/wp\/v2\/types\/product"}],"wp:featuredmedia":[{"embeddable":true,"href":"https:\/\/minghanggroup.com\/de\/wp-json\/wp\/v2\/media\/3889"}],"wp:attachment":[{"href":"https:\/\/minghanggroup.com\/de\/wp-json\/wp\/v2\/media?parent=3886"}],"wp:term":[{"taxonomy":"product_brand","embeddable":true,"href":"https:\/\/minghanggroup.com\/de\/wp-json\/wp\/v2\/product_brand?post=3886"},{"taxonomy":"product_cat","embeddable":true,"href":"https:\/\/minghanggroup.com\/de\/wp-json\/wp\/v2\/product_cat?post=3886"},{"taxonomy":"product_tag","embeddable":true,"href":"https:\/\/minghanggroup.com\/de\/wp-json\/wp\/v2\/product_tag?post=3886"}],"curies":[{"name":"wp","href":"https:\/\/api.w.org\/{rel}","templated":true}]}}