{"id":3885,"date":"2025-12-10T11:57:32","date_gmt":"2025-12-10T03:57:32","guid":{"rendered":"https:\/\/minghanggroup.com\/?post_type=product&#038;p=3885"},"modified":"2026-01-20T14:19:08","modified_gmt":"2026-01-20T06:19:08","slug":"thick-base-custom-water-bottle-for-beverage-wholesale","status":"publish","type":"product","link":"https:\/\/minghanggroup.com\/de\/produkt\/thick-base-custom-water-bottle-for-beverage-wholesale\/","title":{"rendered":"300 ml \u2013 650 ml Dickwandige Wasserflasche f\u00fcr Getr\u00e4nke (Gro\u00dfhandel)"},"content":{"rendered":"<p>Vom ersten Moment an, in dem Kunden die Flasche in die Hand nehmen, sollten Sie sich f\u00fcr eine entscheiden, die mehr bietet als nur ein Beh\u00e4ltnis f\u00fcr Ihre Marke. Unsere individuell gestaltbaren Glaswasserflaschen vereinen Transparenz, Robustheit und vielf\u00e4ltige Gestaltungsm\u00f6glichkeiten und unterstreichen so Ihre Einzigartigkeit. Hergestellt nach h\u00f6chsten Gro\u00dfhandelsstandards, halten sie Ihre Getr\u00e4nke nicht nur frisch, sondern steigern auch Ihre Markenbekanntheit in jedem Markt, den Sie betreten.<\/p>\n<h2>Produktmerkmale<\/h2>\n<ul>\n<li><strong>Vorteil der breiten \u00d6ffnung: <\/strong>Die 38 mm breite \u00d6ffnung erleichtert das Bef\u00fcllen, Reinigen und Hinzuf\u00fcgen von Fr\u00fcchten oder Teebl\u00e4ttern \u2013 genau richtig f\u00fcr Ihre t\u00e4gliche Wasserzufuhr.<\/li>\n<li><strong>Stabilit\u00e4t bei dicker Basis: <\/strong>Der verst\u00e4rkte Boden verhindert Umkippen und Brechen beim Transport, sodass Ihre Flaschen auch bei h\u00e4ufigem Transport lange Zeit zuverl\u00e4ssig halten.<\/li>\n<li><strong>Individuelle Markenpr\u00e4senz: <\/strong>Durch das Hinzuf\u00fcgen Ihres Logos oder die Auswahl individueller Farben machen Sie jede 16-Unzen-Wasserflasche zu einem pers\u00f6nlichen Markenstatement Ihrer Gro\u00dfhandelslinie.<\/li>\n<\/ul>\n<h2>Wichtigste Spezifikationen<\/h2>\n<table style=\"border-collapse: collapse; width: 80%; margin-right: auto; margin-left: auto;\" border=\"0\" width=\"360\" cellspacing=\"0\" cellpadding=\"0\">\n<tbody>\n<tr style=\"height: 13.50pt;\">\n<td style=\"height: 13.5pt; width: 54pt; text-align: center;\" width=\"72\" height=\"18\">Fassungsverm\u00f6gen (ml)<\/td>\n<td style=\"width: 54pt; text-align: center;\" width=\"72\">Gr\u00f6\u00dfe (cm)<\/td>\n<td style=\"width: 54pt; text-align: center;\" width=\"72\">Material<\/td>\n<td style=\"width: 54pt; text-align: center;\" width=\"72\">Merkmale<\/td>\n<td style=\"width: 54pt; text-align: center;\" width=\"72\">Durchmesser<\/td>\n<\/tr>\n<tr style=\"height: 13.50pt;\">\n<td style=\"height: 13.5pt; text-align: center;\" align=\"right\" height=\"18\">300<\/td>\n<td style=\"text-align: center;\">6.6 * 13.7<\/td>\n<td class=\"et2\" style=\"text-align: center;\" rowspan=\"4\">Borosilikatglas<\/td>\n<td class=\"et2\" style=\"text-align: center;\" rowspan=\"4\">Dicke Basis<\/td>\n<td class=\"et2\" style=\"text-align: center;\" rowspan=\"4\">38 mm<\/td>\n<\/tr>\n<tr style=\"height: 13.50pt;\">\n<td style=\"height: 13.5pt; text-align: center;\" align=\"right\" height=\"18\">480<\/td>\n<td style=\"text-align: center;\">6.6 * 19.5<\/td>\n<\/tr>\n<tr style=\"height: 13.50pt;\">\n<td style=\"height: 13.5pt; text-align: center;\" align=\"right\" height=\"18\">550<\/td>\n<td style=\"text-align: center;\">6.6 * 22.5<\/td>\n<\/tr>\n<tr style=\"height: 13.50pt;\">\n<td style=\"height: 13.5pt; text-align: center;\" align=\"right\" height=\"18\">650<\/td>\n<td style=\"text-align: center;\">7.0 * 22.0<\/td>\n<\/tr>\n<\/tbody>\n<\/table>\n<h2>Erfolgsbeispiel f\u00fcr individuell gestaltete Wasserflaschen<\/h2>\n<p>Eine schnell wachsende Gesundheitsmarke aus Colorado wollte eine neue Linie mit aromatisiertem Wasser einf\u00fchren, fand aber keine Flasche, die ihrem hochwertigen Anspruch gerecht wurde. Wir verst\u00e4rkten den Flaschenhals, um ihn hitzebest\u00e4ndiger zu machen, boten einen auslaufsicheren Verschluss speziell f\u00fcr ihre Abf\u00fcllanlage an und etablierten einen regelm\u00e4\u00dfigen monatlichen Lieferplan, der mit ihrem Vertriebsplan \u00fcbereinstimmte.<\/p>\n<p>Der Kunde teilte uns mit, dass er in weniger als zwei Monaten eine 27%ige Verbesserung der Regalpr\u00e4sentation erzielt, verpackungsbezogene Beschwerden beseitigt und dank des verbesserten Erscheinungsbildes und der zuverl\u00e4ssigen Lieferung zwei weitere Einzelhandelsketten er\u00f6ffnen konnte.<\/p>\n<h2>Ihre Anpassungstipps<\/h2>\n<p>Falls Sie diese Wasserflasche aus Glas personalisieren m\u00f6chten, k\u00f6nnen Sie zwischen einer mattierten, einer Farbverlaufs- oder einer vollst\u00e4ndig transparenten Oberfl\u00e4che w\u00e4hlen, um die Flasche an den Charakter Ihrer Marke anzupassen. Dar\u00fcber hinaus kann eine Logopr\u00e4gung auf dem Flaschenhals oder -boden in Kombination mit einer Silikonh\u00fclle in Ihren Markenfarben \u2013 f\u00fcr besseren Halt und eine st\u00e4rkere visuelle Pr\u00e4senz \u2013 den Wiedererkennungswert deutlich steigern. Solche Kombinationen sorgen daf\u00fcr, dass Ihre Flasche nicht nur einzigartig aussieht, sondern auch zu einem integralen Bestandteil Ihrer Markenbotschaft im Einzel- und Gro\u00dfhandel wird.<\/p>","protected":false},"excerpt":{"rendered":"<p>Fabrikgefertigte, individuell gestaltete Wasserflasche mit breiter \u00d6ffnung und dickem Boden f\u00fcr Stabilit\u00e4t; eine 16-Unzen-Wasserflasche, ideal f\u00fcr Gro\u00dfbestellungen und individuelle Markengestaltung.<\/p>","protected":false},"featured_media":3893,"template":"","meta":{"postBodyCss":"","postBodyMargin":[],"postBodyPadding":[],"postBodyBackground":{"backgroundType":"classic","gradient":""}},"product_brand":[],"product_cat":[15,16,60],"product_tag":[72],"class_list":{"0":"post-3885","1":"product","2":"type-product","3":"status-publish","4":"has-post-thumbnail","6":"product_cat-glass-containers","7":"product_cat-glass-bottles","8":"product_cat-water-bottles","9":"product_tag-juice-bottles","11":"first","12":"instock","13":"shipping-taxable","14":"product-type-simple"},"jetpack_sharing_enabled":true,"_links":{"self":[{"href":"https:\/\/minghanggroup.com\/de\/wp-json\/wp\/v2\/product\/3885","targetHints":{"allow":["GET"]}}],"collection":[{"href":"https:\/\/minghanggroup.com\/de\/wp-json\/wp\/v2\/product"}],"about":[{"href":"https:\/\/minghanggroup.com\/de\/wp-json\/wp\/v2\/types\/product"}],"wp:featuredmedia":[{"embeddable":true,"href":"https:\/\/minghanggroup.com\/de\/wp-json\/wp\/v2\/media\/3893"}],"wp:attachment":[{"href":"https:\/\/minghanggroup.com\/de\/wp-json\/wp\/v2\/media?parent=3885"}],"wp:term":[{"taxonomy":"product_brand","embeddable":true,"href":"https:\/\/minghanggroup.com\/de\/wp-json\/wp\/v2\/product_brand?post=3885"},{"taxonomy":"product_cat","embeddable":true,"href":"https:\/\/minghanggroup.com\/de\/wp-json\/wp\/v2\/product_cat?post=3885"},{"taxonomy":"product_tag","embeddable":true,"href":"https:\/\/minghanggroup.com\/de\/wp-json\/wp\/v2\/product_tag?post=3885"}],"curies":[{"name":"wp","href":"https:\/\/api.w.org\/{rel}","templated":true}]}}