{"id":3879,"date":"2025-12-10T09:58:49","date_gmt":"2025-12-10T01:58:49","guid":{"rendered":"https:\/\/minghanggroup.com\/?post_type=product&#038;p=3879"},"modified":"2026-01-20T13:50:08","modified_gmt":"2026-01-20T05:50:08","slug":"small-square-glass-airtight-jars-with-clamp-lids-bulk","status":"publish","type":"product","link":"https:\/\/minghanggroup.com\/de\/produkt\/small-square-glass-airtight-jars-with-clamp-lids-bulk\/","title":{"rendered":"100 ml kleine, quadratische, luftdichte Glasbeh\u00e4lter mit B\u00fcgelverschluss (Gro\u00dfpackung)"},"content":{"rendered":"<p>Diese stilvollen und luftdichten Glasbeh\u00e4lter stechen aus der Masse kleinerer, luftdichter Beh\u00e4lter hervor. Zun\u00e4chst fallen ihre kompakten, quadratischen, transparenten Glask\u00f6rper mit abgerundeten, glatten Kanten ins Auge.<\/p>\n<h2>Produktmerkmale<\/h2>\n<ul>\n<li><strong>Platzsparende quadratische Form:<\/strong> Da die Seiten gerade sind, k\u00f6nnen die Gl\u00e4ser nicht nur auf den Regalen, sondern auch \u00fcbereinander gestapelt werden, wodurch viel des \u00fcblicherweise genutzten Stauraums gespart wird.<\/li>\n<li><strong>Abdichtung:<\/strong> Ein hochwertiger Gummidichtungsring trennt das Glas perfekt vom Rest der Welt und isoliert nicht nur die Luft, sondern l\u00e4sst auch keine Feuchtigkeit eindringen, wodurch die Frische deutlich verl\u00e4ngert wird.<\/li>\n<li><strong>Flachbodendesign mit hoher Stabilit\u00e4t:<\/strong> Der quadratische Boden verhindert, dass das Glas wegrollt und sorgt so f\u00fcr eine stabile, ebene Oberfl\u00e4che.<\/li>\n<\/ul>\n<h2 style=\"text-align: left;\">Wichtigste Spezifikationen<\/h2>\n<table class=\"aligncenter\" style=\"border-collapse: collapse; width: 338.27pt;\" border=\"0\" width=\"451\" cellspacing=\"0\" cellpadding=\"0\">\n<tbody>\n<tr style=\"height: 13.50pt;\">\n<td style=\"height: 13.50pt; width: 92.25pt;\" width=\"123\" height=\"18\">Specification<\/td>\n<td style=\"width: 246.00pt;\" width=\"328\">Details<\/td>\n<\/tr>\n<tr style=\"height: 13.50pt;\">\n<td style=\"height: 13.50pt;\" height=\"18\">Kapazit\u00e4t<\/td>\n<td>100 ml<\/td>\n<\/tr>\n<tr style=\"height: 13.50pt;\">\n<td style=\"height: 13.50pt;\" height=\"18\">Abmessungen<\/td>\n<td>5,1 \u00d7 7,9 cm<\/td>\n<\/tr>\n<tr style=\"height: 13.50pt;\">\n<td style=\"height: 13.50pt;\" height=\"18\">Material<\/td>\n<td>Klarglas<\/td>\n<\/tr>\n<tr style=\"height: 13.50pt;\">\n<td style=\"height: 13.50pt;\" height=\"18\">Glasform<\/td>\n<td>Quadrat mit abgerundeten Ecken<\/td>\n<\/tr>\n<tr style=\"height: 13.50pt;\">\n<td style=\"height: 13.50pt;\" height=\"18\">Deckeltyp<\/td>\n<td>Metall-Klemmdeckel mit Drahtb\u00fcgel<\/td>\n<\/tr>\n<tr style=\"height: 13.50pt;\">\n<td style=\"height: 13.50pt;\" height=\"18\">Ideal f\u00fcr<\/td>\n<td>Kleine, luftdichte Gl\u00e4ser, luftdichte Glasbeh\u00e4lter<\/td>\n<\/tr>\n<\/tbody>\n<\/table>\n<h2>Erfolgsgeschichte: Verpackungsmodernisierung eines Spezialit\u00e4tenaromenherstellers<\/h2>\n<p>Ein exklusives Aromenunternehmen ben\u00f6tigte ein unverwechselbares Verpackungsdesign f\u00fcr seine neuen Produktlinien. Schlie\u00dflich entschied man sich f\u00fcr unsere luftdichten 100-ml-Glasbeh\u00e4lter aufgrund ihrer handlichen Gr\u00f6\u00dfe und des platzsparenden Designs. Was den Ausschlag gab? Der luftdichte Verschluss. So konnte die verl\u00e4ngerte Haltbarkeit im Vergleich zur vorherigen Verpackung in nur 40 % der Zeit erreicht werden. Das quadratische Design erm\u00f6glichte eine um 25 % gr\u00f6\u00dfere Verkaufsfl\u00e4che f\u00fcr die Produktpr\u00e4sentation, und die Robustheit der Glasbeh\u00e4lter reduzierte die Bruchrate beim Transport um 20 %. Daraufhin bestellte das Unternehmen weitere 200.000 Beh\u00e4lter f\u00fcr die landesweite Produkteinf\u00fchrung.<\/p>\n<h2>Optionen f\u00fcr ma\u00dfgefertigte, luftdichte Glasbeh\u00e4lter<\/h2>\n<ul>\n<li>Mattierte Paneeloberfl\u00e4che \u2013 Erzeugt eine matte Optik auf abwechselnden Seiten<\/li>\n<li>Logo im Siebdruckverfahren \u2013 Druckt ein haltbares Logo auf flache Seitenw\u00e4nde<\/li>\n<li>Auswahl an Buntglas \u2013 wahlweise bernsteinfarbenes oder kobaltblaues Glas.<\/li>\n<li>Variationen der Kantenverrundung \u2013 \u00c4ndern Sie den Rundungsradius auf verschiedene Stufen.<\/li>\n<\/ul>","protected":false},"excerpt":{"rendered":"<p>Entdecken Sie unsere kompakten, luftdichten Glasbeh\u00e4lter in ansprechender, quadratischer Form. Unsere kleinen, luftdichten Glasbeh\u00e4lter bewahren die Frische perfekt und werden schnell geliefert.<\/p>","protected":false},"featured_media":3881,"template":"","meta":{"postBodyCss":"","postBodyMargin":[],"postBodyPadding":[],"postBodyBackground":{"backgroundType":"classic","gradient":""}},"product_brand":[],"product_cat":[15,17,59],"product_tag":[66],"class_list":{"0":"post-3879","1":"product","2":"type-product","3":"status-publish","4":"has-post-thumbnail","6":"product_cat-glass-containers","7":"product_cat-glass-jars","8":"product_cat-glass-storage-jars","9":"product_tag-swing-top-jars","11":"first","12":"instock","13":"shipping-taxable","14":"product-type-simple"},"jetpack_sharing_enabled":true,"_links":{"self":[{"href":"https:\/\/minghanggroup.com\/de\/wp-json\/wp\/v2\/product\/3879","targetHints":{"allow":["GET"]}}],"collection":[{"href":"https:\/\/minghanggroup.com\/de\/wp-json\/wp\/v2\/product"}],"about":[{"href":"https:\/\/minghanggroup.com\/de\/wp-json\/wp\/v2\/types\/product"}],"wp:featuredmedia":[{"embeddable":true,"href":"https:\/\/minghanggroup.com\/de\/wp-json\/wp\/v2\/media\/3881"}],"wp:attachment":[{"href":"https:\/\/minghanggroup.com\/de\/wp-json\/wp\/v2\/media?parent=3879"}],"wp:term":[{"taxonomy":"product_brand","embeddable":true,"href":"https:\/\/minghanggroup.com\/de\/wp-json\/wp\/v2\/product_brand?post=3879"},{"taxonomy":"product_cat","embeddable":true,"href":"https:\/\/minghanggroup.com\/de\/wp-json\/wp\/v2\/product_cat?post=3879"},{"taxonomy":"product_tag","embeddable":true,"href":"https:\/\/minghanggroup.com\/de\/wp-json\/wp\/v2\/product_tag?post=3879"}],"curies":[{"name":"wp","href":"https:\/\/api.w.org\/{rel}","templated":true}]}}