{"id":3866,"date":"2025-12-09T11:23:07","date_gmt":"2025-12-09T03:23:07","guid":{"rendered":"https:\/\/minghanggroup.com\/?post_type=product&#038;p=3866"},"modified":"2026-01-20T14:16:59","modified_gmt":"2026-01-20T06:16:59","slug":"custom-glass-water-bottle-storage-with-infuser-for-drinking-wholesale","status":"publish","type":"product","link":"https:\/\/minghanggroup.com\/de\/produkt\/custom-glass-water-bottle-storage-with-infuser-for-drinking-wholesale\/","title":{"rendered":"450 ml 550 ml individuell gestaltbare Glaswasserflasche mit Infuser f\u00fcr Trinkwasser im Gro\u00dfhandel"},"content":{"rendered":"<p>Schluss mit billigen, langweiligen Wasserflaschen, die qualitativ unter Ihrer Marke liegen. Wir stellen Premium-Glasflaschen her, die Ihr Wasser nicht nur frisch halten, sondern Ihre Fl\u00fcssigkeitszufuhr auch zu einer stilvollen und funktionalen L\u00f6sung machen. Sie sind mehr als nur Flaschen \u2013 sie sind die neue Geheimwaffe Ihrer Marke f\u00fcr optimale Fl\u00fcssigkeitszufuhr.<\/p>\n<h2>Produktmerkmale<\/h2>\n<ul>\n<li><strong>Eingebauter Tee-Ei:<\/strong> Mit dem herausnehmbaren Tee-Ei aus Edelstahl k\u00f6nnen Sie ganz einfach Kr\u00e4utertee, Fr\u00fcchtetees oder aromatisiertes Wasser zubereiten, ohne sich mit unpraktischen Sieben herumschlagen zu m\u00fcssen.<\/li>\n<li><strong>Robuste Konstruktion:<\/strong> Das Produkt besteht aus robustem Borosilikatglas, ist sp\u00fclmaschinenfest, gefriergeeignet und temperaturbest\u00e4ndig und kann daher lange verwendet werden.<\/li>\n<li><strong>Vielseitiges Design:<\/strong> Die 28 mm gro\u00dfe \u00d6ffnung passt auf Standarddeckel und erm\u00f6glicht gleichzeitig die Verwendung Ihres bevorzugten Infusers. Somit eignet sie sich hervorragend sowohl zur Aufbewahrung in Wasserflaschen als auch f\u00fcr den t\u00e4glichen Gebrauch.<\/li>\n<\/ul>\n<h2>Wichtigste Spezifikationen<\/h2>\n<table style=\"border-collapse: collapse; width: 80%; margin-right: auto; margin-left: auto;\" border=\"0\" width=\"360\" cellspacing=\"0\" cellpadding=\"0\">\n<tbody>\n<tr style=\"height: 13.50pt;\">\n<td style=\"height: 13.5pt; width: 54pt; text-align: center;\" width=\"72\" height=\"18\">Fassungsverm\u00f6gen (ml)<\/td>\n<td style=\"width: 54pt; text-align: center;\" width=\"72\">Gr\u00f6\u00dfe (cm)<\/td>\n<td style=\"width: 54pt; text-align: center;\" width=\"72\">Durchmesser<\/td>\n<td style=\"width: 54pt; text-align: center;\" width=\"72\">Material<\/td>\n<td style=\"width: 54pt; text-align: center;\" width=\"72\">Infuser-Typ<\/td>\n<\/tr>\n<tr style=\"height: 13.50pt;\">\n<td style=\"height: 13.5pt; text-align: center;\" align=\"right\" height=\"18\">550<\/td>\n<td style=\"text-align: center;\">6,5 x 23,5<\/td>\n<td class=\"et2\" style=\"text-align: center;\" rowspan=\"2\">28 mm<\/td>\n<td class=\"et2\" style=\"text-align: center;\" rowspan=\"2\">Borosilikat<\/td>\n<td class=\"et2\" style=\"text-align: center;\" rowspan=\"2\">Edelstahl<\/td>\n<\/tr>\n<tr style=\"height: 13.50pt;\">\n<td style=\"height: 13.5pt; text-align: center;\" align=\"right\" height=\"18\">450<\/td>\n<td style=\"text-align: center;\">5,6 x 24,6<\/td>\n<\/tr>\n<\/tbody>\n<\/table>\n<h2>Erfolgsbeispiel<\/h2>\n<p>Eine kanadische Marke f\u00fcr gesunde Getr\u00e4nke kontaktierte uns, nachdem sie die Einf\u00fchrung einer Linie praktischer Teegetr\u00e4nke geplant hatte, die sich sowohl f\u00fcr B\u00fcro als auch f\u00fcr Yoga eignen sollten. Entsprechend ihrer Produktpositionierung w\u00e4hlten wir diese Glaswasserflasche mit integriertem Tee-Ei, die farbigen H\u00fcllen der Marke und eine individuelle Logoverpackung.<\/p>\n<p>Die Marke teilte uns mit, dass das professionelle Design des Tee-Eies auf der Flasche der Hauptfaktor sei, der das Produkt unverzichtbar mache, und dass sie dadurch Bestellungen von drei Yoga-Studio-Ketten erhalten konnten.<\/p>\n<h2>Ihre Anpassungstipps<\/h2>\n<p>Wir k\u00f6nnen die Flaschengr\u00f6\u00dfe, die Maschenweite des Teefilters, die Farbe des Silikonrings, das Material des Flaschenverschlusses und die Verpackungsgestaltung flexibel an die Markenpositionierung anpassen. Dar\u00fcber hinaus stehen verschiedene Verfahren wie Siebdruck, Hei\u00dfpr\u00e4gung oder Mattierung zur Verf\u00fcgung, um die Glasoberfl\u00e4che individueller zu gestalten und so ein einzigartiges Produkterlebnis zu schaffen.<\/p>\n<p>Falls Sie die Markenbekanntheit steigern m\u00f6chten, bieten wir Ihnen gerne die Entwicklung einer kundenspezifischen Form an, damit die Flaschenform den \u00e4sthetischen Anspr\u00fcchen des Unternehmens und dem Marketingmix besser gerecht wird.<\/p>","protected":false},"excerpt":{"rendered":"<p>Robuster Wasserflaschen-Infuser, ideal zur Aufbewahrung von Wasserflaschen, direkt vom Hersteller. Auch f\u00fcr den Gro\u00dfhandel und individuelles Branding geeignet. Kostenloses Muster.<\/p>","protected":false},"featured_media":3870,"template":"","meta":{"postBodyCss":"","postBodyMargin":[],"postBodyPadding":[],"postBodyBackground":{"backgroundType":"classic","gradient":""}},"product_brand":[],"product_cat":[15,16,60],"product_tag":[72],"class_list":{"0":"post-3866","1":"product","2":"type-product","3":"status-publish","4":"has-post-thumbnail","6":"product_cat-glass-containers","7":"product_cat-glass-bottles","8":"product_cat-water-bottles","9":"product_tag-juice-bottles","11":"first","12":"instock","13":"shipping-taxable","14":"product-type-simple"},"jetpack_sharing_enabled":true,"_links":{"self":[{"href":"https:\/\/minghanggroup.com\/de\/wp-json\/wp\/v2\/product\/3866","targetHints":{"allow":["GET"]}}],"collection":[{"href":"https:\/\/minghanggroup.com\/de\/wp-json\/wp\/v2\/product"}],"about":[{"href":"https:\/\/minghanggroup.com\/de\/wp-json\/wp\/v2\/types\/product"}],"wp:featuredmedia":[{"embeddable":true,"href":"https:\/\/minghanggroup.com\/de\/wp-json\/wp\/v2\/media\/3870"}],"wp:attachment":[{"href":"https:\/\/minghanggroup.com\/de\/wp-json\/wp\/v2\/media?parent=3866"}],"wp:term":[{"taxonomy":"product_brand","embeddable":true,"href":"https:\/\/minghanggroup.com\/de\/wp-json\/wp\/v2\/product_brand?post=3866"},{"taxonomy":"product_cat","embeddable":true,"href":"https:\/\/minghanggroup.com\/de\/wp-json\/wp\/v2\/product_cat?post=3866"},{"taxonomy":"product_tag","embeddable":true,"href":"https:\/\/minghanggroup.com\/de\/wp-json\/wp\/v2\/product_tag?post=3866"}],"curies":[{"name":"wp","href":"https:\/\/api.w.org\/{rel}","templated":true}]}}