{"id":3850,"date":"2025-12-08T11:41:48","date_gmt":"2025-12-08T03:41:48","guid":{"rendered":"https:\/\/minghanggroup.com\/?post_type=product&#038;p=3850"},"modified":"2026-01-20T14:18:00","modified_gmt":"2026-01-20T06:18:00","slug":"custom-clear-water-bottle-with-sleeve-for-branding-bulk","status":"publish","type":"product","link":"https:\/\/minghanggroup.com\/de\/produkt\/custom-clear-water-bottle-with-sleeve-for-branding-bulk\/","title":{"rendered":"550 ml \u2013 1000 ml individuell gestaltbare, transparente Wasserflasche mit H\u00fclle f\u00fcr Branding (Gro\u00dfpackung)"},"content":{"rendered":"<p>Schluss mit langweiligen Plastikflaschen, die Ihrem Markenimage schaden! Wir stellen hochwertige Glaswasserflaschen her, die Ihre Fl\u00fcssigkeitszufuhr nicht nur modisch und praktisch gestalten, sondern Ihr Wasser auch frisch halten. Ehrlich gesagt: Diese Flaschen sind die neue Geheimwaffe Ihrer Marke f\u00fcr optimale Fl\u00fcssigkeitszufuhr.<\/p>\n<h2>Produktmerkmale<\/h2>\n<ol>\n<li><strong>Universelle Kompatibilit\u00e4t: <\/strong>Ein 38-mm-Gewindehals, an den jeder Standarddeckel passt, erm\u00f6glicht es, ein wiederverwendbares Glaswasserglas ganz einfach mit einem Edelstahldeckel oder einer Silikonh\u00fclle zu personalisieren.<\/li>\n<li><strong>Robuste Konstruktion: <\/strong>Das Produkt ist aus robustem Borosilikatglas gefertigt, sp\u00fclmaschinenfest, gefriergeeignet und temperaturbest\u00e4ndig und kann daher lange verwendet werden.<\/li>\n<li><strong>Vielseitige Gr\u00f6\u00dfen: <\/strong>Die verschiedenen Gr\u00f6\u00dfen (550 ml - 1000 ml) eignen sich f\u00fcr all Ihre Fl\u00fcssigkeitsbed\u00fcrfnisse, ob am Schreibtisch oder bei Outdoor-Aktivit\u00e4ten, und sind daher perfekt f\u00fcr Wasserflaschen in gro\u00dfen Mengen geeignet.<\/li>\n<\/ol>\n<h2>Wichtigste Spezifikationen<\/h2>\n<table style=\"border-collapse: collapse; width: 80%; marginh-left: auto; margin-right: auto;\" border=\"0\" width=\"360\" cellspacing=\"0\" cellpadding=\"0\">\n<tbody>\n<tr style=\"height: 13.50pt;\">\n<td style=\"height: 13.5pt; width: 54pt; text-align: center;\" width=\"72\" height=\"18\">Fassungsverm\u00f6gen (ml)<\/td>\n<td style=\"width: 54pt; text-align: center;\" width=\"72\">Gr\u00f6\u00dfe (cm)<\/td>\n<td style=\"width: 54pt; text-align: center;\" width=\"72\">Durchmesser<\/td>\n<td style=\"width: 54pt; text-align: center;\" width=\"72\">Material<\/td>\n<td style=\"width: 54pt; text-align: center;\" width=\"72\">Zubeh\u00f6r<\/td>\n<\/tr>\n<tr style=\"height: 13.50pt;\">\n<td style=\"height: 13.5pt; text-align: center;\" align=\"right\" height=\"18\">550<\/td>\n<td style=\"text-align: center;\">6,6 \u00d7 23,0<\/td>\n<td class=\"et2\" style=\"text-align: center;\" rowspan=\"3\">38 mm<\/td>\n<td class=\"et2\" style=\"text-align: center;\" rowspan=\"3\">Borosilikat<\/td>\n<td class=\"et2\" style=\"text-align: center;\" rowspan=\"3\">Schutzh\u00fclle, Strohhalm, Becherhalter, tragbares Lanyard<\/td>\n<\/tr>\n<tr style=\"height: 13.50pt;\">\n<td style=\"height: 13.5pt; text-align: center;\" align=\"right\" height=\"18\">750<\/td>\n<td style=\"text-align: center;\">7,0 \u00d7 27,2<\/td>\n<\/tr>\n<tr style=\"height: 13.50pt;\">\n<td style=\"height: 13.5pt; text-align: center;\" align=\"right\" height=\"18\">1000<\/td>\n<td style=\"text-align: center;\">7,9 \u00d7 29,1<\/td>\n<\/tr>\n<\/tbody>\n<\/table>\n<h2>Erfolgsbeispiel der durchsichtigen Wasserflaschen<\/h2>\n<p>Eine kanadische Marke f\u00fcr gesunde Getr\u00e4nke aus dem Naturkostbereich w\u00fcnschte sich eine transparente Wasserflasche, die ihr Konzept von \u201eReinheit und Nat\u00fcrlichkeit\u201c visuell unterstreichen sollte, als sie das Erscheinungsbild ihrer Ladengesch\u00e4fte \u00e4nderte. Wir lieferten ihnen eine sehr klare Flasche, die den Lebensmittelstandards entsprach. Dank des schnellen Absatzes der ersten Lieferung \u00fcber den Gro\u00dfhandel konnte die Marke die Umstellung der Verpackung vor der Produkteinf\u00fchrung reibungslos gestalten.<\/p>\n<p>Nach der Markteinf\u00fchrung hat die stylische Glaswasserflasche die Attraktivit\u00e4t des Produkts am Verkaufsort gesteigert, und der Kunde hat innerhalb von zwei Monaten einen zweiten Kauf get\u00e4tigt.<\/p>\n<h2>Ihre Anpassungstipps<\/h2>\n<p>Das Volumen und die H\u00f6he der Flasche k\u00f6nnen je nach Markenpositionierung angepasst werden, um ein einheitlicheres Erscheinungsbild im Einzelhandel zu gew\u00e4hrleisten. Zudem stehen verschiedene Farben f\u00fcr die galvanische Beschichtung des Metallverschlusses zur Auswahl, die mit dem Stil des Getr\u00e4nks harmonieren. Um das Nutzererlebnis zu verbessern, kann eine rutschfeste Silikonh\u00fclle angebracht und die Logoposition individuell gestaltet werden. Dar\u00fcber hinaus kann das Glas geh\u00e4rtet und die Wandst\u00e4rke f\u00fcr den K\u00fchltransport oder die Verpackung hochwertiger Getr\u00e4nke angepasst werden.<\/p>","protected":false},"excerpt":{"rendered":"<p>Transparente Wasserflasche mit optionaler H\u00fclle f\u00fcr Branding; Direktbezug ab Werk und h\u00e4ndlerfreundliche Preise f\u00fcr Gro\u00dfabnehmer, die eine zuverl\u00e4ssige Wasserflaschenl\u00f6sung suchen.<\/p>","protected":false},"featured_media":3851,"template":"","meta":{"postBodyCss":"","postBodyMargin":[],"postBodyPadding":[],"postBodyBackground":{"backgroundType":"classic","gradient":""}},"product_brand":[],"product_cat":[15,16,60],"product_tag":[72],"class_list":{"0":"post-3850","1":"product","2":"type-product","3":"status-publish","4":"has-post-thumbnail","6":"product_cat-glass-containers","7":"product_cat-glass-bottles","8":"product_cat-water-bottles","9":"product_tag-juice-bottles","11":"first","12":"instock","13":"shipping-taxable","14":"product-type-simple"},"jetpack_sharing_enabled":true,"_links":{"self":[{"href":"https:\/\/minghanggroup.com\/de\/wp-json\/wp\/v2\/product\/3850","targetHints":{"allow":["GET"]}}],"collection":[{"href":"https:\/\/minghanggroup.com\/de\/wp-json\/wp\/v2\/product"}],"about":[{"href":"https:\/\/minghanggroup.com\/de\/wp-json\/wp\/v2\/types\/product"}],"wp:featuredmedia":[{"embeddable":true,"href":"https:\/\/minghanggroup.com\/de\/wp-json\/wp\/v2\/media\/3851"}],"wp:attachment":[{"href":"https:\/\/minghanggroup.com\/de\/wp-json\/wp\/v2\/media?parent=3850"}],"wp:term":[{"taxonomy":"product_brand","embeddable":true,"href":"https:\/\/minghanggroup.com\/de\/wp-json\/wp\/v2\/product_brand?post=3850"},{"taxonomy":"product_cat","embeddable":true,"href":"https:\/\/minghanggroup.com\/de\/wp-json\/wp\/v2\/product_cat?post=3850"},{"taxonomy":"product_tag","embeddable":true,"href":"https:\/\/minghanggroup.com\/de\/wp-json\/wp\/v2\/product_tag?post=3850"}],"curies":[{"name":"wp","href":"https:\/\/api.w.org\/{rel}","templated":true}]}}