{"id":3843,"date":"2025-12-05T11:54:26","date_gmt":"2025-12-05T03:54:26","guid":{"rendered":"https:\/\/minghanggroup.com\/?post_type=product&#038;p=3843"},"modified":"2026-01-20T14:18:29","modified_gmt":"2026-01-20T06:18:29","slug":"custom-water-bottles-for-beverage-brands-wholesale","status":"publish","type":"product","link":"https:\/\/minghanggroup.com\/de\/produkt\/custom-water-bottles-for-beverage-brands-wholesale\/","title":{"rendered":"Individuell gestaltete Wasserflaschen (280 ml \u2013 1000 ml) f\u00fcr Getr\u00e4nkemarken \u2013 Gro\u00dfhandel"},"content":{"rendered":"<p>Verzichten Sie auf Plastikflaschen, die nicht nur langweilig sind, sondern auch Ihrem Markenimage schaden. Wir fertigen individuelle Glaswasserflaschen, die Ihre Fl\u00fcssigkeitszufuhr stilvoll und funktional gestalten und Ihr Wasser frisch halten. Diese Flaschen sind mehr als nur Flaschen \u2013 sie sind die neue Geheimwaffe Ihrer Marke f\u00fcr optimale Fl\u00fcssigkeitszufuhr.<\/p>\n<h2>Produktmerkmale<\/h2>\n<ol>\n<li><strong>Kristallklare Klarheit: <\/strong>Transparentes Borosilikatglas erm\u00f6glicht es, den Wasserstand aus der Ferne zu erkennen, was f\u00fcr die t\u00e4gliche Wasseraufnahme und Hydratation erforderlich ist.<\/li>\n<li><strong>Universelle Kompatibilit\u00e4t: <\/strong>Der 28-mm-Gewindehals ist mit jedem Standarddeckel kompatibel und erm\u00f6glicht so die individuelle Gestaltung Ihres wiederverwendbaren Wasserglases mit einem Edelstahldeckel oder einer Silikonh\u00fclle.<\/li>\n<li><strong>Robuste Konstruktion: <\/strong>Das Produkt besteht aus robustem und langlebigem Borosilikatglas, ist sp\u00fclmaschinenfest, gefriergeeignet und temperaturbest\u00e4ndig und hat daher eine lange Lebensdauer.<\/li>\n<li><strong>Vielseitige Gr\u00f6\u00dfen: <\/strong>Eine Handvoll Gr\u00f6\u00dfen (280 ml - 1000 ml) deckt alle Ihre Fl\u00fcssigkeitsbed\u00fcrfnisse ab, egal ob f\u00fcr den Einsatz am Schreibtisch oder bei Outdoor-Aktivit\u00e4ten. Damit sind sie die perfekten Wasserflaschen f\u00fcr gro\u00dfe Mengen.<\/li>\n<\/ol>\n<h2>Wichtigste Spezifikationen<\/h2>\n<table style=\"border-collapse: collapse; width: 80%; margin-right: auto; margin-left: auto;\" border=\"0\" width=\"288\" cellspacing=\"0\" cellpadding=\"0\">\n<tbody>\n<tr style=\"height: 13.50pt;\">\n<td style=\"height: 13.5pt; width: 54pt; text-align: center;\" width=\"72\" height=\"18\">Fassungsverm\u00f6gen (ml)<\/td>\n<td style=\"width: 54pt; text-align: center;\" width=\"72\">Gr\u00f6\u00dfe (cm)<\/td>\n<td style=\"width: 54pt; text-align: center;\" width=\"72\">Durchmesser (mm)<\/td>\n<td style=\"width: 54pt; text-align: center;\" width=\"72\">Material<\/td>\n<\/tr>\n<tr style=\"height: 13.50pt;\">\n<td style=\"height: 13.5pt; text-align: center;\" align=\"right\" height=\"18\">280<\/td>\n<td style=\"text-align: center;\">5,5 x 17,5<\/td>\n<td class=\"et2\" style=\"text-align: center;\" rowspan=\"6\">28<\/td>\n<td class=\"et2\" style=\"text-align: center;\" rowspan=\"6\">Borosilikat<\/td>\n<\/tr>\n<tr style=\"height: 13.50pt;\">\n<td style=\"height: 13.5pt; text-align: center;\" align=\"right\" height=\"18\">360<\/td>\n<td style=\"text-align: center;\">6,0 x 19,0<\/td>\n<\/tr>\n<tr style=\"height: 13.50pt;\">\n<td style=\"height: 13.5pt; text-align: center;\" align=\"right\" height=\"18\">450<\/td>\n<td style=\"text-align: center;\">6,6 x 21,5<\/td>\n<\/tr>\n<tr style=\"height: 13.50pt;\">\n<td style=\"height: 13.5pt; text-align: center;\" align=\"right\" height=\"18\">550<\/td>\n<td style=\"text-align: center;\">6,6 x 22,5<\/td>\n<\/tr>\n<tr style=\"height: 13.50pt;\">\n<td style=\"height: 13.5pt; text-align: center;\" align=\"right\" height=\"18\">750<\/td>\n<td style=\"text-align: center;\">7,0 x 25,9<\/td>\n<\/tr>\n<tr style=\"height: 13.50pt;\">\n<td style=\"height: 13.5pt; text-align: center;\" align=\"right\" height=\"18\">1000<\/td>\n<td style=\"text-align: center;\">7,9 x 27,8<\/td>\n<\/tr>\n<\/tbody>\n<\/table>\n<h2>Erfolgsbeispiel<\/h2>\n<p>Eine unabh\u00e4ngige Getr\u00e4nkemarke beauftragte uns mit der individuellen Gestaltung von Gro\u00dfpackungen Wasserflaschen im Rahmen der Markteinf\u00fchrung ihrer neuen Limonade. Ihr Hauptaugenmerk lag darauf, die erste Charge so schnell wie m\u00f6glich im Handel zu haben. Daher legten sie Flaschenform, Fassungsverm\u00f6gen und Markenelemente fest, und wir \u00fcbernahmen die direkte Produktion im Werk entsprechend ihrer Bestellmenge. Mehrere Bemusterungsrunden stellten sicher, dass die galvanisierten Farbmarkierungen, die Transparenz der Flaschen und die Chargenkonsistenz einwandfrei waren. Innerhalb von zwei Monaten nach der Produkteinf\u00fchrung bestellte der Kunde weitere Flaschen. Die neue Produktlinie profitierte von der optimierten Verpackung hinsichtlich der Sichtbarkeit im Regal, was zu h\u00f6heren Ums\u00e4tzen f\u00fchrte.<\/p>\n<h2>Ihre Anpassungstipps<\/h2>\n<p>Je nach Markenpositionierung k\u00f6nnen verschiedene Verfahren zur Veredelung von Flaschenverschl\u00fcssen gew\u00e4hlt werden, beispielsweise Galvanisierung, Spr\u00fchlackierung oder geb\u00fcrstete Metallstruktur. Der Flaschenk\u00f6rper l\u00e4sst sich durch Transparenz, Mattierungseffekte oder individuelle F\u00fcllmengen an unterschiedliche Getr\u00e4nkerezepturen anpassen. Zudem ist es m\u00f6glich, die Flaschen hitzebest\u00e4ndiger zu machen oder sie f\u00fcr Kaltabf\u00fcllung zu verst\u00e4rken, um sie besser in die Produktionslinien von Getr\u00e4nkeherstellern zu integrieren. Dar\u00fcber hinaus k\u00f6nnen Siebdruck, Hei\u00dfpr\u00e4gung oder UV-Druck die Optik im Regal aufwerten. Die vollst\u00e4ndige Prozessindividualisierung von der Musterentwicklung bis zur Serienproduktion ist m\u00f6glich und positioniert die gesamte Produktreihe der Gro\u00dfpackungswasserflaschen so markenpr\u00e4gnanter und wettbewerbsf\u00e4higer.<\/p>","protected":false},"excerpt":{"rendered":"<p>Hochwertige, individuell gestaltbare Wasserflaschen zur Getr\u00e4nkeabf\u00fcllung, ideal f\u00fcr Marken, die Wasserflaschen in gro\u00dfen Mengen mit schneller Direktlieferung ab Werk und individuellen Anpassungsm\u00f6glichkeiten suchen.<\/p>","protected":false},"featured_media":3844,"template":"","meta":{"postBodyCss":"","postBodyMargin":[],"postBodyPadding":[],"postBodyBackground":{"backgroundType":"classic","gradient":""}},"product_brand":[],"product_cat":[15,16,60],"product_tag":[72],"class_list":{"0":"post-3843","1":"product","2":"type-product","3":"status-publish","4":"has-post-thumbnail","6":"product_cat-glass-containers","7":"product_cat-glass-bottles","8":"product_cat-water-bottles","9":"product_tag-juice-bottles","11":"first","12":"instock","13":"shipping-taxable","14":"product-type-simple"},"jetpack_sharing_enabled":true,"_links":{"self":[{"href":"https:\/\/minghanggroup.com\/de\/wp-json\/wp\/v2\/product\/3843","targetHints":{"allow":["GET"]}}],"collection":[{"href":"https:\/\/minghanggroup.com\/de\/wp-json\/wp\/v2\/product"}],"about":[{"href":"https:\/\/minghanggroup.com\/de\/wp-json\/wp\/v2\/types\/product"}],"wp:featuredmedia":[{"embeddable":true,"href":"https:\/\/minghanggroup.com\/de\/wp-json\/wp\/v2\/media\/3844"}],"wp:attachment":[{"href":"https:\/\/minghanggroup.com\/de\/wp-json\/wp\/v2\/media?parent=3843"}],"wp:term":[{"taxonomy":"product_brand","embeddable":true,"href":"https:\/\/minghanggroup.com\/de\/wp-json\/wp\/v2\/product_brand?post=3843"},{"taxonomy":"product_cat","embeddable":true,"href":"https:\/\/minghanggroup.com\/de\/wp-json\/wp\/v2\/product_cat?post=3843"},{"taxonomy":"product_tag","embeddable":true,"href":"https:\/\/minghanggroup.com\/de\/wp-json\/wp\/v2\/product_tag?post=3843"}],"curies":[{"name":"wp","href":"https:\/\/api.w.org\/{rel}","templated":true}]}}