{"id":3830,"date":"2025-12-04T11:48:43","date_gmt":"2025-12-04T03:48:43","guid":{"rendered":"https:\/\/minghanggroup.com\/?post_type=product&#038;p=3830"},"modified":"2026-01-20T13:50:44","modified_gmt":"2026-01-20T05:50:44","slug":"bulk-empty-rounded-airtight-glass-jars-with-clamp-lids","status":"publish","type":"product","link":"https:\/\/minghanggroup.com\/de\/produkt\/bulk-empty-rounded-airtight-glass-jars-with-clamp-lids\/","title":{"rendered":"Leere, runde, luftdichte Glasbeh\u00e4lter mit B\u00fcgelverschluss in Gro\u00dfpackungen: 150 ml, 380 ml, 500 ml"},"content":{"rendered":"<p>Diese liebenswerten, luftdichten Gl\u00e4ser bestehen aus Klarglas und zeichnen sich durch eine glatte, abgerundete, volle Form aus, die durch einen trendigen Metall-Schnappdeckel optisch noch verst\u00e4rkt wird.<\/p>\n<h2>Produktmerkmale<\/h2>\n<ul>\n<li><strong>Klare, pralle Form:<\/strong> Das absolut klare Glas und der abgerundete, volumin\u00f6se Korpus bieten nicht nur einen perfekten Blick ins Innere, sondern verleihen dem Ganzen durch seine niedlichen Kurven auch eine dekorative Note und eignen sich daher f\u00fcr verschiedene Pr\u00e4sentationsorte.<\/li>\n<li><strong>Einfache Bedienung:<\/strong> Die weite \u00d6ffnung ist beim Bef\u00fcllen und Portionieren deutlich komfortabler.<\/li>\n<li><strong>Der Ort der Kombinationen unterschiedlicher Gr\u00f6\u00dfen:<\/strong> Es erm\u00f6glicht die Verpackung unterschiedlicher Mengen der m.<\/li>\n<\/ul>\n<h2 style=\"text-align: left;\">Wichtigste Spezifikationen<\/h2>\n<table class=\"aligncenter\" style=\"border-collapse: collapse; width: 309.02pt;\" border=\"0\" width=\"412\" cellspacing=\"0\" cellpadding=\"0\">\n<tbody>\n<tr style=\"height: 13.50pt;\">\n<td style=\"height: 13.50pt; width: 92.25pt;\" width=\"123\" height=\"18\">Specification<\/td>\n<td style=\"width: 216.75pt;\" width=\"289\">Details<\/td>\n<\/tr>\n<tr style=\"height: 13.50pt;\">\n<td style=\"height: 13.50pt;\" height=\"18\">Kapazit\u00e4t<\/td>\n<td>150 ml \/ 380 ml \/ 500 ml<\/td>\n<\/tr>\n<tr style=\"height: 13.50pt;\">\n<td style=\"height: 13.50pt;\" height=\"18\">Abmessungen<\/td>\n<td>7,6 \u00d7 7,8 cm \/ 9,5 \u00d7 9,8 cm \/ 11 \u00d7 10,5 cm<\/td>\n<\/tr>\n<tr style=\"height: 13.50pt;\">\n<td style=\"height: 13.50pt;\" height=\"18\">Material<\/td>\n<td>Klarglas<\/td>\n<\/tr>\n<tr style=\"height: 13.50pt;\">\n<td style=\"height: 13.50pt;\" height=\"18\">Deckeltyp<\/td>\n<td>Metall-Klemmdeckel<\/td>\n<\/tr>\n<tr style=\"height: 13.50pt;\">\n<td style=\"height: 13.50pt;\" height=\"18\">Ideal f\u00fcr<\/td>\n<td>Luftdichte Gl\u00e4ser, Aufbewahrungsgl\u00e4ser<\/td>\n<\/tr>\n<\/tbody>\n<\/table>\n<h2>Erfolgsgeschichte: Wie ein Spezialit\u00e4ten-Supermarkt seinen Umsatz steigerte<\/h2>\n<p>Ein Feinkostsupermarkt suchte nach einer optimalen Verpackungsl\u00f6sung f\u00fcr seine Premiumprodukte. F\u00fcr seine hochwertigen Kekse und S\u00fc\u00dfigkeiten entschied er sich f\u00fcr unsere luftdichten 500-ml-Glasbeh\u00e4lter. Die hervorragende Dichtigkeit war der Hauptgrund f\u00fcr die um 45 % verl\u00e4ngerte Haltbarkeit und die um 60 % reduzierten Verderbverluste. Das originelle runde Design zog die Aufmerksamkeit der Kunden auf sich und f\u00fchrte so zu einem Anstieg der Spontank\u00e4ufe um 35 %. Um diesen Erfolg weiter auszubauen, bestellte der Supermarkt 200.000 Glasbeh\u00e4lter zur Erweiterung seines Sortiments.<\/p>\n<h2>Anpassungsm\u00f6glichkeiten f\u00fcr luftdichte Gl\u00e4ser<\/h2>\n<ul>\n<li>Siebgedruckte Designs, die die Form der gebogenen Flasche betonen<\/li>\n<li>Gepr\u00e4gte Muster auf der Flaschenoberfl\u00e4che sorgen f\u00fcr ein angenehmes Gef\u00fchl<\/li>\n<li>Farbige Glasvarianten f\u00fcr lichtempfindliche Produkte<\/li>\n<li>Volumenanzeigen f\u00fcr genaue Dosierung<\/li>\n<\/ul>","protected":false},"excerpt":{"rendered":"<p>Diese luftdichten Gl\u00e4ser zeichnen sich durch ihre abgerundete Form und stabile B\u00fcgelverschl\u00fcsse aus. Sie halten Lebensmittel frisch und ordentlich aufbewahrt und sind schnell lieferbar.<\/p>","protected":false},"featured_media":3834,"template":"","meta":{"postBodyCss":"","postBodyMargin":[],"postBodyPadding":[],"postBodyBackground":{"backgroundType":"classic","gradient":""}},"product_brand":[],"product_cat":[15,17,59],"product_tag":[66],"class_list":{"0":"post-3830","1":"product","2":"type-product","3":"status-publish","4":"has-post-thumbnail","6":"product_cat-glass-containers","7":"product_cat-glass-jars","8":"product_cat-glass-storage-jars","9":"product_tag-swing-top-jars","11":"first","12":"instock","13":"shipping-taxable","14":"product-type-simple"},"jetpack_sharing_enabled":true,"_links":{"self":[{"href":"https:\/\/minghanggroup.com\/de\/wp-json\/wp\/v2\/product\/3830","targetHints":{"allow":["GET"]}}],"collection":[{"href":"https:\/\/minghanggroup.com\/de\/wp-json\/wp\/v2\/product"}],"about":[{"href":"https:\/\/minghanggroup.com\/de\/wp-json\/wp\/v2\/types\/product"}],"wp:featuredmedia":[{"embeddable":true,"href":"https:\/\/minghanggroup.com\/de\/wp-json\/wp\/v2\/media\/3834"}],"wp:attachment":[{"href":"https:\/\/minghanggroup.com\/de\/wp-json\/wp\/v2\/media?parent=3830"}],"wp:term":[{"taxonomy":"product_brand","embeddable":true,"href":"https:\/\/minghanggroup.com\/de\/wp-json\/wp\/v2\/product_brand?post=3830"},{"taxonomy":"product_cat","embeddable":true,"href":"https:\/\/minghanggroup.com\/de\/wp-json\/wp\/v2\/product_cat?post=3830"},{"taxonomy":"product_tag","embeddable":true,"href":"https:\/\/minghanggroup.com\/de\/wp-json\/wp\/v2\/product_tag?post=3830"}],"curies":[{"name":"wp","href":"https:\/\/api.w.org\/{rel}","templated":true}]}}