{"id":3822,"date":"2025-12-04T11:28:30","date_gmt":"2025-12-04T03:28:30","guid":{"rendered":"https:\/\/minghanggroup.com\/?post_type=product&#038;p=3822"},"modified":"2026-01-20T13:50:52","modified_gmt":"2026-01-20T05:50:52","slug":"bulk-empty-clear-glass-food-storage-jars","status":"publish","type":"product","link":"https:\/\/minghanggroup.com\/de\/produkt\/bulk-empty-clear-glass-food-storage-jars\/","title":{"rendered":"Leere, durchsichtige Glas-Vorratsgl\u00e4ser in gro\u00dfen Mengen, 180 ml \u2013 350 ml"},"content":{"rendered":"<p>Glas-Vorratsgl\u00e4ser sind bekannt f\u00fcr ihre trendige, durchsichtige Zylinderform und sind jeweils mit einem gl\u00e4nzenden Metallverschluss ausgestattet. Dank ihres einheitlichen, minimalistischen Designs lassen sie sich platzsparend stapeln oder ordentlich in der Speisekammer anordnen.<\/p>\n<h2>Produktmerkmale<\/h2>\n<ul>\n<li><strong>Zuverl\u00e4ssige Abdichtung:<\/strong> Silikonringe isolieren den Inhalt von der Au\u00dfenatmosph\u00e4re und halten ihn trocken, wodurch Lebensmittel l\u00e4nger gelagert werden k\u00f6nnen.<\/li>\n<li><strong>Klare Sicht:<\/strong> Ein Glasgef\u00e4\u00df ist ein transparenter Beh\u00e4lter, durch den man hindurchsehen kann und so den Inhalt erkennen kann, ohne das Glas abnehmen zu m\u00fcssen.<\/li>\n<li><strong>Dauerhaft:<\/strong> Der Glasteil ist dick und die Metallteile sind robust, sodass sie dem t\u00e4glichen Gebrauch und mehreren Sp\u00fclg\u00e4ngen standhalten.<\/li>\n<\/ul>\n<h2 style=\"text-align: left;\">Wichtigste Spezifikationen<\/h2>\n<table class=\"aligncenter\" style=\"border-collapse: collapse; width: 470.27pt;\" border=\"0\" width=\"627\" cellspacing=\"0\" cellpadding=\"0\">\n<tbody>\n<tr style=\"height: 13.50pt;\">\n<td style=\"height: 13.50pt; width: 92.25pt;\" width=\"123\" height=\"18\">Specification<\/td>\n<td style=\"width: 378.00pt;\" width=\"504\">Details<\/td>\n<\/tr>\n<tr style=\"height: 13.50pt;\">\n<td style=\"height: 13.50pt;\" height=\"18\">Kapazit\u00e4t<\/td>\n<td>180 ml \/ 200 ml \/ 220 ml \/ 300 ml \/ 350 ml<\/td>\n<\/tr>\n<tr style=\"height: 13.50pt;\">\n<td style=\"height: 13.50pt;\" height=\"18\">Abmessungen<\/td>\n<td>7,9 \u00d7 8,1 cm \/ 7,6 \u00d7 8,2 cm \/ 7,6 \u00d7 9 cm \/ 7,8 \u00d7 10,3 cm \/ 9,2 \u00d7 9,7 cm<\/td>\n<\/tr>\n<tr style=\"height: 13.50pt;\">\n<td style=\"height: 13.50pt;\" height=\"18\">Material<\/td>\n<td>Klarglas<\/td>\n<\/tr>\n<tr style=\"height: 13.50pt;\">\n<td style=\"height: 13.50pt;\" height=\"18\">Deckeltyp<\/td>\n<td>Metall-Klemmdeckel mit Drahtb\u00fcgel<\/td>\n<\/tr>\n<tr style=\"height: 13.50pt;\">\n<td style=\"height: 13.50pt;\" height=\"18\">Am besten geeignet f\u00fcr<\/td>\n<td>Vorratsgl\u00e4ser aus Glas, luftdichte Glasbeh\u00e4lter<\/td>\n<\/tr>\n<\/tbody>\n<\/table>\n<h2>Erfolgsgeschichte: Die Lagerl\u00f6sung eines Spezialit\u00e4tenh\u00e4ndlers<\/h2>\n<p>Ein kleiner Supermarkt ben\u00f6tigte ein effizienteres System zur Lagerung von unverpackten Lebensmitteln. Die Entscheidung fiel auf unsere 300-ml-Glasbeh\u00e4lter f\u00fcr Trockenfr\u00fcchte und N\u00fcsse. Die Kunden waren begeistert, die Produktqualit\u00e4t durch das transparente Glas zu pr\u00fcfen, was zu einem Umsatzanstieg von 25 % f\u00fchrte. Auch die Kundentreue stieg um 60 %. Aufgrund dieses Erfolgs bestellte der Supermarkt 200.000 Glasbeh\u00e4lter, um das Angebot an unverpackten Lebensmitteln in allen Filialen zu erweitern.<\/p>\n<h2>Eigenschaften von individuell gestalteten Glas-Vorratsdosen<\/h2>\n<ul>\n<li>Kapazit\u00e4tspr\u00fcfung mit Aufdruck \u2013 Graduierungen f\u00fcr pr\u00e4zise Dosierung hinzuf\u00fcgen<\/li>\n<li>Dekorative, mattierte Kreise \u2013 Matte Streifen aus s\u00e4urege\u00e4tztem<\/li>\n<li>Alternative zu farbigem Glas \u2013 Bernstein- oder Blauglas ist erh\u00e4ltlich, um das Glas vor UV-Licht zu sch\u00fctzen.<\/li>\n<li>Einteiliger Griff \u2013 Bringen Sie einen geformten Glasgriff f\u00fcr komfortables Handling an.<\/li>\n<\/ul>","protected":false},"excerpt":{"rendered":"<p>Organisieren Sie Ihre K\u00fcche mit unseren transparenten Glasvorratsdosen. Jede Dose verf\u00fcgt \u00fcber einen luftdichten Verschluss f\u00fcr optimale Frische. Gratisproben sind erh\u00e4ltlich.<\/p>","protected":false},"featured_media":3829,"template":"","meta":{"postBodyCss":"","postBodyMargin":[],"postBodyPadding":[],"postBodyBackground":{"backgroundType":"classic","gradient":""}},"product_brand":[],"product_cat":[15,17,59],"product_tag":[66],"class_list":{"0":"post-3822","1":"product","2":"type-product","3":"status-publish","4":"has-post-thumbnail","6":"product_cat-glass-containers","7":"product_cat-glass-jars","8":"product_cat-glass-storage-jars","9":"product_tag-swing-top-jars","11":"first","12":"instock","13":"shipping-taxable","14":"product-type-simple"},"jetpack_sharing_enabled":true,"_links":{"self":[{"href":"https:\/\/minghanggroup.com\/de\/wp-json\/wp\/v2\/product\/3822","targetHints":{"allow":["GET"]}}],"collection":[{"href":"https:\/\/minghanggroup.com\/de\/wp-json\/wp\/v2\/product"}],"about":[{"href":"https:\/\/minghanggroup.com\/de\/wp-json\/wp\/v2\/types\/product"}],"wp:featuredmedia":[{"embeddable":true,"href":"https:\/\/minghanggroup.com\/de\/wp-json\/wp\/v2\/media\/3829"}],"wp:attachment":[{"href":"https:\/\/minghanggroup.com\/de\/wp-json\/wp\/v2\/media?parent=3822"}],"wp:term":[{"taxonomy":"product_brand","embeddable":true,"href":"https:\/\/minghanggroup.com\/de\/wp-json\/wp\/v2\/product_brand?post=3822"},{"taxonomy":"product_cat","embeddable":true,"href":"https:\/\/minghanggroup.com\/de\/wp-json\/wp\/v2\/product_cat?post=3822"},{"taxonomy":"product_tag","embeddable":true,"href":"https:\/\/minghanggroup.com\/de\/wp-json\/wp\/v2\/product_tag?post=3822"}],"curies":[{"name":"wp","href":"https:\/\/api.w.org\/{rel}","templated":true}]}}