{"id":3814,"date":"2025-12-04T11:49:49","date_gmt":"2025-12-04T03:49:49","guid":{"rendered":"https:\/\/minghanggroup.com\/?post_type=product&#038;p=3814"},"modified":"2026-01-20T14:18:15","modified_gmt":"2026-01-20T06:18:15","slug":"glass-bottles-of-water-for-drinks-wholesale","status":"publish","type":"product","link":"https:\/\/minghanggroup.com\/de\/produkt\/glass-bottles-of-water-for-drinks-wholesale\/","title":{"rendered":"300 ml \u2013 750 ml Glasflaschen mit Wasser f\u00fcr Getr\u00e4nke (Gro\u00dfhandel)"},"content":{"rendered":"<p>Schluss mit langweiligen Plastikflaschen, die Ihre Marke billig wirken lassen. Wir kreieren hochwertige Glasflaschen f\u00fcr Wasser, die Ihre Fl\u00fcssigkeitszufuhr nicht nur zu einer trendigen und funktionalen L\u00f6sung machen, sondern Ihr Wasser auch frisch halten. Das sind nicht einfach nur Flaschen; sie sind die neue Geheimwaffe Ihrer Marke f\u00fcr optimale Fl\u00fcssigkeitszufuhr.<\/p>\n<h2>Produktmerkmale<\/h2>\n<ol>\n<li><strong>Kristallklarheit: <\/strong>Ohne zus\u00e4tzlichen Aufwand zeigt Ihnen transparentes Glas den Wasserstand in Ihrem Beh\u00e4lter an und ist somit eine gute M\u00f6glichkeit, ausreichend Fl\u00fcssigkeit zu sich zu nehmen und gleichzeitig Ihre t\u00e4gliche Wasseraufnahme zu kontrollieren.<\/li>\n<li><strong>Anpassbarer Deckel: <\/strong>Durch die Kombination von Edelstahldeckel, Silikonh\u00fclle und Trageschlaufen f\u00fcr Ihre perfekte Trinkl\u00f6sung wird diese nicht nur bequem zu transportieren, sondern auch auslaufsicher.<\/li>\n<li><strong>Langlebiges Borosilikatglas: <\/strong>Der Artikel besteht aus robustem Borosilikatglas, das sp\u00fclmaschinen- und gefriergeeignet ist und zudem temperaturbest\u00e4ndig ist, wodurch eine lange Lebensdauer gew\u00e4hrleistet wird.<\/li>\n<li><strong>Vielseitige Gr\u00f6\u00dfen: <\/strong>Die verschiedenen Gr\u00f6\u00dfen (300 ml - 750 ml) werden all Ihren Wasserbedarf decken, egal ob f\u00fcr den Schreibtisch, einen Spaziergang oder einen Lebensstil, der beides beinhaltet.<\/li>\n<\/ol>\n<h2 data-spm-anchor-id=\"5176.28103460.0.i10.14c475511HPf5O\">Wichtigste Spezifikationen<\/h2>\n<table style=\"border-collapse: collapse; width: 80%; margin-left: auto; margin-right: auto;\" border=\"0\" width=\"288\" cellspacing=\"0\" cellpadding=\"0\">\n<tbody>\n<tr style=\"height: 13.50pt;\">\n<td style=\"height: 13.5pt; width: 54pt; text-align: center;\" width=\"72\" height=\"18\">Fassungsverm\u00f6gen (ml)<\/td>\n<td style=\"width: 54pt; text-align: center;\" width=\"72\">Gr\u00f6\u00dfe (cm)<\/td>\n<td style=\"width: 54pt; text-align: center;\" width=\"72\">Material<\/td>\n<td style=\"width: 54pt; text-align: center;\" width=\"72\">Dichtungstyp<\/td>\n<\/tr>\n<tr style=\"height: 13.50pt;\">\n<td style=\"height: 13.5pt; text-align: center;\" align=\"right\" height=\"18\">300<\/td>\n<td style=\"text-align: center;\">5,8 x 16,7<\/td>\n<td class=\"et2\" style=\"text-align: center;\" rowspan=\"4\">Natrium Calcium<\/td>\n<td class=\"et2\" style=\"text-align: center;\" rowspan=\"4\">Gewinde + individueller Deckel<\/td>\n<\/tr>\n<tr style=\"height: 13.50pt;\">\n<td style=\"height: 13.5pt; text-align: center;\" align=\"right\" height=\"18\">420<\/td>\n<td style=\"text-align: center;\">6,5 x 18,6<\/td>\n<\/tr>\n<tr style=\"height: 13.50pt;\">\n<td style=\"height: 13.5pt; text-align: center;\" align=\"right\" height=\"18\">550<\/td>\n<td style=\"text-align: center;\">6,3 x 21,5<\/td>\n<\/tr>\n<tr style=\"height: 13.50pt;\">\n<td style=\"height: 13.5pt; text-align: center;\" align=\"right\" height=\"18\">750<\/td>\n<td style=\"text-align: center;\">7,1 x 24,5<\/td>\n<\/tr>\n<\/tbody>\n<\/table>\n<h2>Erfolgsbeispiel<\/h2>\n<p>Ein s\u00fcdamerikanischer Saft-OEM-Hersteller wollte das Erscheinungsbild seiner kaltgepressten S\u00e4fte verbessern und den Anforderungen von Superm\u00e4rkten nach wiederverwendbaren Beh\u00e4ltern gerecht werden. Daher entschied er sich f\u00fcr eine transparente Wasserflasche mit Standardw\u00e4nden und entwarf eine Schutzh\u00fclle mit seinem Markenzeichen. Nach dem Bef\u00fcllen wirkte die Farbe intensiver und das Produkt war im Regal besser sichtbar.<\/p>\n<p>Das Unternehmen erweiterte sein Vertriebsnetz im ersten Quartal um zwei gro\u00dfe Einzelhandelskan\u00e4le, was nach der Einf\u00fchrung des neuen Produkts zu einer Steigerung der Umsatzrate um etwa 27 % f\u00fchrte.<\/p>\n<h2>Ihre Anpassungstipps<\/h2>\n<p>Ihre Marke kann diese Glaswasserflasche auf vielf\u00e4ltige Weise nutzen \u2013 unterschiedliche Volumina und Proportionen der Flasche, um die verschiedenen Getr\u00e4nkelinien darzustellen; eine Marke kann durch den Flaschenk\u00f6rper, der mit Siebdruck, Hei\u00dfpr\u00e4gung oder vollfarbigem Etikett bedruckt wird, eindrucksvoller pr\u00e4sentiert werden; dar\u00fcber hinaus kann das Produkt im Regal durch verschiedene Glasoberfl\u00e4chen wie klar, mattiert und bernsteinfarben besser differenziert werden; eine spezielle Schutzh\u00fclle zum zus\u00e4tzlichen Schutz ist ebenfalls eine \u00dcberlegung wert.<\/p>","protected":false},"excerpt":{"rendered":"<p>Glasflaschen f\u00fcr Wasser, speziell f\u00fcr Getr\u00e4nke. Diese hochwertigen Glasflaschen sind mit Zubeh\u00f6r wie Strohhalmen oder Schutzh\u00fcllen erh\u00e4ltlich. Versand direkt ab Werk.<\/p>","protected":false},"featured_media":3815,"template":"","meta":{"postBodyCss":"","postBodyMargin":[],"postBodyPadding":[],"postBodyBackground":{"backgroundType":"classic","gradient":""}},"product_brand":[],"product_cat":[15,16,60],"product_tag":[72],"class_list":{"0":"post-3814","1":"product","2":"type-product","3":"status-publish","4":"has-post-thumbnail","6":"product_cat-glass-containers","7":"product_cat-glass-bottles","8":"product_cat-water-bottles","9":"product_tag-juice-bottles","11":"first","12":"instock","13":"shipping-taxable","14":"product-type-simple"},"jetpack_sharing_enabled":true,"_links":{"self":[{"href":"https:\/\/minghanggroup.com\/de\/wp-json\/wp\/v2\/product\/3814","targetHints":{"allow":["GET"]}}],"collection":[{"href":"https:\/\/minghanggroup.com\/de\/wp-json\/wp\/v2\/product"}],"about":[{"href":"https:\/\/minghanggroup.com\/de\/wp-json\/wp\/v2\/types\/product"}],"wp:featuredmedia":[{"embeddable":true,"href":"https:\/\/minghanggroup.com\/de\/wp-json\/wp\/v2\/media\/3815"}],"wp:attachment":[{"href":"https:\/\/minghanggroup.com\/de\/wp-json\/wp\/v2\/media?parent=3814"}],"wp:term":[{"taxonomy":"product_brand","embeddable":true,"href":"https:\/\/minghanggroup.com\/de\/wp-json\/wp\/v2\/product_brand?post=3814"},{"taxonomy":"product_cat","embeddable":true,"href":"https:\/\/minghanggroup.com\/de\/wp-json\/wp\/v2\/product_cat?post=3814"},{"taxonomy":"product_tag","embeddable":true,"href":"https:\/\/minghanggroup.com\/de\/wp-json\/wp\/v2\/product_tag?post=3814"}],"curies":[{"name":"wp","href":"https:\/\/api.w.org\/{rel}","templated":true}]}}