{"id":3648,"date":"2025-11-24T14:52:42","date_gmt":"2025-11-24T06:52:42","guid":{"rendered":"https:\/\/minghanggroup.com\/?post_type=product&#038;p=3648"},"modified":"2026-01-20T14:08:25","modified_gmt":"2026-01-20T06:08:25","slug":"bulk-clear-square-glass-bottles-with-swing-tops","status":"publish","type":"product","link":"https:\/\/minghanggroup.com\/de\/produkt\/bulk-clear-square-glass-bottles-with-swing-tops\/","title":{"rendered":"Gro\u00dfpackung durchsichtige, quadratische Glasflaschen mit B\u00fcgelverschluss, 250 ml, 500 ml, 920 ml"},"content":{"rendered":"<p>Jede dieser durchsichtigen, quadratischen Glasflaschen mit B\u00fcgelverschluss verf\u00fcgt \u00fcber einen Schraubverschluss. Die Flaschen sind in drei verschiedenen quadratischen Formen erh\u00e4ltlich und aus transparentem Glas gefertigt. Dar\u00fcber hinaus sind die Flaschen mit Metallclips versehen, die sowohl f\u00fcr Sicherheit als auch f\u00fcr ein stilvolles und ansprechendes Aussehen sorgen.<\/p>\n<h2>Produktmerkmale<\/h2>\n<ul>\n<li><strong>Press-to-Seal-Design:<\/strong> Mithilfe eines metallischen Druckverschlusses behalten die Flaschen ihre Dichtigkeit, wodurch der Inhalt lange frisch bleibt und zudem eine einfache \u00d6ffnungs- und Schlie\u00dfmethode geboten wird.<\/li>\n<li><strong>Platzsparendes quadratisches Design:<\/strong> Im Allgemeinen ist der zylindrische Flaschenk\u00f6rper hinsichtlich der Verpackung effizienter, wodurch bis zu 25 % des Regalplatzes eingespart werden k\u00f6nnen, der \u00fcblicherweise von runden Flaschen eingenommen wird.<\/li>\n<li><strong>Bessere Stabilit\u00e4t:<\/strong> Der breite, flache Boden sorgt f\u00fcr Stabilit\u00e4t und verringert die Kippgefahr der Flasche, wodurch die Flaschen beim Handling und Ausstellen stabiler sind.<\/li>\n<\/ul>\n<h2 style=\"text-align: left;\">Wichtigste Spezifikationen<\/h2>\n<table class=\"aligncenter\" width=\"884\">\n<tbody>\n<tr>\n<td width=\"122\">Besonderheit<\/td>\n<td width=\"762\">Details<\/td>\n<\/tr>\n<tr>\n<td>Gr\u00f6\u00dfe<\/td>\n<td>250 ml: 5,7 \u00d7 5,7 \u00d7 18,6 cm \/ 500 ml: 6,6 \u00d7 6,6 \u00d7 26,1 cm \/ 920 ml: 7,6 \u00d7 7,6 \u00d7 30,5 cm<\/td>\n<\/tr>\n<tr>\n<td>Material<\/td>\n<td>Klares Natronkalkglas<\/td>\n<\/tr>\n<tr>\n<td>Geeignet f\u00fcr<\/td>\n<td>Flaschen mit B\u00fcgelverschluss, Klappdeckelflaschen<\/td>\n<\/tr>\n<\/tbody>\n<\/table>\n<h2>Erfolgsgeschichte: Wie ein Spezialgetr\u00e4nkehersteller sein Gesch\u00e4ft ausbaute<\/h2>\n<p>Nachdem sich die Craft-Beer-Brauerei f\u00fcr unsere 500-ml-Klarglasflasche mit B\u00fcgelverschluss entschieden hatte, erlebte sie einen tiefgreifenden Wandel: Sie konnte 30 % mehr Produkte auf derselben Lagerfl\u00e4che unterbringen, was zu einer Senkung der Lagerkosten um 22 % f\u00fchrte. Das futuristische Design avancierte zum Flaggschiffprodukt, und die Interaktionsrate in den sozialen Medien stieg um 40 %. Auf Basis dieser Erfolge bestellte das Unternehmen k\u00fcrzlich \u00fcber 500.000 Flaschen, um die landesweite Markteinf\u00fchrung der neuen Produktlinie zu erm\u00f6glichen.<\/p>\n<h2>Flaschen mit B\u00fcgelverschluss \u2013 Anpassungsm\u00f6glichkeiten<\/h2>\n<p>Verwandeln Sie diese au\u00dfergew\u00f6hnlichen Schraubverschlussflaschen in Ihre pers\u00f6nliche Markenidentit\u00e4t:<\/p>\n<ul>\n<li>Mattierte Oberfl\u00e4che \u2013 Die s\u00e4urege\u00e4tzte, matte Oberfl\u00e4che verleiht dem Produkt eine elegantere und weichere Haptik.<\/li>\n<li>Individuelle Kappenfarbe \u2013 Die Metallschnalle oder der wei\u00dfe Rand k\u00f6nnen so ge\u00e4ndert werden, dass sie zu Ihren Markenfarben passen.<\/li>\n<li>Gepr\u00e4gtes Logo \u2013 Das leicht erhabene Design an der Flaschenseite, das man f\u00fchlen kann, dient als Markenidentit\u00e4t<\/li>\n<li>Braunglasflasche \u2013 Die Option von Braunglasflaschen mit lichtundurchl\u00e4ssigen Eigenschaften ist perfekt f\u00fcr empfindliche Produkte.<\/li>\n<\/ul>","protected":false},"excerpt":{"rendered":"<p>Entdecken Sie unsere Auswahl an durchsichtigen, quadratischen Glasflaschen mit B\u00fcgelverschluss \u2013 praktische und elegante Flaschen mit B\u00fcgelverschluss, ideal f\u00fcr Gro\u00dfbestellungen mit Gro\u00dfhandelsrabatten.<\/p>","protected":false},"featured_media":3652,"template":"","meta":{"postBodyCss":"","postBodyMargin":[],"postBodyPadding":[],"postBodyBackground":{"backgroundType":"classic","gradient":""}},"product_brand":[],"product_cat":[15,16,56],"product_tag":[79,72,78],"class_list":{"0":"post-3648","1":"product","2":"type-product","3":"status-publish","4":"has-post-thumbnail","6":"product_cat-glass-containers","7":"product_cat-glass-bottles","8":"product_cat-flip-top-bottles","9":"product_tag-beer-bottles","10":"product_tag-juice-bottles","11":"product_tag-water-bottles","13":"first","14":"instock","15":"shipping-taxable","16":"product-type-simple"},"jetpack_sharing_enabled":true,"_links":{"self":[{"href":"https:\/\/minghanggroup.com\/de\/wp-json\/wp\/v2\/product\/3648","targetHints":{"allow":["GET"]}}],"collection":[{"href":"https:\/\/minghanggroup.com\/de\/wp-json\/wp\/v2\/product"}],"about":[{"href":"https:\/\/minghanggroup.com\/de\/wp-json\/wp\/v2\/types\/product"}],"wp:featuredmedia":[{"embeddable":true,"href":"https:\/\/minghanggroup.com\/de\/wp-json\/wp\/v2\/media\/3652"}],"wp:attachment":[{"href":"https:\/\/minghanggroup.com\/de\/wp-json\/wp\/v2\/media?parent=3648"}],"wp:term":[{"taxonomy":"product_brand","embeddable":true,"href":"https:\/\/minghanggroup.com\/de\/wp-json\/wp\/v2\/product_brand?post=3648"},{"taxonomy":"product_cat","embeddable":true,"href":"https:\/\/minghanggroup.com\/de\/wp-json\/wp\/v2\/product_cat?post=3648"},{"taxonomy":"product_tag","embeddable":true,"href":"https:\/\/minghanggroup.com\/de\/wp-json\/wp\/v2\/product_tag?post=3648"}],"curies":[{"name":"wp","href":"https:\/\/api.w.org\/{rel}","templated":true}]}}