{"id":3643,"date":"2025-11-24T13:50:27","date_gmt":"2025-11-24T05:50:27","guid":{"rendered":"https:\/\/minghanggroup.com\/?post_type=product&#038;p=3643"},"modified":"2026-01-20T14:08:31","modified_gmt":"2026-01-20T06:08:31","slug":"bulk-clear-glass-round-resealable-bottles","status":"publish","type":"product","link":"https:\/\/minghanggroup.com\/de\/produkt\/bulk-clear-glass-round-resealable-bottles\/","title":{"rendered":"Gro\u00dfpackung wiederverschlie\u00dfbare, runde Klarglasflaschen (350 ml, 500 ml, 1040 ml)"},"content":{"rendered":"<p>Diese wiederverschlie\u00dfbaren Glasflaschen sind durchsichtig, aus Glas gefertigt, in drei verschiedenen Gr\u00f6\u00dfen erh\u00e4ltlich und mit Metall-Schnappverschl\u00fcssen versehen. Sie sind benutzerfreundlich und wiederverschlie\u00dfbar.<\/p>\n<h2>Produktmerkmale<\/h2>\n<ul>\n<li><strong>Praktisches, wiederverschlie\u00dfbares Design:<\/strong> Mit einer Hand k\u00f6nnen Kunden diese Flaschen problemlos \u00f6ffnen und schlie\u00dfen, daher eignen sie sich perfekt f\u00fcr Produkte, die wiederholt verwendet werden m\u00fcssen.<\/li>\n<li><strong>Robustheit in Gewerbequalit\u00e4t:<\/strong> Diese aus dickem Glas gefertigten und mit Metall-Schnappverschl\u00fcssen ausgestatteten Flaschen sind in der Lage, den rauen Bedingungen beim Umgang und Transport standzuhalten.<\/li>\n<li><strong>Einfaches Design:<\/strong> Die Flaschen haben ein schlichtes und elegantes Design, das f\u00fcr verschiedene Orte wie Wohnungen und Restaurants geeignet ist und von verschiedenen Menschen auf unterschiedliche Weise verwendet werden kann.<\/li>\n<\/ul>\n<h2 style=\"text-align: left;\">Wichtigste Spezifikationen<\/h2>\n<table class=\"aligncenter\" style=\"border-collapse: collapse; width: 525.02pt;\" border=\"0\" width=\"700\" cellspacing=\"0\" cellpadding=\"0\">\n<tbody>\n<tr style=\"height: 13.50pt;\">\n<td style=\"height: 13.50pt; width: 91.50pt;\" width=\"122\" height=\"18\">Besonderheit<\/td>\n<td style=\"width: 433.50pt;\" width=\"578\">Details<\/td>\n<\/tr>\n<tr style=\"height: 13.50pt;\">\n<td style=\"height: 13.50pt;\" height=\"18\">Abmessungen<\/td>\n<td>350 ml: 6,8 \u00d7 18,9 cm \/ 500 ml: 7,5 \u00d7 21,5 cm \/ 1040 ml: 9 \u00d7 27 cm<\/td>\n<\/tr>\n<tr style=\"height: 13.50pt;\">\n<td style=\"height: 13.50pt;\" height=\"18\">Material<\/td>\n<td>Klares Natronkalkglas<\/td>\n<\/tr>\n<tr style=\"height: 13.50pt;\">\n<td style=\"height: 13.50pt;\" height=\"18\">Geeignet f\u00fcr<\/td>\n<td>Verschlie\u00dfbare Glasflaschen, B\u00fcgelverschlussflaschen<\/td>\n<\/tr>\n<\/tbody>\n<\/table>\n<h2>Verpackungsl\u00f6sungen f\u00fcr eine Lebensmittelmarke<\/h2>\n<p>Das Unternehmen f\u00fcr Feinkost suchte nach zuverl\u00e4ssigen, wiederverschlie\u00dfbaren Flaschen f\u00fcr seine neue Produktreihe an Sirupen und Cocktailfl\u00fcssigkeiten und entschied sich daher f\u00fcr unsere 500-ml-Glasflaschen. Diese hatten die ideale Gr\u00f6\u00dfe und boten einen hervorragenden Verschluss. Dieser Verschluss war besonders wichtig: Er verl\u00e4ngerte die Haltbarkeit des Produkts um 30 % und verhinderte gleichzeitig das Auslaufen w\u00e4hrend des Transports. Das transparente Glas eignete sich perfekt, um die Farben des Produkts optimal zur Geltung zu bringen, was zu einem Anstieg der Spontank\u00e4ufe um 25 % f\u00fchrte. Zufrieden mit diesen Ergebnissen, hat das Unternehmen k\u00fcrzlich eine Gro\u00dfbestellung bei uns aufgegeben \u2013 es m\u00f6chte mehr als 400.000 Flaschen f\u00fcr seine n\u00e4chsten Projekte kaufen.<\/p>\n<h2>Anpassungsm\u00f6glichkeiten f\u00fcr wiederverschlie\u00dfbare Flaschen<\/h2>\n<ul>\n<li>Option Bernsteinglas \u2013 W\u00e4hlen Sie Bernsteinglas, das das Licht blockiert und sich daher perfekt f\u00fcr lichtempfindliche Produkte eignet.<\/li>\n<li>Logo-Siebdruck \u2013 Wir entwickeln ausdrucksstarke, langlebige und markenpr\u00e4gende Logos aus widerstandsf\u00e4higen Keramikfarben.<\/li>\n<li>Individuelle Kappenfarbe \u2013 Die Farbe des Metallverschlusses kann an das Farbschema der Marke angepasst werden, um ein einheitliches Erscheinungsbild zu gew\u00e4hrleisten.<\/li>\n<li>Mattierte Oberfl\u00e4che \u2013 Durch das \u00c4tzen mit S\u00e4ure wird eine elegante, matte Optik erzielt.<\/li>\n<\/ul>","protected":false},"excerpt":{"rendered":"<p>Halten Sie den Inhalt frisch mit wiederverschlie\u00dfbaren Glasflaschen, die als vielseitige, wiederverschlie\u00dfbare Flaschen konzipiert sind, in drei Gr\u00f6\u00dfen erh\u00e4ltlich sind und direkt ab Werk geliefert werden, um ein maximales Preis-Leistungs-Verh\u00e4ltnis zu gew\u00e4hrleisten.<\/p>","protected":false},"featured_media":3645,"template":"","meta":{"postBodyCss":"","postBodyMargin":[],"postBodyPadding":[],"postBodyBackground":{"backgroundType":"classic","gradient":""}},"product_brand":[],"product_cat":[15,16,56],"product_tag":[79,72,78],"class_list":{"0":"post-3643","1":"product","2":"type-product","3":"status-publish","4":"has-post-thumbnail","6":"product_cat-glass-containers","7":"product_cat-glass-bottles","8":"product_cat-flip-top-bottles","9":"product_tag-beer-bottles","10":"product_tag-juice-bottles","11":"product_tag-water-bottles","13":"first","14":"instock","15":"shipping-taxable","16":"product-type-simple"},"jetpack_sharing_enabled":true,"_links":{"self":[{"href":"https:\/\/minghanggroup.com\/de\/wp-json\/wp\/v2\/product\/3643","targetHints":{"allow":["GET"]}}],"collection":[{"href":"https:\/\/minghanggroup.com\/de\/wp-json\/wp\/v2\/product"}],"about":[{"href":"https:\/\/minghanggroup.com\/de\/wp-json\/wp\/v2\/types\/product"}],"wp:featuredmedia":[{"embeddable":true,"href":"https:\/\/minghanggroup.com\/de\/wp-json\/wp\/v2\/media\/3645"}],"wp:attachment":[{"href":"https:\/\/minghanggroup.com\/de\/wp-json\/wp\/v2\/media?parent=3643"}],"wp:term":[{"taxonomy":"product_brand","embeddable":true,"href":"https:\/\/minghanggroup.com\/de\/wp-json\/wp\/v2\/product_brand?post=3643"},{"taxonomy":"product_cat","embeddable":true,"href":"https:\/\/minghanggroup.com\/de\/wp-json\/wp\/v2\/product_cat?post=3643"},{"taxonomy":"product_tag","embeddable":true,"href":"https:\/\/minghanggroup.com\/de\/wp-json\/wp\/v2\/product_tag?post=3643"}],"curies":[{"name":"wp","href":"https:\/\/api.w.org\/{rel}","templated":true}]}}