{"id":3638,"date":"2025-11-24T13:14:39","date_gmt":"2025-11-24T05:14:39","guid":{"rendered":"https:\/\/minghanggroup.com\/?post_type=product&#038;p=3638"},"modified":"2026-01-20T14:08:58","modified_gmt":"2026-01-20T06:08:58","slug":"bulk-resealable-glass-brown-flip-top-beer-bottles","status":"publish","type":"product","link":"https:\/\/minghanggroup.com\/de\/produkt\/bulk-resealable-glass-brown-flip-top-beer-bottles\/","title":{"rendered":"Gro\u00dfpackung wiederverschlie\u00dfbarer brauner Glas-Bierflaschen mit B\u00fcgelverschluss, 11 oz, 16 oz, 25 oz"},"content":{"rendered":"<p>Die hier abgebildeten Bierflaschen mit B\u00fcgelverschluss bestehen aus dunkelbraunem Glas und haben einen formsch\u00f6nen, l\u00e4nglichen Metallverschluss mit Schnappverschluss. Es handelt sich um hochwertige, wiederverschlie\u00dfbare Glasflaschen.<\/p>\n<h2>Produktmerkmale<\/h2>\n<ul>\n<li><strong>Braunes Glasmaterial:<\/strong> Braunes Glas absorbiert Licht, das f\u00fcr die darin befindliche Fl\u00fcssigkeit (wie Bier oder So\u00dfe) sch\u00e4dlich ist, und verleiht gleichzeitig einen Retro-Look.<\/li>\n<li><strong>Schnappverschluss-Dichtungsdesign:<\/strong> Durch die Installation eines rot-wei\u00dfen Metall-Schnappverschlusses wird eine hervorragende Abdichtung erreicht, wodurch die Frische lange erhalten bleibt und das \u00d6ffnen und Schlie\u00dfen m\u00fchelos vonstatten geht.<\/li>\n<li><strong>Modische Flaschenform:<\/strong> Die schlanke, l\u00e4ngliche Flaschenform liegt nicht nur angenehm in der Hand, sondern l\u00e4sst sich auch problemlos im K\u00fchlschrank oder im Regal aufbewahren; sie ist genau das Richtige zum Heimbrauen, zur Aufbewahrung von Fl\u00fcssigkeiten und f\u00fcr eine Vielzahl anderer Zwecke.<\/li>\n<\/ul>\n<h2 style=\"text-align: left;\">Wichtigste Spezifikationen<\/h2>\n<table class=\"aligncenter\" width=\"717\">\n<tbody>\n<tr>\n<td width=\"122\">Besonderheit<\/td>\n<td width=\"595\">Details<\/td>\n<\/tr>\n<tr>\n<td>Gr\u00f6\u00dfe<\/td>\n<td>330 ml (11 oz): 6,25 \u00d7 22 cm \/ 500 ml (16 oz): 7,1 \u00d7 25,6 cm \/ 750 ml (25 oz): 7,8 \u00d7 30,5 cm<\/td>\n<\/tr>\n<tr>\n<td>Material<\/td>\n<td>Bernsteinfarbenes (braunes) Natronkalkglas<\/td>\n<\/tr>\n<tr>\n<td>Geeignet f\u00fcr<\/td>\n<td>Bierflaschen mit B\u00fcgelverschluss, wiederverschlie\u00dfbare Glasflaschen<\/td>\n<\/tr>\n<\/tbody>\n<\/table>\n<h2>Erfolgsgeschichte: Die Expansion einer kleinen Brauerei<\/h2>\n<p>Die expandierende Kleinbrauerei ben\u00f6tigte eine Verpackung, die nicht nur die Qualit\u00e4t ihres Bieres bewahrt, sondern es auch von anderen Produkten im Regal abhebt. Schlie\u00dflich entschied sie sich f\u00fcr unsere wiederverschlie\u00dfbaren 500-ml-Glasflaschen f\u00fcr ihre Premium-Produktlinie. Das bernsteinfarbene Glas bietet zudem vollen UV-Schutz, sodass das Getr\u00e4nk nicht verdirbt. Die wiederverschlie\u00dfbare Verpackung kam bei den Kunden sehr gut an, deren Feedback best\u00e4tigte, dass das Bier nach dem \u00d6ffnen bis zu sieben Tage lang spritzig blieb. Im Vergleich zur vorherigen Verpackung reduzierte die h\u00f6here Stabilit\u00e4t der Flaschen die Bruchrate beim Abf\u00fcllen um 25 %. Aufgrund dieser hervorragenden Ergebnisse bestellte die Brauerei k\u00fcrzlich \u00fcber 100.000 Flaschen, um ihre Produkte in drei weiteren Bundesstaaten zu vertreiben.<\/p>\n<h2>Individualisierungsoptionen f\u00fcr Bierflaschen mit B\u00fcgelverschluss<\/h2>\n<ul>\n<li>Individuelle Glasfarben \u2013 Zur Auswahl stehen verschiedene Glast\u00f6ne von hellem Bernstein bis Dunkelbraun, um unterschiedlichen Anforderungen an den UV-Schutz gerecht zu werden.<\/li>\n<li>S\u00e4urege\u00e4tzte Markierungen \u2013 Durch S\u00e4urege\u00e4tzte Markierungen entsteht ein verblasstes Markenlogo, das sich auch nach Reinigung oder Handhabung nicht entfernen l\u00e4sst.<\/li>\n<li>Gepr\u00e4gte Volumenmarkierungen \u2013 Erhabene Graduierungen erm\u00f6glichen das genaue Abmessen der F\u00fcllung und gew\u00e4hrleisten die Konsistenz des Rezepts.<\/li>\n<li>Nackenpr\u00e4gung \u2013 Heben Sie Ihr dezentes Markenlogo oder Ihren Chargencode vom Nackenbereich auf die n\u00e4chste Ebene und pr\u00e4sentieren Sie Ihr Produktbild durch eine Nackenpr\u00e4gung.<\/li>\n<\/ul>\n<p>M\u00f6chten Sie Ihre Getr\u00e4nkeverpackungen auf die n\u00e4chste Stufe heben? Schreiben Sie uns jetzt, wenn Sie Preise f\u00fcr Gro\u00dfeink\u00e4ufe dieser hochwertigen B\u00fcgelverschluss-Bierflaschen erfahren m\u00f6chten!<\/p>","protected":false},"excerpt":{"rendered":"<p>Mit unseren B\u00fcgelverschlussflaschen und wiederverschlie\u00dfbaren Glasflaschen k\u00f6nnen Sie Bier ganz einfach brauen, lagern und genie\u00dfen. Alle Gr\u00f6\u00dfen sind verf\u00fcgbar, auf Lager und werden schnell versandt.<\/p>","protected":false},"featured_media":3642,"template":"","meta":{"postBodyCss":"","postBodyMargin":[],"postBodyPadding":[],"postBodyBackground":{"backgroundType":"classic","gradient":""}},"product_brand":[],"product_cat":[15,16,56],"product_tag":[79,72],"class_list":{"0":"post-3638","1":"product","2":"type-product","3":"status-publish","4":"has-post-thumbnail","6":"product_cat-glass-containers","7":"product_cat-glass-bottles","8":"product_cat-flip-top-bottles","9":"product_tag-beer-bottles","10":"product_tag-juice-bottles","12":"first","13":"instock","14":"shipping-taxable","15":"product-type-simple"},"jetpack_sharing_enabled":true,"_links":{"self":[{"href":"https:\/\/minghanggroup.com\/de\/wp-json\/wp\/v2\/product\/3638","targetHints":{"allow":["GET"]}}],"collection":[{"href":"https:\/\/minghanggroup.com\/de\/wp-json\/wp\/v2\/product"}],"about":[{"href":"https:\/\/minghanggroup.com\/de\/wp-json\/wp\/v2\/types\/product"}],"wp:featuredmedia":[{"embeddable":true,"href":"https:\/\/minghanggroup.com\/de\/wp-json\/wp\/v2\/media\/3642"}],"wp:attachment":[{"href":"https:\/\/minghanggroup.com\/de\/wp-json\/wp\/v2\/media?parent=3638"}],"wp:term":[{"taxonomy":"product_brand","embeddable":true,"href":"https:\/\/minghanggroup.com\/de\/wp-json\/wp\/v2\/product_brand?post=3638"},{"taxonomy":"product_cat","embeddable":true,"href":"https:\/\/minghanggroup.com\/de\/wp-json\/wp\/v2\/product_cat?post=3638"},{"taxonomy":"product_tag","embeddable":true,"href":"https:\/\/minghanggroup.com\/de\/wp-json\/wp\/v2\/product_tag?post=3638"}],"curies":[{"name":"wp","href":"https:\/\/api.w.org\/{rel}","templated":true}]}}