{"id":3617,"date":"2025-11-21T15:33:42","date_gmt":"2025-11-21T07:33:42","guid":{"rendered":"https:\/\/minghanggroup.com\/?post_type=product&#038;p=3617"},"modified":"2026-01-20T13:58:56","modified_gmt":"2026-01-20T05:58:56","slug":"custom-glass-pickle-jars-wholesale","status":"publish","type":"product","link":"https:\/\/minghanggroup.com\/de\/produkt\/custom-glass-pickle-jars-wholesale\/","title":{"rendered":"100 ml \u2013 750 ml Ma\u00dfgefertigte Glas-Gurkengl\u00e4ser im Gro\u00dfhandel"},"content":{"rendered":"<p>Warum sollten Sie Ihre eingelegten Gurken in langweiligen Gl\u00e4sern aufbewahren? Wir fertigen elegante Premium-Einmachgl\u00e4ser mit hohem Deckel, die nicht nur die Frische bewahren, sondern Ihre Marke auch optisch ansprechend pr\u00e4sentieren. Sie sind mehr als nur Beh\u00e4lter \u2013 sie sind Ihr Geheimtipp, um im Regal hervorzustechen.<\/p>\n<h2>Produktmerkmale<\/h2>\n<ol>\n<li><strong>Hochdachdichtung:<\/strong>Dank des Metalldeckels gew\u00e4hrleistet unser hohes Design eine luftdichte Verbindung zwischen Metall und Glas, die das Produkt frisch h\u00e4lt und den Geschmack f\u00fcr Einlegen und Einmachen bewahrt. Daher eignet es sich hervorragend zum Einlegen von Gurken und zum Fermentieren von Gem\u00fcse.<\/li>\n<li><strong>Kristallklare Klarheit:<\/strong>Transparentes Glas erm\u00f6glicht es den Verbrauchern, die leuchtenden Farben des eingelegten Gem\u00fcses sofort visuell zu \u00fcberpr\u00fcfen, was ideal f\u00fcr in Salzlake eingelegte Gurken und Essiggurken in Ihrer Lebensmittelaufbewahrung ist.<\/li>\n<li><strong>Vielseitige Gr\u00f6\u00dfen:<\/strong>Verschiedene Gr\u00f6\u00dfen (100 ml\u2013220 ml) decken all Ihre Einlegebed\u00fcrfnisse ab, egal ob kleine Probe oder gro\u00dfe Gro\u00dfhandelsbestellung. Diese preisg\u00fcnstigen Gl\u00e4ser eignen sich perfekt f\u00fcr den Gro\u00dfhandel und k\u00f6nnen mit Obst, Gem\u00fcse und Dill bef\u00fcllt werden.<\/li>\n<\/ol>\n<h2>Wichtigste Spezifikationen<\/h2>\n<table style=\"border-collapse: collapse; width: 80%; margin-left: auto; margin-right: auto;\" border=\"0\" width=\"216\" cellspacing=\"0\" cellpadding=\"0\">\n<tbody>\n<tr style=\"height: 13.50pt;\">\n<td style=\"height: 13.5pt; width: 54pt; text-align: center;\" width=\"72\" height=\"18\">Fassungsverm\u00f6gen (ml)<\/td>\n<td style=\"width: 54pt; text-align: center;\" width=\"72\">Gr\u00f6\u00dfe (cm)<\/td>\n<td style=\"width: 54pt; text-align: center;\" width=\"72\">Form<\/td>\n<\/tr>\n<tr style=\"height: 13.50pt;\">\n<td style=\"height: 13.5pt; text-align: center;\" align=\"right\" height=\"18\">100<\/td>\n<td style=\"text-align: center;\">6,2 x 6,8<\/td>\n<td class=\"et3\" style=\"text-align: center;\" rowspan=\"7\">Runden<\/td>\n<\/tr>\n<tr style=\"height: 13.50pt;\">\n<td style=\"height: 13.5pt; text-align: center;\" height=\"18\">150 \/ 5oz<\/td>\n<td style=\"text-align: center;\">7,5 x 6,6<\/td>\n<\/tr>\n<tr style=\"height: 13.50pt;\">\n<td style=\"height: 13.5pt; text-align: center;\" height=\"18\">180 \/ 6oz<\/td>\n<td style=\"text-align: center;\">7,3 x 7,8<\/td>\n<\/tr>\n<tr style=\"height: 13.50pt;\">\n<td style=\"height: 13.5pt; text-align: center;\" align=\"right\" height=\"18\">220<\/td>\n<td style=\"text-align: center;\">6,6 x 10,6<\/td>\n<\/tr>\n<tr style=\"height: 13.50pt;\">\n<td style=\"height: 13.5pt; text-align: center;\" align=\"right\" height=\"18\">380<\/td>\n<td style=\"text-align: center;\">7,5 x 12,5<\/td>\n<\/tr>\n<tr style=\"height: 13.50pt;\">\n<td style=\"height: 13.5pt; text-align: center;\" align=\"right\" height=\"18\">500<\/td>\n<td style=\"text-align: center;\">7,5 x 14,9<\/td>\n<\/tr>\n<tr style=\"height: 13.50pt;\">\n<td style=\"height: 13.5pt; text-align: center;\" height=\"18\">750 \/ 25oz<\/td>\n<td style=\"text-align: center;\">8,6 x 17,5<\/td>\n<\/tr>\n<\/tbody>\n<\/table>\n<h2>Erfolgsbeispiel<\/h2>\n<p>Ein Gew\u00fcrzhersteller aus Ontario ben\u00f6tigte eine Produktionslinie, die sowohl scharfe Saucen als auch s\u00fc\u00dfe Konfit\u00fcren in Einmachgl\u00e4ser abf\u00fcllen konnte. Um drei verschiedene Gr\u00f6\u00dfen von Einmachgl\u00e4sern mit Metalldeckeln f\u00fcr die Hei\u00dfabf\u00fcllung herzustellen, wandte er sich an uns.<\/p>\n<p>Durch die Verwendung dieser Gl\u00e4ser konnte die Verpackung durch den Lohnabf\u00fcller um 22 % effizienter gestaltet werden, und die Marke verzeichnete zudem einen deutlichen R\u00fcckgang der Reklamationen wegen Leckagen.<\/p>\n<h2>Ihre Anpassungstipps<\/h2>\n<p>Bei der Personalisierung dieser Glasgurkengl\u00e4ser haben Marken die Freiheit, die Details so anzupassen, dass sie ihrer Positionierung entsprechen. Beispielsweise k\u00f6nnen sie den Metalldeckel mit einer einzigartigen Farbe oder einem Muster versehen, um ihn besser an das visuelle Erscheinungsbild der Marke anzupassen; oder sie k\u00f6nnen die Markenpr\u00e4gung oder den Aufdruck exklusiv f\u00fcr die Gl\u00e4ser gestalten; au\u00dferdem k\u00f6nnen sie oxidationshemmende Dichtungen anbringen oder Umverpackungen f\u00fcr Gro\u00dfbestellungen erstellen lassen. Dadurch eignen sich die Glasgurkengl\u00e4ser nicht nur besser f\u00fcr den internationalen Transport, sondern auch f\u00fcr den Vertrieb gro\u00dfer Mengen.<\/p>","protected":false},"excerpt":{"rendered":"<p>Wir bieten Gurkengl\u00e4ser im Gro\u00dfhandel an. Jedes Glas ist luftdicht, direkt vom Hersteller, ab Lager verf\u00fcgbar und individuelle Anpassungen sind m\u00f6glich. Kostenloses Muster.<\/p>","protected":false},"featured_media":3618,"template":"","meta":{"postBodyCss":"","postBodyMargin":[],"postBodyPadding":[],"postBodyBackground":{"backgroundType":"classic","gradient":""}},"product_brand":[],"product_cat":[15,17,55],"product_tag":[65,71],"class_list":{"0":"post-3617","1":"product","2":"type-product","3":"status-publish","4":"has-post-thumbnail","6":"product_cat-glass-containers","7":"product_cat-glass-jars","8":"product_cat-pickle-jars","9":"product_tag-glass-jam-jars","10":"product_tag-honey-jars","12":"first","13":"instock","14":"shipping-taxable","15":"product-type-simple"},"jetpack_sharing_enabled":true,"_links":{"self":[{"href":"https:\/\/minghanggroup.com\/de\/wp-json\/wp\/v2\/product\/3617","targetHints":{"allow":["GET"]}}],"collection":[{"href":"https:\/\/minghanggroup.com\/de\/wp-json\/wp\/v2\/product"}],"about":[{"href":"https:\/\/minghanggroup.com\/de\/wp-json\/wp\/v2\/types\/product"}],"wp:featuredmedia":[{"embeddable":true,"href":"https:\/\/minghanggroup.com\/de\/wp-json\/wp\/v2\/media\/3618"}],"wp:attachment":[{"href":"https:\/\/minghanggroup.com\/de\/wp-json\/wp\/v2\/media?parent=3617"}],"wp:term":[{"taxonomy":"product_brand","embeddable":true,"href":"https:\/\/minghanggroup.com\/de\/wp-json\/wp\/v2\/product_brand?post=3617"},{"taxonomy":"product_cat","embeddable":true,"href":"https:\/\/minghanggroup.com\/de\/wp-json\/wp\/v2\/product_cat?post=3617"},{"taxonomy":"product_tag","embeddable":true,"href":"https:\/\/minghanggroup.com\/de\/wp-json\/wp\/v2\/product_tag?post=3617"}],"curies":[{"name":"wp","href":"https:\/\/api.w.org\/{rel}","templated":true}]}}