{"id":3616,"date":"2025-11-21T14:17:57","date_gmt":"2025-11-21T06:17:57","guid":{"rendered":"https:\/\/minghanggroup.com\/?post_type=product&#038;p=3616"},"modified":"2026-01-20T14:09:46","modified_gmt":"2026-01-20T06:09:46","slug":"bulk-empty-fermentation-bottles-with-flip-top-lids","status":"publish","type":"product","link":"https:\/\/minghanggroup.com\/de\/produkt\/bulk-empty-fermentation-bottles-with-flip-top-lids\/","title":{"rendered":"Leere G\u00e4rflaschen mit B\u00fcgelverschluss in Gro\u00dfpackungen: 250 ml, 500 ml, 750 ml, 960 ml"},"content":{"rendered":"<p>Diese G\u00e4rflaschen bestehen aus transparentem Glas und haben Metall-Schnappverschl\u00fcsse. Der Klappverschluss sorgt nicht nur f\u00fcr luftdichtes Verschlie\u00dfen, sondern erm\u00f6glicht durch das klare Glas auch eine schnelle Kontrolle des Inhalts.<\/p>\n<h2>Produktmerkmale<\/h2>\n<ul>\n<li><strong>Druckbest\u00e4ndige G\u00e4rdichtung:<\/strong> Die Elemente, die f\u00fcr eine kontrollierte und erfolgreiche Nachg\u00e4rung sorgen, sind dicke Gummidichtungen und Sicherheitsverschl\u00fcsse, die eine dichte und sichere Abdichtung gew\u00e4hrleisten.<\/li>\n<li><strong>Transparentes Glas:<\/strong> Dank ihrer extrem hohen Transparenz gibt die Flasche die Farbe, die Klarheit und selbst kleinste Bl\u00e4schen des Getr\u00e4nks sehr gut wieder und eignet sich daher perfekt zur Schaffung eines luxuri\u00f6sen Markenimages.<\/li>\n<li><strong>Verschiedene Kapazit\u00e4tsoptionen:<\/strong> Ob Sie nun experimentelle Kleinserien herstellen oder eine gro\u00dftechnische Produktion planen, von moderaten 250 ml bis hin zu gro\u00dfz\u00fcgigen 960 ml k\u00f6nnen Sie die passende Flaschengr\u00f6\u00dfe f\u00fcr Ihre Bed\u00fcrfnisse erhalten.<\/li>\n<\/ul>\n<h2 style=\"text-align: left;\">Wichtigste Spezifikationen<\/h2>\n<table class=\"aligncenter\" style=\"border-collapse: collapse; width: 673.52pt;\" border=\"0\" width=\"898\" cellspacing=\"0\" cellpadding=\"0\">\n<tbody>\n<tr style=\"height: 13.50pt;\">\n<td style=\"height: 13.50pt; width: 93.75pt;\" width=\"125\" height=\"18\">Besonderheit<\/td>\n<td style=\"width: 579.75pt;\" width=\"773\">Details<\/td>\n<\/tr>\n<tr style=\"height: 13.50pt;\">\n<td style=\"height: 13.50pt;\" height=\"18\">Abmessungen<\/td>\n<td>250 ml: 5,9 cm \u00d7 18,4 cm \/ 500 ml: 7 cm \u00d7 25,4 cm \/ 750 ml: 7,8 cm \u00d7 28,2 cm \/ 960 ml: 8,4 cm \u00d7 30,8 cm<\/td>\n<\/tr>\n<tr style=\"height: 13.50pt;\">\n<td style=\"height: 13.50pt;\" height=\"18\">Material<\/td>\n<td>Klares Natronkalkglas<\/td>\n<\/tr>\n<tr style=\"height: 13.50pt;\">\n<td style=\"height: 13.50pt;\" height=\"18\">Geeignet f\u00fcr<\/td>\n<td>Flasche zur G\u00e4rung, Flaschen mit B\u00fcgelverschluss<\/td>\n<\/tr>\n<\/tbody>\n<\/table>\n<h2>Erfolgsgeschichte: Wie eine Kombucha-Marke Skalierbarkeit erreichte<\/h2>\n<p>Ein aufstrebendes Kombucha-Unternehmen stand vor der Herausforderung, zwei zentrale Probleme zu l\u00f6sen: instabile Kohlens\u00e4urebildung w\u00e4hrend der Nachg\u00e4rung und hohe Bruchraten beim Transport. Sie entschieden sich, die gesamte Produktionslinie auf unsere 960-ml-Flaschen mit B\u00fcgelverschluss umzustellen \u2013 mit sofortigem Erfolg. Die hervorragende Abdichtung ist der Hauptgrund f\u00fcr eine stabile Kohlens\u00e4urebildung von 98 %, wodurch die Bildung von Luftblasen im Produkt nahezu ausgeschlossen wird. Die robuste Glasflasche ist langlebig, wodurch der Transportbruch um 40 % reduziert wird und das Unternehmen erhebliche Kosteneinsparungen erzielt. Um die Gesch\u00e4ftsausweitung zu unterst\u00fctzen, bestellten sie daher \u00fcber 600.000 Flaschen nach.<\/p>\n<h2>Gestalten Sie Ihre G\u00e4rflaschen mit B\u00fcgelverschluss<\/h2>\n<ul>\n<li><strong>Bernsteinglas:<\/strong> Wenn Sie lichtempfindliche fermentierte Getr\u00e4nke wie Bier vor UV-Sch\u00e4den sch\u00fctzen m\u00f6chten, dann greifen Sie zu Braunglas.<\/li>\n<li><strong>Bandmarkierung:<\/strong> Zus\u00e4tzlich zur Flasche sollten dauerhafte, gepr\u00e4gte Volumenmarkierungen angebracht werden, um ein genaues Abf\u00fcllen zu gew\u00e4hrleisten und die Rezeptkonsistenz sicherzustellen.<\/li>\n<li><strong>S\u00e4urege\u00e4tztes Logo:<\/strong> Entwerfen Sie ein Logo in Form einer Glasflasche mit Mattierungseffekt f\u00fcr einen dauerhaften und anspruchsvollen Markenauftritt.<\/li>\n<li><strong>Mattes Finish:<\/strong> Sie k\u00f6nnen der Glasflasche eine komplett matte Oberfl\u00e4che verleihen, wodurch die Flasche ein einzigartiges Aussehen und eine angenehme Haptik erh\u00e4lt und weniger Reflexionen aufweist.<\/li>\n<\/ul>","protected":false},"excerpt":{"rendered":"<p>Hochwertige G\u00e4rflaschenserie, erh\u00e4ltlich in verschiedenen Gr\u00f6\u00dfen. Diese Flaschen mit B\u00fcgelverschluss eignen sich perfekt f\u00fcr Getr\u00e4nke. Gratisproben sind bei Gro\u00dfbestellungen inklusive.<\/p>","protected":false},"featured_media":3620,"template":"","meta":{"postBodyCss":"","postBodyMargin":[],"postBodyPadding":[],"postBodyBackground":{"backgroundType":"classic","gradient":""}},"product_brand":[],"product_cat":[15,16,56],"product_tag":[79,72,78],"class_list":{"0":"post-3616","1":"product","2":"type-product","3":"status-publish","4":"has-post-thumbnail","6":"product_cat-glass-containers","7":"product_cat-glass-bottles","8":"product_cat-flip-top-bottles","9":"product_tag-beer-bottles","10":"product_tag-juice-bottles","11":"product_tag-water-bottles","13":"first","14":"instock","15":"shipping-taxable","16":"product-type-simple"},"jetpack_sharing_enabled":true,"_links":{"self":[{"href":"https:\/\/minghanggroup.com\/de\/wp-json\/wp\/v2\/product\/3616","targetHints":{"allow":["GET"]}}],"collection":[{"href":"https:\/\/minghanggroup.com\/de\/wp-json\/wp\/v2\/product"}],"about":[{"href":"https:\/\/minghanggroup.com\/de\/wp-json\/wp\/v2\/types\/product"}],"wp:featuredmedia":[{"embeddable":true,"href":"https:\/\/minghanggroup.com\/de\/wp-json\/wp\/v2\/media\/3620"}],"wp:attachment":[{"href":"https:\/\/minghanggroup.com\/de\/wp-json\/wp\/v2\/media?parent=3616"}],"wp:term":[{"taxonomy":"product_brand","embeddable":true,"href":"https:\/\/minghanggroup.com\/de\/wp-json\/wp\/v2\/product_brand?post=3616"},{"taxonomy":"product_cat","embeddable":true,"href":"https:\/\/minghanggroup.com\/de\/wp-json\/wp\/v2\/product_cat?post=3616"},{"taxonomy":"product_tag","embeddable":true,"href":"https:\/\/minghanggroup.com\/de\/wp-json\/wp\/v2\/product_tag?post=3616"}],"curies":[{"name":"wp","href":"https:\/\/api.w.org\/{rel}","templated":true}]}}