{"id":3611,"date":"2025-11-21T13:47:48","date_gmt":"2025-11-21T05:47:48","guid":{"rendered":"https:\/\/minghanggroup.com\/?post_type=product&#038;p=3611"},"modified":"2026-01-20T14:10:06","modified_gmt":"2026-01-20T06:10:06","slug":"transparent-small-flip-top-bottles-bulk","status":"publish","type":"product","link":"https:\/\/minghanggroup.com\/de\/produkt\/transparent-small-flip-top-bottles-bulk\/","title":{"rendered":"50 ml und 150 ml transparente kleine Klappverschlussflaschen (Gro\u00dfpackung)"},"content":{"rendered":"<p>Mit ihrem einfachen und stilvollen Konzept sind diese kleinen Klappdeckelflaschen aus Klarglas mit einem Metallschnappverschluss ausgestattet und eignen sich daher perfekt zur Aufbewahrung kleiner Mengen von So\u00dfen, Mini-Getr\u00e4nken oder Proben.<\/p>\n<h2>Produktmerkmale<\/h2>\n<ul>\n<li><strong>Klarglasmaterial:<\/strong> Durch den transparenten Glasbeh\u00e4lter lassen sich Farbe und Volumen der orangefarbenen Fl\u00fcssigkeit sehr gut erkennen, was die Identifizierung und \u00dcberwachung vereinfacht.<\/li>\n<li><strong>Schnappverschluss-Dichtungsdesign:<\/strong> Die Flasche ist mit einem rot-wei\u00dfen Metall-Schnappverschluss ausgestattet, der nicht nur eine sehr gute Abdichtung gew\u00e4hrleistet, sondern auch der Hauptgrund daf\u00fcr ist, dass die Frische der Fl\u00fcssigkeit effektiv erhalten bleibt und das \u00d6ffnen und Schlie\u00dfen erleichtert wird.<\/li>\n<li><strong>Kompakte Gr\u00f6\u00dfe:<\/strong> Das kompakte und elegante Flaschendesign erf\u00fcllt den Bedarf an einer Aufbewahrungsl\u00f6sung mit kleinem Fassungsverm\u00f6gen und kann zum Ausgeben von Gew\u00fcrzen, Getr\u00e4nkeproben usw. verwendet werden.<\/li>\n<\/ul>\n<h2 style=\"text-align: left;\">Wichtigste Spezifikationen<\/h2>\n<table class=\"aligncenter\" style=\"border-collapse: collapse; width: 430.52pt;\" border=\"0\" width=\"574\" cellspacing=\"0\" cellpadding=\"0\">\n<tbody>\n<tr style=\"height: 13.50pt;\">\n<td style=\"height: 13.50pt; width: 105.75pt;\" width=\"141\" height=\"18\">Besonderheit<\/td>\n<td style=\"width: 324.75pt;\" width=\"433\">Details<\/td>\n<\/tr>\n<tr style=\"height: 13.50pt;\">\n<td style=\"height: 13.50pt;\" height=\"18\">Abmessungen<\/td>\n<td>50 ml: 4,6 cm \u00d7 10,1 cm \/ 150 ml: 5,3 cm \u00d7 16 cm<\/td>\n<\/tr>\n<tr style=\"height: 13.50pt;\">\n<td style=\"height: 13.50pt;\" height=\"18\">Material<\/td>\n<td>Klares Natronkalkglas<\/td>\n<\/tr>\n<tr style=\"height: 13.50pt;\">\n<td style=\"height: 13.50pt;\" height=\"18\">Geeignet f\u00fcr<\/td>\n<td>B\u00fcgelverschlussflaschen als Muster, kleine Klappverschlussflaschen<\/td>\n<\/tr>\n<\/tbody>\n<\/table>\n<h2>Erfolgsgeschichte: Die Erfolgsgeschichte eines Herstellers von Spezialit\u00e4tenlebensmitteln<\/h2>\n<p>Ein Hersteller von Luxuslebensmitteln ben\u00f6tigte hochwertige Verpackungen f\u00fcr Produktproben seines neuen Oliven\u00f6ls und Essigs. Die Wahl fiel schlie\u00dflich auf unsere 150-ml-Flaschen mit Klappverschluss. Dank des guten Verschlusses konnte die Haltbarkeit des Produkts um 60 % verl\u00e4ngert werden. Die einheitliche Flaschengr\u00f6\u00dfe optimierte zudem den Abf\u00fcllprozess, wodurch die Geschwindigkeit der Verpackungslinie um 20 % gesteigert werden konnte. Das Unternehmen war mit der Produktleistung und dem positiven Kundenfeedback so zufrieden, dass es bereits 300.000 Flaschen f\u00fcr ein landesweites Testprogramm bestellt hat.<\/p>\n<h2>Gestalten Sie Ihre Gro\u00dfpackungen mit Klappverschluss individuell unterschiedlich<\/h2>\n<ul>\n<li><strong>Farbe des Glases:<\/strong> F\u00fcr eine begrenzte Anzahl von Produkten, die lichtempfindlich sind (z. B. \u00e4therische \u00d6le), sollte das Glas bernsteinfarben oder kobaltblau sein.<\/li>\n<li><strong>Logo im Siebdruckverfahren:<\/strong> Brillant, langlebig und detailreich k\u00f6nnen die Logos gedruckt werden.<\/li>\n<li><strong>Benutzerdefinierte Kappenfarbe:<\/strong> \u00c4ndern Sie die Farbe Ihres Metallgriffs oder Keramikverschlusses, um sie an Ihr Markenimage anzupassen.<\/li>\n<li><strong>Glas\u00e4tzung:<\/strong> Durch Glas\u00e4tzung lassen sich aufwendige Designs oder Logos in eine edle und langlebige, mattierte Oberfl\u00e4che verwandeln.<\/li>\n<\/ul>","protected":false},"excerpt":{"rendered":"<p>Hochwertige kleine B\u00fcgelverschlussflaschen f\u00fcr Getr\u00e4nke, Fermentationsprodukte oder S\u00e4fte. B\u00fcgelverschlussflaschen in gro\u00dfen Mengen mit individuellen Gestaltungsm\u00f6glichkeiten und schnellem Versand erh\u00e4ltlich.<\/p>","protected":false},"featured_media":3613,"template":"","meta":{"postBodyCss":"","postBodyMargin":[],"postBodyPadding":[],"postBodyBackground":{"backgroundType":"classic","gradient":""}},"product_brand":[],"product_cat":[15,16,56],"product_tag":[79,72,78],"class_list":{"0":"post-3611","1":"product","2":"type-product","3":"status-publish","4":"has-post-thumbnail","6":"product_cat-glass-containers","7":"product_cat-glass-bottles","8":"product_cat-flip-top-bottles","9":"product_tag-beer-bottles","10":"product_tag-juice-bottles","11":"product_tag-water-bottles","13":"first","14":"instock","15":"shipping-taxable","16":"product-type-simple"},"jetpack_sharing_enabled":true,"_links":{"self":[{"href":"https:\/\/minghanggroup.com\/de\/wp-json\/wp\/v2\/product\/3611","targetHints":{"allow":["GET"]}}],"collection":[{"href":"https:\/\/minghanggroup.com\/de\/wp-json\/wp\/v2\/product"}],"about":[{"href":"https:\/\/minghanggroup.com\/de\/wp-json\/wp\/v2\/types\/product"}],"wp:featuredmedia":[{"embeddable":true,"href":"https:\/\/minghanggroup.com\/de\/wp-json\/wp\/v2\/media\/3613"}],"wp:attachment":[{"href":"https:\/\/minghanggroup.com\/de\/wp-json\/wp\/v2\/media?parent=3611"}],"wp:term":[{"taxonomy":"product_brand","embeddable":true,"href":"https:\/\/minghanggroup.com\/de\/wp-json\/wp\/v2\/product_brand?post=3611"},{"taxonomy":"product_cat","embeddable":true,"href":"https:\/\/minghanggroup.com\/de\/wp-json\/wp\/v2\/product_cat?post=3611"},{"taxonomy":"product_tag","embeddable":true,"href":"https:\/\/minghanggroup.com\/de\/wp-json\/wp\/v2\/product_tag?post=3611"}],"curies":[{"name":"wp","href":"https:\/\/api.w.org\/{rel}","templated":true}]}}