{"id":3603,"date":"2025-11-21T11:13:46","date_gmt":"2025-11-21T03:13:46","guid":{"rendered":"https:\/\/minghanggroup.com\/?post_type=product&#038;p=3603"},"modified":"2026-01-20T14:10:29","modified_gmt":"2026-01-20T06:10:29","slug":"bulk-clear-glass-flip-top-bottles-for-kombucha","status":"publish","type":"product","link":"https:\/\/minghanggroup.com\/de\/produkt\/bulk-clear-glass-flip-top-bottles-for-kombucha\/","title":{"rendered":"Gro\u00dfpackungen mit durchsichtigen Glasflaschen mit B\u00fcgelverschluss f\u00fcr Kombucha, 350 ml \u2013 1000 ml"},"content":{"rendered":"<p>Diese Glasflaschen mit B\u00fcgelverschluss sind aus Klarglas gefertigt und haben einen Metall-Schnappverschluss. Dank ihres dichten Verschlusses und ihrer Vielseitigkeit eignen sie sich perfekt f\u00fcr Kombucha oder andere fermentierte Getr\u00e4nke \u2013 sowohl zum Brauen und Aufbewahren als auch zum Pr\u00e4sentieren.<\/p>\n<h2>Produktmerkmale<\/h2>\n<ul>\n<li><strong>Schnappverschluss:<\/strong> Der rot-wei\u00dfe Metall-Schnappverschluss dieser Flaschen gew\u00e4hrleistet eine optimale Abdichtung. So bleiben Frische und Spritzigkeit der Fl\u00fcssigkeit bestens erhalten. Zudem sind die Flaschen sehr benutzerfreundlich, da sie sich leicht \u00f6ffnen und schlie\u00dfen lassen.<\/li>\n<li><strong>Verschiedene Gr\u00f6\u00dfen:<\/strong> Diese Flaschen sind in vier verschiedenen Gr\u00f6\u00dfen erh\u00e4ltlich, um unterschiedlichen Aufbewahrungsbed\u00fcrfnissen gerecht zu werden. Sie eignen sich zur Aufbewahrung von Mineralwasser, Getr\u00e4nken und anderen Fl\u00fcssigkeiten.<\/li>\n<li><strong>Ideal f\u00fcr kohlens\u00e4urehaltige Getr\u00e4nke:<\/strong> Die Flaschenform wurde speziell f\u00fcr kohlens\u00e4urehaltige Getr\u00e4nke entwickelt, wodurch die Kohlens\u00e4ure der Fl\u00fcssigkeit lange erhalten bleibt und sie sich daher perfekt zur Aufbewahrung von kohlens\u00e4urehaltigen Getr\u00e4nken eignet.<\/li>\n<\/ul>\n<h2 style=\"text-align: left;\">Wichtigste Spezifikationen<\/h2>\n<table class=\"aligncenter\" style=\"border-collapse: collapse; width: 667.52pt;\" border=\"0\" width=\"890\" cellspacing=\"0\" cellpadding=\"0\">\n<tbody>\n<tr style=\"height: 13.50pt;\">\n<td style=\"height: 13.50pt; width: 105.75pt;\" width=\"141\" height=\"18\">Besonderheit<\/td>\n<td style=\"width: 561.75pt;\" width=\"749\">Details<\/td>\n<\/tr>\n<tr style=\"height: 13.50pt;\">\n<td style=\"height: 13.50pt;\" height=\"18\">Abmessungen<\/td>\n<td>350 ml (12 oz): 7,3 \u00d7 20,3 cm \/ 500 ml (16 oz): 8,25 \u00d7 21,5 cm \/ 750 ml (25 oz): 9,3 \u00d7 24,8 cm \/ 1000 ml (32 oz): 10 \u00d7 27,9 cm<\/td>\n<\/tr>\n<tr style=\"height: 13.50pt;\">\n<td style=\"height: 13.50pt;\" height=\"18\">Material<\/td>\n<td>Klares Natronkalkglas<\/td>\n<\/tr>\n<tr style=\"height: 13.50pt;\">\n<td style=\"height: 13.50pt;\" height=\"18\">Geeignet f\u00fcr<\/td>\n<td>Glasflasche mit B\u00fcgelverschluss, B\u00fcgelverschlussflaschen f\u00fcr Kombucha<\/td>\n<\/tr>\n<\/tbody>\n<\/table>\n<h2>Erfolgsgeschichte: Verbesserung des Markenimages von Kombucha<\/h2>\n<p>Durch den Wechsel zu unseren 500-ml-Glasflaschen mit B\u00fcgelverschluss f\u00fcr Kombucha, um die Frische und die optische Attraktivit\u00e4t des Produkts zu verbessern, hat eine aufstrebende Kombucha-Marke, einer unserer Kunden, einen gro\u00dfen Erfolg erzielt. Die Erfolgsrate der Nachg\u00e4rung stieg dank des besonders dichten Verschlusses um 30 %, wodurch die Anzahl der G\u00e4rungsausf\u00e4lle deutlich reduziert wurde. Da die Flasche aus transparentem Glas besteht, k\u00f6nnen Kunden die Produktqualit\u00e4t anhand der leuchtenden Farbe und der Bl\u00e4schen des Kombuchas direkt beurteilen \u2013 ein hervorragendes Marketinginstrument im Regal. Dadurch stieg der Einzelhandelsumsatz um 22 %. Die Marke war sehr zufrieden und bestellte f\u00fcr die n\u00e4chste Vertriebsphase \u00fcber 400.000 Flaschen.<\/p>\n<h2>Optionen f\u00fcr individuell gestaltete Klappverschlussflaschen<\/h2>\n<ul>\n<li>Glasf\u00e4rbung \u2013 Sch\u00fctzen Sie Getr\u00e4nke, die negativ auf Licht reagieren, wie Bier oder Kombucha, indem Sie sie in ein bernsteinfarbenes oder gr\u00fcnes Glas stellen.<\/li>\n<li>Matt-Finish \u2013 Die Flaschenoberfl\u00e4che ist mit einem matten, frostigen Finish versehen, wodurch sie griffig und gleichzeitig luxuri\u00f6s wirkt.<\/li>\n<li>Verbesserte Silikondichtung \u2013 Wer mehr Haltbarkeit und einfachere Reinigung w\u00fcnscht, kann auf hochwertige Silikondichtungen zur\u00fcckgreifen.<\/li>\n<li>Halsband-Branding \u2013 Das Anbringen eines Markenlogo-Rings am Hals ist eine subtile, aber effektive Art der Werbung.<\/li>\n<\/ul>","protected":false},"excerpt":{"rendered":"<p>Glasflaschen mit B\u00fcgelverschluss, speziell f\u00fcr die Fermentation entwickelt. Unsere B\u00fcgelverschlussflaschen f\u00fcr Kombucha sind luftdicht, langlebig und werden schnell geliefert.<\/p>","protected":false},"featured_media":3608,"template":"","meta":{"postBodyCss":"","postBodyMargin":[],"postBodyPadding":[],"postBodyBackground":{"backgroundType":"classic","gradient":""}},"product_brand":[],"product_cat":[15,16,56],"product_tag":[79,72,78],"class_list":{"0":"post-3603","1":"product","2":"type-product","3":"status-publish","4":"has-post-thumbnail","6":"product_cat-glass-containers","7":"product_cat-glass-bottles","8":"product_cat-flip-top-bottles","9":"product_tag-beer-bottles","10":"product_tag-juice-bottles","11":"product_tag-water-bottles","13":"first","14":"instock","15":"shipping-taxable","16":"product-type-simple"},"jetpack_sharing_enabled":true,"_links":{"self":[{"href":"https:\/\/minghanggroup.com\/de\/wp-json\/wp\/v2\/product\/3603","targetHints":{"allow":["GET"]}}],"collection":[{"href":"https:\/\/minghanggroup.com\/de\/wp-json\/wp\/v2\/product"}],"about":[{"href":"https:\/\/minghanggroup.com\/de\/wp-json\/wp\/v2\/types\/product"}],"wp:featuredmedia":[{"embeddable":true,"href":"https:\/\/minghanggroup.com\/de\/wp-json\/wp\/v2\/media\/3608"}],"wp:attachment":[{"href":"https:\/\/minghanggroup.com\/de\/wp-json\/wp\/v2\/media?parent=3603"}],"wp:term":[{"taxonomy":"product_brand","embeddable":true,"href":"https:\/\/minghanggroup.com\/de\/wp-json\/wp\/v2\/product_brand?post=3603"},{"taxonomy":"product_cat","embeddable":true,"href":"https:\/\/minghanggroup.com\/de\/wp-json\/wp\/v2\/product_cat?post=3603"},{"taxonomy":"product_tag","embeddable":true,"href":"https:\/\/minghanggroup.com\/de\/wp-json\/wp\/v2\/product_tag?post=3603"}],"curies":[{"name":"wp","href":"https:\/\/api.w.org\/{rel}","templated":true}]}}