{"id":3594,"date":"2025-11-21T11:59:12","date_gmt":"2025-11-21T03:59:12","guid":{"rendered":"https:\/\/minghanggroup.com\/?post_type=product&#038;p=3594"},"modified":"2026-01-20T13:59:06","modified_gmt":"2026-01-20T05:59:06","slug":"custom-pickle-jar-storage-bulk-supply","status":"publish","type":"product","link":"https:\/\/minghanggroup.com\/de\/produkt\/custom-pickle-jar-storage-bulk-supply\/","title":{"rendered":"Gro\u00dfpackung f\u00fcr individuell bef\u00fcllte Gurkengl\u00e4ser, 280 ml \u2013 630 ml"},"content":{"rendered":"<p>Schluss mit langweiligen Gl\u00e4sern, die Ihre Marke billig wirken lassen! Wir fertigen hochwertige Doppelohr-Gl\u00e4ser f\u00fcr Essiggurken, die Ihre Lebensmittelverpackung in eine stilvolle und funktionale L\u00f6sung verwandeln und gleichzeitig Ihr eingelegtes Gem\u00fcse frisch halten. Diese Gl\u00e4ser sind mehr als nur Gl\u00e4ser \u2013 sie sind die neue Geheimwaffe Ihrer Marke f\u00fcr die Aufbewahrung von Essiggurken.<\/p>\n<h2>Produktmerkmale<\/h2>\n<ol>\n<li><strong>Klassisches Doppelgriff-Design:<\/strong>Das bekannte Doppelgriff-Design unserer Marke sorgt f\u00fcr angenehmen Tragekomfort, w\u00e4hrend der Retro-Look die Attraktivit\u00e4t der Marke erh\u00f6ht und somit Ihre Anforderungen an die Aufbewahrung von Einmachgl\u00e4sern erf\u00fcllt.<\/li>\n<li><strong>Hochpr\u00e4zise Gewindekappe f\u00fcr den Hals:<\/strong>Dadurch kann die hochpr\u00e4zise Gewindekappe am Hals problemlos von einer Metallkappe in eine Kunststoffkappe oder umgekehrt umgewandelt werden, und je nach Kundenwunsch kann eine auslaufsichere Dichtung ausgew\u00e4hlt werden.<\/li>\n<li><strong>Rutschfeste Unterseite:<\/strong>Die Unterseite mit rutschfestem Muster hilft dem Benutzer, das Produkt w\u00e4hrend des Reinigungs- und Bef\u00fcllvorgangs festzuhalten, daher eignet es sich besser f\u00fcr gro\u00dftechnische Fabrikabl\u00e4ufe.<\/li>\n<\/ol>\n<h2>Wichtigste Spezifikationen<\/h2>\n<table style=\"border-collapse: collapse; width: 80%; margin-left: auto; margin-right: auto;\" border=\"0\" width=\"216\" cellspacing=\"0\" cellpadding=\"0\">\n<tbody>\n<tr style=\"height: 13.50pt;\">\n<td style=\"height: 13.5pt; width: 54pt; text-align: center;\" width=\"72\" height=\"18\">Fassungsverm\u00f6gen (ml)<\/td>\n<td style=\"width: 54pt; text-align: center;\" width=\"72\">Gr\u00f6\u00dfe (cm)<\/td>\n<td style=\"width: 54pt; text-align: center;\" width=\"72\">Anpassungsoptionen<\/td>\n<\/tr>\n<tr style=\"height: 13.50pt;\">\n<td style=\"height: 13.5pt; text-align: center;\" align=\"right\" height=\"18\">280<\/td>\n<td style=\"text-align: center;\">7.8 * 8.8<\/td>\n<td class=\"et2\" style=\"text-align: center;\" rowspan=\"4\">Logo, Deckel, Farbe, Etikett, Gr\u00f6\u00dfe<\/td>\n<\/tr>\n<tr style=\"height: 13.50pt;\">\n<td style=\"height: 13.5pt; text-align: center;\" align=\"right\" height=\"18\">350<\/td>\n<td style=\"text-align: center;\">8.8 * 9.5<\/td>\n<\/tr>\n<tr style=\"height: 13.50pt;\">\n<td style=\"height: 13.5pt; text-align: center;\" align=\"right\" height=\"18\">500<\/td>\n<td style=\"text-align: center;\">9.9 * 10.0<\/td>\n<\/tr>\n<tr style=\"height: 13.50pt;\">\n<td style=\"height: 13.5pt; text-align: center;\" align=\"right\" height=\"18\">630<\/td>\n<td style=\"text-align: center;\">10.4 * 10.7<\/td>\n<\/tr>\n<\/tbody>\n<\/table>\n<h2>Erfolgsbeispiel<\/h2>\n<p>Als eine westkanadische Marke f\u00fcr eingelegte Lebensmittel eine Premiumlinie einf\u00fchren wollte, entschied sie sich f\u00fcr unsere Glas-Gurkengl\u00e4ser, um ihre Verpackung aufzuwerten. Dank des d\u00fcnneren und transparenteren Glases wirken ihre Paprika und Gurken im Regal frischer und ansprechender. Zus\u00e4tzlich haben wir das Gewinde an den Flaschenh\u00e4lsen so angepasst, dass es mit ihrer automatisierten Abf\u00fcllanlage kompatibel ist und somit Verstopfungen bei der Hochgeschwindigkeitsproduktion nahezu vollst\u00e4ndig verhindert.<\/p>\n<p>Nach der Markteinf\u00fchrung erhielt die Marke einen prominenteren Platz in den Supermarktregalen, und der Absatz des neuen Produkts stieg im ersten Quartal um etwa 28 %.<\/p>\n<h2>Ihre Anpassungstipps<\/h2>\n<p>Wenn Sie m\u00f6chten, k\u00f6nnen Sie ein Gurkenglas durch eine markentypische Gestaltung wie eine Marke aussehen lassen. Beispielsweise k\u00f6nnen Sie die Lichtdurchl\u00e4ssigkeit des Glases an die Farbe der Gurken anpassen, sodass der Inhalt leuchtender wirkt. Auch der Deckel l\u00e4sst sich in verschiedenen Materialien und Farben gestalten \u2013 von korrosionsbest\u00e4ndigem Metall bis hin zu weichem, mattem Kunststoff. Kombiniert mit einer Dichtung, die sich f\u00fcr automatische Abf\u00fcllanlagen eignet, wird die Verpackung nicht nur optisch ansprechend, sondern auch die Produktion effizienter.<\/p>","protected":false},"excerpt":{"rendered":"<p>Gurkengl\u00e4ser zur Aufbewahrung von eingelegten Lebensmitteln. Erh\u00e4ltlich als Gro\u00dfpackung Gurkengl\u00e4ser direkt vom Hersteller zu g\u00fcnstigen Preisen, mit schneller Lieferung und flexiblen Anpassungsm\u00f6glichkeiten.<\/p>","protected":false},"featured_media":3595,"template":"","meta":{"postBodyCss":"","postBodyMargin":[],"postBodyPadding":[],"postBodyBackground":{"backgroundType":"classic","gradient":""}},"product_brand":[],"product_cat":[15,17,55],"product_tag":[65,71],"class_list":{"0":"post-3594","1":"product","2":"type-product","3":"status-publish","4":"has-post-thumbnail","6":"product_cat-glass-containers","7":"product_cat-glass-jars","8":"product_cat-pickle-jars","9":"product_tag-glass-jam-jars","10":"product_tag-honey-jars","12":"first","13":"instock","14":"shipping-taxable","15":"product-type-simple"},"jetpack_sharing_enabled":true,"_links":{"self":[{"href":"https:\/\/minghanggroup.com\/de\/wp-json\/wp\/v2\/product\/3594","targetHints":{"allow":["GET"]}}],"collection":[{"href":"https:\/\/minghanggroup.com\/de\/wp-json\/wp\/v2\/product"}],"about":[{"href":"https:\/\/minghanggroup.com\/de\/wp-json\/wp\/v2\/types\/product"}],"wp:featuredmedia":[{"embeddable":true,"href":"https:\/\/minghanggroup.com\/de\/wp-json\/wp\/v2\/media\/3595"}],"wp:attachment":[{"href":"https:\/\/minghanggroup.com\/de\/wp-json\/wp\/v2\/media?parent=3594"}],"wp:term":[{"taxonomy":"product_brand","embeddable":true,"href":"https:\/\/minghanggroup.com\/de\/wp-json\/wp\/v2\/product_brand?post=3594"},{"taxonomy":"product_cat","embeddable":true,"href":"https:\/\/minghanggroup.com\/de\/wp-json\/wp\/v2\/product_cat?post=3594"},{"taxonomy":"product_tag","embeddable":true,"href":"https:\/\/minghanggroup.com\/de\/wp-json\/wp\/v2\/product_tag?post=3594"}],"curies":[{"name":"wp","href":"https:\/\/api.w.org\/{rel}","templated":true}]}}