{"id":3592,"date":"2025-11-21T09:57:58","date_gmt":"2025-11-21T01:57:58","guid":{"rendered":"https:\/\/minghanggroup.com\/?post_type=product&#038;p=3592"},"modified":"2026-01-20T14:03:49","modified_gmt":"2026-01-20T06:03:49","slug":"empty-brown-swing-top-bottles-wholesale","status":"publish","type":"product","link":"https:\/\/minghanggroup.com\/de\/produkt\/empty-brown-swing-top-bottles-wholesale\/","title":{"rendered":"485ml leere braune B\u00fcgelverschlussflaschen im Gro\u00dfhandel"},"content":{"rendered":"<p>Braune B\u00fcgelverschlussflaschen aus dunkelbraunem Glas haben eine schlanke, l\u00e4ngliche Form und einen Metall-Schnappverschluss und sind daher die beste Wahl zur Aufbewahrung von Craft-Bier, selbstgebrautem Bier oder anderen Spezialgetr\u00e4nken.<\/p>\n<h2>Produktmerkmale<\/h2>\n<ul>\n<li><strong>Braunes Glasmaterial:<\/strong> Eine der wichtigsten Funktionen von braunem Glas ist der vollst\u00e4ndige Schutz des darin befindlichen Produkts (wie Bier oder So\u00dfen) vor der sch\u00e4dlichen Wirkung des Lichts und gleichzeitig verleiht es dem Produkt ein altmodisches Aussehen.<\/li>\n<li><strong>L\u00e4ngliche Flaschenform:<\/strong> Dank des attraktiven, schlanken Designs l\u00e4sst es sich sehr bequem transportieren und aufbewahren \u2013 die perfekte Wahl f\u00fcr das Heimbrauen und die Getr\u00e4nkeaufbewahrung.<\/li>\n<li><strong>Schnappverschluss-Dichtungsdesign:<\/strong> Ausgestattet mit einem rot-wei\u00dfen Metall-Schnappverschluss, bietet es eine hervorragende Abdichtung, h\u00e4lt den Inhalt lange frisch und ist sehr einfach von Hand zu bedienen.<\/li>\n<\/ul>\n<h2 style=\"text-align: left;\">Wichtigste Spezifikationen<\/h2>\n<table class=\"aligncenter\" style=\"border-collapse: collapse; width: 426.02pt;\" border=\"0\" width=\"568\" cellspacing=\"0\" cellpadding=\"0\">\n<tbody>\n<tr style=\"height: 13.50pt;\">\n<td style=\"height: 13.50pt; width: 105.75pt;\" width=\"141\" height=\"18\">Besonderheit<\/td>\n<td style=\"width: 320.25pt;\" width=\"427\">Details<\/td>\n<\/tr>\n<tr style=\"height: 13.50pt;\">\n<td style=\"height: 13.50pt;\" height=\"18\">Kapazit\u00e4t<\/td>\n<td>485 ml (16,4 oz)<\/td>\n<\/tr>\n<tr style=\"height: 13.50pt;\">\n<td style=\"height: 13.50pt;\" height=\"18\">Abmessungen<\/td>\n<td>7,75 cm Durchmesser \u00d7 22,3 cm H\u00f6he<\/td>\n<\/tr>\n<tr style=\"height: 13.50pt;\">\n<td style=\"height: 13.50pt;\" height=\"18\">Material<\/td>\n<td>Bernsteinfarbenes (braunes) Natronkalkglas<\/td>\n<\/tr>\n<tr style=\"height: 13.50pt;\">\n<td style=\"height: 13.50pt;\" height=\"18\">Geeignet f\u00fcr<\/td>\n<td>B\u00fcgelverschlussflaschen im Gro\u00dfhandel, Glasflaschen mit Klappverschluss<\/td>\n<\/tr>\n<\/tbody>\n<\/table>\n<h2>Erfolgsgeschichte: Eine L\u00f6sung f\u00fcr eine Craft-Brauerei<\/h2>\n<p>Eine handwerkliche Brauerei suchte nach einer Flasche, die den Geruch ihres IPA-Biers im Laden neutralisieren sollte. Die Wahl fiel schlie\u00dflich auf die 485-ml-B\u00fcgelverschlussflaschen unseres Unternehmens. Der UV-Schutz \u00fcberzeugte die Kunden sofort, sodass es keinerlei Beschwerden \u00fcber den Geruch gab. Die erreichte Luftdichtigkeit verl\u00e4ngerte die Haltbarkeit des Produkts um 25 %. Zus\u00e4tzlich f\u00fchrte das hochwertige und ansprechende Erscheinungsbild der Flasche zu einem Anstieg der Spontank\u00e4ufe um 12 %. Aufgrund dieses positiven Effekts bestellte die Brauerei \u00fcber 500.000 Flaschen nach, um ihr gesamtes Kernsortiment abzudecken.<\/p>\n<h2>Verzieren Sie Flaschen mit Schraubverschluss, um Ihre Marke zu repr\u00e4sentieren<\/h2>\n<ul>\n<li><strong>Benutzerdefinierte Farben:<\/strong> Der Farbton des braunen Glases kann individuell angepasst werden, von hellem Bernstein bis zu einem tiefen Braunton.<\/li>\n<li><strong>Markenlogo mittels S\u00e4ure\u00e4tzung:<\/strong> Personalisieren Sie Ihre Marke mit einem eleganten, permanenten, mattierten Logo auf dem Glas \u2013 ein trendiges und hochwertiges Statement.<\/li>\n<li><strong>Keramiksiebdruck:<\/strong> Wir produzieren robuste, farbcodierte Logos, die waschbest\u00e4ndig und strapazierf\u00e4hig sind \u2013 ideal f\u00fcr die Gestaltung leuchtender Designs.<\/li>\n<li><strong>Korkfarboptionen:<\/strong> Erh\u00e4ltlich in einer Vielzahl von Farben (zum Beispiel Schwarz oder Beige) f\u00fcr Keramikkorken, die Ihre Marke dezent bewerben.<\/li>\n<\/ul>\n<p>Falls Sie B\u00fcgelverschlussflaschen im Gro\u00dfhandel ben\u00f6tigen, z\u00f6gern Sie nicht, uns bez\u00fcglich dieser 485-ml-B\u00fcgelverschlussflasche zu kontaktieren, um den besten Preis zu erhalten.<\/p>","protected":false},"excerpt":{"rendered":"<p>Robuste B\u00fcgelverschlussflaschen im Gro\u00dfhandel, braune B\u00fcgelverschlussflaschen, ideal f\u00fcr Getr\u00e4nke, Saucen und Fermentationsprodukte. Profitieren Sie von exklusiven Gro\u00dfhandelsangeboten bei gr\u00f6\u00dferen Bestellmengen.<\/p>","protected":false},"featured_media":3597,"template":"","meta":{"postBodyCss":"","postBodyMargin":[],"postBodyPadding":[],"postBodyBackground":{"backgroundType":"classic","gradient":""}},"product_brand":[],"product_cat":[15,16,56],"product_tag":[79,72,78],"class_list":{"0":"post-3592","1":"product","2":"type-product","3":"status-publish","4":"has-post-thumbnail","6":"product_cat-glass-containers","7":"product_cat-glass-bottles","8":"product_cat-flip-top-bottles","9":"product_tag-beer-bottles","10":"product_tag-juice-bottles","11":"product_tag-water-bottles","13":"first","14":"instock","15":"shipping-taxable","16":"product-type-simple"},"jetpack_sharing_enabled":true,"_links":{"self":[{"href":"https:\/\/minghanggroup.com\/de\/wp-json\/wp\/v2\/product\/3592","targetHints":{"allow":["GET"]}}],"collection":[{"href":"https:\/\/minghanggroup.com\/de\/wp-json\/wp\/v2\/product"}],"about":[{"href":"https:\/\/minghanggroup.com\/de\/wp-json\/wp\/v2\/types\/product"}],"wp:featuredmedia":[{"embeddable":true,"href":"https:\/\/minghanggroup.com\/de\/wp-json\/wp\/v2\/media\/3597"}],"wp:attachment":[{"href":"https:\/\/minghanggroup.com\/de\/wp-json\/wp\/v2\/media?parent=3592"}],"wp:term":[{"taxonomy":"product_brand","embeddable":true,"href":"https:\/\/minghanggroup.com\/de\/wp-json\/wp\/v2\/product_brand?post=3592"},{"taxonomy":"product_cat","embeddable":true,"href":"https:\/\/minghanggroup.com\/de\/wp-json\/wp\/v2\/product_cat?post=3592"},{"taxonomy":"product_tag","embeddable":true,"href":"https:\/\/minghanggroup.com\/de\/wp-json\/wp\/v2\/product_tag?post=3592"}],"curies":[{"name":"wp","href":"https:\/\/api.w.org\/{rel}","templated":true}]}}