{"id":3581,"date":"2025-11-20T16:42:54","date_gmt":"2025-11-20T08:42:54","guid":{"rendered":"https:\/\/minghanggroup.com\/?post_type=product&#038;p=3581"},"modified":"2026-01-20T14:04:03","modified_gmt":"2026-01-20T06:04:03","slug":"bulk-vertical-stripes-empty-fermentation-bottles","status":"publish","type":"product","link":"https:\/\/minghanggroup.com\/de\/produkt\/bulk-vertical-stripes-empty-fermentation-bottles\/","title":{"rendered":"Leere G\u00e4rflaschen mit vertikalen Streifen, 16 oz und 32 oz, in gro\u00dfen Mengen"},"content":{"rendered":"<p>Diese G\u00e4rflaschen aus Klarglas bestechen durch ein stilvolles, vertikales Streifenmuster und sind mit orangefarbenen, per Schnappverschluss gesicherten Verschl\u00fcssen versehen. Sie sind in zwei verschiedenen Gr\u00f6\u00dfen erh\u00e4ltlich.<\/p>\n<h2>Produktmerkmale<\/h2>\n<ul>\n<li><strong>Design mit vertikalen Streifen:<\/strong> Das Design mit den vertikalen Streifen versch\u00f6nert nicht nur die Marke des Produkts und erh\u00f6ht dessen Wiedererkennungswert, sondern verbessert auch die Griffigkeit des Produkts.<\/li>\n<li><strong>Schnappverschluss-Dichtungsdesign:<\/strong> Der orangefarbene Schnappverschluss der Flasche ist mit Metallschnappverschl\u00fcssen gesichert, die eine optimale Abdichtung gew\u00e4hrleisten und somit die Frische der Fl\u00fcssigkeit im Inneren effizient erhalten. Die Flasche l\u00e4sst sich zudem benutzerfreundlich \u00f6ffnen und schlie\u00dfen.<\/li>\n<li><strong>Zwei Gr\u00f6\u00dfen erh\u00e4ltlich:<\/strong> Es sind zwei Gr\u00f6\u00dfen erh\u00e4ltlich, um verschiedenen Aufbewahrungsanforderungen gerecht zu werden und eignen sich gut zur Aufbewahrung verschiedener Arten von Fl\u00fcssigkeiten wie S\u00e4ften und Getr\u00e4nken.<\/li>\n<\/ul>\n<h2 style=\"text-align: left;\">Wichtigste Spezifikationen<\/h2>\n<table class=\"aligncenter\" style=\"border-collapse: collapse; width: 528.77pt;\" border=\"0\" width=\"705\" cellspacing=\"0\" cellpadding=\"0\">\n<tbody>\n<tr style=\"height: 13.50pt;\">\n<td style=\"height: 13.50pt; width: 168.00pt;\" width=\"224\" height=\"18\">Besonderheit<\/td>\n<td style=\"width: 360.75pt;\" width=\"481\">Details<\/td>\n<\/tr>\n<tr style=\"height: 13.50pt;\">\n<td style=\"height: 13.50pt;\" height=\"18\">Kapazit\u00e4t und Abmessungen<\/td>\n<td>500 ml (16 oz) 7 cm \u00d7 26,6 cm \/ 1000 ml (34 oz) 8,5 cm \u00d7 31,5 cm<\/td>\n<\/tr>\n<tr style=\"height: 13.50pt;\">\n<td style=\"height: 13.50pt;\" height=\"18\">Glasart<\/td>\n<td>Klares Natronkalkglas mit vertikaler Rippenstruktur<\/td>\n<\/tr>\n<tr style=\"height: 13.50pt;\">\n<td style=\"height: 13.50pt;\" height=\"18\">Ideal f\u00fcr<\/td>\n<td>G\u00e4rflaschen, B\u00fcgelverschlussflaschen<\/td>\n<\/tr>\n<\/tbody>\n<\/table>\n<h2>Erfolgsgeschichte: Expansion eines Kombucha-Unternehmens<\/h2>\n<p>Ein Kombucha-Hersteller, der monatlich wechselnde Produkte anbietet, ben\u00f6tigte innerhalb k\u00fcrzester Zeit dringend zuverl\u00e4ssige G\u00e4rflaschen und entschied sich daher f\u00fcr unsere 1000-ml-Schraubverschlussflaschen f\u00fcr die Prim\u00e4r- und Sekund\u00e4rg\u00e4rung. Der wichtigste Vorteil ist zweifellos der druckfeste Verschluss, der den durch Undichtigkeiten verursachten Chargenverlust um 20 % reduziert und somit die Sicherheit des verschlossenen Produkts gew\u00e4hrleistet. Das Design mit vertikalen Streifen verringert die Unfallgefahr in der Produktion um 15 %, da die Flaschen f\u00fcr die Mitarbeiter besser zu greifen sind. Der Kunde ist \u00e4u\u00dferst zufrieden mit dem Produkt und hat k\u00fcrzlich weitere 300.000 Flaschen bestellt, um die Markteinf\u00fchrung in seinen wichtigsten Vertriebskan\u00e4len zu unterst\u00fctzen.<\/p>\n<h2>Erstellung Ihrer individuellen G\u00e4rflasche<\/h2>\n<ul>\n<li><strong>Farbe des Glases:<\/strong> Falls Sie lichtempfindliche Produkte (Bier oder Wein) fermentieren und diese vor UV-Strahlen sch\u00fctzen m\u00f6chten, greifen Sie zu bernsteinfarbenem Glas.<\/li>\n<li><strong>S\u00e4ure\u00e4tzmarkierung:<\/strong> Erzielen Sie einen trendigen, langlebigen und hochwertigen Eindruck, indem Sie das Glas mit S\u00e4ure \u00e4tzen und so eine dauerhafte, rutschfeste, mattierte Fl\u00e4che schaffen.<\/li>\n<li><strong>Nackenpr\u00e4gung:<\/strong> Pr\u00e4gen Sie kleine Chargennummern oder Kapazit\u00e4tsangaben auf den Hals, um ihm einen professionellen und funktionalen Stil zu verleihen.<\/li>\n<li><strong>Mattes Finish:<\/strong> Durch das Auftragen einer matten Oberfl\u00e4che auf das gesamte Glas entsteht eine unverwechselbare, weiche Textur, die sich vom Rest unterscheidet.<\/li>\n<\/ul>","protected":false},"excerpt":{"rendered":"<p>Hochwertige G\u00e4rflaschen mit vertikalem Streifenmuster und sicherem B\u00fcgelverschluss. Jetzt erh\u00e4ltlich mit schnellem weltweitem Versand.<\/p>","protected":false},"featured_media":3584,"template":"","meta":{"postBodyCss":"","postBodyMargin":[],"postBodyPadding":[],"postBodyBackground":{"backgroundType":"classic","gradient":""}},"product_brand":[],"product_cat":[15,16,56],"product_tag":[72,78],"class_list":{"0":"post-3581","1":"product","2":"type-product","3":"status-publish","4":"has-post-thumbnail","6":"product_cat-glass-containers","7":"product_cat-glass-bottles","8":"product_cat-flip-top-bottles","9":"product_tag-juice-bottles","10":"product_tag-water-bottles","12":"first","13":"instock","14":"shipping-taxable","15":"product-type-simple"},"jetpack_sharing_enabled":true,"_links":{"self":[{"href":"https:\/\/minghanggroup.com\/de\/wp-json\/wp\/v2\/product\/3581","targetHints":{"allow":["GET"]}}],"collection":[{"href":"https:\/\/minghanggroup.com\/de\/wp-json\/wp\/v2\/product"}],"about":[{"href":"https:\/\/minghanggroup.com\/de\/wp-json\/wp\/v2\/types\/product"}],"wp:featuredmedia":[{"embeddable":true,"href":"https:\/\/minghanggroup.com\/de\/wp-json\/wp\/v2\/media\/3584"}],"wp:attachment":[{"href":"https:\/\/minghanggroup.com\/de\/wp-json\/wp\/v2\/media?parent=3581"}],"wp:term":[{"taxonomy":"product_brand","embeddable":true,"href":"https:\/\/minghanggroup.com\/de\/wp-json\/wp\/v2\/product_brand?post=3581"},{"taxonomy":"product_cat","embeddable":true,"href":"https:\/\/minghanggroup.com\/de\/wp-json\/wp\/v2\/product_cat?post=3581"},{"taxonomy":"product_tag","embeddable":true,"href":"https:\/\/minghanggroup.com\/de\/wp-json\/wp\/v2\/product_tag?post=3581"}],"curies":[{"name":"wp","href":"https:\/\/api.w.org\/{rel}","templated":true}]}}