{"id":3575,"date":"2025-11-20T16:53:06","date_gmt":"2025-11-20T08:53:06","guid":{"rendered":"https:\/\/minghanggroup.com\/?post_type=product&#038;p=3575"},"modified":"2025-11-20T16:53:06","modified_gmt":"2025-11-20T08:53:06","slug":"wide-mouth-storage-jar-for-pickles-bulk","status":"publish","type":"product","link":"https:\/\/minghanggroup.com\/de\/produkt\/wide-mouth-storage-jar-for-pickles-bulk\/","title":{"rendered":"80 ml \u2013 200 ml Weithals-Vorratsglas f\u00fcr eingelegtes Gem\u00fcse (lose)"},"content":{"rendered":"<p>Verschwenden Sie kein Geld mehr f\u00fcr langweilige Verpackungen, die den Wert Ihrer Marke mindern. Unsere stilvollen und funktionalen Vorratsgl\u00e4ser bestehen aus hochwertigen Doppelohrgl\u00e4sern f\u00fcr Essiggurken. Sie halten Ihre Gurken nicht nur frisch, sondern werten Ihre Lebensmittelaufbewahrung auch optisch auf. Diese Gl\u00e4ser sind mehr als nur Beh\u00e4lter \u2013 sie sind die neue, unwiderstehliche Waffe Ihrer Marke f\u00fcr ansprechende Lebensmittelverpackungen.<\/p>\n<h2>Produktmerkmale<\/h2>\n<ol>\n<li><strong>Klassisches Doppelohr-Design:<\/strong>Unser typisches Doppelohr-Design zeichnet sich durch eine besonders einfache Handhabung des Glases und ein klassisches Aussehen aus, was dazu beitr\u00e4gt, Ihre Marke attraktiver zu machen.<\/li>\n<li><strong>Kristallklare Klarheit:<\/strong>Transparentes Glas ist ein idealer Beh\u00e4lter f\u00fcr eingelegtes Gem\u00fcse, da dessen leuchtende Farbe von au\u00dfen auf einen Blick erkennbar ist.<\/li>\n<li><strong>Sicherer Metalldeckel:<\/strong>Der leuchtend rote Metalldeckel mit luftdichtem Verschluss h\u00e4lt die frisch eingelegten Gurken frisch und schmackhaft, sodass Sie unbesorgt einkochen und einlegen k\u00f6nnen.<\/li>\n<\/ol>\n<h2>Wichtigste Spezifikationen<\/h2>\n<table style=\"border-collapse: collapse; width: 80%; margin-left: auto; margin-right: auto;\" border=\"0\" width=\"216\" cellspacing=\"0\" cellpadding=\"0\">\n<tbody>\n<tr style=\"height: 13.50pt;\">\n<td style=\"height: 13.5pt; width: 54pt; text-align: center;\" width=\"72\" height=\"18\">Fassungsverm\u00f6gen (ml)<\/td>\n<td style=\"width: 54pt; text-align: center;\" width=\"72\">Gr\u00f6\u00dfe (cm)<\/td>\n<td style=\"width: 54pt; text-align: center;\" width=\"72\">Form<\/td>\n<\/tr>\n<tr style=\"height: 13.50pt;\">\n<td style=\"height: 13.5pt; text-align: center;\" align=\"right\" height=\"18\">80<\/td>\n<td style=\"text-align: center;\">6,9 x 4,4<\/td>\n<td class=\"et2\" style=\"text-align: center;\" rowspan=\"4\">Runden<\/td>\n<\/tr>\n<tr style=\"height: 13.50pt;\">\n<td style=\"height: 13.5pt; text-align: center;\" align=\"right\" height=\"18\">100<\/td>\n<td style=\"text-align: center;\">7,6 x 4,6<\/td>\n<\/tr>\n<tr style=\"height: 13.50pt;\">\n<td style=\"height: 13.5pt; text-align: center;\" align=\"right\" height=\"18\">150<\/td>\n<td style=\"text-align: center;\">8,0 x 5,4<\/td>\n<\/tr>\n<tr style=\"height: 13.50pt;\">\n<td style=\"height: 13.5pt; text-align: center;\" align=\"right\" height=\"18\">200<\/td>\n<td style=\"text-align: center;\">8,9 x 5,5<\/td>\n<\/tr>\n<\/tbody>\n<\/table>\n<h2>Erfolgsbeispiel<\/h2>\n<p>Eine beliebte Lebensmittelmarke in Argentinien verpackte ihre Produkte in schlichten Plastikverpackungen ohne dichten Verschluss, was zu einer geringen Wiederkaufsrate f\u00fchrte. Sie wandten sich an uns, um dieses dickwandige Glas f\u00fcr eingelegtes Gem\u00fcse zu entwickeln. Das transparente Glas pr\u00e4sentiert die Produkte, wie zum Beispiel Chilischoten und gr\u00fcne Bohnen, optimal. Der rote, hitzebest\u00e4ndige Schraubverschluss und das gepr\u00e4gte Markenlogo machen das Produkt im Regal noch attraktiver.<\/p>\n<p>Nach drei Monaten seit der Markteinf\u00fchrung sind die Verk\u00e4ufe ihrer eingelegten Produkte um \u200b\u200d\u200b\u200c\u200d\u200b\u200d\u200c\u200b\u200d\u200b\u200c\u200d\u200b\u200d\u200c28% gestiegen.<\/p>\n<h2>Ihre Anpassungstipps<\/h2>\n<p>Falls Sie mit diesem Gurkenglas Ihre Markenpositionierung auf die n\u00e4chste Stufe heben m\u00f6chten, k\u00f6nnen Sie sich auf Fassungsverm\u00f6gen, Wandst\u00e4rke und Transparenz des Glases konzentrieren. Je nach Produktfarbe l\u00e4sst sich eine helle oder eine dezente Glasvariante w\u00e4hlen. Um das Material aufzuwerten, kann ein personalisierter Metall- oder galvanisierter Verschluss verwendet werden. Zus\u00e4tzlich k\u00f6nnen Sie das Gurkenglas im Regal besser sichtbar machen, indem Sie spezielle Pr\u00e4gemuster an Schulter oder Boden anbringen. Dar\u00fcber hinaus lassen sich farbige Etiketten, explosionsgesch\u00fctzte Dichtungen oder Kombinationsverpackungen individuell gestalten, um ein stimmiges Gesamtbild zu erzielen, insbesondere f\u00fcr den E-Commerce oder Geschenkverpackungen.<\/p>","protected":false},"excerpt":{"rendered":"<p>Das Gurkenglas ist aus dickem, lebensmittelechtem Glas gefertigt. Dieses Gurkenglas eignet sich f\u00fcr Gro\u00dfbestellungen, Direktvertrieb ab Werk sowie individuell gestaltbare Deckel und Branding.<\/p>","protected":false},"featured_media":3576,"template":"","meta":{"postBodyCss":"","postBodyMargin":[],"postBodyPadding":[],"postBodyBackground":{"backgroundType":"classic","gradient":""}},"product_brand":[],"product_cat":[15,17,55],"product_tag":[],"class_list":{"0":"post-3575","1":"product","2":"type-product","3":"status-publish","4":"has-post-thumbnail","6":"product_cat-glass-containers","7":"product_cat-glass-jars","8":"product_cat-pickle-jars","10":"first","11":"instock","12":"shipping-taxable","13":"product-type-simple"},"jetpack_sharing_enabled":true,"_links":{"self":[{"href":"https:\/\/minghanggroup.com\/de\/wp-json\/wp\/v2\/product\/3575","targetHints":{"allow":["GET"]}}],"collection":[{"href":"https:\/\/minghanggroup.com\/de\/wp-json\/wp\/v2\/product"}],"about":[{"href":"https:\/\/minghanggroup.com\/de\/wp-json\/wp\/v2\/types\/product"}],"wp:featuredmedia":[{"embeddable":true,"href":"https:\/\/minghanggroup.com\/de\/wp-json\/wp\/v2\/media\/3576"}],"wp:attachment":[{"href":"https:\/\/minghanggroup.com\/de\/wp-json\/wp\/v2\/media?parent=3575"}],"wp:term":[{"taxonomy":"product_brand","embeddable":true,"href":"https:\/\/minghanggroup.com\/de\/wp-json\/wp\/v2\/product_brand?post=3575"},{"taxonomy":"product_cat","embeddable":true,"href":"https:\/\/minghanggroup.com\/de\/wp-json\/wp\/v2\/product_cat?post=3575"},{"taxonomy":"product_tag","embeddable":true,"href":"https:\/\/minghanggroup.com\/de\/wp-json\/wp\/v2\/product_tag?post=3575"}],"curies":[{"name":"wp","href":"https:\/\/api.w.org\/{rel}","templated":true}]}}