{"id":3574,"date":"2025-11-20T15:21:08","date_gmt":"2025-11-20T07:21:08","guid":{"rendered":"https:\/\/minghanggroup.com\/?post_type=product&#038;p=3574"},"modified":"2026-01-20T14:04:58","modified_gmt":"2026-01-20T06:04:58","slug":"bulk-clear-grolsch-beer-bottle-with-flip-top","status":"publish","type":"product","link":"https:\/\/minghanggroup.com\/de\/produkt\/bulk-clear-grolsch-beer-bottle-with-flip-top\/","title":{"rendered":"Gro\u00dfpackung 500-ml-Klarglasflasche Grolsch mit B\u00fcgelverschluss"},"content":{"rendered":"<p>Diese Grolsch-Bierflasche aus Klarglas mit dem typischen Metall-Schnappverschluss ist das perfekte Geschenk f\u00fcr jeden Craft-Beer-Liebhaber, jeden Hersteller hausgemachter Getr\u00e4nke oder jeden K\u00fcchenutensilien-Fan.<\/p>\n<h2>Produktmerkmale<\/h2>\n<ul>\n<li><strong>Klarglasmaterial:<\/strong> Das optisch transparente Glas erm\u00f6glicht einen direkten Blick auf die Farbe und den F\u00fcllstand des Inhalts und erleichtert so das Erkennen und Kontrollieren der Fl\u00fcssigkeit.<\/li>\n<li><strong>Schnappverschluss-Dichtungsdesign:<\/strong> Das Metall-Schnappverschluss- und Kappensystem ist sehr einfach zu verstehen und zuverl\u00e4ssig \u2013 das Verschlie\u00dfen ist immer ohne Werkzeug m\u00f6glich.<\/li>\n<li><strong>Hochwertiger Silikon-Dichtungsring:<\/strong> Der dicke Dichtungsring h\u00e4lt den Druck w\u00e4hrend der G\u00e4rung aufrecht, ist wiederverwertbar und bleibt dabei weich.<\/li>\n<\/ul>\n<h2 style=\"text-align: left;\">Wichtigste Spezifikationen<\/h2>\n<table class=\"aligncenter\" style=\"border-collapse: collapse; width: 436.52pt;\" border=\"0\" width=\"582\" cellspacing=\"0\" cellpadding=\"0\">\n<tbody>\n<tr style=\"height: 13.50pt;\">\n<td style=\"height: 13.50pt; width: 142.50pt;\" width=\"190\" height=\"18\">Besonderheit<\/td>\n<td style=\"width: 294.00pt;\" width=\"392\">Details<\/td>\n<\/tr>\n<tr style=\"height: 13.50pt;\">\n<td style=\"height: 13.50pt;\" height=\"18\">Kapazit\u00e4t und Abmessungen<\/td>\n<td>500 ml (16 oz) 8,1 cm \u00d7 22,3 cm<\/td>\n<\/tr>\n<tr style=\"height: 13.50pt;\">\n<td style=\"height: 13.50pt;\" height=\"18\">Glasart<\/td>\n<td>Klares Natronkalkglas<\/td>\n<\/tr>\n<tr style=\"height: 13.50pt;\">\n<td style=\"height: 13.50pt;\" height=\"18\">Halslackierung<\/td>\n<td>Standard Grolsch kompatibel<\/td>\n<\/tr>\n<tr style=\"height: 13.50pt;\">\n<td style=\"height: 13.50pt;\" height=\"18\">Ideal f\u00fcr<\/td>\n<td>Grolsch-Bierflasche, Glasflaschen mit B\u00fcgelverschluss<\/td>\n<\/tr>\n<\/tbody>\n<\/table>\n<h2>Erfolgsgeschichte: Eine Craft-Limonadenmarke hat den Umschwung geschafft<\/h2>\n<p>Das kleine Limonadenunternehmen hatte mit ungleichm\u00e4\u00dfiger Kohlens\u00e4ure und einer unattraktiven Verpackung zu k\u00e4mpfen. Nach dem Wechsel zu unserer 500-ml-Grolsch-Flasche \u00e4nderte sich alles. Der absolut luftdichte Verschluss l\u00f6ste das Problem der fehlenden Kohlens\u00e4ure vollst\u00e4ndig. Die Glasflasche mit Schraubverschluss sah so gut aus, dass die Marke den Preis um 15 % erh\u00f6hen konnte, ohne Kunden zu verlieren. Dank der Stabilit\u00e4t der Flasche reduzierte sich der Bruch beim Abf\u00fcllprozess um 40 %. Durch die kreative Gestaltung konnte die Social-Media-Reichweite um \u00fcber 30 % gesteigert werden. Die Kunden teilten begeistert Fotos der Flaschen. Nach diesem Erfolg bestellte das Unternehmen 500.000 Flaschen, um eine neue Produktlinie einzuf\u00fchren.<\/p>\n<h2>Anpassungsvorschl\u00e4ge<\/h2>\n<p>Verabschieden Sie sich vom Gewohnten und kreieren Sie einzigartige Flaschen, die Ihre Pers\u00f6nlichkeit widerspiegeln. Ihre Flaschen k\u00f6nnen auf folgende Weise personalisiert werden:<\/p>\n<ul>\n<li><strong>Glast\u00f6nung:<\/strong> Falls es sich bei dem Getr\u00e4nk um eine Lichtquelle handelt, z. B. Bier oder Kombucha, verwenden Sie zum Schutz bernsteinfarbenes oder gr\u00fcnes Glas.<\/li>\n<li><strong>S\u00e4ure\u00e4tzung:<\/strong> Bringen Sie Ihre Markenidentit\u00e4t mit S\u00e4urepaste auf dem Glas an und erzielen Sie so einen dauerhaften, luxuri\u00f6sen, mattierten Look.<\/li>\n<li><strong>Halsetikett:<\/strong> Die in die Halsform gebohrten L\u00f6cher eignen sich perfekt f\u00fcr die Anbringung von individuellen Anh\u00e4ngern zur Kennzeichnung von Chargeninformationen oder des Brandings.<\/li>\n<\/ul>","protected":false},"excerpt":{"rendered":"<p>Klassische B\u00fcgelverschluss-Grolsch-Bierflasche aus kristallklarem Glas, ideal zum Brauen und Abf\u00fcllen, direkt vom Hersteller f\u00fcr bessere Preise.<\/p>","protected":false},"featured_media":3578,"template":"","meta":{"postBodyCss":"","postBodyMargin":[],"postBodyPadding":[],"postBodyBackground":{"backgroundType":"classic","gradient":""}},"product_brand":[],"product_cat":[15,16,56],"product_tag":[72,78],"class_list":{"0":"post-3574","1":"product","2":"type-product","3":"status-publish","4":"has-post-thumbnail","6":"product_cat-glass-containers","7":"product_cat-glass-bottles","8":"product_cat-flip-top-bottles","9":"product_tag-juice-bottles","10":"product_tag-water-bottles","12":"first","13":"instock","14":"shipping-taxable","15":"product-type-simple"},"jetpack_sharing_enabled":true,"_links":{"self":[{"href":"https:\/\/minghanggroup.com\/de\/wp-json\/wp\/v2\/product\/3574","targetHints":{"allow":["GET"]}}],"collection":[{"href":"https:\/\/minghanggroup.com\/de\/wp-json\/wp\/v2\/product"}],"about":[{"href":"https:\/\/minghanggroup.com\/de\/wp-json\/wp\/v2\/types\/product"}],"wp:featuredmedia":[{"embeddable":true,"href":"https:\/\/minghanggroup.com\/de\/wp-json\/wp\/v2\/media\/3578"}],"wp:attachment":[{"href":"https:\/\/minghanggroup.com\/de\/wp-json\/wp\/v2\/media?parent=3574"}],"wp:term":[{"taxonomy":"product_brand","embeddable":true,"href":"https:\/\/minghanggroup.com\/de\/wp-json\/wp\/v2\/product_brand?post=3574"},{"taxonomy":"product_cat","embeddable":true,"href":"https:\/\/minghanggroup.com\/de\/wp-json\/wp\/v2\/product_cat?post=3574"},{"taxonomy":"product_tag","embeddable":true,"href":"https:\/\/minghanggroup.com\/de\/wp-json\/wp\/v2\/product_tag?post=3574"}],"curies":[{"name":"wp","href":"https:\/\/api.w.org\/{rel}","templated":true}]}}