{"id":3556,"date":"2025-11-20T13:05:58","date_gmt":"2025-11-20T05:05:58","guid":{"rendered":"https:\/\/minghanggroup.com\/?post_type=product&#038;p=3556"},"modified":"2026-01-20T14:04:11","modified_gmt":"2026-01-20T06:04:11","slug":"bulk-empty-clear-glass-bottle-with-flip-tops","status":"publish","type":"product","link":"https:\/\/minghanggroup.com\/de\/produkt\/bulk-empty-clear-glass-bottle-with-flip-tops\/","title":{"rendered":"Gro\u00dfpackung leere 465-ml-Klarglasflaschen mit B\u00fcgelverschluss"},"content":{"rendered":"<p>Die Klarglasflasche verf\u00fcgt \u00fcber einen Klappverschluss, ein vertieftes Flaschenhalsdesign und einen Metall-Schnappverschluss. Neben einer guten Abdichtung besticht sie durch eine attraktive, moderne Verpackung.<\/p>\n<h2>Produktmerkmale<\/h2>\n<ul>\n<li><strong>Klarglasmaterial:<\/strong> Durch den transparenten Glask\u00f6rper lassen sich die Farbe der Fl\u00fcssigkeit und das verbleibende Volumen leicht erkennen, was sowohl die Identifizierung als auch die \u00dcberpr\u00fcfung erleichtert.<\/li>\n<li><strong>Vertieftes Karosseriedesign:<\/strong> Die vertiefte Formgebung versch\u00f6nert nicht nur das Produkt und macht es besser sichtbar, sondern sorgt auch f\u00fcr einen besseren Halt.<\/li>\n<li><strong>Schnappverschluss-Dichtungsdesign:<\/strong> Mit einem aufsteckbaren Metallverschluss gew\u00e4hrleistet es eine hervorragende Dichtigkeit und ein einfaches \u00d6ffnen und Schlie\u00dfen.<\/li>\n<\/ul>\n<h2 style=\"text-align: left;\">Wichtigste Spezifikationen<\/h2>\n<table class=\"aligncenter\" style=\"border-collapse: collapse; width: 370.52pt;\" border=\"0\" width=\"494\" cellspacing=\"0\" cellpadding=\"0\">\n<tbody>\n<tr style=\"height: 13.50pt;\">\n<td style=\"height: 13.50pt; width: 105.75pt;\" width=\"141\" height=\"18\">Specification<\/td>\n<td style=\"width: 264.75pt;\" width=\"353\">Detail<\/td>\n<\/tr>\n<tr style=\"height: 13.50pt;\">\n<td style=\"height: 13.50pt;\" height=\"18\">Kapazit\u00e4t<\/td>\n<td>465 ml<\/td>\n<\/tr>\n<tr style=\"height: 13.50pt;\">\n<td style=\"height: 13.50pt;\" height=\"18\">Abmessungen<\/td>\n<td>22,3 cm \u00d7 7,75 cm<\/td>\n<\/tr>\n<tr style=\"height: 13.50pt;\">\n<td style=\"height: 13.50pt;\" height=\"18\">Glasart<\/td>\n<td>Hochtransparentes, klares Natronkalkglas<\/td>\n<\/tr>\n<tr style=\"height: 13.50pt;\">\n<td style=\"height: 13.50pt;\" height=\"18\">Ideal f\u00fcr<\/td>\n<td>Flaschen mit B\u00fcgelverschluss<\/td>\n<\/tr>\n<\/tbody>\n<\/table>\n<h2>Erfolgsgeschichte<\/h2>\n<p>Es handelte sich um eine kleine Brauerei, die haupts\u00e4chlich Biere nach belgischer Art herstellte und ihre Marke durch eine hochwertige Verpackung positionieren wollte. Sie entschieden sich f\u00fcr 465-ml-Flaschen mit B\u00fcgelverschluss. Nach 120 Tagen ist der Verschluss immer noch sehr dicht, und nur 2 % der Kohlens\u00e4ure sind verloren gegangen. Durch die Verwendung der vertieften Flaschenform konnte das Personal an der Abf\u00fcllanlage die Anzahl der Unf\u00e4lle um 25 % reduzieren. Dar\u00fcber hinaus stellten sie fest, dass das ver\u00e4nderte Erscheinungsbild der Flaschen zu einem Umsatzplus von 15 % im Vergleich zu herk\u00f6mmlichen Flaschen gef\u00fchrt hatte. Der erfolgreiche Markteintritt veranlasste sie zu der Entscheidung, eine weitere Bestellung \u00fcber 300.000 Flaschen aufzugeben, um ihre Expansion in den neuen Markt zu erleichtern.<\/p>\n<h2>Anpassungsvorschl\u00e4ge<\/h2>\n<ul>\n<li><strong>Farbe des Dichtungsrings:<\/strong> Neben der \u00fcblichen roten Farbe gibt es auch andere Farboptionen f\u00fcr den Silikondichtungsring.<\/li>\n<li><strong>Glasfarbe:<\/strong> F\u00fcr lichtempfindliche Produkte wie Bier gibt es Glas in Bernstein- oder Gr\u00fcnfarbe.<\/li>\n<li><strong>Siebdruck:<\/strong> Die vollfarbigen Grafiken mit langer Haltbarkeit werden direkt auf die Glasoberfl\u00e4che gedruckt.<\/li>\n<li><strong>Matt-Effekt:<\/strong> Ein matter oder frostiger Effekt kann auf dem gesamten Glas oder auf Teilen davon erzielt werden.<\/li>\n<\/ul>","protected":false},"excerpt":{"rendered":"<p>Getr\u00e4nke bleiben in dieser eleganten Klarglasflasche mit Klappverschluss und sicherem Metallverschluss lange frisch. Schneller Versand und Gro\u00dfbestellungen m\u00f6glich.<\/p>","protected":false},"featured_media":3559,"template":"","meta":{"postBodyCss":"","postBodyMargin":[],"postBodyPadding":[],"postBodyBackground":{"backgroundType":"classic","gradient":""}},"product_brand":[],"product_cat":[15,16,56],"product_tag":[72,78],"class_list":{"0":"post-3556","1":"product","2":"type-product","3":"status-publish","4":"has-post-thumbnail","6":"product_cat-glass-containers","7":"product_cat-glass-bottles","8":"product_cat-flip-top-bottles","9":"product_tag-juice-bottles","10":"product_tag-water-bottles","12":"first","13":"instock","14":"shipping-taxable","15":"product-type-simple"},"jetpack_sharing_enabled":true,"_links":{"self":[{"href":"https:\/\/minghanggroup.com\/de\/wp-json\/wp\/v2\/product\/3556","targetHints":{"allow":["GET"]}}],"collection":[{"href":"https:\/\/minghanggroup.com\/de\/wp-json\/wp\/v2\/product"}],"about":[{"href":"https:\/\/minghanggroup.com\/de\/wp-json\/wp\/v2\/types\/product"}],"wp:featuredmedia":[{"embeddable":true,"href":"https:\/\/minghanggroup.com\/de\/wp-json\/wp\/v2\/media\/3559"}],"wp:attachment":[{"href":"https:\/\/minghanggroup.com\/de\/wp-json\/wp\/v2\/media?parent=3556"}],"wp:term":[{"taxonomy":"product_brand","embeddable":true,"href":"https:\/\/minghanggroup.com\/de\/wp-json\/wp\/v2\/product_brand?post=3556"},{"taxonomy":"product_cat","embeddable":true,"href":"https:\/\/minghanggroup.com\/de\/wp-json\/wp\/v2\/product_cat?post=3556"},{"taxonomy":"product_tag","embeddable":true,"href":"https:\/\/minghanggroup.com\/de\/wp-json\/wp\/v2\/product_tag?post=3556"}],"curies":[{"name":"wp","href":"https:\/\/api.w.org\/{rel}","templated":true}]}}