{"id":3551,"date":"2025-11-20T08:58:25","date_gmt":"2025-11-20T00:58:25","guid":{"rendered":"https:\/\/minghanggroup.com\/?post_type=product&#038;p=3551"},"modified":"2026-01-20T14:04:17","modified_gmt":"2026-01-20T06:04:17","slug":"wholesale-glass-flip-top-water-bottles-with-metal-handle","status":"publish","type":"product","link":"https:\/\/minghanggroup.com\/de\/produkt\/wholesale-glass-flip-top-water-bottles-with-metal-handle\/","title":{"rendered":"Glas-Wasserflaschen mit Klappverschluss und Metallgriff (Gro\u00dfhandel) 600 ml 1000 ml"},"content":{"rendered":"<p>Diese Wasserflasche mit Klappverschluss besteht aus durchsichtigem Glas und hat eine schlanke, elegante, zylindrische Form. Sie ist mit einem Metall-Schnappverschluss und einem praktischen Metallgriff versehen.<\/p>\n<h2>Produktmerkmale<\/h2>\n<ul>\n<li><strong>Sofort-Versiegelungsdesign:<\/strong> Der mit einem Schnappverschluss aus Metall ausgestattete Beh\u00e4lter sorgt f\u00fcr eine hervorragende Dichtungsleistung, sodass die Frische der darin aufbewahrten Fl\u00fcssigkeit lange erhalten bleibt.<\/li>\n<li><strong>Metallgriff:<\/strong> Der Metallteil an der Flasche dient sowohl dem einfachen Tragen als auch der bequemen Verwendung unterwegs.<\/li>\n<li><strong>Schlanker, rundlicher K\u00f6rperbau:<\/strong> Es ist der schlanke, abgerundete und klar geradlinige Korpus, der f\u00fcr einen perfekten Griff sorgt und sich leicht und griffig verstauen l\u00e4sst, sodass er sich sowohl f\u00fcr unterwegs als auch f\u00fcr den Gebrauch zu Hause eignet.<\/li>\n<\/ul>\n<h2 style=\"text-align: left;\">Wichtigste Spezifikationen<\/h2>\n<table class=\"aligncenter\" width=\"632\">\n<tbody>\n<tr>\n<td width=\"141\">Specification<\/td>\n<td width=\"491\">Detail<\/td>\n<\/tr>\n<tr>\n<td>Abmessungen<\/td>\n<td>600 ml (20 oz): 23,7 cm \u00d7 7,4 cm \/ 1000 ml (32 oz): 28,9 cm \u00d7 8,1 cm<\/td>\n<\/tr>\n<tr>\n<td>Glasart<\/td>\n<td>Hochtransparentes, klares Natronkalkglas<\/td>\n<\/tr>\n<tr>\n<td>Ideal f\u00fcr<\/td>\n<td>Glasflaschen mit B\u00fcgelverschluss, Wasserflaschen mit B\u00fcgelverschluss<\/td>\n<\/tr>\n<\/tbody>\n<\/table>\n<h2>Erfolgsgeschichte<\/h2>\n<p>Ein renommiertes Unternehmen, das sich auf Craft-Limonaden und Eistee spezialisiert hat, suchte nach einem Produkt, das den Anforderungen an kohlens\u00e4urehaltige Getr\u00e4nke gerecht wird. Schlie\u00dflich entschied es sich f\u00fcr unsere transparente Glas-Wasserflasche mit Klappverschluss und Griff. Dank des optimalen Verschlusses blieben 95 % der Kohlens\u00e4ure auch nach 90 Tagen erhalten. Dar\u00fcber hinaus verzeichnete das Unternehmen einen Anstieg der Wiederkaufsrate um 30 %. Durch die positive Resonanz der Kunden konnte die Social-Media-Reichweite aufgrund des praktischen Griffdesigns um 40 % gesteigert werden. Aufgrund der hervorragenden Produktleistung wurde das Unternehmen sehr positiv aufgenommen und bestellte k\u00fcrzlich weitere 500.000 Flaschen.<\/p>\n<h2>Personalisierte Glasflaschen mit B\u00fcgelverschluss<\/h2>\n<ul>\n<li><strong>Griffoberfl\u00e4che:<\/strong> Der Griff kann aus Metall gefertigt und auf verschiedene Arten veredelt sein, zum Beispiel in poliertem Silber, mattem Schwarz oder Gold.<\/li>\n<li><strong>Druckknopffarbe:<\/strong> Die Farbe des Metallverschlusses am Klappdeckel kann an Ihr Markenlogo angepasst werden.<\/li>\n<li><strong>Glast\u00f6nung:<\/strong> Verwenden Sie entweder bernsteinfarbenes oder gr\u00fcnes Glas, um Ihrem lichtempfindlichen Getr\u00e4nk, z. B. Bier, einen angemessenen UV-Schutz zu bieten.<\/li>\n<li><strong>Siebdruck:<\/strong> Das direkte Aufdrucken Ihres attraktiven Designs auf das Glas verleiht Ihrer Marke ein modernes und markantes Image.<\/li>\n<\/ul>\n<p>M\u00f6chten Sie Ihren Kunden ein besonders komfortables Einkaufserlebnis bieten? Gro\u00dfhandelspreise f\u00fcr diese multifunktionale Klappflasche mit Griff erhalten Sie, wenn Sie uns noch heute kontaktieren.<\/p>","protected":false},"excerpt":{"rendered":"<p>Genie\u00dfen Sie bequeme Fl\u00fcssigkeitszufuhr mit unseren Glasflaschen mit Klappverschluss. Diese Wasserflaschen verf\u00fcgen \u00fcber Metallgriffe und luftdichte Deckel und sind sofort versandbereit.<\/p>","protected":false},"featured_media":3554,"template":"","meta":{"postBodyCss":"","postBodyMargin":[],"postBodyPadding":[],"postBodyBackground":{"backgroundType":"classic","gradient":""}},"product_brand":[],"product_cat":[15,16,56],"product_tag":[72,78],"class_list":{"0":"post-3551","1":"product","2":"type-product","3":"status-publish","4":"has-post-thumbnail","6":"product_cat-glass-containers","7":"product_cat-glass-bottles","8":"product_cat-flip-top-bottles","9":"product_tag-juice-bottles","10":"product_tag-water-bottles","12":"first","13":"instock","14":"shipping-taxable","15":"product-type-simple"},"jetpack_sharing_enabled":true,"_links":{"self":[{"href":"https:\/\/minghanggroup.com\/de\/wp-json\/wp\/v2\/product\/3551","targetHints":{"allow":["GET"]}}],"collection":[{"href":"https:\/\/minghanggroup.com\/de\/wp-json\/wp\/v2\/product"}],"about":[{"href":"https:\/\/minghanggroup.com\/de\/wp-json\/wp\/v2\/types\/product"}],"wp:featuredmedia":[{"embeddable":true,"href":"https:\/\/minghanggroup.com\/de\/wp-json\/wp\/v2\/media\/3554"}],"wp:attachment":[{"href":"https:\/\/minghanggroup.com\/de\/wp-json\/wp\/v2\/media?parent=3551"}],"wp:term":[{"taxonomy":"product_brand","embeddable":true,"href":"https:\/\/minghanggroup.com\/de\/wp-json\/wp\/v2\/product_brand?post=3551"},{"taxonomy":"product_cat","embeddable":true,"href":"https:\/\/minghanggroup.com\/de\/wp-json\/wp\/v2\/product_cat?post=3551"},{"taxonomy":"product_tag","embeddable":true,"href":"https:\/\/minghanggroup.com\/de\/wp-json\/wp\/v2\/product_tag?post=3551"}],"curies":[{"name":"wp","href":"https:\/\/api.w.org\/{rel}","templated":true}]}}