{"id":3482,"date":"2025-11-19T16:38:15","date_gmt":"2025-11-19T08:38:15","guid":{"rendered":"https:\/\/minghanggroup.com\/?post_type=product&#038;p=3482"},"modified":"2026-01-20T14:05:10","modified_gmt":"2026-01-20T06:05:10","slug":"wholesale-empty-clear-32-oz-flip-top-bottles","status":"publish","type":"product","link":"https:\/\/minghanggroup.com\/de\/produkt\/wholesale-empty-clear-32-oz-flip-top-bottles\/","title":{"rendered":"Leere, durchsichtige 32-Unzen-Flaschen mit Klappverschluss im Gro\u00dfhandel"},"content":{"rendered":"<p>Die Flasche mit Klappverschluss ist aus transparentem Glas gefertigt und besticht durch ihr elegantes, stromlinienf\u00f6rmiges Design. Sie fasst 950 ml und verf\u00fcgt \u00fcber einen Metall-Schnappverschluss \u2013 die perfekte Kombination aus minimalistischem Stil und Funktionalit\u00e4t.<\/p>\n<h2>Produktmerkmale<\/h2>\n<ul>\n<li><strong>Klares Glasmaterial:<\/strong> Die aus transparentem Material gefertigte Glasflasche pr\u00e4sentiert die Fl\u00fcssigkeit im Inneren auf sch\u00f6ne Weise, w\u00e4hrend der Klappverschluss das Produkt frisch h\u00e4lt.<\/li>\n<li><strong>Schnappverschluss-Dichtungsdesign:<\/strong> Durch einen Metallschnappverschluss ist es sehr gut abgedichtet und somit bleibt die Frische des Getr\u00e4nks im Inneren perfekt erhalten.<\/li>\n<li><strong>Umweltfreundlich:<\/strong> Die Wiederverwendung von dickem Glas, das zudem hitzebest\u00e4ndig und leicht zu reinigen ist, ist definitiv eine gute Idee.<\/li>\n<\/ul>\n<h2 style=\"text-align: left;\">Wichtigste Spezifikationen<\/h2>\n<table class=\"aligncenter\" style=\"border-collapse: collapse; width: 375.02pt;\" border=\"0\" width=\"500\" cellspacing=\"0\" cellpadding=\"0\">\n<tbody>\n<tr style=\"height: 13.50pt;\">\n<td style=\"height: 13.50pt; width: 93.75pt;\" width=\"125\" height=\"18\">Specification<\/td>\n<td style=\"width: 281.25pt;\" width=\"375\">Detail<\/td>\n<\/tr>\n<tr style=\"height: 13.50pt;\">\n<td style=\"height: 13.50pt;\" height=\"18\">Kapazit\u00e4t<\/td>\n<td>1000 ml (32 oz)<\/td>\n<\/tr>\n<tr style=\"height: 13.50pt;\">\n<td style=\"height: 13.50pt;\" height=\"18\">Abmessungen<\/td>\n<td>29,6 cm \u00d7 8,7 cm<\/td>\n<\/tr>\n<tr style=\"height: 13.50pt;\">\n<td style=\"height: 13.50pt;\" height=\"18\">Glasart<\/td>\n<td>Hochtransparentes, klares Natronkalkglas<\/td>\n<\/tr>\n<tr style=\"height: 13.50pt;\">\n<td style=\"height: 13.50pt;\" height=\"18\">Ideal f\u00fcr<\/td>\n<td>Klappdeckelflaschen, Glasflaschenbeh\u00e4lter<\/td>\n<\/tr>\n<\/tbody>\n<\/table>\n<h2>Kombucha-Unternehmen: Verpackungsmodernisierung \u2013 Eine Erfolgsgeschichte<\/h2>\n<p>Die Verpackung einer schnell wachsenden Kombucha-Marke, die im Zuge der landesweiten Expansion des Sortiments modernisiert werden musste, stand f\u00fcr das Unternehmen an erster Stelle. F\u00fcr die Markteinf\u00fchrung w\u00e4hlten sie unsere 946-ml-Flaschen mit Klappverschluss. Dank der ansprechenden Pr\u00e4sentation in der Klarglasflasche stiegen die Kundenverk\u00e4ufe um 38 %, und die Haltbarkeit verl\u00e4ngerte sich durch den luftdichten Klappverschluss um 42 %. Nach Auswertung dieser Erfolge bestellte das Unternehmen weitere 550.000 Flaschen, um sein Wachstum weiter anzukurbeln.<\/p>\n<h2>Personalisierungsideen f\u00fcr Flip-Top<\/h2>\n<ul>\n<li><strong>Gepr\u00e4gtes Logo auf der Flasche:<\/strong> Zur Verbesserung des Markenimages k\u00f6nnte ein kleines, erhabenes Logo auf der Schulter der Flasche angebracht werden.<\/li>\n<li><strong>Werbefl\u00e4che f\u00fcr die Marke Neckband:<\/strong> Der Bereich unterhalb des Nackenansatzes kann f\u00fcr Markenwerbung genutzt werden.<\/li>\n<li><strong>Individuell gestalteter Flaschenboden:<\/strong> Entwerfen Sie einen Flaschenboden, der nicht nur optisch einzigartig ist, sondern auch stabiler und besser geeignet ist, die Markenbekanntheit zu steigern.<\/li>\n<li><strong>Rutschfeste Textur:<\/strong> Texturieren, um die Griffigkeit auf einer glatten Glasoberfl\u00e4che zu verbessern.<\/li>\n<\/ul>","protected":false},"excerpt":{"rendered":"<p>Robust, stilvoll und sicher \u2013 unsere 950-ml-Flaschen mit Klappverschluss bieten zuverl\u00e4ssige Aufbewahrung. Entscheiden Sie sich f\u00fcr dieses kristallklare Flaschendesign mit Klappverschluss zum g\u00fcnstigen Preis direkt vom Hersteller.<\/p>","protected":false},"featured_media":3491,"template":"","meta":{"postBodyCss":"","postBodyMargin":[],"postBodyPadding":[],"postBodyBackground":{"backgroundType":"classic","gradient":""}},"product_brand":[],"product_cat":[15,16,56],"product_tag":[72,78],"class_list":{"0":"post-3482","1":"product","2":"type-product","3":"status-publish","4":"has-post-thumbnail","6":"product_cat-glass-containers","7":"product_cat-glass-bottles","8":"product_cat-flip-top-bottles","9":"product_tag-juice-bottles","10":"product_tag-water-bottles","12":"first","13":"instock","14":"shipping-taxable","15":"product-type-simple"},"jetpack_sharing_enabled":true,"_links":{"self":[{"href":"https:\/\/minghanggroup.com\/de\/wp-json\/wp\/v2\/product\/3482","targetHints":{"allow":["GET"]}}],"collection":[{"href":"https:\/\/minghanggroup.com\/de\/wp-json\/wp\/v2\/product"}],"about":[{"href":"https:\/\/minghanggroup.com\/de\/wp-json\/wp\/v2\/types\/product"}],"wp:featuredmedia":[{"embeddable":true,"href":"https:\/\/minghanggroup.com\/de\/wp-json\/wp\/v2\/media\/3491"}],"wp:attachment":[{"href":"https:\/\/minghanggroup.com\/de\/wp-json\/wp\/v2\/media?parent=3482"}],"wp:term":[{"taxonomy":"product_brand","embeddable":true,"href":"https:\/\/minghanggroup.com\/de\/wp-json\/wp\/v2\/product_brand?post=3482"},{"taxonomy":"product_cat","embeddable":true,"href":"https:\/\/minghanggroup.com\/de\/wp-json\/wp\/v2\/product_cat?post=3482"},{"taxonomy":"product_tag","embeddable":true,"href":"https:\/\/minghanggroup.com\/de\/wp-json\/wp\/v2\/product_tag?post=3482"}],"curies":[{"name":"wp","href":"https:\/\/api.w.org\/{rel}","templated":true}]}}