{"id":3452,"date":"2025-11-19T15:19:52","date_gmt":"2025-11-19T07:19:52","guid":{"rendered":"https:\/\/minghanggroup.com\/?post_type=product&#038;p=3452"},"modified":"2026-01-20T14:07:14","modified_gmt":"2026-01-20T06:07:14","slug":"wholesale-amber-swing-top-glass-bottles","status":"publish","type":"product","link":"https:\/\/minghanggroup.com\/de\/produkt\/wholesale-amber-swing-top-glass-bottles\/","title":{"rendered":"Gro\u00dfhandel 32 oz Braunglasflaschen mit B\u00fcgelverschluss"},"content":{"rendered":"<p>Diese bernsteinfarbenen B\u00fcgelverschlussflaschen aus Glas bestechen durch ihre schlichte und zugleich elegante, l\u00e4ngliche Form. Sie sind mit Metall-Schnappverschl\u00fcssen mit roten und wei\u00dfen Details versehen. Sie verk\u00f6rpern perfekt den zeitlosen Charme von Glasflaschen mit Schraubverschluss.<\/p>\n<h2>Produktmerkmale<\/h2>\n<ul>\n<li><strong>Braunes Glasmaterial:<\/strong> Hergestellt aus braunem Glas, blockiert es wirksam Lichtstrahlen, die Fl\u00fcssigkeiten wie Bier und So\u00dfen verderben lassen k\u00f6nnen, und erh\u00e4lt so deren Qualit\u00e4t. Gleichzeitig verleiht es ihnen einen Hauch von Vintage-Charme.<\/li>\n<li><strong>Schlanker K\u00f6rper:<\/strong> Die schlanke Flasche mit ihren gew\u00f6lbten Oberfl\u00e4chen bietet nicht nur einen guten Griff, sondern ist auch eine effiziente Aufbewahrungsm\u00f6glichkeit f\u00fcr verschiedene Aufbewahrungsszenarien.<\/li>\n<li><strong>Schnappverschluss-Dichtungsdesign:<\/strong> Als Verschluss dient der Metallschnappverschluss mit den roten und wei\u00dfen Akzenten hervorragend. Dadurch wird eine optimale Abdichtung gew\u00e4hrleistet, die Frische des Produkts bleibt lange erhalten, und das \u00d6ffnen und Schlie\u00dfen ist sehr einfach.<\/li>\n<\/ul>\n<h2 style=\"text-align: left;\">Wichtigste Spezifikationen<\/h2>\n<table class=\"aligncenter\" style=\"border-collapse: collapse; width: 402.77pt;\" border=\"0\" width=\"537\" cellspacing=\"0\" cellpadding=\"0\">\n<tbody>\n<tr style=\"height: 13.50pt;\">\n<td style=\"height: 13.50pt; width: 93.75pt;\" width=\"125\" height=\"18\">Specification<\/td>\n<td style=\"width: 309.00pt;\" width=\"412\">Detail<\/td>\n<\/tr>\n<tr style=\"height: 13.50pt;\">\n<td style=\"height: 13.50pt;\" height=\"18\">Kapazit\u00e4t<\/td>\n<td>32 oz (1000 ml)<\/td>\n<\/tr>\n<tr style=\"height: 13.50pt;\">\n<td style=\"height: 13.50pt;\" height=\"18\">Abmessungen<\/td>\n<td>29,6 cm \u00d7 8,6 cm<\/td>\n<\/tr>\n<tr style=\"height: 13.50pt;\">\n<td style=\"height: 13.50pt;\" height=\"18\">Glasart<\/td>\n<td>UV-best\u00e4ndiges bernsteinfarbenes Natronkalkglas<\/td>\n<\/tr>\n<tr style=\"height: 13.50pt;\">\n<td style=\"height: 13.50pt;\" height=\"18\">Ideal f\u00fcr<\/td>\n<td>B\u00fcgelverschlussflaschen aus Glas, bernsteinfarbene B\u00fcgelverschlussflaschen<\/td>\n<\/tr>\n<\/tbody>\n<\/table>\n<h2>Erfolgsgeschichte: Unterst\u00fctzung eines Craft-Limonadenherstellers bei der Transformation<\/h2>\n<p>Ein Hersteller hochwertiger Craft-Limonaden hatte immer wieder mit Geschmacksproblemen bei Getr\u00e4nken in Klarglasflaschen zu k\u00e4mpfen. Der Geschmack verbesserte sich drastisch, nachdem das Unternehmen auf unsere bernsteinfarbenen B\u00fcgelverschlussflaschen umgestiegen war. Labortests belegten, dass die bernsteinfarbenen Flaschen 99,7 % der UV-Strahlung blockieren, w\u00e4hrend der sichere Verschluss die Transportsch\u00e4den um 65 % reduzierte. Aufgrund dieser Ergebnisse bestellte das Unternehmen weitere 450.000 B\u00fcgelverschlussflaschen bei uns.<\/p>\n<h2>Vorschl\u00e4ge zur Personalisierung von B\u00fcgelverschluss-Glasflaschen<\/h2>\n<ul>\n<li><strong>Gepr\u00e4gte Kapazit\u00e4tskennzeichnung:<\/strong> Bringen Sie eine kleine, erhabene Markierung \u201e1000ml\u201c oder \u201e1L\u201c am Boden der Flasche an.<\/li>\n<li><strong>Halsband-Branding:<\/strong> Platzieren Sie hier unter der Kappe weiteres Branding.<\/li>\n<li><strong>Individuelles Bodendesign:<\/strong> Das Flaschenboden sollte nicht nur aus Stabilit\u00e4tsgr\u00fcnden, sondern auch aus \u00e4sthetischen Gr\u00fcnden mit einem auff\u00e4lligen Muster versehen sein.<\/li>\n<li><strong>Mattierte Oberfl\u00e4che:<\/strong> W\u00e4hlen Sie eine selektive, mattierte Oberfl\u00e4che, um die Griffigkeit zu verbessern und ein besseres Gesamtgef\u00fchl zu erzielen.<\/li>\n<\/ul>","protected":false},"excerpt":{"rendered":"<p>Braune Glasflaschen mit B\u00fcgelverschluss, goldenen Kappen und Metallklammern. Diese B\u00fcgelverschlussflaschen garantieren sicheren Verschluss \u2013 direkt vom Hersteller und sofort f\u00fcr Gro\u00dfbestellungen erh\u00e4ltlich.<\/p>","protected":false},"featured_media":3468,"template":"","meta":{"postBodyCss":"","postBodyMargin":[],"postBodyPadding":[],"postBodyBackground":{"backgroundType":"classic","gradient":""}},"product_brand":[],"product_cat":[15,16,56],"product_tag":[79],"class_list":{"0":"post-3452","1":"product","2":"type-product","3":"status-publish","4":"has-post-thumbnail","6":"product_cat-glass-containers","7":"product_cat-glass-bottles","8":"product_cat-flip-top-bottles","9":"product_tag-beer-bottles","11":"first","12":"instock","13":"shipping-taxable","14":"product-type-simple"},"jetpack_sharing_enabled":true,"_links":{"self":[{"href":"https:\/\/minghanggroup.com\/de\/wp-json\/wp\/v2\/product\/3452","targetHints":{"allow":["GET"]}}],"collection":[{"href":"https:\/\/minghanggroup.com\/de\/wp-json\/wp\/v2\/product"}],"about":[{"href":"https:\/\/minghanggroup.com\/de\/wp-json\/wp\/v2\/types\/product"}],"wp:featuredmedia":[{"embeddable":true,"href":"https:\/\/minghanggroup.com\/de\/wp-json\/wp\/v2\/media\/3468"}],"wp:attachment":[{"href":"https:\/\/minghanggroup.com\/de\/wp-json\/wp\/v2\/media?parent=3452"}],"wp:term":[{"taxonomy":"product_brand","embeddable":true,"href":"https:\/\/minghanggroup.com\/de\/wp-json\/wp\/v2\/product_brand?post=3452"},{"taxonomy":"product_cat","embeddable":true,"href":"https:\/\/minghanggroup.com\/de\/wp-json\/wp\/v2\/product_cat?post=3452"},{"taxonomy":"product_tag","embeddable":true,"href":"https:\/\/minghanggroup.com\/de\/wp-json\/wp\/v2\/product_tag?post=3452"}],"curies":[{"name":"wp","href":"https:\/\/api.w.org\/{rel}","templated":true}]}}