{"id":3405,"date":"2025-11-19T13:56:38","date_gmt":"2025-11-19T05:56:38","guid":{"rendered":"https:\/\/minghanggroup.com\/?post_type=product&#038;p=3405"},"modified":"2026-01-20T14:05:50","modified_gmt":"2026-01-20T06:05:50","slug":"wholesale-empty-amber-grolsch-beer-bottles","status":"publish","type":"product","link":"https:\/\/minghanggroup.com\/de\/produkt\/wholesale-empty-amber-grolsch-beer-bottles\/","title":{"rendered":"Leere braune Grolsch-Bierflaschen im Gro\u00dfhandel (485 ml, 500 ml)"},"content":{"rendered":"<p>Diese Grolsch-Bierflaschen sind aus br\u00e4unlichem Glas gefertigt und haben einen Schnappverschluss aus Metall oder einen Kronkorken zum Einf\u00fcllen Ihres Bieres oder anderer Spezialgetr\u00e4nke.<\/p>\n<h2>Produktmerkmale<\/h2>\n<ul>\n<li><strong>UV-Schutz von bernsteinfarbenem Glas:<\/strong> Das kastanienbraune Glas bietet den besten Schutz vor Licht, wodurch das Bier frisch bleibt und seinen urspr\u00fcnglichen Geschmack und seine Qualit\u00e4t beh\u00e4lt.<\/li>\n<li><strong>Zwei Kappenoptionen:<\/strong> Ob Sie sich f\u00fcr den traditionellen Kronkorken oder einen praktischen Klappverschluss entscheiden, Ihr Getr\u00e4nke- oder Gew\u00fcrzbeh\u00e4lter ist f\u00fcr jeden Kundengebrauch bereit.<\/li>\n<li><strong>Zwei Lautst\u00e4rkeoptionen:<\/strong> Die 485-ml- und 500-ml-Versionen stehen Ihnen zur Verf\u00fcgung, um Ihre Produktpalette und Preisstrategie optimal zu nutzen.<\/li>\n<\/ul>\n<h2 style=\"text-align: left;\">Wichtigste Spezifikationen<\/h2>\n<table class=\"aligncenter\" style=\"border-collapse: collapse; width: 423.02pt;\" border=\"0\" width=\"564\" cellspacing=\"0\" cellpadding=\"0\">\n<tbody>\n<tr style=\"height: 13.50pt;\">\n<td style=\"height: 13.50pt; width: 99.75pt;\" width=\"133\" height=\"18\">Specification<\/td>\n<td style=\"width: 323.25pt;\" width=\"431\">Details<\/td>\n<\/tr>\n<tr style=\"height: 13.50pt;\">\n<td style=\"height: 13.50pt;\" height=\"18\">Abmessungen<\/td>\n<td>485 ml: 22.6 cm \u00d7 7.75 cm; 500 ml: 22.3 cm \u00d7 8.1 cm<\/td>\n<\/tr>\n<tr style=\"height: 13.50pt;\">\n<td style=\"height: 13.50pt;\" height=\"18\">Glasart<\/td>\n<td>UV-best\u00e4ndiges bernsteinfarbenes Natronkalkglas<\/td>\n<\/tr>\n<tr style=\"height: 13.50pt;\">\n<td style=\"height: 13.50pt;\" height=\"18\">Ideal f\u00fcr<\/td>\n<td>Grolsch-Flaschen, Bierflaschen, B\u00fcgelverschlussflaschen<\/td>\n<\/tr>\n<\/tbody>\n<\/table>\n<h2>Erfolgsgeschichte<\/h2>\n<p>Eine aufstrebende lokale Craft-Brauerei ben\u00f6tigte eine Verpackungsl\u00f6sung, die mit ihrem wachsenden Markt Schritt halten konnte. Sie entschied sich f\u00fcr unsere Grolsch-Bierflaschen f\u00fcr ihre Premium-Ale-Sorten. Einer der gr\u00f6\u00dften Vorteile des Braunglases ist der 99,8%ige UV-Schutz. Dadurch wirkt die Flasche besonders attraktiv f\u00fcr Kunden, die ihren Lagerbestand um 29 % erneuern. Gleichzeitig reduziert die robuste Braunglasverpackung das Verletzungs- und Bruchrisiko beim Transport um 45 %. Aufgrund dieser positiven Ergebnisse hat die Brauerei bereits 650.000 weitere Flaschen bestellt, um die landesweite Markteinf\u00fchrung zu unterst\u00fctzen.<\/p>\n<h2>Vorschl\u00e4ge zur Personalisierung von Grolsch-Flaschen<\/h2>\n<ul>\n<li><strong>Farboptionen f\u00fcr Flaschenverschl\u00fcsse:<\/strong> Neben dem klassischen Gold bieten wir eine gro\u00dfe Auswahl an Farben f\u00fcr Keramikflaschenverschl\u00fcsse, die Ihren Bed\u00fcrfnissen gerecht werden.<\/li>\n<li><strong>Position des gepr\u00e4gten Logos:<\/strong> Auf der Flaschenschulter kann ein erhabenes Logo angebracht werden, das Ihrer Marke ein luxuri\u00f6ses Aussehen verleiht.<\/li>\n<li><strong>Goldglas-Styling:<\/strong> Platzieren Sie einige d\u00fcnne Goldglaslinien in der N\u00e4he des Flaschenverschlusses, um den Goldverschluss zu reflektieren und das luxuri\u00f6se Gef\u00fchl optisch zu verst\u00e4rken.<\/li>\n<li><strong>Drahtoberfl\u00e4chenvarianten:<\/strong> Die Drahtoberfl\u00e4che ist in drei Varianten erh\u00e4ltlich: galvanisiert, schwarz eloxiert oder epoxidbeschichtet.<\/li>\n<\/ul>","protected":false},"excerpt":{"rendered":"<p>Braune Grolsch-Flaschen und Grolsch-Bierflaschen. Sicherer Verschluss, ideal f\u00fcr Gro\u00dfbestellungen oder exklusive Getr\u00e4nkemarken. Direkt vom Hersteller, gro\u00dfe Mengen verf\u00fcgbar.<\/p>","protected":false},"featured_media":3444,"template":"","meta":{"postBodyCss":"","postBodyMargin":[],"postBodyPadding":[],"postBodyBackground":{"backgroundType":"classic","gradient":""}},"product_brand":[],"product_cat":[15,16,56],"product_tag":[79,72],"class_list":{"0":"post-3405","1":"product","2":"type-product","3":"status-publish","4":"has-post-thumbnail","6":"product_cat-glass-containers","7":"product_cat-glass-bottles","8":"product_cat-flip-top-bottles","9":"product_tag-beer-bottles","10":"product_tag-juice-bottles","12":"first","13":"instock","14":"shipping-taxable","15":"product-type-simple"},"jetpack_sharing_enabled":true,"_links":{"self":[{"href":"https:\/\/minghanggroup.com\/de\/wp-json\/wp\/v2\/product\/3405","targetHints":{"allow":["GET"]}}],"collection":[{"href":"https:\/\/minghanggroup.com\/de\/wp-json\/wp\/v2\/product"}],"about":[{"href":"https:\/\/minghanggroup.com\/de\/wp-json\/wp\/v2\/types\/product"}],"wp:featuredmedia":[{"embeddable":true,"href":"https:\/\/minghanggroup.com\/de\/wp-json\/wp\/v2\/media\/3444"}],"wp:attachment":[{"href":"https:\/\/minghanggroup.com\/de\/wp-json\/wp\/v2\/media?parent=3405"}],"wp:term":[{"taxonomy":"product_brand","embeddable":true,"href":"https:\/\/minghanggroup.com\/de\/wp-json\/wp\/v2\/product_brand?post=3405"},{"taxonomy":"product_cat","embeddable":true,"href":"https:\/\/minghanggroup.com\/de\/wp-json\/wp\/v2\/product_cat?post=3405"},{"taxonomy":"product_tag","embeddable":true,"href":"https:\/\/minghanggroup.com\/de\/wp-json\/wp\/v2\/product_tag?post=3405"}],"curies":[{"name":"wp","href":"https:\/\/api.w.org\/{rel}","templated":true}]}}