{"id":3384,"date":"2025-11-19T11:47:01","date_gmt":"2025-11-19T03:47:01","guid":{"rendered":"https:\/\/minghanggroup.com\/?post_type=product&#038;p=3384"},"modified":"2026-01-20T14:07:01","modified_gmt":"2026-01-20T06:07:01","slug":"bulk-brown-glass-swing-top-bottles-with-handle","status":"publish","type":"product","link":"https:\/\/minghanggroup.com\/de\/produkt\/bulk-brown-glass-swing-top-bottles-with-handle\/","title":{"rendered":"Braune Glasflaschen mit B\u00fcgelverschluss und Griff, 1000 ml, 2000 ml"},"content":{"rendered":"<p>Diese braunen B\u00fcgelverschlussflaschen aus bernsteinfarbenem Glas zeichnen sich durch einen angenehmen Henkel und eine markante, abgerundete Form aus. Der Verschluss besteht aus einem Metall-Druckknopf und die Flaschen sind in zwei Gr\u00f6\u00dfen erh\u00e4ltlich.<\/p>\n<h2>Produktmerkmale<\/h2>\n<ul>\n<li><strong>Braunes Glasmaterial:<\/strong> Die Flaschen sind aus braunem Glas gefertigt, das ein effektiver Lichtblocker ist und somit die Qualit\u00e4t der Fl\u00fcssigkeiten wie So\u00dfen und Getr\u00e4nke bewahrt. Gleichzeitig verleiht es ihnen einen Retro-Look.<\/li>\n<li><strong>Griffdesign:<\/strong> Die Flaschen verf\u00fcgen \u00fcber integrierte Griffe f\u00fcr einen einfachen Griff und Transport, wodurch der Komfort erh\u00f6ht wird und sie sich gleichzeitig sowohl f\u00fcr den Gebrauch zu Hause als auch im Freien eignen.<\/li>\n<li><strong>Schnappverschluss-Dichtungsdesign:<\/strong> Diese Flaschen verwenden einen rot-wei\u00dfen Metall-Schnappverschluss, der f\u00fcr eine optimale Abdichtung sorgt, sodass der Inhalt lange frisch bleibt und sich die Flaschen zudem leicht \u00f6ffnen und schlie\u00dfen lassen.<\/li>\n<\/ul>\n<h2 style=\"text-align: left;\">Wichtigste Spezifikationen<\/h2>\n<table class=\"aligncenter\" style=\"border-collapse: collapse; width: 513.77pt;\" border=\"0\" width=\"685\" cellspacing=\"0\" cellpadding=\"0\">\n<tbody>\n<tr style=\"height: 13.50pt;\">\n<td style=\"height: 13.50pt; width: 105.75pt;\" width=\"141\" height=\"18\">Specification<\/td>\n<td style=\"width: 408.00pt;\" width=\"544\">Details<\/td>\n<\/tr>\n<tr style=\"height: 13.50pt;\">\n<td style=\"height: 13.50pt;\" height=\"18\">Abmessungen<\/td>\n<td>1000 ml (32 oz): 7,5 cm \u00d7 24 cm \/ 2000 ml (64 oz): 9,5 cm \u00d7 26 cm<\/td>\n<\/tr>\n<tr style=\"height: 13.50pt;\">\n<td style=\"height: 13.50pt;\" height=\"18\">Material<\/td>\n<td>Dickwandiges braunes Glas (UV-Schutz)<\/td>\n<\/tr>\n<tr style=\"height: 13.50pt;\">\n<td style=\"height: 13.50pt;\" height=\"18\">Handhaben<\/td>\n<td>Integrierter ergonomischer Griff bei beiden Gr\u00f6\u00dfen<\/td>\n<\/tr>\n<tr style=\"height: 13.50pt;\">\n<td style=\"height: 13.50pt;\" height=\"18\">Verschlussart<\/td>\n<td>Schwingdeckel aus Edelstahl mit rot\/wei\u00dfem Stopper<\/td>\n<\/tr>\n<tr style=\"height: 13.50pt;\">\n<td style=\"height: 13.50pt;\" height=\"18\">Dichtungsoptionen<\/td>\n<td>Standardgummi oder Upgrade auf s\u00e4ure-\/hitzebest\u00e4ndiges Silikon<\/td>\n<\/tr>\n<tr style=\"height: 13.50pt;\">\n<td style=\"height: 13.50pt;\" height=\"18\">Ideal f\u00fcr<\/td>\n<td>B\u00fcgelverschlussflaschen, Klappverschlussflaschen im Gro\u00dfhandel<\/td>\n<\/tr>\n<\/tbody>\n<\/table>\n<h2>Erfolgsgeschichte<\/h2>\n<p>Ein Hersteller von handwerklich hergestellten Limonaden aus nat\u00fcrlichen Zutaten stand vor dem Problem, dass seine Produkte in transparenten Glasflaschen mit Schraubverschluss verkauft wurden. Kunden beschwerten sich jedoch, dass die Beleuchtung in den Gesch\u00e4ften den Geschmack der Getr\u00e4nke beeintr\u00e4chtigte. Daraufhin entschied man sich f\u00fcr unsere 1-Liter-Braunglasflaschen mit Schraubverschluss und Griff. Braunes Glas filtert 99,2 % der sch\u00e4dlichen UV-Strahlen, wodurch die Haltbarkeit des Produkts um 60 Tage verl\u00e4ngert wird. Der integrierte Griff reduzierte die Beschwerden \u00fcber versch\u00fcttete Fl\u00fcssigkeiten um 45 %, und der luftdichte Verschluss verhindert Auslaufen beim Transport. Infolgedessen bestellte das Unternehmen weitere 350.000 Flaschen, um seine gesamte Premium-Produktlinie auf diese Flaschenart umzustellen.<\/p>\n<h2>Vorschl\u00e4ge zur Personalisierung von B\u00fcgelverschlussflaschen<\/h2>\n<p>Nutzen Sie die folgenden Anpassungsoptionen, um diese voll ausgestatteten Schraubverschlussflaschen zu personalisieren:<\/p>\n<ul>\n<li><strong>Grifftextur:<\/strong> Sie k\u00f6nnen den Griff mattieren oder strukturieren, um einen sichereren Halt zu gew\u00e4hrleisten und das Abrutschen des Griffs zu verhindern.<\/li>\n<li><strong>Flaschenk\u00f6rper-Siebdruck:<\/strong> Erzielen Sie eine h\u00f6here Markenpr\u00e4senz, indem Sie farbenfrohe und langlebige Markenlogos und Designs auf die braune Glasflasche drucken.<\/li>\n<li><strong>Passender Dichtungsring:<\/strong> Verleihen Sie Ihrem Look mit einem Silikondichtungsring, der farblich zu Ihrer Marke passt, eine elegante, individuelle Note und erzielen Sie so ein stimmiges Gesamtbild.<\/li>\n<\/ul>","protected":false},"excerpt":{"rendered":"<p>Braune Glasflaschen mit B\u00fcgelverschluss, ergonomischen Griffen und Metallverschlussclips. Ideal f\u00fcr Gro\u00dfh\u00e4ndler von Getr\u00e4nken und B\u00fcgelverschlussflaschen. Kostenlose Muster.<\/p>","protected":false},"featured_media":3402,"template":"","meta":{"postBodyCss":"","postBodyMargin":[],"postBodyPadding":[],"postBodyBackground":{"backgroundType":"classic","gradient":""}},"product_brand":[],"product_cat":[15,16,56],"product_tag":[79],"class_list":{"0":"post-3384","1":"product","2":"type-product","3":"status-publish","4":"has-post-thumbnail","6":"product_cat-glass-containers","7":"product_cat-glass-bottles","8":"product_cat-flip-top-bottles","9":"product_tag-beer-bottles","11":"first","12":"instock","13":"shipping-taxable","14":"product-type-simple"},"jetpack_sharing_enabled":true,"_links":{"self":[{"href":"https:\/\/minghanggroup.com\/de\/wp-json\/wp\/v2\/product\/3384","targetHints":{"allow":["GET"]}}],"collection":[{"href":"https:\/\/minghanggroup.com\/de\/wp-json\/wp\/v2\/product"}],"about":[{"href":"https:\/\/minghanggroup.com\/de\/wp-json\/wp\/v2\/types\/product"}],"wp:featuredmedia":[{"embeddable":true,"href":"https:\/\/minghanggroup.com\/de\/wp-json\/wp\/v2\/media\/3402"}],"wp:attachment":[{"href":"https:\/\/minghanggroup.com\/de\/wp-json\/wp\/v2\/media?parent=3384"}],"wp:term":[{"taxonomy":"product_brand","embeddable":true,"href":"https:\/\/minghanggroup.com\/de\/wp-json\/wp\/v2\/product_brand?post=3384"},{"taxonomy":"product_cat","embeddable":true,"href":"https:\/\/minghanggroup.com\/de\/wp-json\/wp\/v2\/product_cat?post=3384"},{"taxonomy":"product_tag","embeddable":true,"href":"https:\/\/minghanggroup.com\/de\/wp-json\/wp\/v2\/product_tag?post=3384"}],"curies":[{"name":"wp","href":"https:\/\/api.w.org\/{rel}","templated":true}]}}