{"id":3356,"date":"2025-11-19T11:48:50","date_gmt":"2025-11-19T03:48:50","guid":{"rendered":"https:\/\/minghanggroup.com\/?post_type=product&#038;p=3356"},"modified":"2026-01-20T13:59:17","modified_gmt":"2026-01-20T05:59:17","slug":"glass-jars-for-pickle-with-lid-wholesale","status":"publish","type":"product","link":"https:\/\/minghanggroup.com\/de\/produkt\/glass-jars-for-pickle-with-lid-wholesale\/","title":{"rendered":"50 ml \u2013 150 ml quadratische Einmachgl\u00e4ser mit Deckel f\u00fcr Essiggurken (Gro\u00dfhandel)"},"content":{"rendered":"<p>Verschwenden Sie kein Geld mehr f\u00fcr langweilige Verpackungen, die Ihre Marke billig wirken lassen. Wir fertigen hochwertige, quadratische Glasbeh\u00e4lter f\u00fcr Essiggurken, die Ihre Lebensmittelaufbewahrung in eine stilvolle und funktionale L\u00f6sung verwandeln und gleichzeitig Ihr eingelegtes Gem\u00fcse frisch halten. Das sind nicht einfach nur Beh\u00e4lter \u2013 sie sind die neue Geheimwaffe Ihrer Marke f\u00fcr ansprechende Lebensmittelverpackungen.<\/p>\n<h2>Produktmerkmale<\/h2>\n<ol>\n<li><strong>Quadratisches Design:<\/strong>Gurken in unseren quadratischen Glasbeh\u00e4ltern sorgen f\u00fcr einen sicheren Stand Ihrer Produkte und eine attraktive Warenpr\u00e4sentation im Regal. Dank ihrer vierseitigen Form eignen sie sich nicht nur hervorragend f\u00fcr den Einzelhandel, sondern lassen sich auch bequem in K\u00fcche oder Lager aufbewahren und sind mit verschiedenen Verpackungsl\u00f6sungen kompatibel.<\/li>\n<li><strong>Kristallklare Klarheit:<\/strong>Durch die Verwendung von Klarglas werden die leuchtenden Farben Ihres eingelegten Gem\u00fcses in einem leeren Einmachglas sichtbar. Diese Transparenz signalisiert den Kunden, was sie genau erhalten, was wiederum den Absatz steigert, insbesondere von Dillgurken und Gurkenlake.<\/li>\n<li><strong>Sichere Versiegelung:<\/strong>Der Metalldeckel mit luftdichtem Verschluss bewahrt Geschmack und Frische Ihrer Eingelegten und Konservierten. Das durchgehende Gewinde und die mit Plastisol ausgekleidete Dichtung sorgen f\u00fcr perfekten Sitz. Daher eignen sich diese Gl\u00e4ser optimal zur Konservierung von Essiggurken, Gurken und anderem Gem\u00fcse w\u00e4hrend des Fermentationsprozesses.<\/li>\n<li><strong>Vielseitige Gr\u00f6\u00dfen:<\/strong>Verschiedene Gr\u00f6\u00dfen (50 ml\u2013150 ml) decken all Ihre Einlegebed\u00fcrfnisse ab, egal ob kleine Proben oder gro\u00dfe Mengen. Diese preisg\u00fcnstigen Gl\u00e4ser sind ideal f\u00fcr Ihren Gro\u00dfhandel, um verschiedene Gr\u00f6\u00dfen anzubieten und so den Kundenw\u00fcnschen gerecht zu werden. Sie sind zudem wiederverwendbar f\u00fcr alle, die ihre Beh\u00e4lter wiederverwenden m\u00f6chten.<\/li>\n<\/ol>\n<h2>Wichtigste Spezifikationen<\/h2>\n<table style=\"border-collapse: collapse; width: 80%; margin-left: auto; margin-right: auto;\" border=\"0\" width=\"216\" cellspacing=\"0\" cellpadding=\"0\">\n<tbody>\n<tr style=\"height: 13.50pt;\">\n<td style=\"height: 13.5pt; width: 54pt; text-align: center;\" width=\"72\" height=\"18\">Fassungsverm\u00f6gen (ml)<\/td>\n<td style=\"width: 54pt; text-align: center;\" width=\"72\">Gr\u00f6\u00dfe (cm)<\/td>\n<td style=\"width: 54pt; text-align: center;\" width=\"72\">Farboptionen<\/td>\n<\/tr>\n<tr style=\"height: 13.50pt;\">\n<td style=\"height: 13.5pt; text-align: center;\" height=\"18\">50<\/td>\n<td style=\"text-align: center;\">4.5 * 5.6<\/td>\n<td class=\"et2\" style=\"text-align: center;\" rowspan=\"4\">Transparent, individuell anpassbar<\/td>\n<\/tr>\n<tr style=\"height: 13.50pt;\">\n<td style=\"height: 13.5pt; text-align: center;\" height=\"18\">80<\/td>\n<td style=\"text-align: center;\">5.0 * 5.5<\/td>\n<\/tr>\n<tr style=\"height: 13.50pt;\">\n<td style=\"height: 13.5pt; text-align: center;\" height=\"18\">100<\/td>\n<td style=\"text-align: center;\">5.4 * 7.5<\/td>\n<\/tr>\n<tr style=\"height: 13.50pt;\">\n<td style=\"height: 13.5pt; text-align: center;\" height=\"18\">150<\/td>\n<td style=\"text-align: center;\">5.7 * 7.6<\/td>\n<\/tr>\n<\/tbody>\n<\/table>\n<h2>Erfolgsbeispiel<\/h2>\n<p>Als eine auf eingelegtes Gem\u00fcse spezialisierte Lebensmittelmarke ihr Online-Gesch\u00e4ft ausbauen wollte, entschied sie sich f\u00fcr unser quadratisches, leeres Einmachglas. Um ein gleichm\u00e4\u00dfigeres Hei\u00dfabf\u00fcllen zu gew\u00e4hrleisten, haben wir den Metalldeckel mit einer auslaufsicheren Dichtung versehen.<\/p>\n<p>Durch die Umstellung der Verpackung kann das Lager nun mehr der quadratischen Strukturen stapeln, wodurch die gesamten Logistikkosten um rund 15 % gesenkt werden konnten; und der Absatz der neuen Produktlinie ist drei Monate nach ihrer Markteinf\u00fchrung um 27 % gestiegen.<\/p>\n<h2>Ihre Anpassungstipps<\/h2>\n<p>Dieses quadratische Gurkenglas bietet vielf\u00e4ltige Individualisierungsm\u00f6glichkeiten. So l\u00e4sst sich beispielsweise die Farbe des Deckels in Schwarz, Silber oder einer anderen Metallvariante einer exklusiven Serie \u00e4ndern. Der Flaschenk\u00f6rper kann durch Siebdruck, Einbrennen, Hei\u00dfpr\u00e4gen oder eine optimierte Etikettenfl\u00e4che veredelt werden, um die Markenkommunikation f\u00fcr den Verbraucher attraktiver zu gestalten. Die Glasverpackung kann sogar mattiert, gepr\u00e4gt oder hochtransparent sein, und das Logo oder die Chargennummer kann durch eine Pr\u00e4gung am Flaschenboden lesbar sein, um die R\u00fcckverfolgbarkeit der Marke zu gew\u00e4hrleisten.<\/p>","protected":false},"excerpt":{"rendered":"<p>Vielseitige Glasbeh\u00e4lter f\u00fcr Essiggurken sowie leere Essiggurkengl\u00e4ser, angeboten mit Direktbezug ab Werk, individueller Anpassung in gro\u00dfen Mengen und zuverl\u00e4ssiger Qualit\u00e4t f\u00fcr Lebensmittelhersteller.<\/p>","protected":false},"featured_media":3357,"template":"","meta":{"postBodyCss":"","postBodyMargin":[],"postBodyPadding":[],"postBodyBackground":{"backgroundType":"classic","gradient":""}},"product_brand":[],"product_cat":[15,17,55],"product_tag":[65,71],"class_list":{"0":"post-3356","1":"product","2":"type-product","3":"status-publish","4":"has-post-thumbnail","6":"product_cat-glass-containers","7":"product_cat-glass-jars","8":"product_cat-pickle-jars","9":"product_tag-glass-jam-jars","10":"product_tag-honey-jars","12":"first","13":"instock","14":"shipping-taxable","15":"product-type-simple"},"jetpack_sharing_enabled":true,"_links":{"self":[{"href":"https:\/\/minghanggroup.com\/de\/wp-json\/wp\/v2\/product\/3356","targetHints":{"allow":["GET"]}}],"collection":[{"href":"https:\/\/minghanggroup.com\/de\/wp-json\/wp\/v2\/product"}],"about":[{"href":"https:\/\/minghanggroup.com\/de\/wp-json\/wp\/v2\/types\/product"}],"wp:featuredmedia":[{"embeddable":true,"href":"https:\/\/minghanggroup.com\/de\/wp-json\/wp\/v2\/media\/3357"}],"wp:attachment":[{"href":"https:\/\/minghanggroup.com\/de\/wp-json\/wp\/v2\/media?parent=3356"}],"wp:term":[{"taxonomy":"product_brand","embeddable":true,"href":"https:\/\/minghanggroup.com\/de\/wp-json\/wp\/v2\/product_brand?post=3356"},{"taxonomy":"product_cat","embeddable":true,"href":"https:\/\/minghanggroup.com\/de\/wp-json\/wp\/v2\/product_cat?post=3356"},{"taxonomy":"product_tag","embeddable":true,"href":"https:\/\/minghanggroup.com\/de\/wp-json\/wp\/v2\/product_tag?post=3356"}],"curies":[{"name":"wp","href":"https:\/\/api.w.org\/{rel}","templated":true}]}}