{"id":3334,"date":"2025-11-18T15:44:37","date_gmt":"2025-11-18T07:44:37","guid":{"rendered":"https:\/\/minghanggroup.com\/?post_type=product&#038;p=3334"},"modified":"2026-01-20T13:59:25","modified_gmt":"2026-01-20T05:59:25","slug":"customizable-pickling-jar-bulk","status":"publish","type":"product","link":"https:\/\/minghanggroup.com\/de\/produkt\/customizable-pickling-jar-bulk\/","title":{"rendered":"Anpassbare Einmachgl\u00e4ser aus Glas, Gro\u00dfpackung, 220 ml, 250 ml, 280 ml"},"content":{"rendered":"<p>Verschwenden Sie kein Geld mehr f\u00fcr langweilige Verpackungen, die Ihre Marke billig wirken lassen. Wir fertigen hochwertige Einmachgl\u00e4ser, die Ihre Lebensmittelaufbewahrung nicht nur modern und praktisch gestalten, sondern Ihr eingelegtes Gem\u00fcse auch l\u00e4nger frisch halten. Sie sind mehr als nur Gl\u00e4ser f\u00fcr eingelegtes Gem\u00fcse \u2013 sie sind die neue Geheimwaffe Ihrer Marke im Bereich Lebensmittelverpackungen.<\/p>\n<h2>Produktmerkmale<\/h2>\n<p><strong>Abgerundeter Flaschenhals<\/strong><\/p>\n<p>Die Politur ist perfekt ausgef\u00fchrt, der Hals ist glatt und frei von Graten, scharf und sauber, und er liegt angenehm in der Hand.<\/p>\n<p><strong>Verdickter Boden<\/strong><\/p>\n<p>Die Unterseite ist mit einem rutschfesten, strukturierten Muster versehen, wodurch sie verschlei\u00dffest, langlebig und weniger kippanf\u00e4llig ist.<\/p>\n<p><strong>Weitm\u00fcndungsdesign<\/strong><\/p>\n<p>Einfach die ganzen Gurken, den Dill oder andere eingelegte Zutaten mit den H\u00e4nden einwickeln. Hervorragend geeignet f\u00fcr Einmachgl\u00e4ser mit breiter \u00d6ffnung.<\/p>\n<h2>Wichtigste Spezifikationen<\/h2>\n<table style=\"border-collapse: collapse; width: 80%; margin-left: auto; margin-right: auto;\" border=\"0\" width=\"216\" cellspacing=\"0\" cellpadding=\"0\">\n<tbody>\n<tr style=\"height: 13.50pt;\">\n<td style=\"height: 13.5pt; width: 54pt; text-align: center;\" width=\"72\" height=\"18\">Fassungsverm\u00f6gen (ml)<\/td>\n<td style=\"width: 54pt; text-align: center;\" width=\"72\">Gr\u00f6\u00dfe (cm)<\/td>\n<td style=\"width: 54pt; text-align: center;\" width=\"72\">Benutzerdefinierte Optionen<\/td>\n<\/tr>\n<tr style=\"height: 13.50pt;\">\n<td style=\"height: 13.5pt; text-align: center;\" align=\"right\" height=\"18\">220<\/td>\n<td style=\"text-align: center;\">6,2 x 11,3<\/td>\n<td class=\"et2\" style=\"text-align: center;\" rowspan=\"3\">Deckel, Farbe, Etikett, Logo<\/td>\n<\/tr>\n<tr style=\"height: 13.50pt;\">\n<td style=\"height: 13.5pt; text-align: center;\" align=\"right\" height=\"18\">250<\/td>\n<td style=\"text-align: center;\">6,5 x 12,7<\/td>\n<\/tr>\n<tr style=\"height: 13.50pt;\">\n<td style=\"height: 13.5pt; text-align: center;\" align=\"right\" height=\"18\">280<\/td>\n<td style=\"text-align: center;\">6,5 x 13,5<\/td>\n<\/tr>\n<\/tbody>\n<\/table>\n<h2>Erfolgsbeispiel<\/h2>\n<p>Heritage Valley Foods nutzt unsere Einmachgl\u00e4ser optimal: Das robuste, transparente Glas und die hochwertigen roten Deckel lassen das eingelegte Gem\u00fcse nicht nur ansprechender aussehen, sondern verleihen ihm auch ein modernes, frisches Aussehen. Dadurch wirkt das Produkt auf den ersten Blick sehr attraktiv auf die Kunden. Die einzigartige, gepr\u00e4gte Textur und die gleichm\u00e4\u00dfigen Seiten der Gl\u00e4ser sorgen daf\u00fcr, dass die Marke im Einzelhandel gut sichtbar ist. Ihr Umsatz ist innerhalb eines Quartals um 32 % gestiegen.<\/p>\n<h2>Ihre Tipps zur individuellen Gestaltung von Einmachgl\u00e4sern<\/h2>\n<p>Sie k\u00f6nnen Ihre Flasche durch Siebdruck, Einbrennlackierung oder hitzebest\u00e4ndige Etiketten individuell gestalten, sodass Ihr Logo oder Design direkt in den Beh\u00e4lter integriert wird. Die Deckel der Einmachgl\u00e4ser sind in Metallic-Lackierung, matt, galvanisiert oder als individuell eingef\u00e4rbte Kunststoffkappen erh\u00e4ltlich. F\u00fcr einen besseren Verschluss kann ein Diebstahlsicherungsring oder eine Dichtung angebracht werden. Dar\u00fcber hinaus bieten wir Ihnen umfassende Verpackungsl\u00f6sungen wie Geschenkkartons, Etiketten, Siegelfolien etc., die den Anforderungen von Online-Shops und Superm\u00e4rkten gerecht werden.<\/p>","protected":false},"excerpt":{"rendered":"<p>Wir bieten Einmachgl\u00e4ser f\u00fcr K\u00e4ufer an. Direkt vom Hersteller: Diese Gl\u00e4ser f\u00fcr eingelegtes Gem\u00fcse k\u00f6nnen mit Deckeln, Gr\u00f6\u00dfen und Branding individuell gestaltet werden.<\/p>","protected":false},"featured_media":3335,"template":"","meta":{"postBodyCss":"","postBodyMargin":[],"postBodyPadding":[],"postBodyBackground":{"backgroundType":"classic","gradient":""}},"product_brand":[],"product_cat":[15,17,55],"product_tag":[65,71],"class_list":{"0":"post-3334","1":"product","2":"type-product","3":"status-publish","4":"has-post-thumbnail","6":"product_cat-glass-containers","7":"product_cat-glass-jars","8":"product_cat-pickle-jars","9":"product_tag-glass-jam-jars","10":"product_tag-honey-jars","12":"first","13":"instock","14":"shipping-taxable","15":"product-type-simple"},"jetpack_sharing_enabled":true,"_links":{"self":[{"href":"https:\/\/minghanggroup.com\/de\/wp-json\/wp\/v2\/product\/3334","targetHints":{"allow":["GET"]}}],"collection":[{"href":"https:\/\/minghanggroup.com\/de\/wp-json\/wp\/v2\/product"}],"about":[{"href":"https:\/\/minghanggroup.com\/de\/wp-json\/wp\/v2\/types\/product"}],"wp:featuredmedia":[{"embeddable":true,"href":"https:\/\/minghanggroup.com\/de\/wp-json\/wp\/v2\/media\/3335"}],"wp:attachment":[{"href":"https:\/\/minghanggroup.com\/de\/wp-json\/wp\/v2\/media?parent=3334"}],"wp:term":[{"taxonomy":"product_brand","embeddable":true,"href":"https:\/\/minghanggroup.com\/de\/wp-json\/wp\/v2\/product_brand?post=3334"},{"taxonomy":"product_cat","embeddable":true,"href":"https:\/\/minghanggroup.com\/de\/wp-json\/wp\/v2\/product_cat?post=3334"},{"taxonomy":"product_tag","embeddable":true,"href":"https:\/\/minghanggroup.com\/de\/wp-json\/wp\/v2\/product_tag?post=3334"}],"curies":[{"name":"wp","href":"https:\/\/api.w.org\/{rel}","templated":true}]}}