{"id":3320,"date":"2025-11-18T13:04:23","date_gmt":"2025-11-18T05:04:23","guid":{"rendered":"https:\/\/minghanggroup.com\/?post_type=product&#038;p=3320"},"modified":"2025-11-18T13:04:23","modified_gmt":"2025-11-18T05:04:23","slug":"bulk-glass-pickling-containers-for-packaging","status":"publish","type":"product","link":"https:\/\/minghanggroup.com\/de\/produkt\/bulk-glass-pickling-containers-for-packaging\/","title":{"rendered":"Gro\u00dfpackungen Glasbeh\u00e4lter zum Einlegen von Speisen, 350 ml, 480 ml, 730 ml"},"content":{"rendered":"<p>Lassen Sie nicht zu, dass ungeeignete Lebensmittelverpackungen den Charme Ihrer Marke beeintr\u00e4chtigen. Wir fertigen hochwertige Einlegebeh\u00e4lter, die Ihre Lebensmittelverpackung nicht nur modern und praktisch gestalten, sondern Ihre eingelegten Produkte auch frisch halten. Diese Beh\u00e4lter sind mehr als nur Gl\u00e4ser \u2013 sie sind die neue Geheimwaffe Ihrer Marke f\u00fcr die Aufbewahrung und Verpackung von Lebensmitteln.<\/p>\n<h2>Produktmerkmale<\/h2>\n<ul>\n<li><strong>Weitm\u00fcndungsdesign:<\/strong>Ideal zum Einlegen und Entnehmen ganzer Gurken, ganzer Gem\u00fcsesorten oder gro\u00dfer Lebensmittelst\u00fccke.<\/li>\n<li><strong>Hervorragende Abdichtung:<\/strong>Der Schraubverschluss mit innenliegendem Metalldeckel ist die beste Methode, um die Frische und den Geschmack von eingelegten und konservierten Lebensmitteln lange zu erhalten. Durch den luftdichten Verschluss bleibt die Lake optimal haltbar.<\/li>\n<li><strong>Alternativen mit hoher Kapazit\u00e4t:<\/strong>Gro\u00dfvolumige Einmachgl\u00e4ser aus Glas mit einem Fassungsverm\u00f6gen von 350-730 ml sind die beste M\u00f6glichkeit, das h\u00e4ufige Nachf\u00fcllen kleiner Gl\u00e4ser zu reduzieren.<\/li>\n<\/ul>\n<h2>Wichtigste Spezifikationen<\/h2>\n<table style=\"border-collapse: collapse; width: 80%; margin-left: auto; margin-right: auto;\" border=\"0\" width=\"216\" cellspacing=\"0\" cellpadding=\"0\">\n<tbody>\n<tr style=\"height: 13.50pt;\">\n<td class=\"et2\" style=\"height: 13.5pt; width: 54pt; text-align: center;\" width=\"72\" height=\"18\">Fassungsverm\u00f6gen (ml)<\/td>\n<td style=\"width: 54pt; text-align: center;\" width=\"72\">Gr\u00f6\u00dfe (cm)<\/td>\n<td style=\"width: 54pt; text-align: center;\" width=\"72\">Dichtungstyp<\/td>\n<\/tr>\n<tr style=\"height: 13.50pt;\">\n<td style=\"height: 13.5pt; text-align: center;\" align=\"right\" height=\"18\">350<\/td>\n<td style=\"text-align: center;\">8.5 *8.1 * 11.0<\/td>\n<td class=\"et2\" style=\"text-align: center;\" rowspan=\"3\">Metall oder Kunststoff<\/td>\n<\/tr>\n<tr style=\"height: 13.50pt;\">\n<td style=\"height: 13.5pt; text-align: center;\" align=\"right\" height=\"18\">480<\/td>\n<td style=\"text-align: center;\">9.2 * 8.9 * 12.2<\/td>\n<\/tr>\n<tr style=\"height: 13.50pt;\">\n<td style=\"height: 13.5pt; text-align: center;\" align=\"right\" height=\"18\">730<\/td>\n<td style=\"text-align: center;\">9.5 * 14.5<\/td>\n<\/tr>\n<\/tbody>\n<\/table>\n<h2>Erfolgsbeispiel<\/h2>\n<p>Die Gurkenfabrik in Texas, USA, hat eine Sonderbestellung f\u00fcr ma\u00dfgefertigte, dickwandige Einmachgl\u00e4ser mit weiter \u00d6ffnung und einem hochfesten Verschlussdeckel aufgegeben, die f\u00fcr den Transport \u00fcber lange Strecken geeignet sind und auf ihre Bed\u00fcrfnisse beim Einlegen ganzer Gurken zugeschnitten sind.<\/p>\n<p>Dank der neuen, gro\u00dfvolumigen Gurkengl\u00e4ser konnte die Abf\u00fclleffizienz um 22 % gesteigert und die Bruchrate beim Transport reduziert werden. Das Bestellvolumen der Catering-Kunden hat sich innerhalb von drei Monaten nahezu verdoppelt.<\/p>\n<h2>Ihre Tipps zur individuellen Gestaltung von Einlegebeh\u00e4ltern<\/h2>\n<p>Bei der Auswahl gro\u00dfvolumiger Einlegebeh\u00e4lter k\u00f6nnen die Glasst\u00e4rke und das Material des Deckels je nach S\u00e4uregehalt und Feststoffanteil des Produkts variiert werden. Durch die Anpassung der \u00d6ffnungsweite l\u00e4sst sich zudem die F\u00fcllleistung f\u00fcr gr\u00f6\u00dfere Lebensmittelst\u00fccke erh\u00f6hen. Um die Gl\u00e4ser im Verkaufsraum attraktiver zu gestalten, k\u00f6nnen Markenpr\u00e4gungen oder \u00f6l- und s\u00e4urebest\u00e4ndige Etiketten angebracht werden. Bei zahlreichen Exportlieferungen gew\u00e4hrleisten Umkartons und Palettenverpackungen die Sicherheit und Stabilit\u00e4t der gesamten Warenlieferung in der Logistikkette.<\/p>","protected":false},"excerpt":{"rendered":"<p>Einmachgl\u00e4ser f\u00fcr Saucen und Gem\u00fcse. Unsere Einmachgl\u00e4ser aus Glas zeichnen sich durch hervorragende Dichtigkeit aus, erm\u00f6glichen die individuelle Etikettierung und werden direkt ab Werk versendet.<\/p>","protected":false},"featured_media":3321,"template":"","meta":{"postBodyCss":"","postBodyMargin":[],"postBodyPadding":[],"postBodyBackground":{"backgroundType":"classic","gradient":""}},"product_brand":[],"product_cat":[15,17,55],"product_tag":[],"class_list":{"0":"post-3320","1":"product","2":"type-product","3":"status-publish","4":"has-post-thumbnail","6":"product_cat-glass-containers","7":"product_cat-glass-jars","8":"product_cat-pickle-jars","10":"first","11":"instock","12":"shipping-taxable","13":"product-type-simple"},"jetpack_sharing_enabled":true,"_links":{"self":[{"href":"https:\/\/minghanggroup.com\/de\/wp-json\/wp\/v2\/product\/3320","targetHints":{"allow":["GET"]}}],"collection":[{"href":"https:\/\/minghanggroup.com\/de\/wp-json\/wp\/v2\/product"}],"about":[{"href":"https:\/\/minghanggroup.com\/de\/wp-json\/wp\/v2\/types\/product"}],"wp:featuredmedia":[{"embeddable":true,"href":"https:\/\/minghanggroup.com\/de\/wp-json\/wp\/v2\/media\/3321"}],"wp:attachment":[{"href":"https:\/\/minghanggroup.com\/de\/wp-json\/wp\/v2\/media?parent=3320"}],"wp:term":[{"taxonomy":"product_brand","embeddable":true,"href":"https:\/\/minghanggroup.com\/de\/wp-json\/wp\/v2\/product_brand?post=3320"},{"taxonomy":"product_cat","embeddable":true,"href":"https:\/\/minghanggroup.com\/de\/wp-json\/wp\/v2\/product_cat?post=3320"},{"taxonomy":"product_tag","embeddable":true,"href":"https:\/\/minghanggroup.com\/de\/wp-json\/wp\/v2\/product_tag?post=3320"}],"curies":[{"name":"wp","href":"https:\/\/api.w.org\/{rel}","templated":true}]}}