{"id":3257,"date":"2025-11-17T16:29:55","date_gmt":"2025-11-17T08:29:55","guid":{"rendered":"https:\/\/minghanggroup.com\/?post_type=product&#038;p=3257"},"modified":"2025-11-18T10:58:25","modified_gmt":"2025-11-18T02:58:25","slug":"custom-pickle-container-pickles-jar-wholesale","status":"publish","type":"product","link":"https:\/\/minghanggroup.com\/de\/produkt\/custom-pickle-container-pickles-jar-wholesale\/","title":{"rendered":"Gro\u00dfhandel f\u00fcr individuell gestaltete Glas-Gurkenbeh\u00e4lter (125 ml \u2013 280 ml)"},"content":{"rendered":"<p>Schluss mit langweiligen Aufbewahrungsl\u00f6sungen, die Ihrer Marke schaden! Wir fertigen hochwertige Gurkenbeh\u00e4lter, die Ihre Lebensmittelverpackung in eine stilvolle und funktionale L\u00f6sung verwandeln und gleichzeitig Ihre eingelegten Produkte frisch halten. Das sind nicht einfach nur Gl\u00e4ser \u2013 sie sind die neue Geheimwaffe Ihrer Marke f\u00fcr die Aufbewahrung und Verpackung von Lebensmitteln.<\/p>\n<h2>Produktmerkmale<\/h2>\n<ol>\n<li><strong>Kristallklarheit:<\/strong>Dank des superklaren Glases kommen die leuchtenden Farben Ihrer eingelegten Fr\u00fcchte und Gem\u00fcse im Einmachglas sofort zur Geltung.<\/li>\n<li><strong>Luftdichter Verschluss:<\/strong>Um die Frische und den Geschmack Ihrer Einlege- und Konservenprodukte zu bewahren, wird ein Metalldeckel mit durchgehendem Gewinde verwendet. Der luftdichte Verschluss sorgt daf\u00fcr, dass die Lake frisch bleibt.<\/li>\n<li><strong>Vielseitige Kapazit\u00e4t:<\/strong>Die verschiedenen Gr\u00f6\u00dfen (125 ml\u2013280 ml) decken Ihren Einlegebedarf ab, egal ob Sie kleine Mengen oder gro\u00dfe Mengen f\u00fcr Ihr Lebensmittelunternehmen ben\u00f6tigen. Gro\u00dfhandelsbestellungen f\u00fcr diese Gl\u00e4ser sind sehr willkommen.<\/li>\n<\/ol>\n<h2>Wichtigste Spezifikationen<\/h2>\n<table style=\"border-collapse: collapse; width: 80%; margin-left: auto; margin-right: auto;\" border=\"0\" width=\"288\" cellspacing=\"0\" cellpadding=\"0\">\n<tbody>\n<tr style=\"height: 13.50pt;\">\n<td style=\"height: 13.5pt; width: 54pt; text-align: center;\" width=\"72\" height=\"18\">Fassungsverm\u00f6gen (ml)<\/td>\n<td style=\"width: 54pt; text-align: center;\" width=\"72\">Gr\u00f6\u00dfe (cm)<\/td>\n<td style=\"width: 54pt; text-align: center;\" width=\"72\">Benutzerdefinierte Optionen<\/td>\n<\/tr>\n<tr style=\"height: 13.50pt;\">\n<td style=\"height: 13.5pt; text-align: center;\" height=\"18\">125 ml<\/td>\n<td style=\"text-align: center;\">7.5 * 7.3 * 5.5<\/td>\n<td class=\"et2\" style=\"text-align: center;\" rowspan=\"3\">Gr\u00f6\u00dfe, Logo, Etikett, Farbe\u2026<\/td>\n<\/tr>\n<tr style=\"height: 13.50pt;\">\n<td style=\"height: 13.5pt; text-align: center;\" height=\"18\">180 ml<\/td>\n<td style=\"text-align: center;\">8.0 * 7.7 * 7.0<\/td>\n<\/tr>\n<tr style=\"height: 13.50pt;\">\n<td style=\"height: 13.5pt; text-align: center;\" height=\"18\">280 ml<\/td>\n<td style=\"text-align: center;\">8.2 * 7.9 * 9.5<\/td>\n<\/tr>\n<\/tbody>\n<\/table>\n<h2>Erfolgsbeispiel<\/h2>\n<p>Wir wurden von einer kanadischen Marke f\u00fcr fermentierte Spezialit\u00e4ten angesprochen, um ein rundes Gurkenglas mit einem korrosionsbest\u00e4ndigen goldenen Metalldeckel, einer auslaufsicheren Dichtung und verdickten Glasw\u00e4nden zur Erh\u00f6hung der Druckbest\u00e4ndigkeit w\u00e4hrend der Fermentation zu modifizieren.<\/p>\n<p>Nach der Umstellung der Verpackung erh\u00f6hte sich die Wiederkaufsrate der Marke um 28 %, und auch die Produktbewertungen verbesserten sich deutlich.<\/p>\n<h2>Tipps zur individuellen Gestaltung von Gurkenbeh\u00e4ltern<\/h2>\n<p>Dieses Einmachglas aus dickwandigem Glas f\u00fchlt sich nicht nur angenehm an, sondern ist auch druckbest\u00e4ndig. Der Kunde kann aus verschiedenen Metalldeckeln wie Gold, galvanisiertem Schwarz oder Wei\u00dfblech w\u00e4hlen. F\u00fcr eine optimale Abdichtung kann zus\u00e4tzlich eine Silikondichtung in den Deckel eingesetzt werden. Das Einmachglas l\u00e4sst sich mit einer mattierten oder klaren Glasur oder einer dezenten Pr\u00e4gung verzieren und verleiht Ihrer Marke so ein individuelles Aussehen. Die gl\u00e4nzenden Bereiche k\u00f6nnen an Ihr Etikett angepasst werden, um einen gleichm\u00e4\u00dfigen und makellosen Auftrag zu gew\u00e4hrleisten. Ob f\u00fcr eingelegte Gurken, Kimchi oder selbstgemachtes fermentiertes Gem\u00fcse \u2013 dieses individuell gestaltete Glas sorgt f\u00fcr ein professionelles und elegantes Markenimage.<\/p>","protected":false},"excerpt":{"rendered":"<p>Robuster Glasbeh\u00e4lter f\u00fcr Kimchi und fermentierte Lebensmittel, ein vielseitiges Einmachglas, ideal f\u00fcr Gro\u00dfbestellungen, individuelle Deckel, Branding und Direktbestellungen ab Werk.<\/p>","protected":false},"featured_media":3258,"template":"","meta":{"postBodyCss":"","postBodyMargin":[],"postBodyPadding":[],"postBodyBackground":{"backgroundType":"classic","gradient":""}},"product_brand":[],"product_cat":[15,17,55],"product_tag":[],"class_list":{"0":"post-3257","1":"product","2":"type-product","3":"status-publish","4":"has-post-thumbnail","6":"product_cat-glass-containers","7":"product_cat-glass-jars","8":"product_cat-pickle-jars","10":"first","11":"instock","12":"shipping-taxable","13":"product-type-simple"},"jetpack_sharing_enabled":true,"_links":{"self":[{"href":"https:\/\/minghanggroup.com\/de\/wp-json\/wp\/v2\/product\/3257","targetHints":{"allow":["GET"]}}],"collection":[{"href":"https:\/\/minghanggroup.com\/de\/wp-json\/wp\/v2\/product"}],"about":[{"href":"https:\/\/minghanggroup.com\/de\/wp-json\/wp\/v2\/types\/product"}],"wp:featuredmedia":[{"embeddable":true,"href":"https:\/\/minghanggroup.com\/de\/wp-json\/wp\/v2\/media\/3258"}],"wp:attachment":[{"href":"https:\/\/minghanggroup.com\/de\/wp-json\/wp\/v2\/media?parent=3257"}],"wp:term":[{"taxonomy":"product_brand","embeddable":true,"href":"https:\/\/minghanggroup.com\/de\/wp-json\/wp\/v2\/product_brand?post=3257"},{"taxonomy":"product_cat","embeddable":true,"href":"https:\/\/minghanggroup.com\/de\/wp-json\/wp\/v2\/product_cat?post=3257"},{"taxonomy":"product_tag","embeddable":true,"href":"https:\/\/minghanggroup.com\/de\/wp-json\/wp\/v2\/product_tag?post=3257"}],"curies":[{"name":"wp","href":"https:\/\/api.w.org\/{rel}","templated":true}]}}