{"id":3252,"date":"2025-11-17T15:02:18","date_gmt":"2025-11-17T07:02:18","guid":{"rendered":"https:\/\/minghanggroup.com\/?post_type=product&#038;p=3252"},"modified":"2026-01-20T13:59:46","modified_gmt":"2026-01-20T05:59:46","slug":"large-pickle-jar-wholesale-the-pickle-jar","status":"publish","type":"product","link":"https:\/\/minghanggroup.com\/de\/produkt\/large-pickle-jar-wholesale-the-pickle-jar\/","title":{"rendered":"Gro\u00dfe Gurkengl\u00e4ser (25 oz \u2013 50 oz) im Gro\u00dfhandel f\u00fcr Einlegebed\u00fcrfnisse"},"content":{"rendered":"<p>Schluss mit un\u00fcbersichtlicher Aufbewahrung, die die Frische Ihrer Lebensmittel beeintr\u00e4chtigt! Wir fertigen hochwertige, gro\u00dfe Gurkengl\u00e4ser, die das Einlegen und Einkochen stilvoll und effizient gestalten und gleichzeitig den Geschmack bewahren. Diese Gl\u00e4ser sind mehr als nur Beh\u00e4lter \u2013 sie sind die neue Geheimwaffe f\u00fcr Ihre Lebensmittelverpackung.<\/p>\n<h2>Produktmerkmale<\/h2>\n<ol>\n<li><strong>Weitm\u00fcndungsdesign:<\/strong>Nichts ist einfacher, als eine ganze Gurke, eine Handvoll Dill oder andere Zutaten in ein Glas zu f\u00fcllen \u2013 enge Glas\u00f6ffnungen sind kein Problem mehr, und Sie k\u00f6nnen problemlos eingelegtes Gem\u00fcse einf\u00fcllen. Absolut kompatibel mit Weithals-Glasbeh\u00e4ltern.<\/li>\n<li><strong>Hervorragende Abdichtung:<\/strong>Der durchgehende Metallverschluss mit Gewinde ist der Hauptgrund daf\u00fcr, dass Frische und Geschmack von eingelegten und konservierten Lebensmitteln perfekt erhalten bleiben. Ein optimaler Verschluss sorgt daf\u00fcr, dass die Lake ihre beste Qualit\u00e4t beh\u00e4lt.<\/li>\n<li><strong>Mehrere Kapazit\u00e4tsoptionen:<\/strong>F\u00fcr Ihre unterschiedlichen Einlegebed\u00fcrfnisse \u2013 ob kleine Mengen oder gro\u00dfe Mengen f\u00fcr den Lebensmittelhandel \u2013 stehen Ihnen verschiedene Gr\u00f6\u00dfen (750 ml bis 1500 ml) zur Verf\u00fcgung. Diese gro\u00dfen Einmachgl\u00e4ser eignen sich ideal f\u00fcr Gro\u00dfhandelsbestellungen.<\/li>\n<\/ol>\n<h2>Wichtigste Spezifikationen<\/h2>\n<p>&nbsp;<\/p>\n<table style=\"border-collapse: collapse; width: 80%; margin-left: auto; margin-right: auto;\" border=\"0\" width=\"288\" cellspacing=\"0\" cellpadding=\"0\">\n<tbody>\n<tr style=\"height: 13.50pt;\">\n<td style=\"height: 13.5pt; width: 54pt; text-align: center;\" width=\"72\" height=\"18\">Fassungsverm\u00f6gen (ml)<\/td>\n<td style=\"width: 54pt; text-align: center;\" width=\"72\">Gr\u00f6\u00dfe (cm)<\/td>\n<td style=\"width: 54pt; text-align: center;\" width=\"72\">Form<\/td>\n<\/tr>\n<tr style=\"height: 13.50pt;\">\n<td style=\"height: 13.5pt; text-align: center;\" align=\"right\" height=\"18\">750<\/td>\n<td style=\"text-align: center;\">9.3*15.1<\/td>\n<td class=\"et2\" style=\"text-align: center;\" rowspan=\"3\">Runden<\/td>\n<\/tr>\n<tr style=\"height: 13.50pt;\">\n<td style=\"height: 13.5pt; text-align: center;\" align=\"right\" height=\"18\">950<\/td>\n<td style=\"text-align: center;\">9.1*18.8<\/td>\n<\/tr>\n<tr style=\"height: 13.50pt;\">\n<td style=\"height: 13.5pt; text-align: center;\" align=\"right\" height=\"18\">1500<\/td>\n<td style=\"text-align: center;\">10.5*20.4<\/td>\n<\/tr>\n<\/tbody>\n<\/table>\n<h2>Erfolgsbeispiel<\/h2>\n<p>Unser gro\u00dfes Gurkenglas wurde von einer s\u00fcdkoreanischen Marke f\u00fcr eingelegte Lebensmittel als Verpackung f\u00fcr ihr neues Produkt ausgew\u00e4hlt. Sie lie\u00dfen ein individuelles Glas mit gr\u00f6\u00dferem Volumen und dickerem Glas anfertigen, brachten ein gepr\u00e4gtes Logo an und steigerten durch den Metallverschluss den Wiedererkennungswert ihrer Marke erheblich.<\/p>\n<p>Unmittelbar nach der Einf\u00fchrung der neuen Verpackung stieg der Absatz ihres Hauptprodukts innerhalb von drei Monaten um 32 %.<\/p>\n<h2>Tipps zur individuellen Gestaltung eines gro\u00dfen Gew\u00fcrzglases<\/h2>\n<p>Dieses gro\u00dfe Gurkenglas l\u00e4sst sich auf vielf\u00e4ltige Weise an die Bed\u00fcrfnisse einer Marke anpassen. Unterschiedliche Deckelgr\u00f6\u00dfen eignen sich f\u00fcr verschiedene Packungsgr\u00f6\u00dfen eingelegter Produkte. Dickeres oder transparenteres Glas kann die Aufmerksamkeit der Kunden im Regal auf sich ziehen. Die Deckel sind in auslaufsicheren, rostfreien Metall- oder Kunststoffvarianten erh\u00e4ltlich. Dar\u00fcber hinaus eignet sich das Glas f\u00fcr Farbgebung, Galvanisierung, Lackierung und Logodruck. Dadurch wird die Gesamtverpackung nicht nur langlebiger, sondern auch f\u00fcr die Marke einpr\u00e4gsamer.<\/p>","protected":false},"excerpt":{"rendered":"<p>Gro\u00dfformatige Gurkengl\u00e4ser direkt vom Hersteller f\u00fcr Marken im Bereich unverpackter Lebensmittel. Passen Sie die Gurkengl\u00e4ser mit Deckeln, Gr\u00f6\u00dfen und Etiketten individuell an, um Ihre Einlegeproduktion zu optimieren.<\/p>","protected":false},"featured_media":3253,"template":"","meta":{"postBodyCss":"","postBodyMargin":[],"postBodyPadding":[],"postBodyBackground":{"backgroundType":"classic","gradient":""}},"product_brand":[],"product_cat":[15,17,55],"product_tag":[65,71],"class_list":{"0":"post-3252","1":"product","2":"type-product","3":"status-publish","4":"has-post-thumbnail","6":"product_cat-glass-containers","7":"product_cat-glass-jars","8":"product_cat-pickle-jars","9":"product_tag-glass-jam-jars","10":"product_tag-honey-jars","12":"first","13":"instock","14":"shipping-taxable","15":"product-type-simple"},"jetpack_sharing_enabled":true,"_links":{"self":[{"href":"https:\/\/minghanggroup.com\/de\/wp-json\/wp\/v2\/product\/3252","targetHints":{"allow":["GET"]}}],"collection":[{"href":"https:\/\/minghanggroup.com\/de\/wp-json\/wp\/v2\/product"}],"about":[{"href":"https:\/\/minghanggroup.com\/de\/wp-json\/wp\/v2\/types\/product"}],"wp:featuredmedia":[{"embeddable":true,"href":"https:\/\/minghanggroup.com\/de\/wp-json\/wp\/v2\/media\/3253"}],"wp:attachment":[{"href":"https:\/\/minghanggroup.com\/de\/wp-json\/wp\/v2\/media?parent=3252"}],"wp:term":[{"taxonomy":"product_brand","embeddable":true,"href":"https:\/\/minghanggroup.com\/de\/wp-json\/wp\/v2\/product_brand?post=3252"},{"taxonomy":"product_cat","embeddable":true,"href":"https:\/\/minghanggroup.com\/de\/wp-json\/wp\/v2\/product_cat?post=3252"},{"taxonomy":"product_tag","embeddable":true,"href":"https:\/\/minghanggroup.com\/de\/wp-json\/wp\/v2\/product_tag?post=3252"}],"curies":[{"name":"wp","href":"https:\/\/api.w.org\/{rel}","templated":true}]}}