{"id":3226,"date":"2025-11-17T11:46:22","date_gmt":"2025-11-17T03:46:22","guid":{"rendered":"https:\/\/minghanggroup.com\/?post_type=product&#038;p=3226"},"modified":"2026-01-20T13:59:35","modified_gmt":"2026-01-20T05:59:35","slug":"pickle-jar-bulk-pickling-jars-factory","status":"publish","type":"product","link":"https:\/\/minghanggroup.com\/de\/produkt\/pickle-jar-bulk-pickling-jars-factory\/","title":{"rendered":"105 ml \u2013 550 ml Glas-Gurkenglas f\u00fcr die Verpackung von Gro\u00dfpackungen"},"content":{"rendered":"<p>Schluss mit unordentlichen Aufbewahrungsm\u00f6glichkeiten, die Ihre K\u00fcche unansehnlich machen! Wir fertigen hochwertige Gurkengl\u00e4ser, die Ihre Vorratskammer in einen stilvollen Aufbewahrungsort verwandeln und gleichzeitig Ihre eingelegten Lebensmittel frisch halten. Diese Gl\u00e4ser sind mehr als nur Beh\u00e4lter \u2013 sie sind die neue Geheimwaffe f\u00fcr optimale K\u00fcchenorganisation und Lebensmittelverpackung.<\/p>\n<h2>Produktmerkmale<\/h2>\n<ol>\n<li><strong>Perfektes Siegel:<\/strong>Der dicht schlie\u00dfende Metallverschluss bewahrt Geschmack und Frische Ihrer Einmachgl\u00e4ser, sodass das eingelegte Gem\u00fcse frisch und appetitlich bleibt.<\/li>\n<li><strong>Vielseitige Kapazit\u00e4t:<\/strong>Die verschiedenen Gr\u00f6\u00dfen (105 ml - 550 ml) decken alle Ihre Einlegebed\u00fcrfnisse ab, egal ob es sich um eine kleine Menge oder die Lagerung gro\u00dfer Mengen f\u00fcr Ihr Lebensmittelunternehmen handelt.<\/li>\n<li><strong>Robuste Konstruktion:<\/strong>Das robuste Glas h\u00e4lt dem t\u00e4glichen Gebrauch als K\u00fcchenaufbewahrungsbeh\u00e4lter stand, daher sind diese Glasbeh\u00e4lter genau das Richtige f\u00fcr die langfristige Aufbewahrung von Lebensmitteln.<\/li>\n<\/ol>\n<h2>Wichtigste Spezifikationen<\/h2>\n<table style=\"border-collapse: collapse; width: 80%; margin-left: auto; margin-right: auto;\" border=\"0\" width=\"360\" cellspacing=\"0\" cellpadding=\"0\">\n<tbody>\n<tr style=\"height: 13.50pt;\">\n<td style=\"height: 13.5pt; width: 54pt; text-align: center;\" width=\"72\" height=\"18\">Fassungsverm\u00f6gen (ml)<\/td>\n<td style=\"width: 54pt; text-align: center;\" width=\"72\">Gr\u00f6\u00dfe (cm)<\/td>\n<td style=\"width: 54pt; text-align: center;\" width=\"72\">Innen-\/Au\u00dfendurchmesser (mm)<\/td>\n<td style=\"width: 54pt; text-align: center;\" width=\"72\">Form<\/td>\n<\/tr>\n<tr style=\"height: 13.50pt;\">\n<td style=\"height: 13.5pt; text-align: center;\" align=\"right\" height=\"18\">105<\/td>\n<td style=\"text-align: center;\">5.5 * 6.5<\/td>\n<td style=\"text-align: center;\">42 * 51<\/td>\n<td class=\"et2\" style=\"text-align: center;\" rowspan=\"4\">Runden<\/td>\n<\/tr>\n<tr style=\"height: 13.50pt;\">\n<td style=\"height: 13.5pt; text-align: center;\" align=\"right\" height=\"18\">230<\/td>\n<td style=\"text-align: center;\">6.7 * 9.0<\/td>\n<td style=\"text-align: center;\">52 * 62<\/td>\n<\/tr>\n<tr style=\"height: 13.50pt;\">\n<td style=\"height: 13.5pt; text-align: center;\" align=\"right\" height=\"18\">350<\/td>\n<td style=\"text-align: center;\">7.4 * 10.9<\/td>\n<td style=\"text-align: center;\">58 * 68<\/td>\n<\/tr>\n<tr style=\"height: 13.50pt;\">\n<td style=\"height: 13.5pt; text-align: center;\" align=\"right\" height=\"18\">550<\/td>\n<td style=\"text-align: center;\">8.6 * 12.6<\/td>\n<td style=\"text-align: center;\">69 * 80<\/td>\n<\/tr>\n<\/tbody>\n<\/table>\n<h2>Erfolgsbeispiel<\/h2>\n<p>Im Zuge der Umgestaltung ihrer Verpackung entschied sich eine osteurop\u00e4ische Gew\u00fcrzmarke f\u00fcr unser Glasgef\u00e4\u00df f\u00fcr ihre Gurken. Wir passten verschiedene Volumenoptionen an und lieferten einen besser schlie\u00dfenden, rostfreien schwarzen Deckel, wodurch das Erscheinungsbild der Marke im Regal einheitlicher und optisch ansprechender wurde.<\/p>\n<p>Nach der Einf\u00fchrung der neuen Verpackung stieg der Absatz der Gurken der Marke innerhalb von nur drei Monaten um fast 30 % und die Marke schaffte au\u00dferdem einen erfolgreichen Markteintritt in zwei gro\u00dfen Supermarktketten, was zu einer deutlichen Steigerung der Markenbekanntheit f\u00fchrte.<\/p>\n<h2>Tipps zur individuellen Gestaltung von Gurkengl\u00e4sern<\/h2>\n<p>Dieses Einmachglas l\u00e4sst sich auf vielf\u00e4ltige Weise an die Markenanforderungen anpassen, beispielsweise durch unterschiedliche F\u00fcllmengen und Flaschenformen f\u00fcr verschiedene eingelegte Lebensmittel. Die Gl\u00e4ser k\u00f6nnen dickwandiger oder gepr\u00e4gt werden, um die Textur zu verbessern. Auch Farbe, Verschlussart und Dichtung des rostfreien Metalldeckels k\u00f6nnen nach Kundenwunsch variiert werden. Markenlogos, Etikettengr\u00f6\u00dfen und Musterdesigns lassen sich ebenfalls auf Flasche oder Deckel anbringen und verleihen dem Produkt so eine attraktivere und professionellere Pr\u00e4sentation im Regal.<\/p>","protected":false},"excerpt":{"rendered":"<p>Gurkengl\u00e4ser direkt vom Hersteller \u2013 ideal zum Einkochen gro\u00dfer Mengen, f\u00fcr fermentierte Lebensmittel und Markenverpackungen. Individueller Logodruck f\u00fcr OEM-Bestellungen m\u00f6glich.<\/p>","protected":false},"featured_media":3227,"template":"","meta":{"postBodyCss":"","postBodyMargin":[],"postBodyPadding":[],"postBodyBackground":{"backgroundType":"classic","gradient":""}},"product_brand":[],"product_cat":[15,17,55],"product_tag":[65,71],"class_list":{"0":"post-3226","1":"product","2":"type-product","3":"status-publish","4":"has-post-thumbnail","6":"product_cat-glass-containers","7":"product_cat-glass-jars","8":"product_cat-pickle-jars","9":"product_tag-glass-jam-jars","10":"product_tag-honey-jars","12":"first","13":"instock","14":"shipping-taxable","15":"product-type-simple"},"jetpack_sharing_enabled":true,"_links":{"self":[{"href":"https:\/\/minghanggroup.com\/de\/wp-json\/wp\/v2\/product\/3226","targetHints":{"allow":["GET"]}}],"collection":[{"href":"https:\/\/minghanggroup.com\/de\/wp-json\/wp\/v2\/product"}],"about":[{"href":"https:\/\/minghanggroup.com\/de\/wp-json\/wp\/v2\/types\/product"}],"wp:featuredmedia":[{"embeddable":true,"href":"https:\/\/minghanggroup.com\/de\/wp-json\/wp\/v2\/media\/3227"}],"wp:attachment":[{"href":"https:\/\/minghanggroup.com\/de\/wp-json\/wp\/v2\/media?parent=3226"}],"wp:term":[{"taxonomy":"product_brand","embeddable":true,"href":"https:\/\/minghanggroup.com\/de\/wp-json\/wp\/v2\/product_brand?post=3226"},{"taxonomy":"product_cat","embeddable":true,"href":"https:\/\/minghanggroup.com\/de\/wp-json\/wp\/v2\/product_cat?post=3226"},{"taxonomy":"product_tag","embeddable":true,"href":"https:\/\/minghanggroup.com\/de\/wp-json\/wp\/v2\/product_tag?post=3226"}],"curies":[{"name":"wp","href":"https:\/\/api.w.org\/{rel}","templated":true}]}}