{"id":3041,"date":"2025-11-14T11:13:14","date_gmt":"2025-11-14T03:13:14","guid":{"rendered":"https:\/\/minghanggroup.com\/?post_type=product&#038;p=3041"},"modified":"2025-11-14T17:28:36","modified_gmt":"2025-11-14T09:28:36","slug":"custom-glass-spice-bottles-seasoning-bottle-bulk","status":"publish","type":"product","link":"https:\/\/minghanggroup.com\/de\/produkt\/custom-glass-spice-bottles-seasoning-bottle-bulk\/","title":{"rendered":"40 ml individuell gestaltete Gew\u00fcrzgl\u00e4ser zum W\u00fcrzen"},"content":{"rendered":"<p>Schluss mit dem Chaos in der Gew\u00fcrzaufbewahrung, das Ihre K\u00fcche unordentlich wirken l\u00e4sst! Wir bieten stilvolle Gew\u00fcrzgl\u00e4ser aus Glas, die nicht nur Ihre K\u00fcche optisch aufwerten, sondern Ihre Gew\u00fcrze auch frisch halten. Sie sind mehr als nur Gl\u00e4ser \u2013 sie sind die neue, unsichtbare St\u00e4rke Ihrer Marke f\u00fcr ordentliche und stilvolle K\u00fcchen und Lebensmittelverpackungen.<\/p>\n<h2>Produktmerkmale<\/h2>\n<ol>\n<li><strong>Abgerundeter Flaschenhals:<\/strong>Der abgerundete und gleichm\u00e4\u00dfige Flaschenhals sorgt f\u00fcr eine gute Abdichtung und verhindert so ein Auslaufen.<\/li>\n<li><strong>Pr\u00e4zisions-Sch\u00fcttelkappe:<\/strong>Die L\u00f6cher sind gleichm\u00e4\u00dfig auf dem Metalldeckel verteilt, wodurch eine perfekte Kontrolle \u00fcber die Menge der Gew\u00fcrze, z. B. Pfeffer, Salz, Zucker und Mehl, erreicht werden kann.<\/li>\n<li><strong>Ergonomisches Design:<\/strong>Die glatten, schlanken Flaschenlinien in Kombination mit dem formsch\u00f6nen, konischen Design sorgen f\u00fcr einen guten Griff und erm\u00f6glichen so eine einfache Handhabung in der K\u00fcche.<\/li>\n<\/ol>\n<h2>Wichtigste Spezifikationen<\/h2>\n<table style=\"border-collapse: collapse; width: 80%; margin-left: auto; margin-right: auto;\" border=\"0\" width=\"288\" cellspacing=\"0\" cellpadding=\"0\">\n<tbody>\n<tr style=\"height: 13.50pt;\">\n<td style=\"height: 13.5pt; width: 54pt; text-align: center;\" width=\"72\" height=\"18\">Kapazit\u00e4t<\/td>\n<td style=\"width: 54pt; text-align: center;\" width=\"72\">Gr\u00f6\u00dfe<\/td>\n<td style=\"width: 54pt; text-align: center;\" width=\"72\">Farboptionen<\/td>\n<td style=\"width: 54pt; text-align: center;\" width=\"72\">Deckeloptionen<\/td>\n<\/tr>\n<tr style=\"height: 13.50pt;\">\n<td style=\"height: 13.5pt; text-align: center;\" height=\"18\">40 ml<\/td>\n<td style=\"text-align: center;\">4,5 * 10 cm<\/td>\n<td style=\"text-align: center;\">Klar, individuell<\/td>\n<td style=\"text-align: center;\">Metall mit gleichm\u00e4\u00dfigen L\u00f6chern<\/td>\n<\/tr>\n<\/tbody>\n<\/table>\n<h2>Erfolgsbeispiel<\/h2>\n<p>Wir wurden von einem europ\u00e4ischen Gew\u00fcrz-Startup kontaktiert, das eine Verpackung suchte, die sein minimalistisches und gleichzeitig anspruchsvolles Image widerspiegelte. Daraufhin entwarfen wir diese ma\u00dfgeschneiderte Gew\u00fcrzflasche aus Glas. Wir passten das Design an die Produkteigenschaften an und kombinierten einen Glask\u00f6rper mit einem robusten, dickwandigen Metallschraubverschluss. Dank der hohen Transparenz der Flasche wirken leuchtend farbige Chilischoten, Pfefferk\u00f6rner und Knoblauchzehen f\u00fcr die Kunden besonders ansprechend.<\/p>\n<p>Schlie\u00dflich waren diese stilvollen Gew\u00fcrzflaschen aus Glas ma\u00dfgeblich am Umsatzwachstum des Kunden von mehr als 30 % in den ersten drei Monaten beteiligt.<\/p>\n<h2>Tipps zur individuellen Gestaltung von Gew\u00fcrzgl\u00e4sern<\/h2>\n<p>Dieser Glasbeh\u00e4lter f\u00fcr Gew\u00fcrze bietet vielf\u00e4ltige Anpassungsm\u00f6glichkeiten, um den individuellen Anforderungen einer Marke gerecht zu werden. Dazu geh\u00f6ren die Wahl der Wandst\u00e4rke und Transparenz f\u00fcr eine optimale Optik, die Anpassung der Farbe, die Galvanisierung oder Spr\u00fchbeschichtung des Metallverschlusses an das Markendesign sowie die Veredelung mit Siebdruck, Hei\u00dfpr\u00e4gung oder Etiketten zur Steigerung des Wiedererkennungswerts. Verschiedene Lochformen erm\u00f6glichen die Verwendung von Gew\u00fcrzen unterschiedlicher Partikelgr\u00f6\u00dfe. Dar\u00fcber hinaus lassen sich Volumen und Geschenkverpackung personalisieren, um eine einzigartige Gew\u00fcrzflasche zu kreieren, die sich im Markt abhebt.<\/p>","protected":false},"excerpt":{"rendered":"<p>Gew\u00fcrzflaschen aus Glas f\u00fcr sauberes Dosieren. Eine stilvolle Wahl f\u00fcr die Vorratshaltung, individuelle Gestaltung und effiziente Aufbewahrung in der K\u00fcche.<\/p>","protected":false},"featured_media":3042,"template":"","meta":{"postBodyCss":"","postBodyMargin":[],"postBodyPadding":[],"postBodyBackground":{"backgroundType":"classic","gradient":""}},"product_brand":[],"product_cat":[15,17,53],"product_tag":[],"class_list":{"0":"post-3041","1":"product","2":"type-product","3":"status-publish","4":"has-post-thumbnail","6":"product_cat-glass-containers","7":"product_cat-glass-jars","8":"product_cat-spice-jars","10":"first","11":"instock","12":"shipping-taxable","13":"product-type-simple"},"jetpack_sharing_enabled":true,"_links":{"self":[{"href":"https:\/\/minghanggroup.com\/de\/wp-json\/wp\/v2\/product\/3041","targetHints":{"allow":["GET"]}}],"collection":[{"href":"https:\/\/minghanggroup.com\/de\/wp-json\/wp\/v2\/product"}],"about":[{"href":"https:\/\/minghanggroup.com\/de\/wp-json\/wp\/v2\/types\/product"}],"wp:featuredmedia":[{"embeddable":true,"href":"https:\/\/minghanggroup.com\/de\/wp-json\/wp\/v2\/media\/3042"}],"wp:attachment":[{"href":"https:\/\/minghanggroup.com\/de\/wp-json\/wp\/v2\/media?parent=3041"}],"wp:term":[{"taxonomy":"product_brand","embeddable":true,"href":"https:\/\/minghanggroup.com\/de\/wp-json\/wp\/v2\/product_brand?post=3041"},{"taxonomy":"product_cat","embeddable":true,"href":"https:\/\/minghanggroup.com\/de\/wp-json\/wp\/v2\/product_cat?post=3041"},{"taxonomy":"product_tag","embeddable":true,"href":"https:\/\/minghanggroup.com\/de\/wp-json\/wp\/v2\/product_tag?post=3041"}],"curies":[{"name":"wp","href":"https:\/\/api.w.org\/{rel}","templated":true}]}}