{"id":3031,"date":"2025-11-13T16:58:06","date_gmt":"2025-11-13T08:58:06","guid":{"rendered":"https:\/\/minghanggroup.com\/?post_type=product&#038;p=3031"},"modified":"2025-11-14T10:05:55","modified_gmt":"2025-11-14T02:05:55","slug":"custom-seasoning-container-dry-spice-grinder-bulk","status":"publish","type":"product","link":"https:\/\/minghanggroup.com\/de\/produkt\/custom-seasoning-container-dry-spice-grinder-bulk\/","title":{"rendered":"200-ml-Gew\u00fcrzbeh\u00e4lter mit Mahlwerk f\u00fcr Verpackungszwecke"},"content":{"rendered":"<p>Schluss mit unordentlich gelagerten Gew\u00fcrzen, die Ihre K\u00fcche unordentlich aussehen lassen! Wir stellen hochwertige Gew\u00fcrzgl\u00e4ser her, die Ihre Gew\u00fcrze nicht nur frisch halten, sondern Ihre K\u00fcche auch in einen trendigen Ort verwandeln. Sie sind mehr als nur Beh\u00e4lter \u2013 sie werden zum neuen Geheimtipp f\u00fcr optimale K\u00fcchenorganisation und Lebensmittelverpackung.<\/p>\n<h2>Produktmerkmale<\/h2>\n<ol>\n<li><strong>Pr\u00e4zise Schleifkontrolle:<\/strong>Die rotierende Edelstahlm\u00fchle erm\u00f6glicht es Ihnen, den Mahlgrad von Pfeffer, Salz und Kr\u00e4utern sehr pr\u00e4zise zu bestimmen.<\/li>\n<li><strong>Feuchtigkeitsbest\u00e4ndige Dichtungsstruktur:<\/strong>Die Kombination aus Edelstahlkappe und Silikondichtungsring verhindert wirksam das Eindringen von Feuchtigkeit und h\u00e4lt so die Gew\u00fcrze, die Sie verwenden, l\u00e4nger frisch.<\/li>\n<li><strong>Ergonomisches Flaschendesign:<\/strong>Dank der flie\u00dfenden Kurven der Flasche und des guten Griffs l\u00e4sst sie sich sehr leicht mit einer Hand bedienen, wodurch das Benutzererlebnis verbessert wird.<\/li>\n<\/ol>\n<h2>Wichtigste Spezifikationen<\/h2>\n<table style=\"border-collapse: collapse; width: 80%; margin-left: AUTO; margin-right: AUTO;\" border=\"0\" width=\"360\" cellspacing=\"0\" cellpadding=\"0\">\n<tbody>\n<tr style=\"height: 13.50pt;\">\n<td style=\"height: 13.5pt; width: 54pt; text-align: center;\" width=\"72\" height=\"18\">Kapazit\u00e4t<\/td>\n<td style=\"width: 54pt; text-align: center;\" width=\"72\">Gr\u00f6\u00dfe<\/td>\n<td style=\"width: 54pt; text-align: center;\" width=\"72\">Farboptionen<\/td>\n<td style=\"width: 54pt; text-align: center;\" width=\"72\">Zubeh\u00f6r<\/td>\n<td style=\"width: 54pt; text-align: center;\" width=\"72\">Verwendung<\/td>\n<\/tr>\n<tr style=\"height: 13.50pt;\">\n<td style=\"height: 13.5pt; text-align: center;\" height=\"18\">200 ml<\/td>\n<td style=\"text-align: center;\">6,6 x 18,9 cm<\/td>\n<td style=\"text-align: center;\">Klar, individuell<\/td>\n<td style=\"text-align: center;\">Gew\u00fcrzm\u00fchle<\/td>\n<td style=\"text-align: center;\">Pfeffer, grobes Salz, Kreuzk\u00fcmmel<\/td>\n<\/tr>\n<\/tbody>\n<\/table>\n<h2>Erfolgsbeispiel<\/h2>\n<p>Wir wurden von einer kanadischen Lebensmittelmarke kontaktiert, die f\u00fcr ihre neue Produktlinie aus Himalaya-Salz und schwarzem Pfeffer ein individuell gestaltetes, hochwertiges Gew\u00fcrzglas und ein Trockengew\u00fcrzm\u00fchlen-Set w\u00fcnschte. Um die nat\u00fcrlichen Farben der Gew\u00fcrze hervorzuheben, entschieden wir uns f\u00fcr ein klares Glasgef\u00e4\u00df in Kombination mit einem eleganten Deckel aus geb\u00fcrstetem Edelstahl und einem robusten Keramikkern mit einstellbarer Mahlgenauigkeit.<\/p>\n<p>Das Produkt verzeichnete innerhalb von drei Monaten nach seiner Markteinf\u00fchrung einen Anstieg der Einzelhandelsums\u00e4tze um 40 % und hat der Marke zu einem gro\u00dfen Erfolg in Geschenksets und Online-Feinschmeckerl\u00e4den verholfen.<\/p>\n<h2>Ihre Anpassungstipps<\/h2>\n<p>Die Gew\u00fcrzm\u00fchle mit integriertem Beh\u00e4lter ist in verschiedenen Glasflaschengr\u00f6\u00dfen erh\u00e4ltlich, um unterschiedlichen Verpackungsbed\u00fcrfnissen gerecht zu werden. Die Beh\u00e4lter k\u00f6nnen transparent, mattiert oder bedruckt sein, um die Markenpers\u00f6nlichkeit widerzuspiegeln. Die Verschl\u00fcsse sind aus Edelstahl, Bambus oder farbigem Kunststoff gefertigt, und individuelle Logogravuren oder Siebdrucke erleichtern die Wiedererkennung Ihrer Marke. Dar\u00fcber hinaus verf\u00fcgen die Beh\u00e4lter \u00fcber Keramikmahlwerke mit einstellbarem Mahlgrad und einen feuchtigkeitsdichten Verschluss, der die Gew\u00fcrze lange frisch h\u00e4lt. Das Design kann klassisch schlicht und modern sein, oder Sie gestalten personalisierte Geschenksets, um die spezifischen Bed\u00fcrfnisse Ihrer Kunden zu erf\u00fcllen. Die Gew\u00fcrzm\u00fchle eignet sich ideal f\u00fcr Markenwerbung und Gro\u00dfbestellungen.<\/p>","protected":false},"excerpt":{"rendered":"<p>Gew\u00fcrzbeh\u00e4lter direkt vom Hersteller mit robustem Glaskorpus und Edelstahldeckel. Ideal zum Mahlen trockener Gew\u00fcrze f\u00fcr Gro\u00dfbestellungen, OEM-Anpassungen und Branding.<\/p>","protected":false},"featured_media":3032,"template":"","meta":{"postBodyCss":"","postBodyMargin":[],"postBodyPadding":[],"postBodyBackground":{"backgroundType":"classic","gradient":""}},"product_brand":[],"product_cat":[15,17,53],"product_tag":[],"class_list":{"0":"post-3031","1":"product","2":"type-product","3":"status-publish","4":"has-post-thumbnail","6":"product_cat-glass-containers","7":"product_cat-glass-jars","8":"product_cat-spice-jars","10":"first","11":"instock","12":"shipping-taxable","13":"product-type-simple"},"jetpack_sharing_enabled":true,"_links":{"self":[{"href":"https:\/\/minghanggroup.com\/de\/wp-json\/wp\/v2\/product\/3031","targetHints":{"allow":["GET"]}}],"collection":[{"href":"https:\/\/minghanggroup.com\/de\/wp-json\/wp\/v2\/product"}],"about":[{"href":"https:\/\/minghanggroup.com\/de\/wp-json\/wp\/v2\/types\/product"}],"wp:featuredmedia":[{"embeddable":true,"href":"https:\/\/minghanggroup.com\/de\/wp-json\/wp\/v2\/media\/3032"}],"wp:attachment":[{"href":"https:\/\/minghanggroup.com\/de\/wp-json\/wp\/v2\/media?parent=3031"}],"wp:term":[{"taxonomy":"product_brand","embeddable":true,"href":"https:\/\/minghanggroup.com\/de\/wp-json\/wp\/v2\/product_brand?post=3031"},{"taxonomy":"product_cat","embeddable":true,"href":"https:\/\/minghanggroup.com\/de\/wp-json\/wp\/v2\/product_cat?post=3031"},{"taxonomy":"product_tag","embeddable":true,"href":"https:\/\/minghanggroup.com\/de\/wp-json\/wp\/v2\/product_tag?post=3031"}],"curies":[{"name":"wp","href":"https:\/\/api.w.org\/{rel}","templated":true}]}}