{"id":3010,"date":"2025-11-13T16:12:11","date_gmt":"2025-11-13T08:12:11","guid":{"rendered":"https:\/\/minghanggroup.com\/?post_type=product&#038;p=3010"},"modified":"2025-11-14T10:06:03","modified_gmt":"2025-11-14T02:06:03","slug":"empty-jars-for-spices-bulk-seasoning-jar","status":"publish","type":"product","link":"https:\/\/minghanggroup.com\/de\/produkt\/empty-jars-for-spices-bulk-seasoning-jar\/","title":{"rendered":"6-Unzen-Leergl\u00e4ser f\u00fcr Gew\u00fcrze mit Mahldeckeln zum W\u00fcrzen"},"content":{"rendered":"<p>Schluss mit unordentlichen Gew\u00fcrzbeh\u00e4ltern, die Ihre K\u00fcche chaotisch wirken lassen! Wir fertigen hochwertige, leere Gew\u00fcrzgl\u00e4ser mit integrierter Gew\u00fcrzm\u00fchle, die Ihre K\u00fcche in einen stilvollen Raum verwandeln und gleichzeitig Ihre Gew\u00fcrze frisch halten. Diese Gl\u00e4ser sind mehr als nur Beh\u00e4lter \u2013 sie sind die neue Geheimwaffe f\u00fcr optimale K\u00fcchenorganisation und Lebensmittelverpackung.<\/p>\n<h2>Produktmerkmale<\/h2>\n<p>Pr\u00e4zise Schleifkontrolle<\/p>\n<p>Das Feinmahlsystem erm\u00f6glicht Ihnen die genaue Kontrolle \u00fcber den Mahlgrad von Pfeffer, Salz oder Kr\u00e4utern.<\/p>\n<p>Farberkennung<\/p>\n<p>Farbcodierte Deckel (rot, gr\u00fcn und schwarz) erleichtern die Identifizierung der verschiedenen Gew\u00fcrze in den transparenten Gew\u00fcrzgl\u00e4sern.<\/p>\n<p>Moderne K\u00fcchen\u00e4sthetik<\/p>\n<p>Das schlichte, elegante Design wertet Ihre K\u00fcchenaufbewahrungsbeh\u00e4lter optisch auf und verleiht Ihrem Esstisch durch seine Pr\u00e4senz mehr Eleganz.<\/p>\n<h2>Wichtigste Spezifikationen<\/h2>\n<table style=\"border-collapse: collapse; width: 80%; margin-left: AUTO; margin-right: AUTO;\" border=\"0\" width=\"288\" cellspacing=\"0\" cellpadding=\"0\">\n<tbody>\n<tr style=\"height: 13.50pt;\">\n<td style=\"height: 13.5pt; width: 54pt; text-align: center;\" width=\"72\" height=\"18\">Kapazit\u00e4t<\/td>\n<td style=\"width: 54pt; text-align: center;\" width=\"72\">Gr\u00f6\u00dfe<\/td>\n<td style=\"width: 54pt; text-align: center;\" width=\"72\">Farboptionen<\/td>\n<td style=\"width: 54pt; text-align: center;\" width=\"72\">Zubeh\u00f6r<\/td>\n<\/tr>\n<tr style=\"height: 13.50pt;\">\n<td style=\"height: 13.5pt; text-align: center;\" height=\"18\">180 ml \/ 6 oz<\/td>\n<td style=\"text-align: center;\">6,4 * 13 cm<\/td>\n<td style=\"text-align: center;\">Klar, individuell<\/td>\n<td style=\"text-align: center;\">Kleine Gew\u00fcrzm\u00fchle<\/td>\n<\/tr>\n<\/tbody>\n<\/table>\n<h2>Erfolgsbeispiel<\/h2>\n<p>Wir wurden von einer europ\u00e4ischen Lebensmittelmarke beauftragt, Gew\u00fcrzgl\u00e4ser mit integriertem Mahlwerk zu personalisieren. Passend zu ihrer eigenen Gew\u00fcrzlinie entschied man sich f\u00fcr leuchtende Farben f\u00fcr die Deckel \u2013 Gelb f\u00fcr Kurkuma, Rot f\u00fcr Paprika und Gr\u00fcn f\u00fcr Kr\u00e4uter \u2013, um den Gl\u00e4sern ein hochwertiges Aussehen zu verleihen. F\u00fcr die optimale Pr\u00e4sentation im Handel boten wir ihnen Direktvertrieb ab Werk, lasergravierte Logos und ma\u00dfgefertigte Verpackungen an.<\/p>\n<p>Ihre neue Gew\u00fcrzglas-Linie hat sich sehr schnell viral verbreitet, was der Hauptgrund f\u00fcr ihre verst\u00e4rkte Pr\u00e4senz im Regal und das Umsatzwachstum von 40 % im ersten Quartal nach der Markteinf\u00fchrung ist.<\/p>\n<h2>Ihre Anpassungstipps<\/h2>\n<p>Bei leeren Gew\u00fcrzgl\u00e4sern mit kleiner Gew\u00fcrzm\u00fchle k\u00f6nnen Sie je nach Gew\u00fcrzart und gew\u00fcnschtem Mahlgrad zwischen verschiedenen Mahlwerken w\u00e4hlen, z. B. aus Keramik oder Edelstahl. F\u00fcr gr\u00f6\u00dfere Bestellmengen bieten wir Ihnen die M\u00f6glichkeit, Ihre Bestellung in gro\u00dfen Mengen zu verpacken, Ihr Firmenetikett aufdrucken zu lassen und personalisierte Geschenkboxen zu erstellen. Diese Boxen werten nicht nur Ihre Marke auf, sondern erleichtern auch den Vertrieb im Einzelhandel und bei Werbeaktionen.<\/p>","protected":false},"excerpt":{"rendered":"<p>Gro\u00dfhandel mit leeren Gew\u00fcrzgl\u00e4sern inklusive kleiner Gew\u00fcrzm\u00fchle, Direktlieferung ab Werk f\u00fcr Gro\u00dfbestellungen, individuelle Logos und Verpackungen f\u00fcr Gew\u00fcrzglasmarken erh\u00e4ltlich.<\/p>","protected":false},"featured_media":3019,"template":"","meta":{"postBodyCss":"","postBodyMargin":[],"postBodyPadding":[],"postBodyBackground":{"backgroundType":"classic","gradient":""}},"product_brand":[],"product_cat":[15,17,53],"product_tag":[],"class_list":{"0":"post-3010","1":"product","2":"type-product","3":"status-publish","4":"has-post-thumbnail","6":"product_cat-glass-containers","7":"product_cat-glass-jars","8":"product_cat-spice-jars","10":"first","11":"instock","12":"shipping-taxable","13":"product-type-simple"},"jetpack_sharing_enabled":true,"_links":{"self":[{"href":"https:\/\/minghanggroup.com\/de\/wp-json\/wp\/v2\/product\/3010","targetHints":{"allow":["GET"]}}],"collection":[{"href":"https:\/\/minghanggroup.com\/de\/wp-json\/wp\/v2\/product"}],"about":[{"href":"https:\/\/minghanggroup.com\/de\/wp-json\/wp\/v2\/types\/product"}],"wp:featuredmedia":[{"embeddable":true,"href":"https:\/\/minghanggroup.com\/de\/wp-json\/wp\/v2\/media\/3019"}],"wp:attachment":[{"href":"https:\/\/minghanggroup.com\/de\/wp-json\/wp\/v2\/media?parent=3010"}],"wp:term":[{"taxonomy":"product_brand","embeddable":true,"href":"https:\/\/minghanggroup.com\/de\/wp-json\/wp\/v2\/product_brand?post=3010"},{"taxonomy":"product_cat","embeddable":true,"href":"https:\/\/minghanggroup.com\/de\/wp-json\/wp\/v2\/product_cat?post=3010"},{"taxonomy":"product_tag","embeddable":true,"href":"https:\/\/minghanggroup.com\/de\/wp-json\/wp\/v2\/product_tag?post=3010"}],"curies":[{"name":"wp","href":"https:\/\/api.w.org\/{rel}","templated":true}]}}